{"id":61757,"date":"2025-06-18T23:33:30","date_gmt":"2025-06-18T23:33:30","guid":{"rendered":"https:\/\/snus-malmo.se\/?post_type=product&#038;p=61757"},"modified":"2025-07-18T11:46:49","modified_gmt":"2025-07-18T11:46:49","slug":"extra-strong-lemon-curd-apres-15-mg","status":"publish","type":"product","link":"https:\/\/snus-malmo.se\/sv\/produkt\/extra-strong-lemon-curd-apres-15-mg\/","title":{"rendered":"Extra Strong Lemon Curd Apr\u00e9s | 15 mg"},"content":{"rendered":"<h1 data-start=\"641\" data-end=\"720\">Extra Strong Lemon Curd Apr\u00e9s | 15 mg<\/h1>\n<h2 data-start=\"529\" data-end=\"608\"><strong data-start=\"534\" data-end=\"608\">N\u00b03 Lemon Curd \u2013 Extra Strong nikotinp\u00e5se med frisk och s\u00f6t citronsmak<\/strong><\/h2>\n<p data-start=\"610\" data-end=\"890\"><strong data-start=\"610\" data-end=\"628\">N\u00b03 Lemon Curd<\/strong> \u00e4r en smakrik och kraftfull nikotinp\u00e5se f\u00f6r dig som s\u00f6ker <strong data-start=\"687\" data-end=\"708\">h\u00f6g nikotinstyrka<\/strong> kombinerat med <strong data-start=\"724\" data-end=\"745\">fr\u00e4sch fruktighet<\/strong>. Med <strong data-start=\"751\" data-end=\"770\">15 mg\/g nikotin<\/strong> och styrkeniv\u00e5 <strong data-start=\"786\" data-end=\"796\">4 av 4<\/strong>, erbjuder denna produkt en <strong data-start=\"824\" data-end=\"861\">l\u00e5ngvarig och intensiv upplevelse<\/strong>, perfekt f\u00f6r vana anv\u00e4ndare.<\/p>\n<p data-start=\"892\" data-end=\"1121\">Smaken \u00e4r inspirerad av klassisk <strong data-start=\"925\" data-end=\"939\">lemon curd<\/strong> \u2013 en balanserad blandning av syrlig citron och s\u00f6t kr\u00e4mighet. Resultatet \u00e4r en uppfriskande men samtidigt mjuk smakprofil som skiljer sig fr\u00e5n traditionella mint- eller tobakstoner.<\/p>\n<h3 data-start=\"1123\" data-end=\"1140\"><strong data-start=\"1123\" data-end=\"1140\">Produktfakta:<\/strong><\/h3>\n<ul data-start=\"1141\" data-end=\"1405\">\n<li data-start=\"1141\" data-end=\"1180\">\n<p data-start=\"1143\" data-end=\"1180\"><strong data-start=\"1143\" data-end=\"1152\">Smak:<\/strong> Klassisk citron med s\u00f6tma<\/p>\n<\/li>\n<li data-start=\"1181\" data-end=\"1215\">\n<p data-start=\"1183\" data-end=\"1215\"><strong data-start=\"1183\" data-end=\"1194\">Styrka:<\/strong> Extra Strong \u2013 4\/4<\/p>\n<\/li>\n<li data-start=\"1216\" data-end=\"1244\">\n<p data-start=\"1218\" data-end=\"1244\"><strong data-start=\"1218\" data-end=\"1234\">Nikotinhalt:<\/strong> 15 mg\/g<\/p>\n<\/li>\n<li data-start=\"1245\" data-end=\"1275\">\n<p data-start=\"1247\" data-end=\"1275\"><strong data-start=\"1247\" data-end=\"1256\">Vikt:<\/strong> 11 gram per dosa<\/p>\n<\/li>\n<li data-start=\"1276\" data-end=\"1323\">\n<p data-start=\"1278\" data-end=\"1323\"><strong data-start=\"1278\" data-end=\"1289\">Format:<\/strong> Slim \u2013 diskret, bekv\u00e4m passform<\/p>\n<\/li>\n<li data-start=\"1324\" data-end=\"1378\">\n<p data-start=\"1326\" data-end=\"1378\"><strong data-start=\"1326\" data-end=\"1334\">Typ:<\/strong> Tobaksfri nikotinp\u00e5se (All White Portion)<\/p>\n<\/li>\n<li data-start=\"1379\" data-end=\"1405\">\n<p data-start=\"1381\" data-end=\"1405\"><strong data-start=\"1381\" data-end=\"1397\">Tillverkare:<\/strong> Apr\u00e8s<\/p>\n<\/li>\n<\/ul>\n<h4 data-start=\"1407\" data-end=\"1568\"><strong data-start=\"1407\" data-end=\"1568\">N\u00b03 Lemon Curd \u00e4r det perfekta valet f\u00f6r dig som vill ha en fr\u00e4sch och fruktig nikotinp\u00e5se med extra stark effekt \u2013 utan att kompromissa med smakupplevelsen.<\/strong><\/h4>\n<p data-start=\"1611\" data-end=\"1677\">\ud83d\udc49 <a class=\"\" href=\"https:\/\/snus-malmo.se\/sv\/apres\/\" target=\"_new\" rel=\"noopener\" data-start=\"1614\" data-end=\"1677\">Se hela v\u00e5rt sortiment av Apr\u00e8s h\u00e4r<\/a><\/p>\n<h3>Om Apr\u00e8s \u2013 Premium nikotinp\u00e5sar med stil, smak och h\u00e5llbarhet<br \/>\nApr\u00e8s \u00e4r ett svenskt varum\u00e4rke som tillverkar tobaksfria nikotinp\u00e5sar i absolut premiumklass. K\u00e4nda f\u00f6r sin eleganta design, innovativa smaker och starka nikotinprofil, erbjuder Apr\u00e8s en lyxig och modern alternativ till traditionellt snus.<\/h3>\n<p><strong>Varje produkt \u00e4r noggrant utvecklad med fokus p\u00e5 smakupplevelse, kvalitet och h\u00e5llbarhet. Oavsett om du f\u00f6redrar klassiska smaker som mint och lakrits, eller mer ov\u00e4ntade inslag som cola, hallon lakrits eller persika iste, har Apr\u00e8s n\u00e5got som passar b\u00e5de nyb\u00f6rjare och erfarna anv\u00e4ndare.<\/strong><\/p>\n<p>&nbsp;<\/p>\n<h2><strong>\ud83c\udfaf Varf\u00f6r v\u00e4lja Apr\u00e8s?<\/strong><\/h2>\n<p><strong>\u2705 Tobaksfri och diskret \u2013 vita prillor som inte missf\u00e4rgar t\u00e4nderna<\/strong><\/p>\n<p><strong>\u2705 H\u00f6g nikotinhalt \u2013 f\u00f6r dig som s\u00f6ker en stark och tydlig effekt<\/strong><\/p>\n<p><strong>\u2705 Elegant design \u2013 stilrena dosor som st\u00e5r ut fr\u00e5n m\u00e4ngden<\/strong><\/p>\n<p><strong>\u2705 Svensktillverkad \u2013 med fokus p\u00e5 kvalitet och ansvarsfull produktion<\/strong><\/p>\n<p><strong>\u2705 Milj\u00f6v\u00e4nligt t\u00e4nk \u2013 dosorna \u00e4r tillverkade av \u00e5tervunnen plast<\/strong><\/p>\n<p><strong>Apr\u00e8s kombinerar innovation, smak och estetik \u2013 f\u00f6r en upplevelse ut\u00f6ver det vanliga.<\/strong><\/p>\n<p><strong>\ud83d\udce6 Se hela v\u00e5rt sortiment fr\u00e5n Apr\u00e8s och best\u00e4ll online med snabb leverans:<\/strong><br \/>\n<strong>\ud83d\udc49 Uppt\u00e4ck Apr\u00e8s hos veloop.se<\/strong><\/p>","protected":false},"excerpt":{"rendered":"<h1 data-start=\"641\" data-end=\"720\">Extra Strong Lemon Curd Apr\u00e9s | 15 mg<\/h1>\n<h2 data-start=\"249\" data-end=\"312\"><strong data-start=\"249\" data-end=\"312\">N\u00b03 Lemon Curd \u2013 Extra stark nikotinp\u00e5se med s\u00f6t citronsmak<\/strong><\/h2>\n<p data-start=\"314\" data-end=\"489\">En fr\u00e4sch och fruktig nikotinupplevelse med tydlig citronsmak och len s\u00f6tma. N\u00b03 Lemon Curd inneh\u00e5ller 15 mg\/g nikotin och passar dig som vill ha kraft i b\u00e5de smak och effekt.<\/p>\n<h3 data-start=\"1689\" data-end=\"1783\">\ud83d\udce6 Best\u00e4ll <strong data-start=\"249\" data-end=\"312\">N\u00b03 Lemon Curd \u2013 Extra stark <\/strong>idag fr\u00e5n veloop.se \u2013 snabb leverans och alltid det senaste fr\u00e5n Apr\u00e8s!<\/h3>\n<p data-start=\"1785\" data-end=\"1851\">\ud83d\udc49\u00a0<a class=\"\" href=\"https:\/\/snus-malmo.se\/sv\/apres\/\" target=\"_new\" rel=\"noopener\" data-start=\"1788\" data-end=\"1851\">Se hela v\u00e5rt sortiment av Apr\u00e8s h\u00e4r<\/a><\/p>","protected":false},"featured_media":61765,"comment_status":"open","ping_status":"closed","template":"","meta":[],"product_brand":[384],"product_cat":[136,290,322,356,137],"product_tag":[],"class_list":{"0":"post-61757","1":"product","2":"type-product","3":"status-publish","4":"has-post-thumbnail","6":"product_brand-aprs","7":"product_cat-all-whites","8":"product_cat-apres","9":"product_cat-apres-alla-produkter","10":"product_cat-extreme","11":"product_cat-slim","13":"first","14":"instock","15":"taxable","16":"shipping-taxable","17":"purchasable","18":"product-type-variable"},"_links":{"self":[{"href":"https:\/\/snus-malmo.se\/sv\/wp-json\/wp\/v2\/product\/61757","targetHints":{"allow":["GET"]}}],"collection":[{"href":"https:\/\/snus-malmo.se\/sv\/wp-json\/wp\/v2\/product"}],"about":[{"href":"https:\/\/snus-malmo.se\/sv\/wp-json\/wp\/v2\/types\/product"}],"replies":[{"embeddable":true,"href":"https:\/\/snus-malmo.se\/sv\/wp-json\/wp\/v2\/comments?post=61757"}],"version-history":[{"count":0,"href":"https:\/\/snus-malmo.se\/sv\/wp-json\/wp\/v2\/product\/61757\/revisions"}],"wp:featuredmedia":[{"embeddable":true,"href":"https:\/\/snus-malmo.se\/sv\/wp-json\/wp\/v2\/media\/61765"}],"wp:attachment":[{"href":"https:\/\/snus-malmo.se\/sv\/wp-json\/wp\/v2\/media?parent=61757"}],"wp:term":[{"taxonomy":"product_brand","embeddable":true,"href":"https:\/\/snus-malmo.se\/sv\/wp-json\/wp\/v2\/product_brand?post=61757"},{"taxonomy":"product_cat","embeddable":true,"href":"https:\/\/snus-malmo.se\/sv\/wp-json\/wp\/v2\/product_cat?post=61757"},{"taxonomy":"product_tag","embeddable":true,"href":"https:\/\/snus-malmo.se\/sv\/wp-json\/wp\/v2\/product_tag?post=61757"}],"curies":[{"name":"wp","href":"https:\/\/api.w.org\/{rel}","templated":true}]}}