{"id":61766,"date":"2025-06-19T00:13:34","date_gmt":"2025-06-19T00:13:34","guid":{"rendered":"https:\/\/snus-malmo.se\/?post_type=product&#038;p=61766"},"modified":"2025-07-18T11:46:24","modified_gmt":"2025-07-18T11:46:24","slug":"extra-strong-cola-apres-15-mg","status":"publish","type":"product","link":"https:\/\/snus-malmo.se\/sv\/produkt\/extra-strong-cola-apres-15-mg\/","title":{"rendered":"Extra Strong Cola Apr\u00e9s | 15 mg"},"content":{"rendered":"<h1 data-start=\"641\" data-end=\"720\">Extra Strong Cola Apr\u00e9s | 15 mg<\/h1>\n<h2 data-start=\"533\" data-end=\"603\"><strong data-start=\"538\" data-end=\"603\">N\u00b04 Cola \u2013 Extra Strong nikotinp\u00e5se med smak av klassisk cola<\/strong><\/h2>\n<p data-start=\"605\" data-end=\"883\"><strong data-start=\"605\" data-end=\"617\">N\u00b04 Cola<\/strong> \u00e4r en <strong data-start=\"624\" data-end=\"649\">tobaksfri nikotinp\u00e5se<\/strong> som kombinerar h\u00f6g styrka med en lekfull och igenk\u00e4nnbar smakprofil. Med en nikotinhalt p\u00e5 <strong data-start=\"741\" data-end=\"752\">15 mg\/g<\/strong> och styrkeniv\u00e5 <strong data-start=\"768\" data-end=\"778\">4 av 4<\/strong>, levererar denna p\u00e5se en <strong data-start=\"804\" data-end=\"845\">stark och l\u00e5ngvarig nikotinupplevelse<\/strong> \u2013 perfekt f\u00f6r den erfarna anv\u00e4ndaren.<\/p>\n<p data-start=\"885\" data-end=\"1130\">Smaken \u00e4r inspirerad av <strong data-start=\"909\" data-end=\"931\">klassisk coladryck<\/strong> \u2013 s\u00f6t, kolsyrad och n\u00e5got kryddig \u2013 vilket ger en unik och uppfriskande twist p\u00e5 den traditionella nikotinupplevelsen. Formatet \u00e4r slim, vilket ger en bekv\u00e4m och diskret anv\u00e4ndning under hela dagen.<\/p>\n<h3 data-start=\"1132\" data-end=\"1149\"><strong data-start=\"1132\" data-end=\"1149\">Produktfakta:<\/strong><\/h3>\n<ul data-start=\"1150\" data-end=\"1405\">\n<li data-start=\"1150\" data-end=\"1177\">\n<p data-start=\"1152\" data-end=\"1177\"><strong data-start=\"1152\" data-end=\"1161\">Smak:<\/strong> Klassisk cola<\/p>\n<\/li>\n<li data-start=\"1178\" data-end=\"1212\">\n<p data-start=\"1180\" data-end=\"1212\"><strong data-start=\"1180\" data-end=\"1191\">Styrka:<\/strong> Extra Strong \u2013 4\/4<\/p>\n<\/li>\n<li data-start=\"1213\" data-end=\"1241\">\n<p data-start=\"1215\" data-end=\"1241\"><strong data-start=\"1215\" data-end=\"1231\">Nikotinhalt:<\/strong> 15 mg\/g<\/p>\n<\/li>\n<li data-start=\"1242\" data-end=\"1272\">\n<p data-start=\"1244\" data-end=\"1272\"><strong data-start=\"1244\" data-end=\"1253\">Vikt:<\/strong> 11 gram per dosa<\/p>\n<\/li>\n<li data-start=\"1273\" data-end=\"1323\">\n<p data-start=\"1275\" data-end=\"1323\"><strong data-start=\"1275\" data-end=\"1286\">Format:<\/strong> Slim \u2013 smidig och diskret passform<\/p>\n<\/li>\n<li data-start=\"1324\" data-end=\"1378\">\n<p data-start=\"1326\" data-end=\"1378\"><strong data-start=\"1326\" data-end=\"1334\">Typ:<\/strong> Tobaksfri nikotinp\u00e5se (All White Portion)<\/p>\n<\/li>\n<li data-start=\"1379\" data-end=\"1405\">\n<p data-start=\"1381\" data-end=\"1405\"><strong data-start=\"1381\" data-end=\"1397\">Tillverkare:<\/strong> Apr\u00e8s<\/p>\n<\/li>\n<\/ul>\n<p data-start=\"1407\" data-end=\"1524\"><strong data-start=\"1407\" data-end=\"1524\">N\u00b04 Cola \u00e4r valet f\u00f6r dig som s\u00f6ker n\u00e5got ut\u00f6ver det vanliga \u2013 en kraftfull prilla med en smak som v\u00e4cker minnen.<\/strong><\/p>\n<h4 data-start=\"1407\" data-end=\"1568\"><strong data-start=\"1407\" data-end=\"1568\">N\u00b04 Cola \u00e4r det perfekta valet f\u00f6r dig som vill ha en klassisk s\u00f6t cola smak extra stark effekt \u2013 utan att kompromissa med smakupplevelsen.<\/strong><\/h4>\n<p data-start=\"1611\" data-end=\"1677\">\ud83d\udc49 <a class=\"\" href=\"https:\/\/snus-malmo.se\/sv\/apres\/\" target=\"_new\" rel=\"noopener\" data-start=\"1614\" data-end=\"1677\">Se hela v\u00e5rt sortiment av Apr\u00e8s h\u00e4r<\/a><\/p>\n<h3>Om Apr\u00e8s \u2013 Premium nikotinp\u00e5sar med stil, smak och h\u00e5llbarhet<br \/>\nApr\u00e8s \u00e4r ett svenskt varum\u00e4rke som tillverkar tobaksfria nikotinp\u00e5sar i absolut premiumklass. K\u00e4nda f\u00f6r sin eleganta design, innovativa smaker och starka nikotinprofil, erbjuder Apr\u00e8s en lyxig och modern alternativ till traditionellt snus.<\/h3>\n<p><strong>Varje produkt \u00e4r noggrant utvecklad med fokus p\u00e5 smakupplevelse, kvalitet och h\u00e5llbarhet. Oavsett om du f\u00f6redrar klassiska smaker som mint och lakrits, eller mer ov\u00e4ntade inslag som cola, hallon lakrits eller persika iste, har Apr\u00e8s n\u00e5got som passar b\u00e5de nyb\u00f6rjare och erfarna anv\u00e4ndare.<\/strong><\/p>\n<p>&nbsp;<\/p>\n<h2><strong>\ud83c\udfaf Varf\u00f6r v\u00e4lja Apr\u00e8s?<\/strong><\/h2>\n<p><strong>\u2705 Tobaksfri och diskret \u2013 vita prillor som inte missf\u00e4rgar t\u00e4nderna<\/strong><\/p>\n<p><strong>\u2705 H\u00f6g nikotinhalt \u2013 f\u00f6r dig som s\u00f6ker en stark och tydlig effekt<\/strong><\/p>\n<p><strong>\u2705 Elegant design \u2013 stilrena dosor som st\u00e5r ut fr\u00e5n m\u00e4ngden<\/strong><\/p>\n<p><strong>\u2705 Svensktillverkad \u2013 med fokus p\u00e5 kvalitet och ansvarsfull produktion<\/strong><\/p>\n<p><strong>\u2705 Milj\u00f6v\u00e4nligt t\u00e4nk \u2013 dosorna \u00e4r tillverkade av \u00e5tervunnen plast<\/strong><\/p>\n<p><strong>Apr\u00e8s kombinerar innovation, smak och estetik \u2013 f\u00f6r en upplevelse ut\u00f6ver det vanliga.<\/strong><\/p>\n<p><strong>\ud83d\udce6 Se hela v\u00e5rt sortiment fr\u00e5n Apr\u00e8s och best\u00e4ll online med snabb leverans:<\/strong><br \/>\n<strong>\ud83d\udc49 Uppt\u00e4ck Apr\u00e8s hos veloop.se<\/strong><\/p>","protected":false},"excerpt":{"rendered":"<h1 data-start=\"641\" data-end=\"720\">Extra Strong Cola Apr\u00e9s | 15 mg<\/h1>\n<h2 data-start=\"267\" data-end=\"327\"><strong data-start=\"267\" data-end=\"327\">N\u00b04 Cola \u2013 Extra stark nikotinp\u00e5se med klassisk colasmak<\/strong><\/h2>\n<p data-start=\"329\" data-end=\"493\">En smak av nostalgi med en modern twist. N\u00b04 Cola bjuder p\u00e5 klassisk colasmak och kraftfull nikotineffekt p\u00e5 15 mg\/g \u2013 f\u00f6r dig som vill ha b\u00e5de karakt\u00e4r och styrka.<\/p>\n<h3 data-start=\"1689\" data-end=\"1783\">\ud83d\udce6 Best\u00e4ll\u00a0<strong data-start=\"267\" data-end=\"327\">N\u00b04 Cola <\/strong><strong data-start=\"249\" data-end=\"312\">\u2013 Extra stark <\/strong>idag fr\u00e5n veloop.se \u2013 snabb leverans och alltid det senaste fr\u00e5n Apr\u00e8s!<\/h3>\n<p data-start=\"1785\" data-end=\"1851\">\ud83d\udc49\u00a0<a class=\"\" href=\"https:\/\/snus-malmo.se\/sv\/apres\/\" target=\"_new\" rel=\"noopener\" data-start=\"1788\" data-end=\"1851\">Se hela v\u00e5rt sortiment av Apr\u00e8s h\u00e4r<\/a><\/p>","protected":false},"featured_media":61772,"comment_status":"open","ping_status":"closed","template":"","meta":[],"product_brand":[384],"product_cat":[136,290,322,356,137],"product_tag":[],"class_list":{"0":"post-61766","1":"product","2":"type-product","3":"status-publish","4":"has-post-thumbnail","6":"product_brand-aprs","7":"product_cat-all-whites","8":"product_cat-apres","9":"product_cat-apres-alla-produkter","10":"product_cat-extreme","11":"product_cat-slim","13":"first","14":"instock","15":"taxable","16":"shipping-taxable","17":"purchasable","18":"product-type-variable"},"_links":{"self":[{"href":"https:\/\/snus-malmo.se\/sv\/wp-json\/wp\/v2\/product\/61766","targetHints":{"allow":["GET"]}}],"collection":[{"href":"https:\/\/snus-malmo.se\/sv\/wp-json\/wp\/v2\/product"}],"about":[{"href":"https:\/\/snus-malmo.se\/sv\/wp-json\/wp\/v2\/types\/product"}],"replies":[{"embeddable":true,"href":"https:\/\/snus-malmo.se\/sv\/wp-json\/wp\/v2\/comments?post=61766"}],"version-history":[{"count":0,"href":"https:\/\/snus-malmo.se\/sv\/wp-json\/wp\/v2\/product\/61766\/revisions"}],"wp:featuredmedia":[{"embeddable":true,"href":"https:\/\/snus-malmo.se\/sv\/wp-json\/wp\/v2\/media\/61772"}],"wp:attachment":[{"href":"https:\/\/snus-malmo.se\/sv\/wp-json\/wp\/v2\/media?parent=61766"}],"wp:term":[{"taxonomy":"product_brand","embeddable":true,"href":"https:\/\/snus-malmo.se\/sv\/wp-json\/wp\/v2\/product_brand?post=61766"},{"taxonomy":"product_cat","embeddable":true,"href":"https:\/\/snus-malmo.se\/sv\/wp-json\/wp\/v2\/product_cat?post=61766"},{"taxonomy":"product_tag","embeddable":true,"href":"https:\/\/snus-malmo.se\/sv\/wp-json\/wp\/v2\/product_tag?post=61766"}],"curies":[{"name":"wp","href":"https:\/\/api.w.org\/{rel}","templated":true}]}}