{"id":61774,"date":"2025-06-19T00:24:10","date_gmt":"2025-06-19T00:24:10","guid":{"rendered":"https:\/\/snus-malmo.se\/?post_type=product&#038;p=61774"},"modified":"2025-07-18T11:46:07","modified_gmt":"2025-07-18T11:46:07","slug":"ice-tea-peach-apres-extra-strong","status":"publish","type":"product","link":"https:\/\/snus-malmo.se\/sv\/produkt\/ice-tea-peach-apres-extra-strong\/","title":{"rendered":"Ice Tea Peach Apr\u00e9s\u2013 Extra Strong | 15 mg"},"content":{"rendered":"<h1 data-start=\"641\" data-end=\"720\">N\u00b05 Ice Tea Peach Apr\u00e9s\u2013 Extra Strong<\/h1>\n<h2 data-start=\"547\" data-end=\"637\"><strong data-start=\"552\" data-end=\"637\">N\u00b05 Ice Tea Peach \u2013 Extra Strong nikotinp\u00e5se med fruktig smak av persika och iste<\/strong><\/h2>\n<p data-start=\"639\" data-end=\"934\"><strong data-start=\"639\" data-end=\"660\">N\u00b05 Ice Tea Peach<\/strong> \u00e4r en tobaksfri nikotinp\u00e5se som bjuder p\u00e5 en <strong data-start=\"706\" data-end=\"738\">frisk och s\u00f6t smakupplevelse<\/strong> med tydliga toner av solmogen persika och kallt iste. Med <strong data-start=\"797\" data-end=\"816\">15 mg\/g nikotin<\/strong> och en styrka p\u00e5 <strong data-start=\"834\" data-end=\"844\">4 av 4<\/strong>, ger den en <strong data-start=\"857\" data-end=\"891\">l\u00e5ngvarig och kraftfull effekt<\/strong> f\u00f6r den som \u00e4r van vid starkare produkter.<\/p>\n<p data-start=\"936\" data-end=\"1184\">Smakprofilen \u00e4r mjuk och somrig, perfekt f\u00f6r dig som f\u00f6redrar fruktiga smaker framf\u00f6r mint eller klassisk tobak. Slim-formatet g\u00f6r dessutom att prillan ligger bekv\u00e4mt och diskret under l\u00e4ppen, utan att kompromissa p\u00e5 leverans av smak eller nikotin.<\/p>\n<h3 data-start=\"1186\" data-end=\"1203\"><strong data-start=\"1186\" data-end=\"1203\">Produktfakta:<\/strong><\/h3>\n<ul data-start=\"1204\" data-end=\"1454\">\n<li data-start=\"1204\" data-end=\"1234\">\n<p data-start=\"1206\" data-end=\"1234\"><strong data-start=\"1206\" data-end=\"1215\">Smak:<\/strong> Persika och iste<\/p>\n<\/li>\n<li data-start=\"1235\" data-end=\"1269\">\n<p data-start=\"1237\" data-end=\"1269\"><strong data-start=\"1237\" data-end=\"1248\">Styrka:<\/strong> Extra Strong \u2013 4\/4<\/p>\n<\/li>\n<li data-start=\"1270\" data-end=\"1298\">\n<p data-start=\"1272\" data-end=\"1298\"><strong data-start=\"1272\" data-end=\"1288\">Nikotinhalt:<\/strong> 15 mg\/g<\/p>\n<\/li>\n<li data-start=\"1299\" data-end=\"1329\">\n<p data-start=\"1301\" data-end=\"1329\"><strong data-start=\"1301\" data-end=\"1310\">Vikt:<\/strong> 11 gram per dosa<\/p>\n<\/li>\n<li data-start=\"1330\" data-end=\"1372\">\n<p data-start=\"1332\" data-end=\"1372\"><strong data-start=\"1332\" data-end=\"1343\">Format:<\/strong> Slim \u2013 diskret och bekv\u00e4mt<\/p>\n<\/li>\n<li data-start=\"1373\" data-end=\"1427\">\n<p data-start=\"1375\" data-end=\"1427\"><strong data-start=\"1375\" data-end=\"1383\">Typ:<\/strong> Tobaksfri nikotinp\u00e5se (All White Portion)<\/p>\n<\/li>\n<li data-start=\"1428\" data-end=\"1454\">\n<p data-start=\"1430\" data-end=\"1454\"><strong data-start=\"1430\" data-end=\"1446\">Tillverkare:<\/strong> Apr\u00e8s<\/p>\n<\/li>\n<\/ul>\n<h4 data-start=\"1456\" data-end=\"1576\"><strong data-start=\"1456\" data-end=\"1576\">N\u00b05 Ice Tea Peach \u00e4r det perfekta alternativet f\u00f6r dig som s\u00f6ker en fruktig, s\u00f6t men stark nikotinp\u00e5se med karakt\u00e4r.<\/strong><\/h4>\n<p data-start=\"1611\" data-end=\"1677\">\ud83d\udc49 <a class=\"\" href=\"https:\/\/snus-malmo.se\/sv\/apres\/\" target=\"_new\" rel=\"noopener\" data-start=\"1614\" data-end=\"1677\">Se hela v\u00e5rt sortiment av Apr\u00e8s h\u00e4r<\/a><\/p>\n<h3>Om Apr\u00e8s \u2013 Premium nikotinp\u00e5sar med stil, smak och h\u00e5llbarhet<\/h3>\n<h3>\nApr\u00e8s \u00e4r ett svenskt varum\u00e4rke som tillverkar tobaksfria nikotinp\u00e5sar i absolut premiumklass. K\u00e4nda f\u00f6r sin eleganta design, innovativa smaker och starka nikotinprofil, erbjuder Apr\u00e8s en lyxig och modern alternativ till traditionellt snus.<\/h3>\n<p><strong>Varje produkt \u00e4r noggrant utvecklad med fokus p\u00e5 smakupplevelse, kvalitet och h\u00e5llbarhet. Oavsett om du f\u00f6redrar klassiska smaker som mint och lakrits, eller mer ov\u00e4ntade inslag som cola, hallon lakrits eller persika iste, har Apr\u00e8s n\u00e5got som passar b\u00e5de nyb\u00f6rjare och erfarna anv\u00e4ndare.<\/strong><\/p>\n<p>&nbsp;<\/p>\n<h2><strong>\ud83c\udfaf Varf\u00f6r v\u00e4lja Apr\u00e8s?<\/strong><\/h2>\n<p><strong>\u2705 Tobaksfri och diskret \u2013 vita prillor som inte missf\u00e4rgar t\u00e4nderna<\/strong><\/p>\n<p><strong>\u2705 H\u00f6g nikotinhalt \u2013 f\u00f6r dig som s\u00f6ker en stark och tydlig effekt<\/strong><\/p>\n<p><strong>\u2705 Elegant design \u2013 stilrena dosor som st\u00e5r ut fr\u00e5n m\u00e4ngden<\/strong><\/p>\n<p><strong>\u2705 Svensktillverkad \u2013 med fokus p\u00e5 kvalitet och ansvarsfull produktion<\/strong><\/p>\n<p><strong>\u2705 Milj\u00f6v\u00e4nligt t\u00e4nk \u2013 dosorna \u00e4r tillverkade av \u00e5tervunnen plast<\/strong><\/p>\n<p><strong>Apr\u00e8s kombinerar innovation, smak och estetik \u2013 f\u00f6r en upplevelse ut\u00f6ver det vanliga.<\/strong><\/p>\n<p><strong>\ud83d\udce6 Se hela v\u00e5rt sortiment fr\u00e5n Apr\u00e8s och best\u00e4ll online med snabb leverans:<\/strong><br \/>\n<strong>\ud83d\udc49 Uppt\u00e4ck Apr\u00e8s hos veloop.se<\/strong><\/p>","protected":false},"excerpt":{"rendered":"<h1 data-start=\"641\" data-end=\"720\">N\u00b05 Ice Tea Peach Apr\u00e9s\u2013 Extra Strong<\/h1>\n<h2 data-start=\"282\" data-end=\"358\"><strong data-start=\"282\" data-end=\"358\">N\u00b05 Ice Tea Peach \u2013 Extra stark nikotinp\u00e5se med smak av iste och persika<\/strong><\/h2>\n<p data-start=\"360\" data-end=\"507\">Fruktig och uppfriskande! N\u00b05 Ice Tea Peach kombinerar len persikosmak med h\u00f6g nikotinstyrka p\u00e5 15 mg\/g \u2013 en perfekt balans mellan s\u00f6tma och kraft.<\/p>\n<h3 data-start=\"1689\" data-end=\"1783\">\ud83d\udce6 Best\u00e4ll\u00a0<strong data-start=\"267\" data-end=\"327\">N\u00b05 <\/strong><strong data-start=\"282\" data-end=\"358\">Ice Tea Peach<\/strong><strong data-start=\"249\" data-end=\"312\">\u2013 Extra stark <\/strong>idag fr\u00e5n veloop.se \u2013 snabb leverans och alltid det senaste fr\u00e5n Apr\u00e8s!<\/h3>\n<p data-start=\"1785\" data-end=\"1851\">\ud83d\udc49\u00a0<a class=\"\" href=\"https:\/\/snus-malmo.se\/sv\/apres\/\" target=\"_new\" rel=\"noopener\" data-start=\"1788\" data-end=\"1851\">Se hela v\u00e5rt sortiment av Apr\u00e8s h\u00e4r<\/a><\/p>","protected":false},"featured_media":61779,"comment_status":"open","ping_status":"closed","template":"","meta":[],"product_brand":[384],"product_cat":[136,290,322,356,137],"product_tag":[],"class_list":{"0":"post-61774","1":"product","2":"type-product","3":"status-publish","4":"has-post-thumbnail","6":"product_brand-aprs","7":"product_cat-all-whites","8":"product_cat-apres","9":"product_cat-apres-alla-produkter","10":"product_cat-extreme","11":"product_cat-slim","13":"first","14":"instock","15":"taxable","16":"shipping-taxable","17":"purchasable","18":"product-type-variable"},"_links":{"self":[{"href":"https:\/\/snus-malmo.se\/sv\/wp-json\/wp\/v2\/product\/61774","targetHints":{"allow":["GET"]}}],"collection":[{"href":"https:\/\/snus-malmo.se\/sv\/wp-json\/wp\/v2\/product"}],"about":[{"href":"https:\/\/snus-malmo.se\/sv\/wp-json\/wp\/v2\/types\/product"}],"replies":[{"embeddable":true,"href":"https:\/\/snus-malmo.se\/sv\/wp-json\/wp\/v2\/comments?post=61774"}],"version-history":[{"count":0,"href":"https:\/\/snus-malmo.se\/sv\/wp-json\/wp\/v2\/product\/61774\/revisions"}],"wp:featuredmedia":[{"embeddable":true,"href":"https:\/\/snus-malmo.se\/sv\/wp-json\/wp\/v2\/media\/61779"}],"wp:attachment":[{"href":"https:\/\/snus-malmo.se\/sv\/wp-json\/wp\/v2\/media?parent=61774"}],"wp:term":[{"taxonomy":"product_brand","embeddable":true,"href":"https:\/\/snus-malmo.se\/sv\/wp-json\/wp\/v2\/product_brand?post=61774"},{"taxonomy":"product_cat","embeddable":true,"href":"https:\/\/snus-malmo.se\/sv\/wp-json\/wp\/v2\/product_cat?post=61774"},{"taxonomy":"product_tag","embeddable":true,"href":"https:\/\/snus-malmo.se\/sv\/wp-json\/wp\/v2\/product_tag?post=61774"}],"curies":[{"name":"wp","href":"https:\/\/api.w.org\/{rel}","templated":true}]}}