{"id":61782,"date":"2025-06-19T00:31:47","date_gmt":"2025-06-19T00:31:47","guid":{"rendered":"https:\/\/snus-malmo.se\/?post_type=product&#038;p=61782"},"modified":"2025-07-18T11:45:52","modified_gmt":"2025-07-18T11:45:52","slug":"n6-appletini-apres-extra-stark","status":"publish","type":"product","link":"https:\/\/snus-malmo.se\/sv\/produkt\/n6-appletini-apres-extra-stark\/","title":{"rendered":"N\u00b06 Appletini Apr\u00e9s\u2013 Extra stark | 15 mg"},"content":{"rendered":"<h1 data-start=\"280\" data-end=\"348\"><strong data-start=\"280\" data-end=\"348\">N\u00b06 Appletini Apr\u00e9s\u2013 Extra stark<\/strong><\/h1>\n<h2 data-start=\"561\" data-end=\"641\"><strong data-start=\"566\" data-end=\"641\">N\u00b06 Appletini \u2013 Extra Strong nikotinp\u00e5se med frisk smak av gr\u00f6na \u00e4pplen<\/strong><\/h2>\n<p data-start=\"643\" data-end=\"949\"><strong data-start=\"643\" data-end=\"660\">N\u00b06 Appletini<\/strong> \u00e4r en tobaksfri nikotinp\u00e5se med tydlig karakt\u00e4r \u2013 en <strong data-start=\"714\" data-end=\"762\">syrlig och uppfriskande smak av gr\u00f6na \u00e4pplen<\/strong> i kombination med <strong data-start=\"781\" data-end=\"802\">h\u00f6g nikotinstyrka<\/strong>. Med <strong data-start=\"808\" data-end=\"827\">15 mg\/g nikotin<\/strong> och styrka <strong data-start=\"839\" data-end=\"849\">4 av 4<\/strong>, \u00e4r den ett utm\u00e4rkt val f\u00f6r dig som \u00e4r ute efter en kraftfull nikotinupplevelse med fruktig profil.<\/p>\n<p data-start=\"951\" data-end=\"1244\">Smaken \u00e4r inspirerad av den v\u00e4lk\u00e4nda Appletini-drinken, vilket ger en <strong data-start=\"1021\" data-end=\"1049\">modern och lekfull twist<\/strong> till varje prilla. Den friska syran fr\u00e5n \u00e4pplet balanseras av en l\u00e4tt s\u00f6tma, vilket skapar en rund och behaglig smak. Slim-formatet g\u00f6r produkten diskret och bekv\u00e4m att anv\u00e4nda under hela dagen.<\/p>\n<h3 data-start=\"1246\" data-end=\"1263\"><strong data-start=\"1246\" data-end=\"1263\">Produktfakta:<\/strong><\/h3>\n<ul data-start=\"1264\" data-end=\"1518\">\n<li data-start=\"1264\" data-end=\"1290\">\n<p data-start=\"1266\" data-end=\"1290\"><strong data-start=\"1266\" data-end=\"1275\">Smak:<\/strong> Gr\u00f6na \u00e4pplen<\/p>\n<\/li>\n<li data-start=\"1291\" data-end=\"1325\">\n<p data-start=\"1293\" data-end=\"1325\"><strong data-start=\"1293\" data-end=\"1304\">Styrka:<\/strong> Extra Strong \u2013 4\/4<\/p>\n<\/li>\n<li data-start=\"1326\" data-end=\"1354\">\n<p data-start=\"1328\" data-end=\"1354\"><strong data-start=\"1328\" data-end=\"1344\">Nikotinhalt:<\/strong> 15 mg\/g<\/p>\n<\/li>\n<li data-start=\"1355\" data-end=\"1385\">\n<p data-start=\"1357\" data-end=\"1385\"><strong data-start=\"1357\" data-end=\"1366\">Vikt:<\/strong> 11 gram per dosa<\/p>\n<\/li>\n<li data-start=\"1386\" data-end=\"1436\">\n<p data-start=\"1388\" data-end=\"1436\"><strong data-start=\"1388\" data-end=\"1399\">Format:<\/strong> Slim \u2013 bekv\u00e4m och diskret passform<\/p>\n<\/li>\n<li data-start=\"1437\" data-end=\"1491\">\n<p data-start=\"1439\" data-end=\"1491\"><strong data-start=\"1439\" data-end=\"1447\">Typ:<\/strong> Tobaksfri nikotinp\u00e5se (All White Portion)<\/p>\n<\/li>\n<li data-start=\"1492\" data-end=\"1518\">\n<p data-start=\"1494\" data-end=\"1518\"><strong data-start=\"1494\" data-end=\"1510\">Tillverkare:<\/strong> Apr\u00e8s<\/p>\n<\/li>\n<\/ul>\n<h4 data-start=\"1520\" data-end=\"1651\"><strong data-start=\"1520\" data-end=\"1651\">N\u00b06 Appletini \u00e4r perfekt f\u00f6r dig som s\u00f6ker en fruktig, syrlig och stark nikotinp\u00e5se med tydlig smakprofil och l\u00e5ngvarig effekt.<\/strong><\/h4>\n<p data-start=\"1611\" data-end=\"1677\">\ud83d\udc49 <a class=\"\" href=\"https:\/\/snus-malmo.se\/sv\/apres\/\" target=\"_new\" rel=\"noopener\" data-start=\"1614\" data-end=\"1677\">Se hela v\u00e5rt sortiment av Apr\u00e8s h\u00e4r<\/a><\/p>\n<h3>Om Apr\u00e8s \u2013 Premium nikotinp\u00e5sar med stil, smak och h\u00e5llbarhet<\/h3>\n<h3>Apr\u00e8s \u00e4r ett svenskt varum\u00e4rke som tillverkar tobaksfria nikotinp\u00e5sar i absolut premiumklass. K\u00e4nda f\u00f6r sin eleganta design, innovativa smaker och starka nikotinprofil, erbjuder Apr\u00e8s en lyxig och modern alternativ till traditionellt snus.<\/h3>\n<p><strong>Varje produkt \u00e4r noggrant utvecklad med fokus p\u00e5 smakupplevelse, kvalitet och h\u00e5llbarhet. Oavsett om du f\u00f6redrar klassiska smaker som mint och lakrits, eller mer ov\u00e4ntade inslag som cola, hallon lakrits eller persika iste, har Apr\u00e8s n\u00e5got som passar b\u00e5de nyb\u00f6rjare och erfarna anv\u00e4ndare.<\/strong><\/p>\n<p>&nbsp;<\/p>\n<h2><strong>\ud83c\udfaf Varf\u00f6r v\u00e4lja Apr\u00e8s?<\/strong><\/h2>\n<p><strong>\u2705 Tobaksfri och diskret \u2013 vita prillor som inte missf\u00e4rgar t\u00e4nderna<\/strong><\/p>\n<p><strong>\u2705 H\u00f6g nikotinhalt \u2013 f\u00f6r dig som s\u00f6ker en stark och tydlig effekt<\/strong><\/p>\n<p><strong>\u2705 Elegant design \u2013 stilrena dosor som st\u00e5r ut fr\u00e5n m\u00e4ngden<\/strong><\/p>\n<p><strong>\u2705 Svensktillverkad \u2013 med fokus p\u00e5 kvalitet och ansvarsfull produktion<\/strong><\/p>\n<p><strong>\u2705 Milj\u00f6v\u00e4nligt t\u00e4nk \u2013 dosorna \u00e4r tillverkade av \u00e5tervunnen plast<\/strong><\/p>\n<p><strong>Apr\u00e8s kombinerar innovation, smak och estetik \u2013 f\u00f6r en upplevelse ut\u00f6ver det vanliga.<\/strong><\/p>\n<p><strong>\ud83d\udce6 Se hela v\u00e5rt sortiment fr\u00e5n Apr\u00e8s och best\u00e4ll online med snabb leverans:<\/strong><br \/>\n<strong>\ud83d\udc49 Uppt\u00e4ck Apr\u00e8s hos veloop.se<\/strong><\/p>","protected":false},"excerpt":{"rendered":"<h2 data-start=\"280\" data-end=\"348\"><strong data-start=\"280\" data-end=\"348\">N\u00b06 Appletini Apr\u00e9s\u2013 Extra stark<\/strong><\/h2>\n<h2 data-start=\"280\" data-end=\"348\"><strong data-start=\"280\" data-end=\"348\">N\u00b06 Appletini \u2013 Extra stark nikotinp\u00e5se med smak av gr\u00f6na \u00e4pplen<\/strong><\/h2>\n<p data-start=\"350\" data-end=\"521\">En fr\u00e4sch och syrlig smakupplevelse! N\u00b06 Appletini bjuder p\u00e5 smaken av krispigt gr\u00f6nt \u00e4pple och en nikotinhalt p\u00e5 15 mg\/g \u2013 perfekt f\u00f6r dig som s\u00f6ker b\u00e5de smak och styrka.<\/p>\n<h3 data-start=\"1689\" data-end=\"1783\">\ud83d\udce6 Best\u00e4ll\u00a0<strong data-start=\"280\" data-end=\"348\">N\u00b06 Appletini\u00a0<\/strong><strong data-start=\"249\" data-end=\"312\">\u2013 Extra stark <\/strong>idag fr\u00e5n veloop.se \u2013 snabb leverans och alltid det senaste fr\u00e5n Apr\u00e8s!<\/h3>\n<p data-start=\"1785\" data-end=\"1851\">\ud83d\udc49\u00a0<a class=\"\" href=\"https:\/\/snus-malmo.se\/sv\/apres\/\" target=\"_new\" rel=\"noopener\" data-start=\"1788\" data-end=\"1851\">Se hela v\u00e5rt sortiment av Apr\u00e8s h\u00e4r<\/a><\/p>","protected":false},"featured_media":61790,"comment_status":"open","ping_status":"closed","template":"","meta":[],"product_brand":[384],"product_cat":[136,290,322,356,137],"product_tag":[],"class_list":{"0":"post-61782","1":"product","2":"type-product","3":"status-publish","4":"has-post-thumbnail","6":"product_brand-aprs","7":"product_cat-all-whites","8":"product_cat-apres","9":"product_cat-apres-alla-produkter","10":"product_cat-extreme","11":"product_cat-slim","13":"first","14":"instock","15":"taxable","16":"shipping-taxable","17":"purchasable","18":"product-type-variable"},"_links":{"self":[{"href":"https:\/\/snus-malmo.se\/sv\/wp-json\/wp\/v2\/product\/61782","targetHints":{"allow":["GET"]}}],"collection":[{"href":"https:\/\/snus-malmo.se\/sv\/wp-json\/wp\/v2\/product"}],"about":[{"href":"https:\/\/snus-malmo.se\/sv\/wp-json\/wp\/v2\/types\/product"}],"replies":[{"embeddable":true,"href":"https:\/\/snus-malmo.se\/sv\/wp-json\/wp\/v2\/comments?post=61782"}],"version-history":[{"count":0,"href":"https:\/\/snus-malmo.se\/sv\/wp-json\/wp\/v2\/product\/61782\/revisions"}],"wp:featuredmedia":[{"embeddable":true,"href":"https:\/\/snus-malmo.se\/sv\/wp-json\/wp\/v2\/media\/61790"}],"wp:attachment":[{"href":"https:\/\/snus-malmo.se\/sv\/wp-json\/wp\/v2\/media?parent=61782"}],"wp:term":[{"taxonomy":"product_brand","embeddable":true,"href":"https:\/\/snus-malmo.se\/sv\/wp-json\/wp\/v2\/product_brand?post=61782"},{"taxonomy":"product_cat","embeddable":true,"href":"https:\/\/snus-malmo.se\/sv\/wp-json\/wp\/v2\/product_cat?post=61782"},{"taxonomy":"product_tag","embeddable":true,"href":"https:\/\/snus-malmo.se\/sv\/wp-json\/wp\/v2\/product_tag?post=61782"}],"curies":[{"name":"wp","href":"https:\/\/api.w.org\/{rel}","templated":true}]}}