{"id":61792,"date":"2025-06-19T00:57:14","date_gmt":"2025-06-19T00:57:14","guid":{"rendered":"https:\/\/snus-malmo.se\/?post_type=product&#038;p=61792"},"modified":"2025-07-18T14:40:34","modified_gmt":"2025-07-18T14:40:34","slug":"n8-raspberry-liquorice-extra-stark-15-mg","status":"publish","type":"product","link":"https:\/\/snus-malmo.se\/sv\/produkt\/n8-raspberry-liquorice-extra-stark-15-mg\/","title":{"rendered":"N\u00b08 Raspberry Liquorice \u2013 Extra stark | 15 mg"},"content":{"rendered":"<h1 data-start=\"283\" data-end=\"367\"><strong data-start=\"283\" data-end=\"367\">N\u00b08 Raspberry Liquorice <\/strong><strong data-start=\"280\" data-end=\"348\">\u2013 Extra stark<\/strong><\/h1>\n<h3 data-start=\"587\" data-end=\"677\"><strong data-start=\"592\" data-end=\"677\">N\u00b08 Raspberry Liquorice \u2013 Extra Strong nikotinp\u00e5se med smak av hallon och lakrits<\/strong><\/h3>\n<p data-start=\"679\" data-end=\"953\"><strong data-start=\"679\" data-end=\"706\">N\u00b08 Raspberry Liquorice<\/strong> \u00e4r en unik smakupplevelse f\u00f6r dig som vill ha n\u00e5got annorlunda men kraftfullt. Denna tobaksfria nikotinp\u00e5se kombinerar <strong data-start=\"826\" data-end=\"853\">s\u00f6tma fr\u00e5n mogna hallon<\/strong> med <strong data-start=\"858\" data-end=\"887\">djupet i klassisk lakrits<\/strong>, vilket skapar en <strong data-start=\"906\" data-end=\"933\">sofistikerad smakprofil<\/strong> ut\u00f6ver det vanliga.<\/p>\n<p data-start=\"955\" data-end=\"1227\">Med en <strong data-start=\"962\" data-end=\"988\">nikotinhalt p\u00e5 15 mg\/g<\/strong> och styrkeniv\u00e5 <strong data-start=\"1004\" data-end=\"1014\">4 av 4<\/strong>, \u00e4r den s\u00e4rskilt framtagen f\u00f6r dig som s\u00f6ker <strong data-start=\"1060\" data-end=\"1082\">extra stark effekt<\/strong> utan att kompromissa p\u00e5 smak. Det slimmade formatet g\u00f6r att prillan sitter bekv\u00e4mt under l\u00e4ppen och \u00e4r diskret nog f\u00f6r anv\u00e4ndning n\u00e4r som helst.<\/p>\n<h3 data-start=\"1229\" data-end=\"1246\"><strong data-start=\"1229\" data-end=\"1246\">Produktfakta:<\/strong><\/h3>\n<ul data-start=\"1247\" data-end=\"1498\">\n<li data-start=\"1247\" data-end=\"1279\">\n<p data-start=\"1249\" data-end=\"1279\"><strong data-start=\"1249\" data-end=\"1258\">Smak:<\/strong> Hallon och lakrits<\/p>\n<\/li>\n<li data-start=\"1280\" data-end=\"1314\">\n<p data-start=\"1282\" data-end=\"1314\"><strong data-start=\"1282\" data-end=\"1293\">Styrka:<\/strong> Extra Strong \u2013 4\/4<\/p>\n<\/li>\n<li data-start=\"1315\" data-end=\"1343\">\n<p data-start=\"1317\" data-end=\"1343\"><strong data-start=\"1317\" data-end=\"1333\">Nikotinhalt:<\/strong> 15 mg\/g<\/p>\n<\/li>\n<li data-start=\"1344\" data-end=\"1374\">\n<p data-start=\"1346\" data-end=\"1374\"><strong data-start=\"1346\" data-end=\"1355\">Vikt:<\/strong> 11 gram per dosa<\/p>\n<\/li>\n<li data-start=\"1375\" data-end=\"1416\">\n<p data-start=\"1377\" data-end=\"1416\"><strong data-start=\"1377\" data-end=\"1388\">Format:<\/strong> Slim \u2013 diskret och bekv\u00e4m<\/p>\n<\/li>\n<li data-start=\"1417\" data-end=\"1471\">\n<p data-start=\"1419\" data-end=\"1471\"><strong data-start=\"1419\" data-end=\"1427\">Typ:<\/strong> Tobaksfri nikotinp\u00e5se (All White Portion)<\/p>\n<\/li>\n<li data-start=\"1472\" data-end=\"1498\">\n<p data-start=\"1474\" data-end=\"1498\"><strong data-start=\"1474\" data-end=\"1490\">Tillverkare:<\/strong> Apr\u00e8s<\/p>\n<\/li>\n<\/ul>\n<h4 data-start=\"1500\" data-end=\"1651\"><strong data-start=\"1500\" data-end=\"1651\">N\u00b08 Raspberry Liquorice \u00e4r f\u00f6r dig som vill ha en stark, smakrik nikotinp\u00e5se med ov\u00e4ntad och balanserad karakt\u00e4r \u2013 en perfekt mix av s\u00f6tt och salt.<\/strong><\/h4>\n<p data-start=\"1611\" data-end=\"1677\">\ud83d\udc49 <a class=\"\" href=\"https:\/\/snus-malmo.se\/sv\/apres\/\" target=\"_new\" rel=\"noopener\" data-start=\"1614\" data-end=\"1677\">Se hela v\u00e5rt sortiment av Apr\u00e8s h\u00e4r<\/a><\/p>\n<h3>Om Apr\u00e8s \u2013 Premium nikotinp\u00e5sar med stil, smak och h\u00e5llbarhet<\/h3>\n<h3>Apr\u00e8s \u00e4r ett svenskt varum\u00e4rke som tillverkar tobaksfria nikotinp\u00e5sar i absolut premiumklass. K\u00e4nda f\u00f6r sin eleganta design, innovativa smaker och starka nikotinprofil, erbjuder Apr\u00e8s en lyxig och modern alternativ till traditionellt snus.<\/h3>\n<p><strong>Varje produkt \u00e4r noggrant utvecklad med fokus p\u00e5 smakupplevelse, kvalitet och h\u00e5llbarhet. Oavsett om du f\u00f6redrar klassiska smaker som mint och lakrits, eller mer ov\u00e4ntade inslag som cola, hallon lakrits eller persika iste, har Apr\u00e8s n\u00e5got som passar b\u00e5de nyb\u00f6rjare och erfarna anv\u00e4ndare.<\/strong><\/p>\n<p>&nbsp;<\/p>\n<h2><strong>\ud83c\udfaf Varf\u00f6r v\u00e4lja Apr\u00e8s?<\/strong><\/h2>\n<p><strong>\u2705 Tobaksfri och diskret \u2013 vita prillor som inte missf\u00e4rgar t\u00e4nderna<\/strong><\/p>\n<p><strong>\u2705 H\u00f6g nikotinhalt \u2013 f\u00f6r dig som s\u00f6ker en stark och tydlig effekt<\/strong><\/p>\n<p><strong>\u2705 Elegant design \u2013 stilrena dosor som st\u00e5r ut fr\u00e5n m\u00e4ngden<\/strong><\/p>\n<p><strong>\u2705 Svensktillverkad \u2013 med fokus p\u00e5 kvalitet och ansvarsfull produktion<\/strong><\/p>\n<p><strong>\u2705 Milj\u00f6v\u00e4nligt t\u00e4nk \u2013 dosorna \u00e4r tillverkade av \u00e5tervunnen plast<\/strong><\/p>\n<p><strong>Apr\u00e8s kombinerar innovation, smak och estetik \u2013 f\u00f6r en upplevelse ut\u00f6ver det vanliga.<\/strong><\/p>\n<p><strong>\ud83d\udce6 Se hela v\u00e5rt sortiment fr\u00e5n Apr\u00e8s och best\u00e4ll online med snabb leverans:<\/strong><br \/>\n<strong>\ud83d\udc49 Uppt\u00e4ck Apr\u00e8s hos veloop.se<\/strong><\/p>","protected":false},"excerpt":{"rendered":"<h1 data-start=\"283\" data-end=\"367\"><strong data-start=\"283\" data-end=\"367\">N\u00b08 Raspberry Liquorice <\/strong><strong data-start=\"280\" data-end=\"348\">\u2013 Extra stark<\/strong><\/h1>\n<h2 data-start=\"283\" data-end=\"367\"><strong data-start=\"283\" data-end=\"367\">N\u00b08 Raspberry Liquorice \u2013 Extra stark nikotinp\u00e5se med smak av hallon och lakrits<\/strong><\/h2>\n<p data-start=\"369\" data-end=\"547\">En ov\u00e4ntad men balanserad smakduo. N\u00b08 Raspberry Liquorice bjuder p\u00e5 en kraftfull kombination av s\u00f6t hallon och fyllig lakrits, med 15 mg\/g nikotin i ett slim och diskret format.<\/p>\n<h4 data-start=\"1689\" data-end=\"1783\">\ud83d\udce6 Best\u00e4ll\u00a0<strong data-start=\"283\" data-end=\"367\">N\u00b08 Raspberry Liquorice<\/strong><strong data-start=\"280\" data-end=\"348\">\u00a0<\/strong><strong data-start=\"249\" data-end=\"312\">\u2013 Extra stark <\/strong>idag fr\u00e5n veloop.se \u2013 snabb leverans och alltid det senaste fr\u00e5n Apr\u00e8s!<\/h4>\n<p data-start=\"1785\" data-end=\"1851\">\ud83d\udc49\u00a0<a class=\"\" href=\"https:\/\/snus-malmo.se\/sv\/apres\/\" target=\"_new\" rel=\"noopener\" data-start=\"1788\" data-end=\"1851\">Se hela v\u00e5rt sortiment av Apr\u00e8s h\u00e4r<\/a><\/p>","protected":false},"featured_media":61802,"comment_status":"open","ping_status":"closed","template":"","meta":[],"product_brand":[384],"product_cat":[136,290,322,356,137],"product_tag":[],"class_list":{"0":"post-61792","1":"product","2":"type-product","3":"status-publish","4":"has-post-thumbnail","6":"product_brand-aprs","7":"product_cat-all-whites","8":"product_cat-apres","9":"product_cat-apres-alla-produkter","10":"product_cat-extreme","11":"product_cat-slim","13":"first","14":"instock","15":"taxable","16":"shipping-taxable","17":"purchasable","18":"product-type-variable"},"_links":{"self":[{"href":"https:\/\/snus-malmo.se\/sv\/wp-json\/wp\/v2\/product\/61792","targetHints":{"allow":["GET"]}}],"collection":[{"href":"https:\/\/snus-malmo.se\/sv\/wp-json\/wp\/v2\/product"}],"about":[{"href":"https:\/\/snus-malmo.se\/sv\/wp-json\/wp\/v2\/types\/product"}],"replies":[{"embeddable":true,"href":"https:\/\/snus-malmo.se\/sv\/wp-json\/wp\/v2\/comments?post=61792"}],"version-history":[{"count":0,"href":"https:\/\/snus-malmo.se\/sv\/wp-json\/wp\/v2\/product\/61792\/revisions"}],"wp:featuredmedia":[{"embeddable":true,"href":"https:\/\/snus-malmo.se\/sv\/wp-json\/wp\/v2\/media\/61802"}],"wp:attachment":[{"href":"https:\/\/snus-malmo.se\/sv\/wp-json\/wp\/v2\/media?parent=61792"}],"wp:term":[{"taxonomy":"product_brand","embeddable":true,"href":"https:\/\/snus-malmo.se\/sv\/wp-json\/wp\/v2\/product_brand?post=61792"},{"taxonomy":"product_cat","embeddable":true,"href":"https:\/\/snus-malmo.se\/sv\/wp-json\/wp\/v2\/product_cat?post=61792"},{"taxonomy":"product_tag","embeddable":true,"href":"https:\/\/snus-malmo.se\/sv\/wp-json\/wp\/v2\/product_tag?post=61792"}],"curies":[{"name":"wp","href":"https:\/\/api.w.org\/{rel}","templated":true}]}}