{"id":61805,"date":"2025-06-19T02:14:09","date_gmt":"2025-06-19T02:14:09","guid":{"rendered":"https:\/\/snus-malmo.se\/?post_type=product&#038;p=61805"},"modified":"2025-07-18T11:44:59","modified_gmt":"2025-07-18T11:44:59","slug":"n9-cactus-lime-apres-extra-stark-15-mg","status":"publish","type":"product","link":"https:\/\/snus-malmo.se\/sv\/produkt\/n9-cactus-lime-apres-extra-stark-15-mg\/","title":{"rendered":"N\u00b09 Cactus Lime Apr\u00e9s\u2013 Extra stark | 15 mg"},"content":{"rendered":"<h1 data-start=\"282\" data-end=\"355\">N\u00b09 Cactus Lime Apr\u00e9s\u2013 Extra stark | 15 mg<\/h1>\n<h2 data-start=\"604\" data-end=\"689\"><strong data-start=\"609\" data-end=\"689\">N\u00b09 Cactus Lime \u2013 Extra Strong nikotinp\u00e5se med frisk smak av kaktus och lime<\/strong><\/h2>\n<p data-start=\"691\" data-end=\"1038\">Letar du efter en smak som sticker ut fr\u00e5n m\u00e4ngden? <strong data-start=\"743\" data-end=\"762\">N\u00b09 Cactus Lime<\/strong> \u00e4r en tobaksfri nikotinp\u00e5se med en <strong data-start=\"798\" data-end=\"839\">sp\u00e4nnande och uppfriskande smakprofil<\/strong>. Kombinationen av <strong data-start=\"858\" data-end=\"892\">fruktig kaktus och syrlig lime<\/strong> skapar en balanserad och livlig upplevelse \u2013 fr\u00e4sch, modern och perfekt f\u00f6r dig som vill ha variation fr\u00e5n klassiska smaker som mint eller tobak.<\/p>\n<p data-start=\"1040\" data-end=\"1278\">Med en <strong data-start=\"1047\" data-end=\"1073\">nikotinhalt p\u00e5 15 mg\/g<\/strong> och en styrka p\u00e5 <strong data-start=\"1091\" data-end=\"1101\">4 av 4<\/strong>, levererar N\u00b09 Cactus Lime en <strong data-start=\"1132\" data-end=\"1179\">extra stark och l\u00e5ngvarig nikotinupplevelse<\/strong> som passar vana anv\u00e4ndare. Slim-formatet ger dessutom en diskret och bekv\u00e4m passform under l\u00e4ppen.<\/p>\n<h3 data-start=\"1280\" data-end=\"1297\"><strong data-start=\"1280\" data-end=\"1297\">Produktfakta:<\/strong><\/h3>\n<ul data-start=\"1298\" data-end=\"1557\">\n<li data-start=\"1298\" data-end=\"1327\">\n<p data-start=\"1300\" data-end=\"1327\"><strong data-start=\"1300\" data-end=\"1309\">Smak:<\/strong> Kaktus och lime<\/p>\n<\/li>\n<li data-start=\"1328\" data-end=\"1362\">\n<p data-start=\"1330\" data-end=\"1362\"><strong data-start=\"1330\" data-end=\"1341\">Styrka:<\/strong> Extra Strong \u2013 4\/4<\/p>\n<\/li>\n<li data-start=\"1363\" data-end=\"1391\">\n<p data-start=\"1365\" data-end=\"1391\"><strong data-start=\"1365\" data-end=\"1381\">Nikotinhalt:<\/strong> 15 mg\/g<\/p>\n<\/li>\n<li data-start=\"1392\" data-end=\"1422\">\n<p data-start=\"1394\" data-end=\"1422\"><strong data-start=\"1394\" data-end=\"1403\">Vikt:<\/strong> 11 gram per dosa<\/p>\n<\/li>\n<li data-start=\"1423\" data-end=\"1475\">\n<p data-start=\"1425\" data-end=\"1475\"><strong data-start=\"1425\" data-end=\"1436\">Format:<\/strong> Slim \u2013 diskret och bekv\u00e4m anv\u00e4ndning<\/p>\n<\/li>\n<li data-start=\"1476\" data-end=\"1530\">\n<p data-start=\"1478\" data-end=\"1530\"><strong data-start=\"1478\" data-end=\"1486\">Typ:<\/strong> Tobaksfri nikotinp\u00e5se (All White Portion)<\/p>\n<\/li>\n<li data-start=\"1531\" data-end=\"1557\">\n<p data-start=\"1533\" data-end=\"1557\"><strong data-start=\"1533\" data-end=\"1549\">Tillverkare:<\/strong> Apr\u00e8s<\/p>\n<\/li>\n<\/ul>\n<h4 data-start=\"1559\" data-end=\"1694\"><strong data-start=\"1559\" data-end=\"1694\">N\u00b09 Cactus Lime \u00e4r ett perfekt val f\u00f6r dig som s\u00f6ker en stark prilla med en exotisk och fr\u00e4sch smakprofil som verkligen sticker ut.<\/strong><\/h4>\n<p data-start=\"1611\" data-end=\"1677\">\ud83d\udc49 <a class=\"\" href=\"https:\/\/snus-malmo.se\/sv\/apres\/\" target=\"_new\" rel=\"noopener\" data-start=\"1614\" data-end=\"1677\">Se hela v\u00e5rt sortiment av Apr\u00e8s h\u00e4r<\/a><\/p>\n<h3>Om Apr\u00e8s \u2013 Premium nikotinp\u00e5sar med stil, smak och h\u00e5llbarhet<\/h3>\n<h3>Apr\u00e8s \u00e4r ett svenskt varum\u00e4rke som tillverkar tobaksfria nikotinp\u00e5sar i absolut premiumklass. K\u00e4nda f\u00f6r sin eleganta design, innovativa smaker och starka nikotinprofil, erbjuder Apr\u00e8s en lyxig och modern alternativ till traditionellt snus.<\/h3>\n<p><strong>Varje produkt \u00e4r noggrant utvecklad med fokus p\u00e5 smakupplevelse, kvalitet och h\u00e5llbarhet. Oavsett om du f\u00f6redrar klassiska smaker som mint och lakrits, eller mer ov\u00e4ntade inslag som cola, hallon lakrits eller persika iste, har Apr\u00e8s n\u00e5got som passar b\u00e5de nyb\u00f6rjare och erfarna anv\u00e4ndare.<\/strong><\/p>\n<p>&nbsp;<\/p>\n<h2><strong>\ud83c\udfaf Varf\u00f6r v\u00e4lja Apr\u00e8s?<\/strong><\/h2>\n<p><strong>\u2705 Tobaksfri och diskret \u2013 vita prillor som inte missf\u00e4rgar t\u00e4nderna<\/strong><\/p>\n<p><strong>\u2705 H\u00f6g nikotinhalt \u2013 f\u00f6r dig som s\u00f6ker en stark och tydlig effekt<\/strong><\/p>\n<p><strong>\u2705 Elegant design \u2013 stilrena dosor som st\u00e5r ut fr\u00e5n m\u00e4ngden<\/strong><\/p>\n<p><strong>\u2705 Svensktillverkad \u2013 med fokus p\u00e5 kvalitet och ansvarsfull produktion<\/strong><\/p>\n<p><strong>\u2705 Milj\u00f6v\u00e4nligt t\u00e4nk \u2013 dosorna \u00e4r tillverkade av \u00e5tervunnen plast<\/strong><\/p>\n<p><strong>Apr\u00e8s kombinerar innovation, smak och estetik \u2013 f\u00f6r en upplevelse ut\u00f6ver det vanliga.<\/strong><\/p>\n<p><strong>\ud83d\udce6 Se hela v\u00e5rt sortiment fr\u00e5n Apr\u00e8s och best\u00e4ll online med snabb leverans:<\/strong><br \/>\n<strong>\ud83d\udc49 Uppt\u00e4ck Apr\u00e8s hos veloop.se<\/strong><\/p>","protected":false},"excerpt":{"rendered":"<h1 data-start=\"282\" data-end=\"355\">N\u00b09 Cactus Lime Apr\u00e9s\u2013 Extra stark | 15 mg<\/h1>\n<h2 data-start=\"282\" data-end=\"355\"><strong data-start=\"282\" data-end=\"355\">N\u00b09 Cactus Lime \u2013 Extra stark nikotinp\u00e5se med smak av kaktus och lime<\/strong><\/h2>\n<p data-start=\"357\" data-end=\"564\">En fr\u00e4sch och exotisk smakkombination med kraft. N\u00b09 Cactus Lime erbjuder 15 mg\/g nikotin och en unik blandning av syrlig lime och saftig kaktus \u2013 perfekt f\u00f6r dig som vill ha n\u00e5got annorlunda med h\u00f6g effekt.<\/p>\n<h4 data-start=\"1689\" data-end=\"1783\">\ud83d\udce6 Best\u00e4ll\u00a0<strong data-start=\"282\" data-end=\"355\">N\u00b09 Cactus Lime <\/strong><strong data-start=\"249\" data-end=\"312\">\u2013 Extra stark <\/strong>idag fr\u00e5n veloop.se \u2013 snabb leverans och alltid det senaste fr\u00e5n Apr\u00e8s!<\/h4>\n<p data-start=\"1785\" data-end=\"1851\">\ud83d\udc49\u00a0<a class=\"\" href=\"https:\/\/snus-malmo.se\/sv\/apres\/\" target=\"_new\" rel=\"noopener\" data-start=\"1788\" data-end=\"1851\">Se hela v\u00e5rt sortiment av Apr\u00e8s h\u00e4r<\/a><\/p>","protected":false},"featured_media":61813,"comment_status":"open","ping_status":"closed","template":"","meta":[],"product_brand":[384],"product_cat":[136,290,322,356,137],"product_tag":[],"class_list":{"0":"post-61805","1":"product","2":"type-product","3":"status-publish","4":"has-post-thumbnail","6":"product_brand-aprs","7":"product_cat-all-whites","8":"product_cat-apres","9":"product_cat-apres-alla-produkter","10":"product_cat-extreme","11":"product_cat-slim","13":"first","14":"instock","15":"taxable","16":"shipping-taxable","17":"purchasable","18":"product-type-variable"},"_links":{"self":[{"href":"https:\/\/snus-malmo.se\/sv\/wp-json\/wp\/v2\/product\/61805","targetHints":{"allow":["GET"]}}],"collection":[{"href":"https:\/\/snus-malmo.se\/sv\/wp-json\/wp\/v2\/product"}],"about":[{"href":"https:\/\/snus-malmo.se\/sv\/wp-json\/wp\/v2\/types\/product"}],"replies":[{"embeddable":true,"href":"https:\/\/snus-malmo.se\/sv\/wp-json\/wp\/v2\/comments?post=61805"}],"version-history":[{"count":0,"href":"https:\/\/snus-malmo.se\/sv\/wp-json\/wp\/v2\/product\/61805\/revisions"}],"wp:featuredmedia":[{"embeddable":true,"href":"https:\/\/snus-malmo.se\/sv\/wp-json\/wp\/v2\/media\/61813"}],"wp:attachment":[{"href":"https:\/\/snus-malmo.se\/sv\/wp-json\/wp\/v2\/media?parent=61805"}],"wp:term":[{"taxonomy":"product_brand","embeddable":true,"href":"https:\/\/snus-malmo.se\/sv\/wp-json\/wp\/v2\/product_brand?post=61805"},{"taxonomy":"product_cat","embeddable":true,"href":"https:\/\/snus-malmo.se\/sv\/wp-json\/wp\/v2\/product_cat?post=61805"},{"taxonomy":"product_tag","embeddable":true,"href":"https:\/\/snus-malmo.se\/sv\/wp-json\/wp\/v2\/product_tag?post=61805"}],"curies":[{"name":"wp","href":"https:\/\/api.w.org\/{rel}","templated":true}]}}