{"id":61815,"date":"2025-06-19T19:45:22","date_gmt":"2025-06-19T19:45:22","guid":{"rendered":"https:\/\/snus-malmo.se\/?post_type=product&#038;p=61815"},"modified":"2025-07-18T11:44:44","modified_gmt":"2025-07-18T11:44:44","slug":"n10-apres-spritz-apres-extra-stark-15-mg","status":"publish","type":"product","link":"https:\/\/snus-malmo.se\/sv\/produkt\/n10-apres-spritz-apres-extra-stark-15-mg\/","title":{"rendered":"N\u00b010 Apr\u00e9s Spritz\u00a0Apr\u00e9s\u2013 Extra stark | 15 mg"},"content":{"rendered":"<h1 data-start=\"282\" data-end=\"355\">N\u00b010 <strong data-start=\"402\" data-end=\"610\">Apr\u00e9s Spritz\u00a0<\/strong>Apr\u00e9s\u2013 Extra stark | 15 mg<\/h1>\n<h2 data-start=\"707\" data-end=\"803\"><strong data-start=\"707\" data-end=\"803\">K\u00f6p Apr\u00e9s Spritz Extra Strong N\u00b010 \u2013 Nikotinp\u00e5sar med smak av apelsin &amp; mandarin | veloop.se<\/strong><\/h2>\n<p data-start=\"805\" data-end=\"1089\">Letar du efter <strong data-start=\"820\" data-end=\"866\">extra starka nikotinp\u00e5sar med fruktig smak<\/strong>? D\u00e5 \u00e4r <strong data-start=\"874\" data-end=\"908\">Apr\u00e9s Spritz Extra Strong N\u00b010<\/strong> det perfekta valet. Denna <strong data-start=\"935\" data-end=\"963\">smakfulla nikotinprodukt<\/strong> bjuder p\u00e5 en unik kombination av solmogen <strong data-start=\"1006\" data-end=\"1030\">apelsin och mandarin<\/strong>, inspirerad av den klassiska italienska spritz-cocktailen.<\/p>\n<p data-start=\"1091\" data-end=\"1312\">Med en nikotinhalt p\u00e5 <strong data-start=\"1113\" data-end=\"1124\">15 mg\/g<\/strong> och <strong data-start=\"1129\" data-end=\"1143\">styrka 4\/4<\/strong> levererar varje prilla en <strong data-start=\"1170\" data-end=\"1214\">intensiv och l\u00e5ngvarig nikotinupplevelse<\/strong>. Perfekt f\u00f6r erfarna anv\u00e4ndare som f\u00f6redrar <strong data-start=\"1259\" data-end=\"1290\">nikotinp\u00e5sar med h\u00f6g styrka<\/strong> och smak i toppklass.<\/p>\n<p data-start=\"1314\" data-end=\"1512\"><strong data-start=\"1314\" data-end=\"1328\">Apr\u00e9s Snus<\/strong> \u00e4r k\u00e4nt f\u00f6r sitt stilrena designkoncept och sin milj\u00f6v\u00e4nliga produktion. Alla dosor \u00e4r <strong data-start=\"1416\" data-end=\"1434\">helt plastfria<\/strong> och tillverkas i Sverige \u2013 f\u00f6r en b\u00e4ttre upplevelse och ett mer h\u00e5llbart val.<\/p>\n<hr data-start=\"1514\" data-end=\"1517\" \/>\n<h3 data-start=\"1519\" data-end=\"1542\"><strong data-start=\"1519\" data-end=\"1542\">Produktinformation:<\/strong><\/h3>\n<ul data-start=\"1543\" data-end=\"1848\">\n<li data-start=\"1543\" data-end=\"1567\">\n<p data-start=\"1545\" data-end=\"1567\"><strong data-start=\"1545\" data-end=\"1559\">Varum\u00e4rke:<\/strong> Apr\u00e9s<\/p>\n<\/li>\n<li data-start=\"1568\" data-end=\"1613\">\n<p data-start=\"1570\" data-end=\"1613\"><strong data-start=\"1570\" data-end=\"1586\">Produktnamn:<\/strong> Spritz Extra Strong N\u00b010<\/p>\n<\/li>\n<li data-start=\"1614\" data-end=\"1654\">\n<p data-start=\"1616\" data-end=\"1654\"><strong data-start=\"1616\" data-end=\"1631\">Smakprofil:<\/strong> Apelsin och mandarin<\/p>\n<\/li>\n<li data-start=\"1655\" data-end=\"1684\">\n<p data-start=\"1657\" data-end=\"1684\"><strong data-start=\"1657\" data-end=\"1674\">Nikotinm\u00e4ngd:<\/strong> 15 mg\/g<\/p>\n<\/li>\n<li data-start=\"1685\" data-end=\"1721\">\n<p data-start=\"1687\" data-end=\"1721\"><strong data-start=\"1687\" data-end=\"1698\">Styrka:<\/strong> Extra stark (4 av 4)<\/p>\n<\/li>\n<li data-start=\"1722\" data-end=\"1753\">\n<p data-start=\"1724\" data-end=\"1753\"><strong data-start=\"1724\" data-end=\"1735\">Format:<\/strong> Slim, All White<\/p>\n<\/li>\n<li data-start=\"1754\" data-end=\"1799\">\n<p data-start=\"1756\" data-end=\"1799\"><strong data-start=\"1756\" data-end=\"1774\">Antal prillor:<\/strong> ca 16 prillor per dosa<\/p>\n<\/li>\n<li data-start=\"1800\" data-end=\"1828\">\n<p data-start=\"1802\" data-end=\"1828\"><strong data-start=\"1802\" data-end=\"1826\">Tillverkad i Sverige<\/strong><\/p>\n<\/li>\n<li data-start=\"1829\" data-end=\"1848\">\n<p data-start=\"1831\" data-end=\"1848\"><strong data-start=\"1831\" data-end=\"1848\">Plastfri dosa<\/strong><\/p>\n<\/li>\n<\/ul>\n<hr data-start=\"1850\" data-end=\"1853\" \/>\n<p data-start=\"1855\" data-end=\"2038\">Best\u00e4ll <strong data-start=\"1863\" data-end=\"1926\">Apr\u00e9s Spritz Extra Strong nikotinp\u00e5sar online hos veloop.se<\/strong> \u2013 din p\u00e5litliga butik f\u00f6r nikotinprodukter med snabb leverans, trygga betalningar och f\u00f6rstklassig kundservice.<\/p>\n<p data-start=\"1611\" data-end=\"1677\">\ud83d\udc49 <a class=\"\" href=\"https:\/\/snus-malmo.se\/sv\/apres\/\" target=\"_new\" rel=\"noopener\" data-start=\"1614\" data-end=\"1677\">Se hela v\u00e5rt sortiment av Apr\u00e8s h\u00e4r<\/a><\/p>\n<h3>Om Apr\u00e8s \u2013 Premium nikotinp\u00e5sar med stil, smak och h\u00e5llbarhet<\/h3>\n<h3>Apr\u00e8s \u00e4r ett svenskt varum\u00e4rke som tillverkar tobaksfria nikotinp\u00e5sar i absolut premiumklass. K\u00e4nda f\u00f6r sin eleganta design, innovativa smaker och starka nikotinprofil, erbjuder Apr\u00e8s en lyxig och modern alternativ till traditionellt snus.<\/h3>\n<p><strong>Varje produkt \u00e4r noggrant utvecklad med fokus p\u00e5 smakupplevelse, kvalitet och h\u00e5llbarhet. Oavsett om du f\u00f6redrar klassiska smaker som mint och lakrits, eller mer ov\u00e4ntade inslag som cola, hallon lakrits eller persika iste, har Apr\u00e8s n\u00e5got som passar b\u00e5de nyb\u00f6rjare och erfarna anv\u00e4ndare.<\/strong><\/p>\n<p>&nbsp;<\/p>\n<h2><strong>\ud83c\udfaf Varf\u00f6r v\u00e4lja Apr\u00e8s?<\/strong><\/h2>\n<p><strong>\u2705 Tobaksfri och diskret \u2013 vita prillor som inte missf\u00e4rgar t\u00e4nderna<\/strong><\/p>\n<p><strong>\u2705 H\u00f6g nikotinhalt \u2013 f\u00f6r dig som s\u00f6ker en stark och tydlig effekt<\/strong><\/p>\n<p><strong>\u2705 Elegant design \u2013 stilrena dosor som st\u00e5r ut fr\u00e5n m\u00e4ngden<\/strong><\/p>\n<p><strong>\u2705 Svensktillverkad \u2013 med fokus p\u00e5 kvalitet och ansvarsfull produktion<\/strong><\/p>\n<p><strong>\u2705 Milj\u00f6v\u00e4nligt t\u00e4nk \u2013 dosorna \u00e4r tillverkade av \u00e5tervunnen plast<\/strong><\/p>\n<p><strong>Apr\u00e8s kombinerar innovation, smak och estetik \u2013 f\u00f6r en upplevelse ut\u00f6ver det vanliga.<\/strong><\/p>\n<p><strong>\ud83d\udce6 Se hela v\u00e5rt sortiment fr\u00e5n Apr\u00e8s och best\u00e4ll online med snabb leverans:<\/strong><br \/>\n<strong>\ud83d\udc49 Uppt\u00e4ck Apr\u00e8s hos veloop.se<\/strong><\/p>","protected":false},"excerpt":{"rendered":"<h1 data-start=\"282\" data-end=\"355\">N\u00b010 <strong data-start=\"402\" data-end=\"610\">Apr\u00e9s Spritz\u00a0<\/strong>Apr\u00e9s\u2013 Extra stark | 15 mg<\/h1>\n<h2 data-start=\"341\" data-end=\"400\">\u2705 <strong data-start=\"402\" data-end=\"610\">Apr\u00e9s Spritz Extra Strong N\u00b010<\/strong><\/h2>\n<p data-start=\"402\" data-end=\"610\"><strong data-start=\"402\" data-end=\"610\">Apr\u00e9s Spritz Extra Strong N\u00b010 \u2013 nikotinp\u00e5sar med smak av apelsin och mandarin. Extra stark styrka (15 mg\/g) f\u00f6r dig som s\u00f6ker en kraftfull nikotinupplevelse. K\u00f6p online hos veloop.se \u2013 snabba leveranser!<\/strong><\/p>\n<h4 data-start=\"1689\" data-end=\"1783\">\ud83d\udce6 Best\u00e4ll\u00a0<strong data-start=\"282\" data-end=\"355\">N\u00b010\u00a0<\/strong><strong data-start=\"402\" data-end=\"610\">Apr\u00e9s Spritz\u00a0<\/strong><strong data-start=\"249\" data-end=\"312\">\u2013 Extra stark <\/strong>idag fr\u00e5n veloop.se \u2013 snabb leverans och alltid det senaste fr\u00e5n Apr\u00e8s!<\/h4>\n<p data-start=\"1785\" data-end=\"1851\">\ud83d\udc49\u00a0<a class=\"\" href=\"https:\/\/snus-malmo.se\/sv\/apres\/\" target=\"_new\" rel=\"noopener\" data-start=\"1788\" data-end=\"1851\">Se hela v\u00e5rt sortiment av Apr\u00e8s h\u00e4r<\/a><\/p>","protected":false},"featured_media":61823,"comment_status":"open","ping_status":"closed","template":"","meta":[],"product_brand":[384],"product_cat":[136,322,290,356,137],"product_tag":[],"class_list":{"0":"post-61815","1":"product","2":"type-product","3":"status-publish","4":"has-post-thumbnail","6":"product_brand-aprs","7":"product_cat-all-whites","8":"product_cat-apres-alla-produkter","9":"product_cat-apres","10":"product_cat-extreme","11":"product_cat-slim","13":"first","14":"instock","15":"taxable","16":"shipping-taxable","17":"purchasable","18":"product-type-variable"},"_links":{"self":[{"href":"https:\/\/snus-malmo.se\/sv\/wp-json\/wp\/v2\/product\/61815","targetHints":{"allow":["GET"]}}],"collection":[{"href":"https:\/\/snus-malmo.se\/sv\/wp-json\/wp\/v2\/product"}],"about":[{"href":"https:\/\/snus-malmo.se\/sv\/wp-json\/wp\/v2\/types\/product"}],"replies":[{"embeddable":true,"href":"https:\/\/snus-malmo.se\/sv\/wp-json\/wp\/v2\/comments?post=61815"}],"version-history":[{"count":0,"href":"https:\/\/snus-malmo.se\/sv\/wp-json\/wp\/v2\/product\/61815\/revisions"}],"wp:featuredmedia":[{"embeddable":true,"href":"https:\/\/snus-malmo.se\/sv\/wp-json\/wp\/v2\/media\/61823"}],"wp:attachment":[{"href":"https:\/\/snus-malmo.se\/sv\/wp-json\/wp\/v2\/media?parent=61815"}],"wp:term":[{"taxonomy":"product_brand","embeddable":true,"href":"https:\/\/snus-malmo.se\/sv\/wp-json\/wp\/v2\/product_brand?post=61815"},{"taxonomy":"product_cat","embeddable":true,"href":"https:\/\/snus-malmo.se\/sv\/wp-json\/wp\/v2\/product_cat?post=61815"},{"taxonomy":"product_tag","embeddable":true,"href":"https:\/\/snus-malmo.se\/sv\/wp-json\/wp\/v2\/product_tag?post=61815"}],"curies":[{"name":"wp","href":"https:\/\/api.w.org\/{rel}","templated":true}]}}