{"id":62139,"date":"2025-06-23T23:56:16","date_gmt":"2025-06-23T23:56:16","guid":{"rendered":"https:\/\/snus-malmo.se\/?post_type=product&#038;p=62139"},"modified":"2025-11-29T10:51:42","modified_gmt":"2025-11-29T10:51:42","slug":"x-cold-blast-extra-strong","status":"publish","type":"product","link":"https:\/\/snus-malmo.se\/sv\/produkt\/x-cold-blast-extra-strong\/","title":{"rendered":"X Cold Blast Extra Strong"},"content":{"rendered":"<h1 data-start=\"348\" data-end=\"429\">X Cold Blast Extra Strong<\/h1>\n<h2 data-start=\"348\" data-end=\"429\">\u2744\ufe0f <strong data-start=\"355\" data-end=\"429\">zoneX Cold Blast Strong \u2013 Slim All White Portion med stark nikotinhalt<\/strong><\/h2>\n<p data-start=\"431\" data-end=\"802\">Upplev en isande frisk nikotinupplevelse med <strong data-start=\"476\" data-end=\"503\">zoneX Cold Blast Strong<\/strong> \u2013 en popul\u00e4r <strong data-start=\"517\" data-end=\"538\">all white portion<\/strong> utan tobak. Med en kraftfull kombination av <strong data-start=\"583\" data-end=\"615\">menthol, mint och pepparmint<\/strong>, levererar den en tydlig, uppiggande smak och <strong data-start=\"662\" data-end=\"695\">stark nikotineffekt (14\u202fmg\/g)<\/strong>. De kritvita portionerna i slimformat \u00e4r diskreta under l\u00e4ppen och l\u00e4mnar inga missf\u00e4rgningar p\u00e5 t\u00e4nderna.<\/p>\n<p data-start=\"804\" data-end=\"1033\">Tack vare sin <strong data-start=\"818\" data-end=\"868\">lagom fuktighet och v\u00e4xtfiberbaserade fyllning<\/strong>, ger produkten b\u00e5de snabb och l\u00e5ngvarig fris\u00e4ttning av smak och nikotin. Ett sj\u00e4lvklart val f\u00f6r dig som gillar fr\u00e4scha mintsmaker i ett stilrent och modernt format.<\/p>\n<hr data-start=\"1035\" data-end=\"1038\" \/>\n<h3 data-start=\"1040\" data-end=\"1072\">\u2705 <strong data-start=\"1047\" data-end=\"1070\">Fakta om produkten:<\/strong><\/h3>\n<ul data-start=\"1073\" data-end=\"1408\">\n<li data-start=\"1073\" data-end=\"1097\">\n<p data-start=\"1075\" data-end=\"1097\"><strong data-start=\"1075\" data-end=\"1089\">Varum\u00e4rke:<\/strong> zoneX<\/p>\n<\/li>\n<li data-start=\"1098\" data-end=\"1147\">\n<p data-start=\"1100\" data-end=\"1147\"><strong data-start=\"1100\" data-end=\"1115\">Produkttyp:<\/strong> All White Portion (tobaksfri)<\/p>\n<\/li>\n<li data-start=\"1148\" data-end=\"1193\">\n<p data-start=\"1150\" data-end=\"1193\"><strong data-start=\"1150\" data-end=\"1165\">Smakprofil:<\/strong> Menthol, mint, pepparmint<\/p>\n<\/li>\n<li data-start=\"1194\" data-end=\"1222\">\n<p data-start=\"1196\" data-end=\"1222\"><strong data-start=\"1196\" data-end=\"1214\">Nikotinstyrka:<\/strong> Stark<\/p>\n<\/li>\n<li data-start=\"1223\" data-end=\"1251\">\n<p data-start=\"1225\" data-end=\"1251\"><strong data-start=\"1225\" data-end=\"1241\">Nikotinhalt:<\/strong> 14 mg\/g<\/p>\n<\/li>\n<li data-start=\"1252\" data-end=\"1272\">\n<p data-start=\"1254\" data-end=\"1272\"><strong data-start=\"1254\" data-end=\"1265\">Format:<\/strong> Slim<\/p>\n<\/li>\n<li data-start=\"1273\" data-end=\"1306\">\n<p data-start=\"1275\" data-end=\"1306\"><strong data-start=\"1275\" data-end=\"1297\">Inneh\u00e5ll per dosa:<\/strong> 15,4 g<\/p>\n<\/li>\n<li data-start=\"1307\" data-end=\"1345\">\n<p data-start=\"1309\" data-end=\"1345\"><strong data-start=\"1309\" data-end=\"1321\">Snustyp:<\/strong> Slim All White Strong<\/p>\n<\/li>\n<li data-start=\"1346\" data-end=\"1375\">\n<p data-start=\"1348\" data-end=\"1375\"><strong data-start=\"1348\" data-end=\"1363\">Inneh\u00e5ller:<\/strong> V\u00e4xtfiber<\/p>\n<\/li>\n<li data-start=\"1376\" data-end=\"1408\">\n<p data-start=\"1378\" data-end=\"1408\"><strong data-start=\"1378\" data-end=\"1394\">Tillverkare:<\/strong> Skruf Snus AB<\/p>\n<\/li>\n<\/ul>\n<hr data-start=\"1410\" data-end=\"1413\" \/>\n<p data-start=\"1415\" data-end=\"1533\">\ud83d\udd39 <strong data-start=\"1418\" data-end=\"1449\">Vill du ha \u00e4nnu mer effekt?<\/strong><br data-start=\"1449\" data-end=\"1452\" \/>Testa \u00e4ven zoneX Cold Blast Extra Strong \u2013 samma smak med \u00e4nnu h\u00f6gre nikotinhalt.<\/p>\n<hr data-start=\"1535\" data-end=\"1538\" \/>\n<p data-start=\"1540\" data-end=\"1723\">\ud83d\uded2 <strong data-start=\"1543\" data-end=\"1589\">K\u00f6p zoneX Cold Blast Strong hos Veloop.se:<\/strong><br data-start=\"1589\" data-end=\"1592\" \/>\ud83d\udc49 <a class=\"\" href=\"https:\/\/snus-malmo.se\/sv\/zone-x\/\" target=\"_new\" rel=\"noopener\" data-start=\"1595\" data-end=\"1649\">https:\/\/snus-malmo.se\/zone-x\/<\/a> \u2013 Snabb leverans, diskret f\u00f6rpackat och alltid r\u00e4tt pris p\u00e5 nikotinp\u00e5sar!<\/p>","protected":false},"excerpt":{"rendered":"<h1 data-start=\"348\" data-end=\"429\"><strong data-start=\"355\" data-end=\"429\">X Cold Blast Strong<\/strong><\/h1>\n<h2 data-start=\"348\" data-end=\"429\">\u2744\ufe0f <strong data-start=\"355\" data-end=\"429\">zoneX Cold Blast Strong \u2013 Slim All White Portion med stark nikotinhalt<\/strong><\/h2>\n<p>zoneX Cold Blast Strong \u00e4r en tobaksfri nikotinportion med stark styrka och uppfriskande smak av menthol och pepparmint. Slimformat, diskret och vit \u2013 utan att missf\u00e4rga t\u00e4nderna.<\/p>","protected":false},"featured_media":62144,"comment_status":"open","ping_status":"closed","template":"","meta":[],"product_brand":[344],"product_cat":[136,137,130],"product_tag":[],"class_list":{"0":"post-62139","1":"product","2":"type-product","3":"status-publish","4":"has-post-thumbnail","6":"product_brand-zone-x","7":"product_cat-all-whites","8":"product_cat-slim","9":"product_cat-zone-x","11":"first","12":"instock","13":"taxable","14":"shipping-taxable","15":"purchasable","16":"product-type-variable"},"_links":{"self":[{"href":"https:\/\/snus-malmo.se\/sv\/wp-json\/wp\/v2\/product\/62139","targetHints":{"allow":["GET"]}}],"collection":[{"href":"https:\/\/snus-malmo.se\/sv\/wp-json\/wp\/v2\/product"}],"about":[{"href":"https:\/\/snus-malmo.se\/sv\/wp-json\/wp\/v2\/types\/product"}],"replies":[{"embeddable":true,"href":"https:\/\/snus-malmo.se\/sv\/wp-json\/wp\/v2\/comments?post=62139"}],"version-history":[{"count":0,"href":"https:\/\/snus-malmo.se\/sv\/wp-json\/wp\/v2\/product\/62139\/revisions"}],"wp:featuredmedia":[{"embeddable":true,"href":"https:\/\/snus-malmo.se\/sv\/wp-json\/wp\/v2\/media\/62144"}],"wp:attachment":[{"href":"https:\/\/snus-malmo.se\/sv\/wp-json\/wp\/v2\/media?parent=62139"}],"wp:term":[{"taxonomy":"product_brand","embeddable":true,"href":"https:\/\/snus-malmo.se\/sv\/wp-json\/wp\/v2\/product_brand?post=62139"},{"taxonomy":"product_cat","embeddable":true,"href":"https:\/\/snus-malmo.se\/sv\/wp-json\/wp\/v2\/product_cat?post=62139"},{"taxonomy":"product_tag","embeddable":true,"href":"https:\/\/snus-malmo.se\/sv\/wp-json\/wp\/v2\/product_tag?post=62139"}],"curies":[{"name":"wp","href":"https:\/\/api.w.org\/{rel}","templated":true}]}}