{"id":62195,"date":"2025-06-24T21:39:59","date_gmt":"2025-06-24T21:39:59","guid":{"rendered":"https:\/\/snus-malmo.se\/?post_type=product&#038;p=62195"},"modified":"2025-11-22T09:18:41","modified_gmt":"2025-11-22T09:18:41","slug":"helwit-cola-extra-strong","status":"publish","type":"product","link":"https:\/\/snus-malmo.se\/sv\/produkt\/helwit-cola-extra-strong\/","title":{"rendered":"Helwit Cola Extra Strong"},"content":{"rendered":"<h1>Helwit Cola Extra Strong<\/h1>\n<h1 data-start=\"388\" data-end=\"461\">\ud83d\udfe4 <strong data-start=\"394\" data-end=\"461\">Helwit Cola Extra Strong \u2013 Kraftfull Colasmak i Slim-format<\/strong><\/h1>\n<hr data-start=\"463\" data-end=\"466\" \/>\n<h2 data-start=\"468\" data-end=\"514\">\ud83d\udfe0 <strong data-start=\"475\" data-end=\"514\">Klassisk colasmak i ny tappning<\/strong><\/h2>\n<p data-start=\"516\" data-end=\"835\">Helwit Cola Extra Strong \u00e4r en smakexplosion f\u00f6r dig som \u00e4lskar den karakt\u00e4ristiska colasmaken \u2013 s\u00f6t, uppfriskande och med en l\u00e4tt syrlig underton. Det som g\u00f6r den h\u00e4r varianten extra intressant \u00e4r kombinationen av den nostalgiska colasmaken och en h\u00f6g nikotinhalt som tillfredsst\u00e4ller \u00e4ven den mest erfarna anv\u00e4ndaren.<\/p>\n<hr data-start=\"837\" data-end=\"840\" \/>\n<h2 data-start=\"842\" data-end=\"904\">\ud83d\udfe2 <strong data-start=\"849\" data-end=\"904\">Extra stark \u2013 utan att kompromissa med formatet<\/strong><\/h2>\n<p data-start=\"906\" data-end=\"1174\">Varje portion inneh\u00e5ller <strong data-start=\"931\" data-end=\"950\">12 mg\/g nikotin<\/strong> i ett diskret och smidigt <strong data-start=\"977\" data-end=\"992\">Slim-format<\/strong>, vilket g\u00f6r att Helwit Cola Extra Strong passar perfekt under l\u00e4ppen utan att synas. Trots sin kompakta form levererar den ett kraftfullt nikotinrus och en l\u00e5ngvarig smakupplevelse.<\/p>\n<hr data-start=\"1176\" data-end=\"1179\" \/>\n<h2 data-start=\"1181\" data-end=\"1238\">\ud83c\udf0d <strong data-start=\"1188\" data-end=\"1238\">H\u00e5llbar nikotinp\u00e5se fr\u00e5n svensk produktion<\/strong><\/h2>\n<p data-start=\"1240\" data-end=\"1530\">Helwit tillverkas av <strong data-start=\"1261\" data-end=\"1269\">YOIK<\/strong>, ett svenskt varum\u00e4rke som fokuserar p\u00e5 h\u00e5llbarhet i varje led. Deras klimatsmarta fabrik ligger vid Gransholms Bruk utanf\u00f6r V\u00e4xj\u00f6 och drivs helt av egen vattenkraft. Dessutom produceras snusdosorna av f\u00f6rnybar tallolja \u2013 ett smart val f\u00f6r b\u00e5de dig och milj\u00f6n.<\/p>\n<hr data-start=\"1532\" data-end=\"1535\" \/>\n<h2 data-start=\"1537\" data-end=\"1597\">\ud83d\udce6 <strong data-start=\"1544\" data-end=\"1597\">Produktinformation \u2013 Helwit Cola Extra Strong<\/strong><\/h2>\n<div class=\"_tableContainer_16hzy_1\">\n<div class=\"_tableWrapper_16hzy_14 group flex w-fit flex-col-reverse\" tabindex=\"-1\">\n<table class=\"w-fit min-w-(--thread-content-width)\" data-start=\"1599\" data-end=\"2246\">\n<thead data-start=\"1599\" data-end=\"1656\">\n<tr data-start=\"1599\" data-end=\"1656\">\n<th data-start=\"1599\" data-end=\"1622\" data-col-size=\"sm\"><strong data-start=\"1601\" data-end=\"1613\">Egenskap<\/strong><\/th>\n<th data-start=\"1622\" data-end=\"1656\" data-col-size=\"sm\"><strong data-start=\"1624\" data-end=\"1634\">Detalj<\/strong><\/th>\n<\/tr>\n<\/thead>\n<tbody data-start=\"1716\" data-end=\"2246\">\n<tr data-start=\"1716\" data-end=\"1774\">\n<td data-start=\"1716\" data-end=\"1739\" data-col-size=\"sm\"><strong data-start=\"1718\" data-end=\"1731\">Varum\u00e4rke<\/strong><\/td>\n<td data-col-size=\"sm\" data-start=\"1739\" data-end=\"1774\">Helwit<\/td>\n<\/tr>\n<tr data-start=\"1775\" data-end=\"1833\">\n<td data-start=\"1775\" data-end=\"1798\" data-col-size=\"sm\"><strong data-start=\"1777\" data-end=\"1792\">Tillverkare<\/strong><\/td>\n<td data-col-size=\"sm\" data-start=\"1798\" data-end=\"1833\">YOIK<\/td>\n<\/tr>\n<tr data-start=\"1834\" data-end=\"1892\">\n<td data-start=\"1834\" data-end=\"1857\" data-col-size=\"sm\"><strong data-start=\"1836\" data-end=\"1850\">Produkttyp<\/strong><\/td>\n<td data-col-size=\"sm\" data-start=\"1857\" data-end=\"1892\">All White Portion<\/td>\n<\/tr>\n<tr data-start=\"1893\" data-end=\"1951\">\n<td data-start=\"1893\" data-end=\"1916\" data-col-size=\"sm\"><strong data-start=\"1895\" data-end=\"1909\">Smakprofil<\/strong><\/td>\n<td data-col-size=\"sm\" data-start=\"1916\" data-end=\"1951\">Cola (s\u00f6t, frisk, klassisk)<\/td>\n<\/tr>\n<tr data-start=\"1952\" data-end=\"2010\">\n<td data-start=\"1952\" data-end=\"1975\" data-col-size=\"sm\"><strong data-start=\"1954\" data-end=\"1971\">Nikotinstyrka<\/strong><\/td>\n<td data-col-size=\"sm\" data-start=\"1975\" data-end=\"2010\">Extra Strong<\/td>\n<\/tr>\n<tr data-start=\"2011\" data-end=\"2069\">\n<td data-start=\"2011\" data-end=\"2034\" data-col-size=\"sm\"><strong data-start=\"2013\" data-end=\"2028\">Nikotinhalt<\/strong><\/td>\n<td data-col-size=\"sm\" data-start=\"2034\" data-end=\"2069\">12 mg\/g<\/td>\n<\/tr>\n<tr data-start=\"2070\" data-end=\"2128\">\n<td data-start=\"2070\" data-end=\"2093\" data-col-size=\"sm\"><strong data-start=\"2072\" data-end=\"2082\">Format<\/strong><\/td>\n<td data-col-size=\"sm\" data-start=\"2093\" data-end=\"2128\">Slim<\/td>\n<\/tr>\n<tr data-start=\"2129\" data-end=\"2187\">\n<td data-start=\"2129\" data-end=\"2152\" data-col-size=\"sm\"><strong data-start=\"2131\" data-end=\"2152\">Inneh\u00e5ll per dosa<\/strong><\/td>\n<td data-col-size=\"sm\" data-start=\"2152\" data-end=\"2187\">10 g<\/td>\n<\/tr>\n<tr data-start=\"2188\" data-end=\"2246\">\n<td data-start=\"2188\" data-end=\"2211\" data-col-size=\"sm\"><strong data-start=\"2190\" data-end=\"2201\">Snustyp<\/strong><\/td>\n<td data-col-size=\"sm\" data-start=\"2211\" data-end=\"2246\">Slim All White Extra Strong<\/td>\n<\/tr>\n<\/tbody>\n<\/table>\n<div class=\"sticky end-(--thread-content-margin) h-0 self-end select-none\">\n<div class=\"absolute end-0 flex items-end\"><\/div>\n<\/div>\n<\/div>\n<\/div>\n<hr data-start=\"2248\" data-end=\"2251\" \/>\n<h2 data-start=\"2253\" data-end=\"2314\">\ud83d\udd17 <strong data-start=\"2260\" data-end=\"2314\">Best\u00e4ll Helwit Cola Extra Strong hos Veloop.se<\/strong><\/h2>\n<p data-start=\"2316\" data-end=\"2502\">Vill du ha en extra stark nikotinp\u00e5se med klassisk colasmak? D\u00e5 \u00e4r <strong data-start=\"2383\" data-end=\"2411\">Helwit Cola Extra Strong<\/strong> det sj\u00e4lvklara valet. Handla snabbt och enkelt hos <a class=\"\" href=\"https:\/\/snus-malmo.se\/sv\/helwit\/\" target=\"_new\" rel=\"noopener\" data-start=\"2463\" data-end=\"2501\">Veloop.se<\/a>.<\/p>\n<p data-start=\"2504\" data-end=\"2588\">\ud83d\udc49 <strong data-start=\"2507\" data-end=\"2588\"><a class=\"\" href=\"https:\/\/snus-malmo.se\/sv\/helwit\/\" target=\"_new\" rel=\"noopener\" data-start=\"2509\" data-end=\"2586\">Klicka h\u00e4r f\u00f6r att k\u00f6pa Helwit Cola Extra Strong<\/a><\/strong><\/p>","protected":false},"excerpt":{"rendered":"<h1>Helwit Cola Extra Strong<\/h1>\n<h1 data-start=\"388\" data-end=\"461\">\ud83d\udfe4 <strong data-start=\"394\" data-end=\"461\">Helwit Cola Extra Strong \u2013 Kraftfull Colasmak i Slim-format<\/strong><\/h1>\n<h2 data-start=\"468\" data-end=\"514\">\ud83d\udfe0 <strong data-start=\"475\" data-end=\"514\">Klassisk colasmak i ny tappning<\/strong><\/h2>\n<p data-start=\"516\" data-end=\"835\">Helwit Cola Extra Strong \u00e4r en smakexplosion f\u00f6r dig som \u00e4lskar den karakt\u00e4ristiska colasmaken \u2013 s\u00f6t, uppfriskande och med en l\u00e4tt syrlig underton. Det som g\u00f6r den h\u00e4r varianten extra intressant \u00e4r kombinationen av den nostalgiska colasmaken och en h\u00f6g nikotinhalt som tillfredsst\u00e4ller \u00e4ven den mest erfarna anv\u00e4ndaren.<\/p>\n<p data-start=\"522\" data-end=\"807\">\ud83d\udc49 <strong data-start=\"2448\" data-end=\"2519\"><a class=\"\" href=\"https:\/\/snus-malmo.se\/sv\/helwit\/\" target=\"_new\" rel=\"noopener\" data-start=\"2450\" data-end=\"2517\">Best\u00e4ll Helwit Violet Extra Strong h\u00e4r<\/a><\/strong><\/p>","protected":false},"featured_media":62200,"comment_status":"open","ping_status":"closed","template":"","meta":[],"product_brand":[352],"product_cat":[136,92,137],"product_tag":[],"class_list":{"0":"post-62195","1":"product","2":"type-product","3":"status-publish","4":"has-post-thumbnail","6":"product_brand-helwit","7":"product_cat-all-whites","8":"product_cat-helwit","9":"product_cat-slim","11":"first","12":"instock","13":"taxable","14":"shipping-taxable","15":"purchasable","16":"product-type-variable"},"_links":{"self":[{"href":"https:\/\/snus-malmo.se\/sv\/wp-json\/wp\/v2\/product\/62195","targetHints":{"allow":["GET"]}}],"collection":[{"href":"https:\/\/snus-malmo.se\/sv\/wp-json\/wp\/v2\/product"}],"about":[{"href":"https:\/\/snus-malmo.se\/sv\/wp-json\/wp\/v2\/types\/product"}],"replies":[{"embeddable":true,"href":"https:\/\/snus-malmo.se\/sv\/wp-json\/wp\/v2\/comments?post=62195"}],"version-history":[{"count":0,"href":"https:\/\/snus-malmo.se\/sv\/wp-json\/wp\/v2\/product\/62195\/revisions"}],"wp:featuredmedia":[{"embeddable":true,"href":"https:\/\/snus-malmo.se\/sv\/wp-json\/wp\/v2\/media\/62200"}],"wp:attachment":[{"href":"https:\/\/snus-malmo.se\/sv\/wp-json\/wp\/v2\/media?parent=62195"}],"wp:term":[{"taxonomy":"product_brand","embeddable":true,"href":"https:\/\/snus-malmo.se\/sv\/wp-json\/wp\/v2\/product_brand?post=62195"},{"taxonomy":"product_cat","embeddable":true,"href":"https:\/\/snus-malmo.se\/sv\/wp-json\/wp\/v2\/product_cat?post=62195"},{"taxonomy":"product_tag","embeddable":true,"href":"https:\/\/snus-malmo.se\/sv\/wp-json\/wp\/v2\/product_tag?post=62195"}],"curies":[{"name":"wp","href":"https:\/\/api.w.org\/{rel}","templated":true}]}}