{"id":62238,"date":"2025-06-24T22:21:42","date_gmt":"2025-06-24T22:21:42","guid":{"rendered":"https:\/\/snus-malmo.se\/?post_type=product&#038;p=62238"},"modified":"2025-11-22T09:18:16","modified_gmt":"2025-11-22T09:18:16","slug":"helwit-mocha","status":"publish","type":"product","link":"https:\/\/snus-malmo.se\/sv\/produkt\/helwit-mocha\/","title":{"rendered":"Helwit Mocha"},"content":{"rendered":"<h1>Helwit Mocha<\/h1>\n<h1 data-start=\"393\" data-end=\"476\">\u2615\ufe0f <strong data-start=\"399\" data-end=\"476\">Helwit Mocha \u2013 Nikotinp\u00e5sar med Smak av Kaffe &amp; Choklad i Slim-format<\/strong><\/h1>\n<hr data-start=\"478\" data-end=\"481\" \/>\n<h2 data-start=\"483\" data-end=\"539\">\ud83e\udd0e <strong data-start=\"490\" data-end=\"539\">En fyllig smakupplevelse f\u00f6r kaffe\u00e4lskare<\/strong><\/h2>\n<p data-start=\"541\" data-end=\"877\"><strong data-start=\"541\" data-end=\"557\">Helwit Mocha<\/strong> \u00e4r den perfekta nikotinp\u00e5sen f\u00f6r dig som uppskattar smaken av kaffe \u2013 men vill ha det utan kopp. Med en rund, mjuk kombination av kaffe och choklad f\u00e5r du en varm och fyllig smakprofil som p\u00e5minner om en len mochadryck. Den passar utm\u00e4rkt som ett eftermiddagsval eller n\u00e4r du vill ha n\u00e5got annorlunda \u00e4n frukt och mint.<\/p>\n<hr data-start=\"879\" data-end=\"882\" \/>\n<h2 data-start=\"884\" data-end=\"941\">\ud83d\udfe2 <strong data-start=\"891\" data-end=\"941\">Slimmad och diskret \u2013 med l\u00e4tt nikotinkick<\/strong><\/h2>\n<p data-start=\"943\" data-end=\"1236\">Portionerna i <strong data-start=\"957\" data-end=\"973\">Helwit Mocha<\/strong> har ett <strong data-start=\"982\" data-end=\"997\">Slim-format<\/strong> som g\u00f6r dem bekv\u00e4ma och n\u00e4tta under l\u00e4ppen. Med en <strong data-start=\"1049\" data-end=\"1078\">l\u00e5g nikotinhalt p\u00e5 7 mg\/g<\/strong> \u00e4r den h\u00e4r produkten perfekt f\u00f6r dig som f\u00f6redrar en mildare nikotinupplevelse med mycket smak. Ett genomt\u00e4nkt alternativ f\u00f6r b\u00e5de nya och erfarna anv\u00e4ndare.<\/p>\n<hr data-start=\"1238\" data-end=\"1241\" \/>\n<h2 data-start=\"1243\" data-end=\"1307\">\ud83c\udf0d <strong data-start=\"1250\" data-end=\"1307\">Klimatsmart tillverkning \u2013 100 % svenskproducerat<\/strong><\/h2>\n<p data-start=\"1309\" data-end=\"1577\">Alla Helwit-produkter, inklusive Mocha, tillverkas av <strong data-start=\"1363\" data-end=\"1371\">YOIK<\/strong> i deras <strong data-start=\"1380\" data-end=\"1436\">milj\u00f6smarta fabrik vid Gransholms Bruk utanf\u00f6r V\u00e4xj\u00f6<\/strong>. Fabriken drivs helt av lokal vattenkraft, och dosorna \u00e4r tillverkade av <strong data-start=\"1510\" data-end=\"1531\">f\u00f6rnybar tallolja<\/strong> \u2013 ett steg mot en mer h\u00e5llbar snusupplevelse.<\/p>\n<hr data-start=\"1579\" data-end=\"1582\" \/>\n<h2 data-start=\"1584\" data-end=\"1632\">\ud83d\udce6 <strong data-start=\"1591\" data-end=\"1632\">Produktinformation \u2013 Helwit Mocha<\/strong><\/h2>\n<div class=\"_tableContainer_16hzy_1\">\n<div class=\"_tableWrapper_16hzy_14 group flex w-fit flex-col-reverse\" tabindex=\"-1\">\n<table class=\"w-fit min-w-(--thread-content-width)\" data-start=\"1634\" data-end=\"2303\">\n<thead data-start=\"1634\" data-end=\"1693\">\n<tr data-start=\"1634\" data-end=\"1693\">\n<th data-start=\"1634\" data-end=\"1657\" data-col-size=\"sm\"><strong data-start=\"1636\" data-end=\"1648\">Egenskap<\/strong><\/th>\n<th data-start=\"1657\" data-end=\"1693\" data-col-size=\"sm\"><strong data-start=\"1659\" data-end=\"1669\">Detalj<\/strong><\/th>\n<\/tr>\n<\/thead>\n<tbody data-start=\"1755\" data-end=\"2303\">\n<tr data-start=\"1755\" data-end=\"1815\">\n<td data-start=\"1755\" data-end=\"1778\" data-col-size=\"sm\"><strong data-start=\"1757\" data-end=\"1770\">Varum\u00e4rke<\/strong><\/td>\n<td data-col-size=\"sm\" data-start=\"1778\" data-end=\"1815\">Helwit<\/td>\n<\/tr>\n<tr data-start=\"1816\" data-end=\"1876\">\n<td data-start=\"1816\" data-end=\"1839\" data-col-size=\"sm\"><strong data-start=\"1818\" data-end=\"1833\">Tillverkare<\/strong><\/td>\n<td data-col-size=\"sm\" data-start=\"1839\" data-end=\"1876\">YOIK<\/td>\n<\/tr>\n<tr data-start=\"1877\" data-end=\"1937\">\n<td data-start=\"1877\" data-end=\"1900\" data-col-size=\"sm\"><strong data-start=\"1879\" data-end=\"1893\">Produkttyp<\/strong><\/td>\n<td data-col-size=\"sm\" data-start=\"1900\" data-end=\"1937\">All White Portion<\/td>\n<\/tr>\n<tr data-start=\"1938\" data-end=\"1998\">\n<td data-start=\"1938\" data-end=\"1961\" data-col-size=\"sm\"><strong data-start=\"1940\" data-end=\"1954\">Smakprofil<\/strong><\/td>\n<td data-col-size=\"sm\" data-start=\"1961\" data-end=\"1998\">Kaffe &amp; choklad (mocha)<\/td>\n<\/tr>\n<tr data-start=\"1999\" data-end=\"2059\">\n<td data-start=\"1999\" data-end=\"2022\" data-col-size=\"sm\"><strong data-start=\"2001\" data-end=\"2018\">Nikotinstyrka<\/strong><\/td>\n<td data-col-size=\"sm\" data-start=\"2022\" data-end=\"2059\">Light<\/td>\n<\/tr>\n<tr data-start=\"2060\" data-end=\"2120\">\n<td data-start=\"2060\" data-end=\"2083\" data-col-size=\"sm\"><strong data-start=\"2062\" data-end=\"2077\">Nikotinhalt<\/strong><\/td>\n<td data-col-size=\"sm\" data-start=\"2083\" data-end=\"2120\">7 mg\/g<\/td>\n<\/tr>\n<tr data-start=\"2121\" data-end=\"2181\">\n<td data-start=\"2121\" data-end=\"2144\" data-col-size=\"sm\"><strong data-start=\"2123\" data-end=\"2133\">Format<\/strong><\/td>\n<td data-col-size=\"sm\" data-start=\"2144\" data-end=\"2181\">Slim<\/td>\n<\/tr>\n<tr data-start=\"2182\" data-end=\"2242\">\n<td data-start=\"2182\" data-end=\"2205\" data-col-size=\"sm\"><strong data-start=\"2184\" data-end=\"2205\">Inneh\u00e5ll per dosa<\/strong><\/td>\n<td data-start=\"2205\" data-end=\"2242\" data-col-size=\"sm\">10 g<\/td>\n<\/tr>\n<tr data-start=\"2243\" data-end=\"2303\">\n<td data-start=\"2243\" data-end=\"2266\" data-col-size=\"sm\"><strong data-start=\"2245\" data-end=\"2256\">Snustyp<\/strong><\/td>\n<td data-start=\"2266\" data-end=\"2303\" data-col-size=\"sm\">Slim All White Light<\/td>\n<\/tr>\n<\/tbody>\n<\/table>\n<div class=\"sticky end-(--thread-content-margin) h-0 self-end select-none\">\n<div class=\"absolute end-0 flex items-end\"><\/div>\n<\/div>\n<\/div>\n<\/div>\n<hr data-start=\"2305\" data-end=\"2308\" \/>\n<h2 data-start=\"2310\" data-end=\"2355\">\ud83d\udd17 <strong data-start=\"2317\" data-end=\"2355\">K\u00f6p Helwit Mocha hos Veloop.se<\/strong><\/h2>\n<p data-start=\"2357\" data-end=\"2604\">Letar du efter en smakrik nikotinp\u00e5se med kaffeinspirerad karakt\u00e4r? <strong data-start=\"2425\" data-end=\"2441\">Helwit Mocha<\/strong> levererar en balanserad smakupplevelse med l\u00e5g nikotinhalt \u2013 ett m\u00e5ste f\u00f6r alla som gillar kaffe och choklad. Finns nu hos <a class=\"\" href=\"https:\/\/snus-malmo.se\/sv\/helwit\/\" target=\"_new\" rel=\"noopener\" data-start=\"2565\" data-end=\"2603\">Veloop.se<\/a>.<\/p>\n<p data-start=\"2606\" data-end=\"2682\">\ud83d\udc49 <strong data-start=\"2609\" data-end=\"2682\"><a class=\"\" href=\"https:\/\/snus-malmo.se\/sv\/helwit\/\" target=\"_new\" rel=\"noopener\" data-start=\"2611\" data-end=\"2680\">Klicka h\u00e4r f\u00f6r att best\u00e4lla Helwit Mocha<\/a><\/strong><\/p>","protected":false},"excerpt":{"rendered":"<h1>Helwit Mocha<\/h1>\n<h1 data-start=\"393\" data-end=\"476\">\u2615\ufe0f <strong data-start=\"399\" data-end=\"476\">Helwit Mocha \u2013 Nikotinp\u00e5sar med Smak av Kaffe &amp; Choklad i Slim-format<\/strong><\/h1>\n<h2 data-start=\"483\" data-end=\"539\">\ud83e\udd0e <strong data-start=\"490\" data-end=\"539\">En fyllig smakupplevelse f\u00f6r kaffe\u00e4lskare<\/strong><\/h2>\n<p data-start=\"541\" data-end=\"877\"><strong data-start=\"541\" data-end=\"557\">Helwit Mocha<\/strong> \u00e4r den perfekta nikotinp\u00e5sen f\u00f6r dig som uppskattar smaken av kaffe \u2013 men vill ha det utan kopp. Med en rund, mjuk kombination av kaffe och choklad f\u00e5r du en varm och fyllig smakprofil som p\u00e5minner om en len mochadryck. Den passar utm\u00e4rkt som ett eftermiddagsval eller n\u00e4r du vill ha n\u00e5got annorlunda \u00e4n frukt och mint.<\/p>\n<p data-start=\"522\" data-end=\"807\">\ud83d\udc49 <strong data-start=\"2448\" data-end=\"2519\"><a class=\"\" href=\"https:\/\/snus-malmo.se\/sv\/helwit\/\" target=\"_new\" rel=\"noopener\" data-start=\"2450\" data-end=\"2517\">Best\u00e4ll Helwit Violet Extra Strong h\u00e4r<\/a><\/strong><\/p>","protected":false},"featured_media":62243,"comment_status":"open","ping_status":"closed","template":"","meta":[],"product_brand":[352],"product_cat":[136,92,137],"product_tag":[],"class_list":{"0":"post-62238","1":"product","2":"type-product","3":"status-publish","4":"has-post-thumbnail","6":"product_brand-helwit","7":"product_cat-all-whites","8":"product_cat-helwit","9":"product_cat-slim","11":"first","12":"instock","13":"taxable","14":"shipping-taxable","15":"purchasable","16":"product-type-variable"},"_links":{"self":[{"href":"https:\/\/snus-malmo.se\/sv\/wp-json\/wp\/v2\/product\/62238","targetHints":{"allow":["GET"]}}],"collection":[{"href":"https:\/\/snus-malmo.se\/sv\/wp-json\/wp\/v2\/product"}],"about":[{"href":"https:\/\/snus-malmo.se\/sv\/wp-json\/wp\/v2\/types\/product"}],"replies":[{"embeddable":true,"href":"https:\/\/snus-malmo.se\/sv\/wp-json\/wp\/v2\/comments?post=62238"}],"version-history":[{"count":0,"href":"https:\/\/snus-malmo.se\/sv\/wp-json\/wp\/v2\/product\/62238\/revisions"}],"wp:featuredmedia":[{"embeddable":true,"href":"https:\/\/snus-malmo.se\/sv\/wp-json\/wp\/v2\/media\/62243"}],"wp:attachment":[{"href":"https:\/\/snus-malmo.se\/sv\/wp-json\/wp\/v2\/media?parent=62238"}],"wp:term":[{"taxonomy":"product_brand","embeddable":true,"href":"https:\/\/snus-malmo.se\/sv\/wp-json\/wp\/v2\/product_brand?post=62238"},{"taxonomy":"product_cat","embeddable":true,"href":"https:\/\/snus-malmo.se\/sv\/wp-json\/wp\/v2\/product_cat?post=62238"},{"taxonomy":"product_tag","embeddable":true,"href":"https:\/\/snus-malmo.se\/sv\/wp-json\/wp\/v2\/product_tag?post=62238"}],"curies":[{"name":"wp","href":"https:\/\/api.w.org\/{rel}","templated":true}]}}