{"id":62259,"date":"2025-06-24T22:42:49","date_gmt":"2025-06-24T22:42:49","guid":{"rendered":"https:\/\/snus-malmo.se\/?post_type=product&#038;p=62259"},"modified":"2025-11-22T09:17:39","modified_gmt":"2025-11-22T09:17:39","slug":"helwit-salmiak","status":"publish","type":"product","link":"https:\/\/snus-malmo.se\/sv\/produkt\/helwit-salmiak\/","title":{"rendered":"Helwit Salmiak"},"content":{"rendered":"<h1>Helwit Salmiak<\/h1>\n<h1 data-start=\"305\" data-end=\"387\">\u26ab\ufe0f <strong data-start=\"311\" data-end=\"387\">Helwit Salmiak \u2013 Nikotinp\u00e5sar med Klassisk Salmiaksmak i Slim-format<\/strong><\/h1>\n<hr data-start=\"389\" data-end=\"392\" \/>\n<h2 data-start=\"394\" data-end=\"442\">\ud83d\udda4 <strong data-start=\"401\" data-end=\"442\">En tidl\u00f6s smak f\u00f6r salmiak\u00e4lskare<\/strong><\/h2>\n<p data-start=\"444\" data-end=\"678\"><strong data-start=\"444\" data-end=\"462\">Helwit Salmiak<\/strong> levererar den karakt\u00e4ristiska, salta och s\u00f6ta smaken av klassisk salmiak i ett modernt format. Denna nikotinp\u00e5se \u00e4r perfekt f\u00f6r dig som vill ha en smak som \u00e4r b\u00e5de bekant och njutbar \u2013 utan tobak och med ren k\u00e4nsla.<\/p>\n<hr data-start=\"680\" data-end=\"683\" \/>\n<h2 data-start=\"685\" data-end=\"735\">\ud83d\udfe2 <strong data-start=\"692\" data-end=\"735\">Slimmade portioner med mild nikotin<\/strong><\/h2>\n<p data-start=\"737\" data-end=\"946\">Med en nikotinhalt p\u00e5 <strong data-start=\"759\" data-end=\"769\">7 mg\/g<\/strong> erbjuder Helwit Salmiak en l\u00e4tt men tydlig nikotinkick i det praktiska och diskreta <strong data-start=\"854\" data-end=\"871\">Slim-formatet<\/strong>. Perfekt f\u00f6r dig som s\u00f6ker en balanserad nikotinupplevelse med stark smak.<\/p>\n<hr data-start=\"948\" data-end=\"951\" \/>\n<h2 data-start=\"953\" data-end=\"1005\">\ud83c\udf3f <strong data-start=\"960\" data-end=\"1005\">Klimatsmart svensk produktion av YOIK<\/strong><\/h2>\n<p data-start=\"1007\" data-end=\"1238\">Helwit-produkterna tillverkas av <strong data-start=\"1040\" data-end=\"1048\">YOIK<\/strong> i en milj\u00f6v\u00e4nlig fabrik i Gransholms Bruk utanf\u00f6r V\u00e4xj\u00f6. Fabriken drivs av egen vattenkraft, och dosorna \u00e4r gjorda av h\u00e5llbar tallolja, vilket g\u00f6r Helwit Salmiak till ett milj\u00f6medvetet val.<\/p>\n<hr data-start=\"1240\" data-end=\"1243\" \/>\n<h2 data-start=\"1245\" data-end=\"1295\">\ud83d\udce6 <strong data-start=\"1252\" data-end=\"1295\">Produktinformation \u2013 Helwit Salmiak<\/strong><\/h2>\n<div class=\"_tableContainer_16hzy_1\">\n<div class=\"_tableWrapper_16hzy_14 group flex w-fit flex-col-reverse\" tabindex=\"-1\">\n<table class=\"w-fit min-w-(--thread-content-width)\" data-start=\"1297\" data-end=\"1944\">\n<thead data-start=\"1297\" data-end=\"1354\">\n<tr data-start=\"1297\" data-end=\"1354\">\n<th data-start=\"1297\" data-end=\"1320\" data-col-size=\"sm\"><strong data-start=\"1299\" data-end=\"1311\">Egenskap<\/strong><\/th>\n<th data-start=\"1320\" data-end=\"1354\" data-col-size=\"sm\"><strong data-start=\"1322\" data-end=\"1332\">Detalj<\/strong><\/th>\n<\/tr>\n<\/thead>\n<tbody data-start=\"1414\" data-end=\"1944\">\n<tr data-start=\"1414\" data-end=\"1472\">\n<td data-start=\"1414\" data-end=\"1437\" data-col-size=\"sm\"><strong data-start=\"1416\" data-end=\"1429\">Varum\u00e4rke<\/strong><\/td>\n<td data-start=\"1437\" data-end=\"1472\" data-col-size=\"sm\">Helwit<\/td>\n<\/tr>\n<tr data-start=\"1473\" data-end=\"1531\">\n<td data-start=\"1473\" data-end=\"1496\" data-col-size=\"sm\"><strong data-start=\"1475\" data-end=\"1490\">Tillverkare<\/strong><\/td>\n<td data-start=\"1496\" data-end=\"1531\" data-col-size=\"sm\">YOIK<\/td>\n<\/tr>\n<tr data-start=\"1532\" data-end=\"1590\">\n<td data-start=\"1532\" data-end=\"1555\" data-col-size=\"sm\"><strong data-start=\"1534\" data-end=\"1548\">Produkttyp<\/strong><\/td>\n<td data-start=\"1555\" data-end=\"1590\" data-col-size=\"sm\">All White Portion<\/td>\n<\/tr>\n<tr data-start=\"1591\" data-end=\"1649\">\n<td data-start=\"1591\" data-end=\"1614\" data-col-size=\"sm\"><strong data-start=\"1593\" data-end=\"1607\">Smakprofil<\/strong><\/td>\n<td data-start=\"1614\" data-end=\"1649\" data-col-size=\"sm\">Salmiak (salt &amp; s\u00f6t)<\/td>\n<\/tr>\n<tr data-start=\"1650\" data-end=\"1708\">\n<td data-start=\"1650\" data-end=\"1673\" data-col-size=\"sm\"><strong data-start=\"1652\" data-end=\"1669\">Nikotinstyrka<\/strong><\/td>\n<td data-start=\"1673\" data-end=\"1708\" data-col-size=\"sm\">Light<\/td>\n<\/tr>\n<tr data-start=\"1709\" data-end=\"1767\">\n<td data-start=\"1709\" data-end=\"1732\" data-col-size=\"sm\"><strong data-start=\"1711\" data-end=\"1726\">Nikotinhalt<\/strong><\/td>\n<td data-start=\"1732\" data-end=\"1767\" data-col-size=\"sm\">7 mg\/g<\/td>\n<\/tr>\n<tr data-start=\"1768\" data-end=\"1826\">\n<td data-start=\"1768\" data-end=\"1791\" data-col-size=\"sm\"><strong data-start=\"1770\" data-end=\"1780\">Format<\/strong><\/td>\n<td data-start=\"1791\" data-end=\"1826\" data-col-size=\"sm\">Slim<\/td>\n<\/tr>\n<tr data-start=\"1827\" data-end=\"1885\">\n<td data-start=\"1827\" data-end=\"1850\" data-col-size=\"sm\"><strong data-start=\"1829\" data-end=\"1850\">Inneh\u00e5ll per dosa<\/strong><\/td>\n<td data-start=\"1850\" data-end=\"1885\" data-col-size=\"sm\">10 g<\/td>\n<\/tr>\n<tr data-start=\"1886\" data-end=\"1944\">\n<td data-start=\"1886\" data-end=\"1909\" data-col-size=\"sm\"><strong data-start=\"1888\" data-end=\"1899\">Snustyp<\/strong><\/td>\n<td data-start=\"1909\" data-end=\"1944\" data-col-size=\"sm\">Slim All White Light<\/td>\n<\/tr>\n<\/tbody>\n<\/table>\n<div class=\"sticky end-(--thread-content-margin) h-0 self-end select-none\">\n<div class=\"absolute end-0 flex items-end\"><\/div>\n<\/div>\n<\/div>\n<\/div>\n<hr data-start=\"1946\" data-end=\"1949\" \/>\n<h2 data-start=\"1951\" data-end=\"1998\">\ud83d\udd17 <strong data-start=\"1958\" data-end=\"1998\">K\u00f6p Helwit Salmiak hos Veloop.se<\/strong><\/h2>\n<p data-start=\"2000\" data-end=\"2206\">Letar du efter en klassisk salmiaksmak i ett modernt och milj\u00f6v\u00e4nligt format? <strong data-start=\"2078\" data-end=\"2096\">Helwit Salmiak<\/strong> erbjuder en ren och smakrik upplevelse med mild nikotin \u2013 finns nu p\u00e5 <a class=\"\" href=\"https:\/\/snus-malmo.se\/sv\/helwit\/\" target=\"_new\" rel=\"noopener\" data-start=\"2167\" data-end=\"2205\">Veloop.se<\/a>.<\/p>\n<p data-start=\"2208\" data-end=\"2270\">\ud83d\udc49 <strong data-start=\"2211\" data-end=\"2270\"><a class=\"\" href=\"https:\/\/snus-malmo.se\/sv\/helwit\/\" target=\"_new\" rel=\"noopener\" data-start=\"2213\" data-end=\"2268\">Best\u00e4ll Helwit Salmiak h\u00e4r<\/a><\/strong><\/p>\n<p data-start=\"2606\" data-end=\"2682\">","protected":false},"excerpt":{"rendered":"<h1>Helwit Salmiak<\/h1>\n<h1 data-start=\"305\" data-end=\"387\">\u26ab\ufe0f <strong data-start=\"311\" data-end=\"387\">Helwit Salmiak \u2013 Nikotinp\u00e5sar med Klassisk Salmiaksmak i Slim-format<\/strong><\/h1>\n<h2 data-start=\"394\" data-end=\"442\">\ud83d\udda4 <strong data-start=\"401\" data-end=\"442\">En tidl\u00f6s smak f\u00f6r salmiak\u00e4lskare<\/strong><\/h2>\n<p data-start=\"444\" data-end=\"678\"><strong data-start=\"444\" data-end=\"462\">Helwit Salmiak<\/strong> levererar den karakt\u00e4ristiska, salta och s\u00f6ta smaken av klassisk salmiak i ett modernt format. Denna nikotinp\u00e5se \u00e4r perfekt f\u00f6r dig som vill ha en smak som \u00e4r b\u00e5de bekant och njutbar \u2013 utan tobak och med ren k\u00e4nsla.<\/p>\n<p data-start=\"522\" data-end=\"807\">\ud83d\udc49 <strong data-start=\"2448\" data-end=\"2519\"><a class=\"\" href=\"https:\/\/snus-malmo.se\/sv\/helwit\/\" target=\"_new\" rel=\"noopener\" data-start=\"2450\" data-end=\"2517\">Best\u00e4ll Helwit Violet Extra Strong h\u00e4r<\/a><\/strong><\/p>","protected":false},"featured_media":62264,"comment_status":"open","ping_status":"closed","template":"","meta":[],"product_brand":[352],"product_cat":[136,92,137],"product_tag":[],"class_list":{"0":"post-62259","1":"product","2":"type-product","3":"status-publish","4":"has-post-thumbnail","6":"product_brand-helwit","7":"product_cat-all-whites","8":"product_cat-helwit","9":"product_cat-slim","11":"first","12":"instock","13":"taxable","14":"shipping-taxable","15":"purchasable","16":"product-type-variable"},"_links":{"self":[{"href":"https:\/\/snus-malmo.se\/sv\/wp-json\/wp\/v2\/product\/62259","targetHints":{"allow":["GET"]}}],"collection":[{"href":"https:\/\/snus-malmo.se\/sv\/wp-json\/wp\/v2\/product"}],"about":[{"href":"https:\/\/snus-malmo.se\/sv\/wp-json\/wp\/v2\/types\/product"}],"replies":[{"embeddable":true,"href":"https:\/\/snus-malmo.se\/sv\/wp-json\/wp\/v2\/comments?post=62259"}],"version-history":[{"count":0,"href":"https:\/\/snus-malmo.se\/sv\/wp-json\/wp\/v2\/product\/62259\/revisions"}],"wp:featuredmedia":[{"embeddable":true,"href":"https:\/\/snus-malmo.se\/sv\/wp-json\/wp\/v2\/media\/62264"}],"wp:attachment":[{"href":"https:\/\/snus-malmo.se\/sv\/wp-json\/wp\/v2\/media?parent=62259"}],"wp:term":[{"taxonomy":"product_brand","embeddable":true,"href":"https:\/\/snus-malmo.se\/sv\/wp-json\/wp\/v2\/product_brand?post=62259"},{"taxonomy":"product_cat","embeddable":true,"href":"https:\/\/snus-malmo.se\/sv\/wp-json\/wp\/v2\/product_cat?post=62259"},{"taxonomy":"product_tag","embeddable":true,"href":"https:\/\/snus-malmo.se\/sv\/wp-json\/wp\/v2\/product_tag?post=62259"}],"curies":[{"name":"wp","href":"https:\/\/api.w.org\/{rel}","templated":true}]}}