{"id":62266,"date":"2025-06-24T22:47:23","date_gmt":"2025-06-24T22:47:23","guid":{"rendered":"https:\/\/snus-malmo.se\/?post_type=product&#038;p=62266"},"modified":"2025-11-22T09:17:35","modified_gmt":"2025-11-22T09:17:35","slug":"helwit-raspberry-licorice","status":"publish","type":"product","link":"https:\/\/snus-malmo.se\/sv\/produkt\/helwit-raspberry-licorice\/","title":{"rendered":"Helwit Raspberry Licorice"},"content":{"rendered":"<h1>Helwit Raspberry Licorice<\/h1>\n<h1 data-start=\"333\" data-end=\"426\">\ud83c\udf53\u26ab\ufe0f <strong data-start=\"341\" data-end=\"426\">Helwit Raspberry Licorice \u2013 Fruktig Hallon och Klassisk Lakrits i Slim-format<\/strong><\/h1>\n<hr data-start=\"428\" data-end=\"431\" \/>\n<h2 data-start=\"433\" data-end=\"511\">\ud83c\udf53\ud83d\udda4 <strong data-start=\"442\" data-end=\"511\">En sp\u00e4nnande kombination av s\u00f6tt hallon och kraftfull lakrits<\/strong><\/h2>\n<p data-start=\"513\" data-end=\"763\"><strong data-start=\"513\" data-end=\"542\">Helwit Raspberry Licorice<\/strong> kombinerar det friska och s\u00f6ta fr\u00e5n hallon med den karakteristiska, djupa smaken av lakrits. Resultatet \u00e4r en smakrik och balanserad nikotinp\u00e5se som passar dig som vill ha n\u00e5got annorlunda och smakrikt \u2013 helt utan tobak.<\/p>\n<hr data-start=\"765\" data-end=\"768\" \/>\n<h2 data-start=\"770\" data-end=\"830\">\ud83d\udfe2 <strong data-start=\"777\" data-end=\"830\">Slimmade portioner med mild nikotinupplevelse<\/strong><\/h2>\n<p data-start=\"832\" data-end=\"1037\">Med en nikotinhalt p\u00e5 <strong data-start=\"854\" data-end=\"864\">7 mg\/g<\/strong> f\u00e5r du en behaglig och l\u00e4tt nikotinkick i ett smidigt och diskret <strong data-start=\"931\" data-end=\"946\">Slim-format<\/strong>. Denna produkt \u00e4r perfekt f\u00f6r dig som uppskattar smakrika nikotinp\u00e5sar med en mild styrka.<\/p>\n<hr data-start=\"1039\" data-end=\"1042\" \/>\n<h2 data-start=\"1044\" data-end=\"1097\">\ud83c\udf31 <strong data-start=\"1051\" data-end=\"1097\">Svensktillverkad med omtanke om milj\u00f6n<\/strong><\/h2>\n<p data-start=\"1099\" data-end=\"1342\">Helwit tillverkas av <strong data-start=\"1120\" data-end=\"1128\">YOIK<\/strong> i deras klimatsmarta fabrik vid Gransholms Bruk utanf\u00f6r V\u00e4xj\u00f6. Fabriken anv\u00e4nder sig av egen vattenkraft och dosorna \u00e4r tillverkade av f\u00f6rnybar tallolja, vilket g\u00f6r Helwit Raspberry Licorice till ett h\u00e5llbart val.<\/p>\n<hr data-start=\"1344\" data-end=\"1347\" \/>\n<h2 data-start=\"1349\" data-end=\"1410\">\ud83d\udce6 <strong data-start=\"1356\" data-end=\"1410\">Produktinformation \u2013 Helwit Raspberry Licorice<\/strong><\/h2>\n<div class=\"_tableContainer_16hzy_1\">\n<div class=\"_tableWrapper_16hzy_14 group flex w-fit flex-col-reverse\" tabindex=\"-1\">\n<table class=\"w-fit min-w-(--thread-content-width)\" data-start=\"1412\" data-end=\"2060\">\n<thead data-start=\"1412\" data-end=\"1470\">\n<tr data-start=\"1412\" data-end=\"1470\">\n<th data-start=\"1412\" data-end=\"1435\" data-col-size=\"sm\"><strong data-start=\"1414\" data-end=\"1426\">Egenskap<\/strong><\/th>\n<th data-start=\"1435\" data-end=\"1470\" data-col-size=\"sm\"><strong data-start=\"1437\" data-end=\"1447\">Detalj<\/strong><\/th>\n<\/tr>\n<\/thead>\n<tbody data-start=\"1530\" data-end=\"2060\">\n<tr data-start=\"1530\" data-end=\"1588\">\n<td data-start=\"1530\" data-end=\"1553\" data-col-size=\"sm\"><strong data-start=\"1532\" data-end=\"1545\">Varum\u00e4rke<\/strong><\/td>\n<td data-col-size=\"sm\" data-start=\"1553\" data-end=\"1588\">Helwit<\/td>\n<\/tr>\n<tr data-start=\"1589\" data-end=\"1647\">\n<td data-start=\"1589\" data-end=\"1612\" data-col-size=\"sm\"><strong data-start=\"1591\" data-end=\"1606\">Tillverkare<\/strong><\/td>\n<td data-col-size=\"sm\" data-start=\"1612\" data-end=\"1647\">YOIK<\/td>\n<\/tr>\n<tr data-start=\"1648\" data-end=\"1706\">\n<td data-start=\"1648\" data-end=\"1671\" data-col-size=\"sm\"><strong data-start=\"1650\" data-end=\"1664\">Produkttyp<\/strong><\/td>\n<td data-col-size=\"sm\" data-start=\"1671\" data-end=\"1706\">All White Portion<\/td>\n<\/tr>\n<tr data-start=\"1707\" data-end=\"1765\">\n<td data-start=\"1707\" data-end=\"1730\" data-col-size=\"sm\"><strong data-start=\"1709\" data-end=\"1723\">Smakprofil<\/strong><\/td>\n<td data-col-size=\"sm\" data-start=\"1730\" data-end=\"1765\">Hallon &amp; lakrits<\/td>\n<\/tr>\n<tr data-start=\"1766\" data-end=\"1824\">\n<td data-start=\"1766\" data-end=\"1789\" data-col-size=\"sm\"><strong data-start=\"1768\" data-end=\"1785\">Nikotinstyrka<\/strong><\/td>\n<td data-col-size=\"sm\" data-start=\"1789\" data-end=\"1824\">Light<\/td>\n<\/tr>\n<tr data-start=\"1825\" data-end=\"1883\">\n<td data-start=\"1825\" data-end=\"1848\" data-col-size=\"sm\"><strong data-start=\"1827\" data-end=\"1842\">Nikotinhalt<\/strong><\/td>\n<td data-col-size=\"sm\" data-start=\"1848\" data-end=\"1883\">7 mg\/g<\/td>\n<\/tr>\n<tr data-start=\"1884\" data-end=\"1942\">\n<td data-start=\"1884\" data-end=\"1907\" data-col-size=\"sm\"><strong data-start=\"1886\" data-end=\"1896\">Format<\/strong><\/td>\n<td data-col-size=\"sm\" data-start=\"1907\" data-end=\"1942\">Slim<\/td>\n<\/tr>\n<tr data-start=\"1943\" data-end=\"2001\">\n<td data-start=\"1943\" data-end=\"1966\" data-col-size=\"sm\"><strong data-start=\"1945\" data-end=\"1966\">Inneh\u00e5ll per dosa<\/strong><\/td>\n<td data-col-size=\"sm\" data-start=\"1966\" data-end=\"2001\">10 g<\/td>\n<\/tr>\n<tr data-start=\"2002\" data-end=\"2060\">\n<td data-start=\"2002\" data-end=\"2025\" data-col-size=\"sm\"><strong data-start=\"2004\" data-end=\"2015\">Snustyp<\/strong><\/td>\n<td data-col-size=\"sm\" data-start=\"2025\" data-end=\"2060\">Slim All White Light<\/td>\n<\/tr>\n<\/tbody>\n<\/table>\n<div class=\"sticky end-(--thread-content-margin) h-0 self-end select-none\">\n<div class=\"absolute end-0 flex items-end\"><\/div>\n<\/div>\n<\/div>\n<\/div>\n<hr data-start=\"2062\" data-end=\"2065\" \/>\n<h2 data-start=\"2067\" data-end=\"2125\">\ud83d\udd17 <strong data-start=\"2074\" data-end=\"2125\">K\u00f6p Helwit Raspberry Licorice hos Veloop.se<\/strong><\/h2>\n<p data-start=\"2127\" data-end=\"2340\">Uppt\u00e4ck en smakrik kombination av frukt och lakrits med <strong data-start=\"2183\" data-end=\"2212\">Helwit Raspberry Licorice<\/strong>. Mild nikotin och en h\u00e5llbar produktion g\u00f6r detta till ett sj\u00e4lvklart val. Finns nu hos <a class=\"\" href=\"https:\/\/snus-malmo.se\/sv\/helwit\/\" target=\"_new\" rel=\"noopener\" data-start=\"2301\" data-end=\"2339\">Veloop.se<\/a>.<\/p>\n<p data-start=\"2342\" data-end=\"2415\">\ud83d\udc49 <strong data-start=\"2345\" data-end=\"2415\"><a class=\"\" href=\"https:\/\/snus-malmo.se\/sv\/helwit\/\" target=\"_new\" rel=\"noopener\" data-start=\"2347\" data-end=\"2413\">Best\u00e4ll Helwit Raspberry Licorice h\u00e4r<\/a><\/strong><\/p>\n<p data-start=\"2208\" data-end=\"2270\">\n<p data-start=\"2606\" data-end=\"2682\">","protected":false},"excerpt":{"rendered":"<h1>Helwit Raspberry Licorice<\/h1>\n<h1 data-start=\"333\" data-end=\"426\">\ud83c\udf53\u26ab\ufe0f <strong data-start=\"341\" data-end=\"426\">Helwit Raspberry Licorice \u2013 Fruktig Hallon och Klassisk Lakrits i Slim-format<\/strong><\/h1>\n<h2 data-start=\"433\" data-end=\"511\">\ud83c\udf53\ud83d\udda4 <strong data-start=\"442\" data-end=\"511\">En sp\u00e4nnande kombination av s\u00f6tt hallon och kraftfull lakrits<\/strong><\/h2>\n<p data-start=\"513\" data-end=\"763\"><strong data-start=\"513\" data-end=\"542\">Helwit Raspberry Licorice<\/strong> kombinerar det friska och s\u00f6ta fr\u00e5n hallon med den karakteristiska, djupa smaken av lakrits. Resultatet \u00e4r en smakrik och balanserad nikotinp\u00e5se som passar dig som vill ha n\u00e5got annorlunda och smakrikt \u2013 helt utan tobak.<\/p>\n<p data-start=\"522\" data-end=\"807\">\ud83d\udc49 <strong data-start=\"2448\" data-end=\"2519\"><a class=\"\" href=\"https:\/\/snus-malmo.se\/sv\/helwit\/\" target=\"_new\" rel=\"noopener\" data-start=\"2450\" data-end=\"2517\">Best\u00e4ll Helwit Violet Extra Strong h\u00e4r<\/a><\/strong><\/p>","protected":false},"featured_media":62271,"comment_status":"open","ping_status":"closed","template":"","meta":[],"product_brand":[352],"product_cat":[136,92,137],"product_tag":[],"class_list":{"0":"post-62266","1":"product","2":"type-product","3":"status-publish","4":"has-post-thumbnail","6":"product_brand-helwit","7":"product_cat-all-whites","8":"product_cat-helwit","9":"product_cat-slim","11":"first","12":"instock","13":"taxable","14":"shipping-taxable","15":"purchasable","16":"product-type-variable"},"_links":{"self":[{"href":"https:\/\/snus-malmo.se\/sv\/wp-json\/wp\/v2\/product\/62266","targetHints":{"allow":["GET"]}}],"collection":[{"href":"https:\/\/snus-malmo.se\/sv\/wp-json\/wp\/v2\/product"}],"about":[{"href":"https:\/\/snus-malmo.se\/sv\/wp-json\/wp\/v2\/types\/product"}],"replies":[{"embeddable":true,"href":"https:\/\/snus-malmo.se\/sv\/wp-json\/wp\/v2\/comments?post=62266"}],"version-history":[{"count":0,"href":"https:\/\/snus-malmo.se\/sv\/wp-json\/wp\/v2\/product\/62266\/revisions"}],"wp:featuredmedia":[{"embeddable":true,"href":"https:\/\/snus-malmo.se\/sv\/wp-json\/wp\/v2\/media\/62271"}],"wp:attachment":[{"href":"https:\/\/snus-malmo.se\/sv\/wp-json\/wp\/v2\/media?parent=62266"}],"wp:term":[{"taxonomy":"product_brand","embeddable":true,"href":"https:\/\/snus-malmo.se\/sv\/wp-json\/wp\/v2\/product_brand?post=62266"},{"taxonomy":"product_cat","embeddable":true,"href":"https:\/\/snus-malmo.se\/sv\/wp-json\/wp\/v2\/product_cat?post=62266"},{"taxonomy":"product_tag","embeddable":true,"href":"https:\/\/snus-malmo.se\/sv\/wp-json\/wp\/v2\/product_tag?post=62266"}],"curies":[{"name":"wp","href":"https:\/\/api.w.org\/{rel}","templated":true}]}}