{"id":62282,"date":"2025-06-24T22:57:22","date_gmt":"2025-06-24T22:57:22","guid":{"rendered":"https:\/\/snus-malmo.se\/?post_type=product&#038;p=62282"},"modified":"2025-11-22T09:17:22","modified_gmt":"2025-11-22T09:17:22","slug":"helwit-orange","status":"publish","type":"product","link":"https:\/\/snus-malmo.se\/sv\/produkt\/helwit-orange\/","title":{"rendered":"Helwit Orange"},"content":{"rendered":"<h1>Helwit Orange<\/h1>\n<h1 data-start=\"267\" data-end=\"345\">\ud83c\udf4a <strong data-start=\"273\" data-end=\"345\">Helwit Orange \u2013 Frisk och Citrussyrlig Apelsinsmak i Slim-format<\/strong><\/h1>\n<hr data-start=\"347\" data-end=\"350\" \/>\n<h2 data-start=\"352\" data-end=\"418\">\ud83c\udf4a\ud83c\udf3f <strong data-start=\"361\" data-end=\"418\">En uppfriskande smak med naturlig apelsinkarakt\u00e4r<\/strong><\/h2>\n<p data-start=\"420\" data-end=\"643\"><strong data-start=\"420\" data-end=\"437\">Helwit Orange<\/strong> erbjuder en frisk och h\u00e4rligt syrlig smak av apelsin som piggar upp dina sinnen. Den naturliga fruktigheten kombineras med en l\u00e4tt s\u00f6tma, vilket skapar en balanserad och smakrik nikotinp\u00e5se f\u00f6r hela dagen.<\/p>\n<hr data-start=\"645\" data-end=\"648\" \/>\n<h2 data-start=\"650\" data-end=\"706\">\ud83d\udfe2 <strong data-start=\"657\" data-end=\"706\">Slimmade portioner med mild nikotinstyrka<\/strong><\/h2>\n<p data-start=\"708\" data-end=\"949\">Portionerna kommer i det smidiga och diskreta <strong data-start=\"754\" data-end=\"771\">Slim-formatet<\/strong>, vilket g\u00f6r dem enkla och bekv\u00e4ma att anv\u00e4nda. Med en mild nikotinhalt p\u00e5 <strong data-start=\"846\" data-end=\"856\">7 mg\/g<\/strong> \u00e4r Helwit Orange perfekt f\u00f6r dig som vill ha en fr\u00e4sch smakupplevelse med lagom nikotinkick.<\/p>\n<hr data-start=\"951\" data-end=\"954\" \/>\n<h2 data-start=\"956\" data-end=\"1005\">\ud83c\udf0d <strong data-start=\"963\" data-end=\"1005\">Svensktillverkad och milj\u00f6medveten<\/strong><\/h2>\n<p data-start=\"1007\" data-end=\"1237\">Helwit Orange produceras av <strong data-start=\"1035\" data-end=\"1043\">YOIK<\/strong> i deras klimatsmarta fabrik i Gransholms Bruk n\u00e4ra V\u00e4xj\u00f6. Fabriken drivs p\u00e5 egen vattenkraft och dosorna \u00e4r tillverkade av h\u00e5llbar tallolja, vilket g\u00f6r produkten till ett milj\u00f6ansvarsfullt val.<\/p>\n<hr data-start=\"1239\" data-end=\"1242\" \/>\n<h3 data-start=\"1244\" data-end=\"1293\">\ud83d\udce6 <strong data-start=\"1251\" data-end=\"1293\">H2: Produktinformation \u2013 Helwit Orange<\/strong><\/h3>\n<div class=\"_tableContainer_16hzy_1\">\n<div class=\"_tableWrapper_16hzy_14 group flex w-fit flex-col-reverse\" tabindex=\"-1\">\n<table class=\"w-fit min-w-(--thread-content-width)\" data-start=\"1295\" data-end=\"1943\">\n<thead data-start=\"1295\" data-end=\"1352\">\n<tr data-start=\"1295\" data-end=\"1352\">\n<th data-start=\"1295\" data-end=\"1318\" data-col-size=\"sm\"><strong data-start=\"1297\" data-end=\"1309\">Egenskap<\/strong><\/th>\n<th data-start=\"1318\" data-end=\"1352\" data-col-size=\"sm\"><strong data-start=\"1320\" data-end=\"1330\">Detalj<\/strong><\/th>\n<\/tr>\n<\/thead>\n<tbody data-start=\"1412\" data-end=\"1943\">\n<tr data-start=\"1412\" data-end=\"1470\">\n<td data-start=\"1412\" data-end=\"1435\" data-col-size=\"sm\"><strong data-start=\"1414\" data-end=\"1427\">Varum\u00e4rke<\/strong><\/td>\n<td data-start=\"1435\" data-end=\"1470\" data-col-size=\"sm\">Helwit<\/td>\n<\/tr>\n<tr data-start=\"1471\" data-end=\"1529\">\n<td data-start=\"1471\" data-end=\"1494\" data-col-size=\"sm\"><strong data-start=\"1473\" data-end=\"1488\">Tillverkare<\/strong><\/td>\n<td data-start=\"1494\" data-end=\"1529\" data-col-size=\"sm\">YOIK<\/td>\n<\/tr>\n<tr data-start=\"1530\" data-end=\"1588\">\n<td data-start=\"1530\" data-end=\"1553\" data-col-size=\"sm\"><strong data-start=\"1532\" data-end=\"1546\">Produkttyp<\/strong><\/td>\n<td data-start=\"1553\" data-end=\"1588\" data-col-size=\"sm\">All White Portion<\/td>\n<\/tr>\n<tr data-start=\"1589\" data-end=\"1648\">\n<td data-start=\"1589\" data-end=\"1612\" data-col-size=\"sm\"><strong data-start=\"1591\" data-end=\"1605\">Smakprofil<\/strong><\/td>\n<td data-start=\"1612\" data-end=\"1648\" data-col-size=\"sm\">Apelsin (fruktig &amp; syrlig)<\/td>\n<\/tr>\n<tr data-start=\"1649\" data-end=\"1707\">\n<td data-start=\"1649\" data-end=\"1672\" data-col-size=\"sm\"><strong data-start=\"1651\" data-end=\"1668\">Nikotinstyrka<\/strong><\/td>\n<td data-start=\"1672\" data-end=\"1707\" data-col-size=\"sm\">Light<\/td>\n<\/tr>\n<tr data-start=\"1708\" data-end=\"1766\">\n<td data-start=\"1708\" data-end=\"1731\" data-col-size=\"sm\"><strong data-start=\"1710\" data-end=\"1725\">Nikotinhalt<\/strong><\/td>\n<td data-start=\"1731\" data-end=\"1766\" data-col-size=\"sm\">7 mg\/g<\/td>\n<\/tr>\n<tr data-start=\"1767\" data-end=\"1825\">\n<td data-start=\"1767\" data-end=\"1790\" data-col-size=\"sm\"><strong data-start=\"1769\" data-end=\"1779\">Format<\/strong><\/td>\n<td data-start=\"1790\" data-end=\"1825\" data-col-size=\"sm\">Slim<\/td>\n<\/tr>\n<tr data-start=\"1826\" data-end=\"1884\">\n<td data-start=\"1826\" data-end=\"1849\" data-col-size=\"sm\"><strong data-start=\"1828\" data-end=\"1849\">Inneh\u00e5ll per dosa<\/strong><\/td>\n<td data-start=\"1849\" data-end=\"1884\" data-col-size=\"sm\">10 g<\/td>\n<\/tr>\n<tr data-start=\"1885\" data-end=\"1943\">\n<td data-start=\"1885\" data-end=\"1908\" data-col-size=\"sm\"><strong data-start=\"1887\" data-end=\"1898\">Snustyp<\/strong><\/td>\n<td data-start=\"1908\" data-end=\"1943\" data-col-size=\"sm\">Slim All White Light<\/td>\n<\/tr>\n<\/tbody>\n<\/table>\n<div class=\"sticky end-(--thread-content-margin) h-0 self-end select-none\">\n<div class=\"absolute end-0 flex items-end\"><\/div>\n<\/div>\n<\/div>\n<\/div>\n<hr data-start=\"1945\" data-end=\"1948\" \/>\n<h2 data-start=\"1950\" data-end=\"1996\">\ud83d\udd17 <strong data-start=\"1957\" data-end=\"1996\">K\u00f6p Helwit Orange hos Veloop.se<\/strong><\/h2>\n<p data-start=\"1998\" data-end=\"2207\">Vill du ha en fr\u00e4sch, fruktig och syrlig nikotinp\u00e5se? <strong data-start=\"2052\" data-end=\"2069\">Helwit Orange<\/strong> \u00e4r ett utm\u00e4rkt val med sin naturliga apelsinsmak och behagliga nikotinm\u00e4ngd. Finns tillg\u00e4nglig p\u00e5 <a class=\"\" href=\"https:\/\/snus-malmo.se\/sv\/helwit\/\" target=\"_new\" rel=\"noopener\" data-start=\"2168\" data-end=\"2206\">Veloop.se<\/a>.<\/p>\n<p data-start=\"2209\" data-end=\"2270\">\ud83d\udc49 <strong data-start=\"2212\" data-end=\"2270\"><a class=\"\" href=\"https:\/\/snus-malmo.se\/sv\/helwit\/\" target=\"_new\" rel=\"noopener\" data-start=\"2214\" data-end=\"2268\">Best\u00e4ll Helwit Orange h\u00e4r<\/a><\/strong><\/p>\n<p data-start=\"2191\" data-end=\"2250\">\n<p data-start=\"2606\" data-end=\"2682\">","protected":false},"excerpt":{"rendered":"<h1>Helwit Orange<\/h1>\n<h1 data-start=\"267\" data-end=\"345\">\ud83c\udf4a <strong data-start=\"273\" data-end=\"345\">Helwit Orange \u2013 Frisk och Citrussyrlig Apelsinsmak i Slim-format<\/strong><\/h1>\n<hr data-start=\"347\" data-end=\"350\" \/>\n<h2 data-start=\"352\" data-end=\"418\">\ud83c\udf4a\ud83c\udf3f <strong data-start=\"361\" data-end=\"418\">En uppfriskande smak med naturlig apelsinkarakt\u00e4r<\/strong><\/h2>\n<p data-start=\"420\" data-end=\"643\"><strong data-start=\"420\" data-end=\"437\">Helwit Orange<\/strong> erbjuder en frisk och h\u00e4rligt syrlig smak av apelsin som piggar upp dina sinnen. Den naturliga fruktigheten kombineras med en l\u00e4tt s\u00f6tma, vilket skapar en balanserad och smakrik nikotinp\u00e5se f\u00f6r hela dagen.<\/p>\n<p data-start=\"420\" data-end=\"643\">\ud83d\udc49 <strong data-start=\"2212\" data-end=\"2270\"><a class=\"\" href=\"https:\/\/snus-malmo.se\/sv\/helwit\/\" target=\"_new\" rel=\"noopener\" data-start=\"2214\" data-end=\"2268\">Best\u00e4ll Helwit Orange h\u00e4r<\/a><\/strong><\/p>\n<p data-start=\"522\" data-end=\"807\">","protected":false},"featured_media":62287,"comment_status":"open","ping_status":"closed","template":"","meta":[],"product_brand":[352],"product_cat":[136,92,137],"product_tag":[],"class_list":{"0":"post-62282","1":"product","2":"type-product","3":"status-publish","4":"has-post-thumbnail","6":"product_brand-helwit","7":"product_cat-all-whites","8":"product_cat-helwit","9":"product_cat-slim","11":"first","12":"instock","13":"taxable","14":"shipping-taxable","15":"purchasable","16":"product-type-variable"},"_links":{"self":[{"href":"https:\/\/snus-malmo.se\/sv\/wp-json\/wp\/v2\/product\/62282","targetHints":{"allow":["GET"]}}],"collection":[{"href":"https:\/\/snus-malmo.se\/sv\/wp-json\/wp\/v2\/product"}],"about":[{"href":"https:\/\/snus-malmo.se\/sv\/wp-json\/wp\/v2\/types\/product"}],"replies":[{"embeddable":true,"href":"https:\/\/snus-malmo.se\/sv\/wp-json\/wp\/v2\/comments?post=62282"}],"version-history":[{"count":0,"href":"https:\/\/snus-malmo.se\/sv\/wp-json\/wp\/v2\/product\/62282\/revisions"}],"wp:featuredmedia":[{"embeddable":true,"href":"https:\/\/snus-malmo.se\/sv\/wp-json\/wp\/v2\/media\/62287"}],"wp:attachment":[{"href":"https:\/\/snus-malmo.se\/sv\/wp-json\/wp\/v2\/media?parent=62282"}],"wp:term":[{"taxonomy":"product_brand","embeddable":true,"href":"https:\/\/snus-malmo.se\/sv\/wp-json\/wp\/v2\/product_brand?post=62282"},{"taxonomy":"product_cat","embeddable":true,"href":"https:\/\/snus-malmo.se\/sv\/wp-json\/wp\/v2\/product_cat?post=62282"},{"taxonomy":"product_tag","embeddable":true,"href":"https:\/\/snus-malmo.se\/sv\/wp-json\/wp\/v2\/product_tag?post=62282"}],"curies":[{"name":"wp","href":"https:\/\/api.w.org\/{rel}","templated":true}]}}