{"id":62289,"date":"2025-06-24T23:02:56","date_gmt":"2025-06-24T23:02:56","guid":{"rendered":"https:\/\/snus-malmo.se\/?post_type=product&#038;p=62289"},"modified":"2025-11-22T09:17:16","modified_gmt":"2025-11-22T09:17:16","slug":"helwit-mint","status":"publish","type":"product","link":"https:\/\/snus-malmo.se\/sv\/produkt\/helwit-mint\/","title":{"rendered":"Helwit Mint"},"content":{"rendered":"<h1>Helwit Mint<\/h1>\n<h1 data-start=\"271\" data-end=\"344\">\ud83c\udf3f <strong data-start=\"277\" data-end=\"344\">Helwit Mint \u2013 Frisk och Uppfriskande Mintsmak i Slim-format<\/strong><\/h1>\n<hr data-start=\"346\" data-end=\"349\" \/>\n<h2 data-start=\"351\" data-end=\"398\">\ud83c\udf31\u2744\ufe0f <strong data-start=\"360\" data-end=\"398\">Ren och kylande mintupplevelse<\/strong><\/h2>\n<p data-start=\"400\" data-end=\"645\"><strong data-start=\"400\" data-end=\"415\">Helwit Mint<\/strong> ger en frisk och kylande smak av mint som piggar upp sinnena utan att vara \u00f6verv\u00e4ldigande. Den rena och fr\u00e4scha mintsmaken g\u00f6r denna nikotinp\u00e5se perfekt f\u00f6r dig som vill ha en svalkande och mild smak hela dagen \u2013 helt utan tobak.<\/p>\n<hr data-start=\"647\" data-end=\"650\" \/>\n<h2 data-start=\"652\" data-end=\"708\">\ud83d\udfe2 <strong data-start=\"659\" data-end=\"708\">Slimmade portioner med mild nikotinstyrka<\/strong><\/h2>\n<p data-start=\"710\" data-end=\"963\">Portionerna kommer i det praktiska och diskreta <strong data-start=\"758\" data-end=\"775\">Slim-formatet<\/strong>, vilket g\u00f6r dem l\u00e4tta att anv\u00e4nda och diskreta under l\u00e4ppen. Med en nikotinhalt p\u00e5 <strong data-start=\"859\" data-end=\"869\">7 mg\/g<\/strong> \u00e4r Helwit Mint ett utm\u00e4rkt val f\u00f6r dig som s\u00f6ker en mild men \u00e4nd\u00e5 effektiv nikotinupplevelse.<\/p>\n<hr data-start=\"965\" data-end=\"968\" \/>\n<h2 data-start=\"970\" data-end=\"1022\">\ud83c\udf0d <strong data-start=\"977\" data-end=\"1022\">Klimatsmart svensk produktion av YOIK<\/strong><\/h2>\n<p data-start=\"1024\" data-end=\"1287\">Helwit Mint tillverkas av <strong data-start=\"1050\" data-end=\"1058\">YOIK<\/strong> i deras milj\u00f6v\u00e4nliga fabrik i Gransholms Bruk utanf\u00f6r V\u00e4xj\u00f6. Fabriken \u00e4r sj\u00e4lvf\u00f6rs\u00f6rjande p\u00e5 energi via vattenkraft och dosorna \u00e4r tillverkade av f\u00f6rnybar tallolja, vilket g\u00f6r denna produkt till ett klimatsmart och h\u00e5llbart val.<\/p>\n<hr data-start=\"1289\" data-end=\"1292\" \/>\n<h2 data-start=\"1294\" data-end=\"1341\">\ud83d\udce6 <strong data-start=\"1301\" data-end=\"1341\">Produktinformation \u2013 Helwit Mint<\/strong><\/h2>\n<div class=\"_tableContainer_16hzy_1\">\n<div class=\"_tableWrapper_16hzy_14 group flex w-fit flex-col-reverse\" tabindex=\"-1\">\n<table class=\"w-fit min-w-(--thread-content-width)\" data-start=\"1343\" data-end=\"1992\">\n<thead data-start=\"1343\" data-end=\"1401\">\n<tr data-start=\"1343\" data-end=\"1401\">\n<th data-start=\"1343\" data-end=\"1366\" data-col-size=\"sm\"><strong data-start=\"1345\" data-end=\"1357\">Egenskap<\/strong><\/th>\n<th data-start=\"1366\" data-end=\"1401\" data-col-size=\"sm\"><strong data-start=\"1368\" data-end=\"1378\">Detalj<\/strong><\/th>\n<\/tr>\n<\/thead>\n<tbody data-start=\"1461\" data-end=\"1992\">\n<tr data-start=\"1461\" data-end=\"1519\">\n<td data-start=\"1461\" data-end=\"1484\" data-col-size=\"sm\"><strong data-start=\"1463\" data-end=\"1476\">Varum\u00e4rke<\/strong><\/td>\n<td data-start=\"1484\" data-end=\"1519\" data-col-size=\"sm\">Helwit<\/td>\n<\/tr>\n<tr data-start=\"1520\" data-end=\"1578\">\n<td data-start=\"1520\" data-end=\"1543\" data-col-size=\"sm\"><strong data-start=\"1522\" data-end=\"1537\">Tillverkare<\/strong><\/td>\n<td data-start=\"1543\" data-end=\"1578\" data-col-size=\"sm\">YOIK<\/td>\n<\/tr>\n<tr data-start=\"1579\" data-end=\"1637\">\n<td data-start=\"1579\" data-end=\"1602\" data-col-size=\"sm\"><strong data-start=\"1581\" data-end=\"1595\">Produkttyp<\/strong><\/td>\n<td data-start=\"1602\" data-end=\"1637\" data-col-size=\"sm\">All White Portion<\/td>\n<\/tr>\n<tr data-start=\"1638\" data-end=\"1697\">\n<td data-start=\"1638\" data-end=\"1661\" data-col-size=\"sm\"><strong data-start=\"1640\" data-end=\"1654\">Smakprofil<\/strong><\/td>\n<td data-start=\"1661\" data-end=\"1697\" data-col-size=\"sm\">Mint (frisk &amp; kylande)<\/td>\n<\/tr>\n<tr data-start=\"1698\" data-end=\"1756\">\n<td data-start=\"1698\" data-end=\"1721\" data-col-size=\"sm\"><strong data-start=\"1700\" data-end=\"1717\">Nikotinstyrka<\/strong><\/td>\n<td data-start=\"1721\" data-end=\"1756\" data-col-size=\"sm\">Light<\/td>\n<\/tr>\n<tr data-start=\"1757\" data-end=\"1815\">\n<td data-start=\"1757\" data-end=\"1780\" data-col-size=\"sm\"><strong data-start=\"1759\" data-end=\"1774\">Nikotinhalt<\/strong><\/td>\n<td data-start=\"1780\" data-end=\"1815\" data-col-size=\"sm\">7 mg\/g<\/td>\n<\/tr>\n<tr data-start=\"1816\" data-end=\"1874\">\n<td data-start=\"1816\" data-end=\"1839\" data-col-size=\"sm\"><strong data-start=\"1818\" data-end=\"1828\">Format<\/strong><\/td>\n<td data-start=\"1839\" data-end=\"1874\" data-col-size=\"sm\">Slim<\/td>\n<\/tr>\n<tr data-start=\"1875\" data-end=\"1933\">\n<td data-start=\"1875\" data-end=\"1898\" data-col-size=\"sm\"><strong data-start=\"1877\" data-end=\"1898\">Inneh\u00e5ll per dosa<\/strong><\/td>\n<td data-start=\"1898\" data-end=\"1933\" data-col-size=\"sm\">10 g<\/td>\n<\/tr>\n<tr data-start=\"1934\" data-end=\"1992\">\n<td data-start=\"1934\" data-end=\"1957\" data-col-size=\"sm\"><strong data-start=\"1936\" data-end=\"1947\">Snustyp<\/strong><\/td>\n<td data-start=\"1957\" data-end=\"1992\" data-col-size=\"sm\">Slim All White Light<\/td>\n<\/tr>\n<\/tbody>\n<\/table>\n<div class=\"sticky end-(--thread-content-margin) h-0 self-end select-none\">\n<div class=\"absolute end-0 flex items-end\"><\/div>\n<\/div>\n<\/div>\n<\/div>\n<hr data-start=\"1994\" data-end=\"1997\" \/>\n<h2 data-start=\"1999\" data-end=\"2043\">\ud83d\udd17 <strong data-start=\"2006\" data-end=\"2043\">K\u00f6p Helwit Mint hos Veloop.se<\/strong><\/h2>\n<p data-start=\"2045\" data-end=\"2240\">Letar du efter en frisk och kylande nikotinp\u00e5se? <strong data-start=\"2094\" data-end=\"2109\">Helwit Mint<\/strong> ger dig en mild nikotinupplevelse med en ren mintsmak i ett praktiskt format. Finns nu hos <a class=\"\" href=\"https:\/\/snus-malmo.se\/sv\/helwit\/\" target=\"_new\" rel=\"noopener\" data-start=\"2201\" data-end=\"2239\">Veloop.se<\/a>.<\/p>\n<p data-start=\"2242\" data-end=\"2301\">\ud83d\udc49 <strong data-start=\"2245\" data-end=\"2301\"><a class=\"\" href=\"https:\/\/snus-malmo.se\/sv\/helwit\/\" target=\"_new\" rel=\"noopener\" data-start=\"2247\" data-end=\"2299\">Best\u00e4ll Helwit Mint h\u00e4r<\/a><\/strong><\/p>\n<p data-start=\"2606\" data-end=\"2682\">","protected":false},"excerpt":{"rendered":"<h1>Helwit Mint<\/h1>\n<h1 data-start=\"271\" data-end=\"344\">\ud83c\udf3f <strong data-start=\"277\" data-end=\"344\">Helwit Mint \u2013 Frisk och Uppfriskande Mintsmak i Slim-format<\/strong><\/h1>\n<hr data-start=\"346\" data-end=\"349\" \/>\n<h2 data-start=\"351\" data-end=\"398\">\ud83c\udf31\u2744\ufe0f <strong data-start=\"360\" data-end=\"398\">Ren och kylande mintupplevelse<\/strong><\/h2>\n<p data-start=\"400\" data-end=\"645\"><strong data-start=\"400\" data-end=\"415\">Helwit Mint<\/strong> ger en frisk och kylande smak av mint som piggar upp sinnena utan att vara \u00f6verv\u00e4ldigande. Den rena och fr\u00e4scha mintsmaken g\u00f6r denna nikotinp\u00e5se perfekt f\u00f6r dig som vill ha en svalkande och mild smak hela dagen \u2013 helt utan tobak.<\/p>\n<p data-start=\"400\" data-end=\"645\">\ud83d\udc49 <strong data-start=\"2245\" data-end=\"2301\"><a class=\"\" href=\"https:\/\/snus-malmo.se\/sv\/helwit\/\" target=\"_new\" rel=\"noopener\" data-start=\"2247\" data-end=\"2299\">Best\u00e4ll Helwit Mint h\u00e4r<\/a><\/strong><\/p>","protected":false},"featured_media":62294,"comment_status":"open","ping_status":"closed","template":"","meta":[],"product_brand":[352],"product_cat":[136,92,137],"product_tag":[],"class_list":{"0":"post-62289","1":"product","2":"type-product","3":"status-publish","4":"has-post-thumbnail","6":"product_brand-helwit","7":"product_cat-all-whites","8":"product_cat-helwit","9":"product_cat-slim","11":"first","12":"instock","13":"taxable","14":"shipping-taxable","15":"purchasable","16":"product-type-variable"},"_links":{"self":[{"href":"https:\/\/snus-malmo.se\/sv\/wp-json\/wp\/v2\/product\/62289","targetHints":{"allow":["GET"]}}],"collection":[{"href":"https:\/\/snus-malmo.se\/sv\/wp-json\/wp\/v2\/product"}],"about":[{"href":"https:\/\/snus-malmo.se\/sv\/wp-json\/wp\/v2\/types\/product"}],"replies":[{"embeddable":true,"href":"https:\/\/snus-malmo.se\/sv\/wp-json\/wp\/v2\/comments?post=62289"}],"version-history":[{"count":0,"href":"https:\/\/snus-malmo.se\/sv\/wp-json\/wp\/v2\/product\/62289\/revisions"}],"wp:featuredmedia":[{"embeddable":true,"href":"https:\/\/snus-malmo.se\/sv\/wp-json\/wp\/v2\/media\/62294"}],"wp:attachment":[{"href":"https:\/\/snus-malmo.se\/sv\/wp-json\/wp\/v2\/media?parent=62289"}],"wp:term":[{"taxonomy":"product_brand","embeddable":true,"href":"https:\/\/snus-malmo.se\/sv\/wp-json\/wp\/v2\/product_brand?post=62289"},{"taxonomy":"product_cat","embeddable":true,"href":"https:\/\/snus-malmo.se\/sv\/wp-json\/wp\/v2\/product_cat?post=62289"},{"taxonomy":"product_tag","embeddable":true,"href":"https:\/\/snus-malmo.se\/sv\/wp-json\/wp\/v2\/product_tag?post=62289"}],"curies":[{"name":"wp","href":"https:\/\/api.w.org\/{rel}","templated":true}]}}