{"id":62297,"date":"2025-06-24T23:08:45","date_gmt":"2025-06-24T23:08:45","guid":{"rendered":"https:\/\/snus-malmo.se\/?post_type=product&#038;p=62297"},"modified":"2025-11-22T09:17:09","modified_gmt":"2025-11-22T09:17:09","slug":"helwit-menthol","status":"publish","type":"product","link":"https:\/\/snus-malmo.se\/sv\/produkt\/helwit-menthol\/","title":{"rendered":"Helwit Menthol"},"content":{"rendered":"<h1>Helwit Menthol<\/h1>\n<h1 data-start=\"269\" data-end=\"344\">\u2744\ufe0f <strong data-start=\"275\" data-end=\"344\">Helwit Menthol \u2013 Kraftfull och Frisk Mentolsmak i Slim-format<\/strong><\/h1>\n<hr data-start=\"346\" data-end=\"349\" \/>\n<h2 data-start=\"351\" data-end=\"412\">\ud83c\udf3f\u2744\ufe0f <strong data-start=\"360\" data-end=\"412\">En uppfriskande och kylande mentolupplevelse<\/strong><\/h2>\n<p data-start=\"414\" data-end=\"648\"><strong data-start=\"414\" data-end=\"432\">Helwit Menthol<\/strong> erbjuder en frisk, svalkande mentolsmak som v\u00e4cker sinnena och ger en ren k\u00e4nsla utan tobak. Den kylande effekten g\u00f6r detta till ett perfekt val f\u00f6r dig som vill ha en stark men balanserad smakupplevelse hela dagen.<\/p>\n<hr data-start=\"650\" data-end=\"653\" \/>\n<h2 data-start=\"655\" data-end=\"711\">\ud83d\udfe2 <strong data-start=\"662\" data-end=\"711\">Slimmade portioner med mild nikotinstyrka<\/strong><\/h2>\n<p data-start=\"713\" data-end=\"905\">Portionerna \u00e4r i det bekv\u00e4ma och diskreta <strong data-start=\"755\" data-end=\"772\">Slim-formatet<\/strong>, vilket g\u00f6r dem l\u00e4tta att anv\u00e4nda n\u00e4r som helst. Med en nikotinhalt p\u00e5 <strong data-start=\"844\" data-end=\"854\">7 mg\/g<\/strong> ger Helwit Menthol en mild men tydlig nikotinkick.<\/p>\n<hr data-start=\"907\" data-end=\"910\" \/>\n<h2 data-start=\"912\" data-end=\"959\">\ud83c\udf0d <strong data-start=\"919\" data-end=\"959\">Milj\u00f6v\u00e4nlig produktion fr\u00e5n YOIK<\/strong><\/h2>\n<p data-start=\"961\" data-end=\"1173\">Helwit Menthol produceras i den klimatsmarta fabriken vid Gransholms Bruk utanf\u00f6r V\u00e4xj\u00f6, som drivs av egen vattenkraft. Dosorna \u00e4r tillverkade av h\u00e5llbar tallolja, vilket g\u00f6r produkten till ett milj\u00f6medvetet val.<\/p>\n<hr data-start=\"1175\" data-end=\"1178\" \/>\n<h2 data-start=\"1180\" data-end=\"1230\">\ud83d\udce6 <strong data-start=\"1187\" data-end=\"1230\">Produktinformation \u2013 Helwit Menthol<\/strong><\/h2>\n<div class=\"_tableContainer_16hzy_1\">\n<div class=\"_tableWrapper_16hzy_14 group flex w-fit flex-col-reverse\" tabindex=\"-1\">\n<table class=\"w-fit min-w-(--thread-content-width)\" data-start=\"1232\" data-end=\"1880\">\n<thead data-start=\"1232\" data-end=\"1290\">\n<tr data-start=\"1232\" data-end=\"1290\">\n<th data-start=\"1232\" data-end=\"1255\" data-col-size=\"sm\"><strong data-start=\"1234\" data-end=\"1246\">Egenskap<\/strong><\/th>\n<th data-start=\"1255\" data-end=\"1290\" data-col-size=\"sm\"><strong data-start=\"1257\" data-end=\"1267\">Detalj<\/strong><\/th>\n<\/tr>\n<\/thead>\n<tbody data-start=\"1350\" data-end=\"1880\">\n<tr data-start=\"1350\" data-end=\"1408\">\n<td data-start=\"1350\" data-end=\"1373\" data-col-size=\"sm\"><strong data-start=\"1352\" data-end=\"1365\">Varum\u00e4rke<\/strong><\/td>\n<td data-start=\"1373\" data-end=\"1408\" data-col-size=\"sm\">Helwit<\/td>\n<\/tr>\n<tr data-start=\"1409\" data-end=\"1467\">\n<td data-start=\"1409\" data-end=\"1432\" data-col-size=\"sm\"><strong data-start=\"1411\" data-end=\"1426\">Tillverkare<\/strong><\/td>\n<td data-start=\"1432\" data-end=\"1467\" data-col-size=\"sm\">YOIK<\/td>\n<\/tr>\n<tr data-start=\"1468\" data-end=\"1526\">\n<td data-start=\"1468\" data-end=\"1491\" data-col-size=\"sm\"><strong data-start=\"1470\" data-end=\"1484\">Produkttyp<\/strong><\/td>\n<td data-start=\"1491\" data-end=\"1526\" data-col-size=\"sm\">All White Portion<\/td>\n<\/tr>\n<tr data-start=\"1527\" data-end=\"1585\">\n<td data-start=\"1527\" data-end=\"1550\" data-col-size=\"sm\"><strong data-start=\"1529\" data-end=\"1543\">Smakprofil<\/strong><\/td>\n<td data-start=\"1550\" data-end=\"1585\" data-col-size=\"sm\">Mentol (kyld &amp; frisk)<\/td>\n<\/tr>\n<tr data-start=\"1586\" data-end=\"1644\">\n<td data-start=\"1586\" data-end=\"1609\" data-col-size=\"sm\"><strong data-start=\"1588\" data-end=\"1605\">Nikotinstyrka<\/strong><\/td>\n<td data-start=\"1609\" data-end=\"1644\" data-col-size=\"sm\">Light<\/td>\n<\/tr>\n<tr data-start=\"1645\" data-end=\"1703\">\n<td data-start=\"1645\" data-end=\"1668\" data-col-size=\"sm\"><strong data-start=\"1647\" data-end=\"1662\">Nikotinhalt<\/strong><\/td>\n<td data-start=\"1668\" data-end=\"1703\" data-col-size=\"sm\">7 mg\/g<\/td>\n<\/tr>\n<tr data-start=\"1704\" data-end=\"1762\">\n<td data-start=\"1704\" data-end=\"1727\" data-col-size=\"sm\"><strong data-start=\"1706\" data-end=\"1716\">Format<\/strong><\/td>\n<td data-start=\"1727\" data-end=\"1762\" data-col-size=\"sm\">Slim<\/td>\n<\/tr>\n<tr data-start=\"1763\" data-end=\"1821\">\n<td data-start=\"1763\" data-end=\"1786\" data-col-size=\"sm\"><strong data-start=\"1765\" data-end=\"1786\">Inneh\u00e5ll per dosa<\/strong><\/td>\n<td data-start=\"1786\" data-end=\"1821\" data-col-size=\"sm\">10 g<\/td>\n<\/tr>\n<tr data-start=\"1822\" data-end=\"1880\">\n<td data-start=\"1822\" data-end=\"1845\" data-col-size=\"sm\"><strong data-start=\"1824\" data-end=\"1835\">Snustyp<\/strong><\/td>\n<td data-start=\"1845\" data-end=\"1880\" data-col-size=\"sm\">Slim All White Light<\/td>\n<\/tr>\n<\/tbody>\n<\/table>\n<div class=\"sticky end-(--thread-content-margin) h-0 self-end select-none\">\n<div class=\"absolute end-0 flex items-end\"><\/div>\n<\/div>\n<\/div>\n<\/div>\n<hr data-start=\"1882\" data-end=\"1885\" \/>\n<h2 data-start=\"1887\" data-end=\"1934\">\ud83d\udd17 <strong data-start=\"1894\" data-end=\"1934\">K\u00f6p Helwit Menthol hos Veloop.se<\/strong><\/h2>\n<p data-start=\"1936\" data-end=\"2130\">Vill du ha en fr\u00e4sch, kylande nikotinp\u00e5se med mentolsmak? <strong data-start=\"1994\" data-end=\"2012\">Helwit Menthol<\/strong> ger dig en mild nikotinkick och en ren smak i ett bekv\u00e4mt format. Finns nu p\u00e5 <a class=\"\" href=\"https:\/\/snus-malmo.se\/sv\/helwit\/\" target=\"_new\" rel=\"noopener\" data-start=\"2091\" data-end=\"2129\">Veloop.se<\/a>.<\/p>\n<p data-start=\"2132\" data-end=\"2194\">\ud83d\udc49 <strong data-start=\"2135\" data-end=\"2194\"><a class=\"\" href=\"https:\/\/snus-malmo.se\/sv\/helwit\/\" target=\"_new\" rel=\"noopener\" data-start=\"2137\" data-end=\"2192\">Best\u00e4ll Helwit Menthol h\u00e4r<\/a><\/strong><\/p>\n<p data-start=\"2606\" data-end=\"2682\">","protected":false},"excerpt":{"rendered":"<h1>Helwit Menthol<\/h1>\n<h1 data-start=\"269\" data-end=\"344\">\u2744\ufe0f <strong data-start=\"275\" data-end=\"344\">Helwit Menthol \u2013 Kraftfull och Frisk Mentolsmak i Slim-format<\/strong><\/h1>\n<h2 data-start=\"351\" data-end=\"412\">\ud83c\udf3f\u2744\ufe0f <strong data-start=\"360\" data-end=\"412\">En uppfriskande och kylande mentolupplevelse<\/strong><\/h2>\n<p data-start=\"414\" data-end=\"648\"><strong data-start=\"414\" data-end=\"432\">Helwit Menthol<\/strong> erbjuder en frisk, svalkande mentolsmak som v\u00e4cker sinnena och ger en ren k\u00e4nsla utan tobak. Den kylande effekten g\u00f6r detta till ett perfekt val f\u00f6r dig som vill ha en stark men balanserad smakupplevelse hela dagen.<\/p>\n<p data-start=\"400\" data-end=\"645\">","protected":false},"featured_media":62340,"comment_status":"open","ping_status":"closed","template":"","meta":[],"product_brand":[352],"product_cat":[136,92,137],"product_tag":[],"class_list":{"0":"post-62297","1":"product","2":"type-product","3":"status-publish","4":"has-post-thumbnail","6":"product_brand-helwit","7":"product_cat-all-whites","8":"product_cat-helwit","9":"product_cat-slim","11":"first","12":"instock","13":"taxable","14":"shipping-taxable","15":"purchasable","16":"product-type-variable"},"_links":{"self":[{"href":"https:\/\/snus-malmo.se\/sv\/wp-json\/wp\/v2\/product\/62297","targetHints":{"allow":["GET"]}}],"collection":[{"href":"https:\/\/snus-malmo.se\/sv\/wp-json\/wp\/v2\/product"}],"about":[{"href":"https:\/\/snus-malmo.se\/sv\/wp-json\/wp\/v2\/types\/product"}],"replies":[{"embeddable":true,"href":"https:\/\/snus-malmo.se\/sv\/wp-json\/wp\/v2\/comments?post=62297"}],"version-history":[{"count":0,"href":"https:\/\/snus-malmo.se\/sv\/wp-json\/wp\/v2\/product\/62297\/revisions"}],"wp:featuredmedia":[{"embeddable":true,"href":"https:\/\/snus-malmo.se\/sv\/wp-json\/wp\/v2\/media\/62340"}],"wp:attachment":[{"href":"https:\/\/snus-malmo.se\/sv\/wp-json\/wp\/v2\/media?parent=62297"}],"wp:term":[{"taxonomy":"product_brand","embeddable":true,"href":"https:\/\/snus-malmo.se\/sv\/wp-json\/wp\/v2\/product_brand?post=62297"},{"taxonomy":"product_cat","embeddable":true,"href":"https:\/\/snus-malmo.se\/sv\/wp-json\/wp\/v2\/product_cat?post=62297"},{"taxonomy":"product_tag","embeddable":true,"href":"https:\/\/snus-malmo.se\/sv\/wp-json\/wp\/v2\/product_tag?post=62297"}],"curies":[{"name":"wp","href":"https:\/\/api.w.org\/{rel}","templated":true}]}}