{"id":62309,"date":"2025-06-25T06:51:52","date_gmt":"2025-06-25T06:51:52","guid":{"rendered":"https:\/\/snus-malmo.se\/?post_type=product&#038;p=62309"},"modified":"2025-11-22T09:17:04","modified_gmt":"2025-11-22T09:17:04","slug":"helwit-cherry","status":"publish","type":"product","link":"https:\/\/snus-malmo.se\/sv\/produkt\/helwit-cherry\/","title":{"rendered":"Helwit Cherry"},"content":{"rendered":"<h1>Helwit Cherry<\/h1>\n<h1 data-start=\"366\" data-end=\"436\">\ud83c\udf52 <strong data-start=\"372\" data-end=\"436\">Helwit Cherry \u2013 S\u00f6t och B\u00e4rig K\u00f6rsb\u00e4rssmak i Slim-format<\/strong><\/h1>\n<hr data-start=\"438\" data-end=\"441\" \/>\n<h2 data-start=\"443\" data-end=\"503\">\ud83c\udf52\ud83c\udf3f <strong data-start=\"452\" data-end=\"503\">En fruktig smakupplevelse med rund karakt\u00e4r<\/strong><\/h2>\n<p data-start=\"505\" data-end=\"771\"><strong data-start=\"505\" data-end=\"522\">Helwit Cherry<\/strong> levererar en s\u00f6t, b\u00e4rig smak av mogna k\u00f6rsb\u00e4r med inslag av fr\u00e4schhet som g\u00f6r varje portion b\u00e5de njutbar och uppfriskande. Den runda och fylliga smakprofilen g\u00f6r den perfekt f\u00f6r dig som vill ha n\u00e5got fruktigt \u2013 utan att tumma p\u00e5 helhetsupplevelsen.<\/p>\n<hr data-start=\"773\" data-end=\"776\" \/>\n<h2 data-start=\"778\" data-end=\"834\">\ud83d\udfe2 <strong data-start=\"785\" data-end=\"834\">Slimmade portioner och mild nikotinstyrka<\/strong><\/h2>\n<p data-start=\"836\" data-end=\"1058\">Helwit Cherry kommer i ett bekv\u00e4mt <strong data-start=\"871\" data-end=\"886\">Slim-format<\/strong>, vilket g\u00f6r p\u00e5sarna diskreta och sk\u00f6na under l\u00e4ppen. Med en <strong data-start=\"947\" data-end=\"976\">l\u00e5g nikotinhalt p\u00e5 7 mg\/g<\/strong> passar produkten utm\u00e4rkt f\u00f6r dig som s\u00f6ker en mild och smakrik nikotinupplevelse.<\/p>\n<hr data-start=\"1060\" data-end=\"1063\" \/>\n<h2 data-start=\"1065\" data-end=\"1123\">\ud83c\udf0d <strong data-start=\"1072\" data-end=\"1123\">Tillverkad i Sverige med h\u00e5llbarhet i fokus<\/strong><\/h2>\n<p data-start=\"1125\" data-end=\"1398\">Alla Helwit-produkter, inklusive Cherry, tillverkas av <strong data-start=\"1180\" data-end=\"1188\">YOIK<\/strong> i deras klimatv\u00e4nliga fabrik vid Gransholms Bruk utanf\u00f6r V\u00e4xj\u00f6. Produktionen drivs av lokal vattenkraft och dosorna \u00e4r tillverkade av <strong data-start=\"1323\" data-end=\"1344\">f\u00f6rnybar tallolja<\/strong> \u2013 ett klimatsmart val f\u00f6r dig som bryr dig om milj\u00f6n.<\/p>\n<hr data-start=\"1400\" data-end=\"1403\" \/>\n<h2 data-start=\"1405\" data-end=\"1454\">\ud83d\udce6 <strong data-start=\"1412\" data-end=\"1454\">Produktinformation \u2013 Helwit Cherry<\/strong><\/h2>\n<div class=\"_tableContainer_16hzy_1\">\n<div class=\"_tableWrapper_16hzy_14 group flex w-fit flex-col-reverse\" tabindex=\"-1\">\n<table class=\"w-fit min-w-(--thread-content-width)\" data-start=\"1456\" data-end=\"2126\">\n<thead data-start=\"1456\" data-end=\"1516\">\n<tr data-start=\"1456\" data-end=\"1516\">\n<th data-start=\"1456\" data-end=\"1479\" data-col-size=\"sm\"><strong data-start=\"1458\" data-end=\"1470\">Egenskap<\/strong><\/th>\n<th data-start=\"1479\" data-end=\"1516\" data-col-size=\"sm\"><strong data-start=\"1481\" data-end=\"1491\">Detalj<\/strong><\/th>\n<\/tr>\n<\/thead>\n<tbody data-start=\"1578\" data-end=\"2126\">\n<tr data-start=\"1578\" data-end=\"1638\">\n<td data-start=\"1578\" data-end=\"1601\" data-col-size=\"sm\"><strong data-start=\"1580\" data-end=\"1593\">Varum\u00e4rke<\/strong><\/td>\n<td data-start=\"1601\" data-end=\"1638\" data-col-size=\"sm\">Helwit<\/td>\n<\/tr>\n<tr data-start=\"1639\" data-end=\"1699\">\n<td data-start=\"1639\" data-end=\"1662\" data-col-size=\"sm\"><strong data-start=\"1641\" data-end=\"1656\">Tillverkare<\/strong><\/td>\n<td data-start=\"1662\" data-end=\"1699\" data-col-size=\"sm\">YOIK<\/td>\n<\/tr>\n<tr data-start=\"1700\" data-end=\"1760\">\n<td data-start=\"1700\" data-end=\"1723\" data-col-size=\"sm\"><strong data-start=\"1702\" data-end=\"1716\">Produkttyp<\/strong><\/td>\n<td data-start=\"1723\" data-end=\"1760\" data-col-size=\"sm\">All White Portion<\/td>\n<\/tr>\n<tr data-start=\"1761\" data-end=\"1821\">\n<td data-start=\"1761\" data-end=\"1784\" data-col-size=\"sm\"><strong data-start=\"1763\" data-end=\"1777\">Smakprofil<\/strong><\/td>\n<td data-start=\"1784\" data-end=\"1821\" data-col-size=\"sm\">K\u00f6rsb\u00e4r (s\u00f6t &amp; b\u00e4rig)<\/td>\n<\/tr>\n<tr data-start=\"1822\" data-end=\"1882\">\n<td data-start=\"1822\" data-end=\"1845\" data-col-size=\"sm\"><strong data-start=\"1824\" data-end=\"1841\">Nikotinstyrka<\/strong><\/td>\n<td data-start=\"1845\" data-end=\"1882\" data-col-size=\"sm\">Light<\/td>\n<\/tr>\n<tr data-start=\"1883\" data-end=\"1943\">\n<td data-start=\"1883\" data-end=\"1906\" data-col-size=\"sm\"><strong data-start=\"1885\" data-end=\"1900\">Nikotinhalt<\/strong><\/td>\n<td data-start=\"1906\" data-end=\"1943\" data-col-size=\"sm\">7 mg\/g<\/td>\n<\/tr>\n<tr data-start=\"1944\" data-end=\"2004\">\n<td data-start=\"1944\" data-end=\"1967\" data-col-size=\"sm\"><strong data-start=\"1946\" data-end=\"1956\">Format<\/strong><\/td>\n<td data-start=\"1967\" data-end=\"2004\" data-col-size=\"sm\">Slim<\/td>\n<\/tr>\n<tr data-start=\"2005\" data-end=\"2065\">\n<td data-start=\"2005\" data-end=\"2028\" data-col-size=\"sm\"><strong data-start=\"2007\" data-end=\"2028\">Inneh\u00e5ll per dosa<\/strong><\/td>\n<td data-start=\"2028\" data-end=\"2065\" data-col-size=\"sm\">10 g<\/td>\n<\/tr>\n<tr data-start=\"2066\" data-end=\"2126\">\n<td data-start=\"2066\" data-end=\"2089\" data-col-size=\"sm\"><strong data-start=\"2068\" data-end=\"2079\">Snustyp<\/strong><\/td>\n<td data-start=\"2089\" data-end=\"2126\" data-col-size=\"sm\">Slim All White Light<\/td>\n<\/tr>\n<\/tbody>\n<\/table>\n<div class=\"sticky end-(--thread-content-margin) h-0 self-end select-none\">\n<div class=\"absolute end-0 flex items-end\"><\/div>\n<\/div>\n<\/div>\n<\/div>\n<hr data-start=\"2128\" data-end=\"2131\" \/>\n<h2 data-start=\"2133\" data-end=\"2179\">\ud83d\udd17 <strong data-start=\"2140\" data-end=\"2179\">K\u00f6p Helwit Cherry hos Veloop.se<\/strong><\/h2>\n<p data-start=\"2181\" data-end=\"2398\">Vill du ha en fruktig nikotinp\u00e5se med smak av mogna k\u00f6rsb\u00e4r? <strong data-start=\"2242\" data-end=\"2259\">Helwit Cherry<\/strong> \u00e4r ett v\u00e4lsmakande och klimatsmart val med mild nikotin och diskret format. Best\u00e4ll den enkelt via <a class=\"\" href=\"https:\/\/snus-malmo.se\/sv\/helwit\/\" target=\"_new\" rel=\"noopener\" data-start=\"2359\" data-end=\"2397\">Veloop.se<\/a>.<\/p>\n<p data-start=\"2400\" data-end=\"2473\">\ud83d\udc49 <strong data-start=\"2403\" data-end=\"2473\"><a class=\"\" href=\"https:\/\/snus-malmo.se\/sv\/helwit\/\" target=\"_new\" rel=\"noopener\" data-start=\"2405\" data-end=\"2471\">Klicka h\u00e4r f\u00f6r att k\u00f6pa Helwit Cherry<\/a><\/strong><\/p>","protected":false},"excerpt":{"rendered":"<h1>Helwit Cherry<\/h1>\n<h1 data-start=\"366\" data-end=\"436\">\ud83c\udf52 <strong data-start=\"372\" data-end=\"436\">Helwit Cherry \u2013 S\u00f6t och B\u00e4rig K\u00f6rsb\u00e4rssmak i Slim-format<\/strong><\/h1>\n<h2 data-start=\"443\" data-end=\"503\">\ud83c\udf52\ud83c\udf3f <strong data-start=\"452\" data-end=\"503\">En fruktig smakupplevelse med rund karakt\u00e4r<\/strong><\/h2>\n<p data-start=\"505\" data-end=\"771\"><strong data-start=\"505\" data-end=\"522\">Helwit Cherry<\/strong> levererar en s\u00f6t, b\u00e4rig smak av mogna k\u00f6rsb\u00e4r med inslag av fr\u00e4schhet som g\u00f6r varje portion b\u00e5de njutbar och uppfriskande. Den runda och fylliga smakprofilen g\u00f6r den perfekt f\u00f6r dig som vill ha n\u00e5got fruktigt \u2013 utan att tumma p\u00e5 helhetsupplevelsen.<\/p>\n<p data-start=\"400\" data-end=\"645\">\ud83d\udc49 <strong data-start=\"2403\" data-end=\"2473\"><a class=\"\" href=\"https:\/\/snus-malmo.se\/sv\/helwit\/\" target=\"_new\" rel=\"noopener\" data-start=\"2405\" data-end=\"2471\">Klicka h\u00e4r f\u00f6r att k\u00f6pa Helwit Cherry<\/a><\/strong><\/p>","protected":false},"featured_media":62314,"comment_status":"open","ping_status":"closed","template":"","meta":[],"product_brand":[352],"product_cat":[136,92,137],"product_tag":[],"class_list":{"0":"post-62309","1":"product","2":"type-product","3":"status-publish","4":"has-post-thumbnail","6":"product_brand-helwit","7":"product_cat-all-whites","8":"product_cat-helwit","9":"product_cat-slim","11":"first","12":"instock","13":"taxable","14":"shipping-taxable","15":"purchasable","16":"product-type-variable"},"_links":{"self":[{"href":"https:\/\/snus-malmo.se\/sv\/wp-json\/wp\/v2\/product\/62309","targetHints":{"allow":["GET"]}}],"collection":[{"href":"https:\/\/snus-malmo.se\/sv\/wp-json\/wp\/v2\/product"}],"about":[{"href":"https:\/\/snus-malmo.se\/sv\/wp-json\/wp\/v2\/types\/product"}],"replies":[{"embeddable":true,"href":"https:\/\/snus-malmo.se\/sv\/wp-json\/wp\/v2\/comments?post=62309"}],"version-history":[{"count":0,"href":"https:\/\/snus-malmo.se\/sv\/wp-json\/wp\/v2\/product\/62309\/revisions"}],"wp:featuredmedia":[{"embeddable":true,"href":"https:\/\/snus-malmo.se\/sv\/wp-json\/wp\/v2\/media\/62314"}],"wp:attachment":[{"href":"https:\/\/snus-malmo.se\/sv\/wp-json\/wp\/v2\/media?parent=62309"}],"wp:term":[{"taxonomy":"product_brand","embeddable":true,"href":"https:\/\/snus-malmo.se\/sv\/wp-json\/wp\/v2\/product_brand?post=62309"},{"taxonomy":"product_cat","embeddable":true,"href":"https:\/\/snus-malmo.se\/sv\/wp-json\/wp\/v2\/product_cat?post=62309"},{"taxonomy":"product_tag","embeddable":true,"href":"https:\/\/snus-malmo.se\/sv\/wp-json\/wp\/v2\/product_tag?post=62309"}],"curies":[{"name":"wp","href":"https:\/\/api.w.org\/{rel}","templated":true}]}}