{"id":62317,"date":"2025-06-25T06:56:56","date_gmt":"2025-06-25T06:56:56","guid":{"rendered":"https:\/\/snus-malmo.se\/?post_type=product&#038;p=62317"},"modified":"2025-11-22T09:16:59","modified_gmt":"2025-11-22T09:16:59","slug":"helwit-strawberry","status":"publish","type":"product","link":"https:\/\/snus-malmo.se\/sv\/produkt\/helwit-strawberry\/","title":{"rendered":"Helwit Strawberry"},"content":{"rendered":"<h1>Helwit Strawberry<\/h1>\n<h1 data-start=\"321\" data-end=\"398\">\ud83c\udf53 <strong data-start=\"327\" data-end=\"398\">Helwit Strawberry \u2013 S\u00f6t och Fruktig Jordgubbssmak i Slim-format<\/strong><\/h1>\n<hr data-start=\"400\" data-end=\"403\" \/>\n<h2 data-start=\"405\" data-end=\"456\">\ud83c\udf53\ud83c\udf3f <strong data-start=\"414\" data-end=\"456\">En klassisk smak i modern tappning<\/strong><\/h2>\n<p data-start=\"458\" data-end=\"748\"><strong data-start=\"458\" data-end=\"479\">Helwit Strawberry<\/strong> bjuder p\u00e5 en h\u00e4rligt s\u00f6t och fruktig smak av solmogna jordgubbar. Den \u00e4r rund, mjuk och somrig \u2013 perfekt f\u00f6r dig som uppskattar en l\u00e4tt och naturlig b\u00e4rsmak utan tobak. En nikotinp\u00e5se f\u00f6r dig som vill ha en smakupplevelse som k\u00e4nns lika fr\u00e4sch som en svensk sommardag.<\/p>\n<hr data-start=\"750\" data-end=\"753\" \/>\n<h2 data-start=\"755\" data-end=\"809\">\ud83d\udfe2 <strong data-start=\"762\" data-end=\"809\">Slimmade portioner med mild nikotinkick<\/strong><\/h2>\n<p data-start=\"811\" data-end=\"1052\">Helwit Strawberry levereras i smidigt <strong data-start=\"849\" data-end=\"864\">Slim-format<\/strong> som g\u00f6r portionsp\u00e5sarna diskreta och bekv\u00e4ma under l\u00e4ppen. Med en <strong data-start=\"931\" data-end=\"956\">nikotinhalt p\u00e5 7 mg\/g<\/strong> erbjuder den en l\u00e4tt, j\u00e4mn nikotinleverans f\u00f6r dig som f\u00f6redrar mildare styrka med mycket smak.<\/p>\n<hr data-start=\"1054\" data-end=\"1057\" \/>\n<h2 data-start=\"1059\" data-end=\"1113\">\ud83c\udf0d <strong data-start=\"1066\" data-end=\"1113\">H\u00e5llbar och svensk produktion fr\u00e5n YOIK<\/strong><\/h2>\n<p data-start=\"1115\" data-end=\"1351\">Produktionen sker i <strong data-start=\"1135\" data-end=\"1144\">YOIKs<\/strong> milj\u00f6v\u00e4nliga fabrik vid Gransholms Bruk utanf\u00f6r V\u00e4xj\u00f6. Med egen vattenkraft och dosor tillverkade av f\u00f6rnybar tallolja \u00e4r <strong data-start=\"1267\" data-end=\"1288\">Helwit Strawberry<\/strong> ett h\u00e5llbart val som kombinerar njutning och milj\u00f6medvetenhet.<\/p>\n<hr data-start=\"1353\" data-end=\"1356\" \/>\n<h2 data-start=\"1358\" data-end=\"1411\">\ud83d\udce6 <strong data-start=\"1365\" data-end=\"1411\">Produktinformation \u2013 Helwit Strawberry<\/strong><\/h2>\n<div class=\"_tableContainer_16hzy_1\">\n<div class=\"_tableWrapper_16hzy_14 group flex w-fit flex-col-reverse\" tabindex=\"-1\">\n<table class=\"w-fit min-w-(--thread-content-width)\" data-start=\"1413\" data-end=\"2083\">\n<thead data-start=\"1413\" data-end=\"1473\">\n<tr data-start=\"1413\" data-end=\"1473\">\n<th data-start=\"1413\" data-end=\"1436\" data-col-size=\"sm\"><strong data-start=\"1415\" data-end=\"1427\">Egenskap<\/strong><\/th>\n<th data-start=\"1436\" data-end=\"1473\" data-col-size=\"sm\"><strong data-start=\"1438\" data-end=\"1448\">Detalj<\/strong><\/th>\n<\/tr>\n<\/thead>\n<tbody data-start=\"1535\" data-end=\"2083\">\n<tr data-start=\"1535\" data-end=\"1595\">\n<td data-start=\"1535\" data-end=\"1558\" data-col-size=\"sm\"><strong data-start=\"1537\" data-end=\"1550\">Varum\u00e4rke<\/strong><\/td>\n<td data-start=\"1558\" data-end=\"1595\" data-col-size=\"sm\">Helwit<\/td>\n<\/tr>\n<tr data-start=\"1596\" data-end=\"1656\">\n<td data-start=\"1596\" data-end=\"1619\" data-col-size=\"sm\"><strong data-start=\"1598\" data-end=\"1613\">Tillverkare<\/strong><\/td>\n<td data-start=\"1619\" data-end=\"1656\" data-col-size=\"sm\">YOIK<\/td>\n<\/tr>\n<tr data-start=\"1657\" data-end=\"1717\">\n<td data-start=\"1657\" data-end=\"1680\" data-col-size=\"sm\"><strong data-start=\"1659\" data-end=\"1673\">Produkttyp<\/strong><\/td>\n<td data-start=\"1680\" data-end=\"1717\" data-col-size=\"sm\">All White Portion<\/td>\n<\/tr>\n<tr data-start=\"1718\" data-end=\"1778\">\n<td data-start=\"1718\" data-end=\"1741\" data-col-size=\"sm\"><strong data-start=\"1720\" data-end=\"1734\">Smakprofil<\/strong><\/td>\n<td data-start=\"1741\" data-end=\"1778\" data-col-size=\"sm\">Jordgubb (s\u00f6t &amp; fruktig)<\/td>\n<\/tr>\n<tr data-start=\"1779\" data-end=\"1839\">\n<td data-start=\"1779\" data-end=\"1802\" data-col-size=\"sm\"><strong data-start=\"1781\" data-end=\"1798\">Nikotinstyrka<\/strong><\/td>\n<td data-start=\"1802\" data-end=\"1839\" data-col-size=\"sm\">Light<\/td>\n<\/tr>\n<tr data-start=\"1840\" data-end=\"1900\">\n<td data-start=\"1840\" data-end=\"1863\" data-col-size=\"sm\"><strong data-start=\"1842\" data-end=\"1857\">Nikotinhalt<\/strong><\/td>\n<td data-start=\"1863\" data-end=\"1900\" data-col-size=\"sm\">7 mg\/g<\/td>\n<\/tr>\n<tr data-start=\"1901\" data-end=\"1961\">\n<td data-start=\"1901\" data-end=\"1924\" data-col-size=\"sm\"><strong data-start=\"1903\" data-end=\"1913\">Format<\/strong><\/td>\n<td data-start=\"1924\" data-end=\"1961\" data-col-size=\"sm\">Slim<\/td>\n<\/tr>\n<tr data-start=\"1962\" data-end=\"2022\">\n<td data-start=\"1962\" data-end=\"1985\" data-col-size=\"sm\"><strong data-start=\"1964\" data-end=\"1985\">Inneh\u00e5ll per dosa<\/strong><\/td>\n<td data-start=\"1985\" data-end=\"2022\" data-col-size=\"sm\">10 g<\/td>\n<\/tr>\n<tr data-start=\"2023\" data-end=\"2083\">\n<td data-start=\"2023\" data-end=\"2046\" data-col-size=\"sm\"><strong data-start=\"2025\" data-end=\"2036\">Snustyp<\/strong><\/td>\n<td data-start=\"2046\" data-end=\"2083\" data-col-size=\"sm\">Slim All White Light<\/td>\n<\/tr>\n<\/tbody>\n<\/table>\n<div class=\"sticky end-(--thread-content-margin) h-0 self-end select-none\">\n<div class=\"absolute end-0 flex items-end\"><\/div>\n<\/div>\n<\/div>\n<\/div>\n<hr data-start=\"2085\" data-end=\"2088\" \/>\n<h2 data-start=\"2090\" data-end=\"2140\">\ud83d\udd17 <strong data-start=\"2097\" data-end=\"2140\">K\u00f6p Helwit Strawberry hos Veloop.se<\/strong><\/h2>\n<p data-start=\"2142\" data-end=\"2360\">Letar du efter en fruktig nikotinp\u00e5se med smak av jordgubbar? <strong data-start=\"2204\" data-end=\"2225\">Helwit Strawberry<\/strong> levererar en mild nikotinkick med naturlig smak i ett bekv\u00e4mt och h\u00e5llbart format. Finns nu p\u00e5 <a class=\"\" href=\"https:\/\/snus-malmo.se\/sv\/helwit\/\" target=\"_new\" rel=\"noopener\" data-start=\"2321\" data-end=\"2359\">Veloop.se<\/a>.<\/p>\n<p data-start=\"2362\" data-end=\"2427\">\ud83d\udc49 <strong data-start=\"2365\" data-end=\"2427\"><a class=\"\" href=\"https:\/\/snus-malmo.se\/sv\/helwit\/\" target=\"_new\" rel=\"noopener\" data-start=\"2367\" data-end=\"2425\">Best\u00e4ll Helwit Strawberry h\u00e4r<\/a><\/strong><\/p>\n<p data-start=\"2400\" data-end=\"2473\">","protected":false},"excerpt":{"rendered":"<h1>Helwit Strawberry<\/h1>\n<h1 data-start=\"321\" data-end=\"398\">\ud83c\udf53 <strong data-start=\"327\" data-end=\"398\">Helwit Strawberry \u2013 S\u00f6t och Fruktig Jordgubbssmak i Slim-format<\/strong><\/h1>\n<h2 data-start=\"405\" data-end=\"456\">\ud83c\udf53\ud83c\udf3f <strong data-start=\"414\" data-end=\"456\">En klassisk smak i modern tappning<\/strong><\/h2>\n<p data-start=\"458\" data-end=\"748\"><strong data-start=\"458\" data-end=\"479\">Helwit Strawberry<\/strong> bjuder p\u00e5 en h\u00e4rligt s\u00f6t och fruktig smak av solmogna jordgubbar. Den \u00e4r rund, mjuk och somrig \u2013 perfekt f\u00f6r dig som uppskattar en l\u00e4tt och naturlig b\u00e4rsmak utan tobak. En nikotinp\u00e5se f\u00f6r dig som vill ha en smakupplevelse som k\u00e4nns lika fr\u00e4sch som en svensk sommardag.<\/p>\n<p data-start=\"458\" data-end=\"748\">\ud83d\udc49 <strong data-start=\"2365\" data-end=\"2427\"><a class=\"\" href=\"https:\/\/snus-malmo.se\/sv\/helwit\/\" target=\"_new\" rel=\"noopener\" data-start=\"2367\" data-end=\"2425\">Best\u00e4ll Helwit Strawberry h\u00e4r<\/a><\/strong><\/p>\n<p data-start=\"400\" data-end=\"645\">","protected":false},"featured_media":62315,"comment_status":"open","ping_status":"closed","template":"","meta":[],"product_brand":[352],"product_cat":[136,92,137],"product_tag":[],"class_list":{"0":"post-62317","1":"product","2":"type-product","3":"status-publish","4":"has-post-thumbnail","6":"product_brand-helwit","7":"product_cat-all-whites","8":"product_cat-helwit","9":"product_cat-slim","11":"first","12":"instock","13":"taxable","14":"shipping-taxable","15":"purchasable","16":"product-type-variable"},"_links":{"self":[{"href":"https:\/\/snus-malmo.se\/sv\/wp-json\/wp\/v2\/product\/62317","targetHints":{"allow":["GET"]}}],"collection":[{"href":"https:\/\/snus-malmo.se\/sv\/wp-json\/wp\/v2\/product"}],"about":[{"href":"https:\/\/snus-malmo.se\/sv\/wp-json\/wp\/v2\/types\/product"}],"replies":[{"embeddable":true,"href":"https:\/\/snus-malmo.se\/sv\/wp-json\/wp\/v2\/comments?post=62317"}],"version-history":[{"count":0,"href":"https:\/\/snus-malmo.se\/sv\/wp-json\/wp\/v2\/product\/62317\/revisions"}],"wp:featuredmedia":[{"embeddable":true,"href":"https:\/\/snus-malmo.se\/sv\/wp-json\/wp\/v2\/media\/62315"}],"wp:attachment":[{"href":"https:\/\/snus-malmo.se\/sv\/wp-json\/wp\/v2\/media?parent=62317"}],"wp:term":[{"taxonomy":"product_brand","embeddable":true,"href":"https:\/\/snus-malmo.se\/sv\/wp-json\/wp\/v2\/product_brand?post=62317"},{"taxonomy":"product_cat","embeddable":true,"href":"https:\/\/snus-malmo.se\/sv\/wp-json\/wp\/v2\/product_cat?post=62317"},{"taxonomy":"product_tag","embeddable":true,"href":"https:\/\/snus-malmo.se\/sv\/wp-json\/wp\/v2\/product_tag?post=62317"}],"curies":[{"name":"wp","href":"https:\/\/api.w.org\/{rel}","templated":true}]}}