{"id":62331,"date":"2025-06-25T07:07:15","date_gmt":"2025-06-25T07:07:15","guid":{"rendered":"https:\/\/snus-malmo.se\/?post_type=product&#038;p=62331"},"modified":"2025-11-22T09:16:46","modified_gmt":"2025-11-22T09:16:46","slug":"helwit-watermelon","status":"publish","type":"product","link":"https:\/\/snus-malmo.se\/sv\/produkt\/helwit-watermelon\/","title":{"rendered":"Helwit Watermelon"},"content":{"rendered":"<h1>Helwit Watermelon<\/h1>\n<h1 data-start=\"305\" data-end=\"386\">\ud83c\udf49 <strong data-start=\"311\" data-end=\"386\">Helwit Watermelon \u2013 Fr\u00e4sch och Somrig Vattenmelonsmak i Slim-format<\/strong><\/h1>\n<hr data-start=\"388\" data-end=\"391\" \/>\n<h2 data-start=\"393\" data-end=\"458\">\ud83c\udf49\ud83c\udf3f <strong data-start=\"402\" data-end=\"458\">S\u00f6t och uppfriskande vattenmelon i varje portion<\/strong><\/h2>\n<p data-start=\"460\" data-end=\"714\"><strong data-start=\"460\" data-end=\"481\">Helwit Watermelon<\/strong> bjuder p\u00e5 en mjuk, fruktig smakupplevelse med tydliga toner av saftig vattenmelon. Den l\u00e4tt s\u00f6ta smaken g\u00f6r den perfekt f\u00f6r dig som vill ha n\u00e5got som b\u00e5de \u00e4r fr\u00e4scht, somrigt och lite annorlunda \u2013 utan tobak och med l\u00e5g nikotinhalt.<\/p>\n<hr data-start=\"716\" data-end=\"719\" \/>\n<h2 data-start=\"721\" data-end=\"771\">\ud83d\udfe2 <strong data-start=\"728\" data-end=\"771\">Slimmat format med l\u00e4tt nikotinkick<\/strong><\/h2>\n<p data-start=\"773\" data-end=\"1002\">Portionerna \u00e4r i ett bekv\u00e4mt <strong data-start=\"802\" data-end=\"817\">Slim-format<\/strong>, vilket g\u00f6r dem diskreta och sk\u00f6na under l\u00e4ppen. Med <strong data-start=\"871\" data-end=\"889\">7 mg\/g nikotin<\/strong> \u00e4r Helwit Watermelon idealisk f\u00f6r dig som f\u00f6redrar en mildare men \u00e4nd\u00e5 tydlig nikotinupplevelse med mycket smak.<\/p>\n<hr data-start=\"1004\" data-end=\"1007\" \/>\n<h2 data-start=\"1009\" data-end=\"1063\">\ud83c\udf0d <strong data-start=\"1016\" data-end=\"1063\">Klimatsmart svensk produktion fr\u00e5n YOIK<\/strong><\/h2>\n<p data-start=\"1065\" data-end=\"1300\">Helwit tillverkas i YOIKs toppmoderna och h\u00e5llbara fabrik vid Gransholms Bruk, utanf\u00f6r V\u00e4xj\u00f6. Fabriken drivs av egenproducerad vattenkraft, och dosorna \u00e4r gjorda av <strong data-start=\"1230\" data-end=\"1251\">f\u00f6rnybar tallolja<\/strong> \u2013 ett medvetet val f\u00f6r dig som v\u00e4rnar om milj\u00f6n.<\/p>\n<hr data-start=\"1302\" data-end=\"1305\" \/>\n<h2 data-start=\"1307\" data-end=\"1360\">\ud83d\udce6 <strong data-start=\"1314\" data-end=\"1360\">Produktinformation \u2013 Helwit Watermelon<\/strong><\/h2>\n<div class=\"_tableContainer_16hzy_1\">\n<div class=\"_tableWrapper_16hzy_14 group flex w-fit flex-col-reverse\" tabindex=\"-1\">\n<table class=\"w-fit min-w-(--thread-content-width)\" data-start=\"1362\" data-end=\"2043\">\n<thead data-start=\"1362\" data-end=\"1423\">\n<tr data-start=\"1362\" data-end=\"1423\">\n<th data-start=\"1362\" data-end=\"1385\" data-col-size=\"sm\"><strong data-start=\"1364\" data-end=\"1376\">Egenskap<\/strong><\/th>\n<th data-start=\"1385\" data-end=\"1423\" data-col-size=\"sm\"><strong data-start=\"1387\" data-end=\"1397\">Detalj<\/strong><\/th>\n<\/tr>\n<\/thead>\n<tbody data-start=\"1486\" data-end=\"2043\">\n<tr data-start=\"1486\" data-end=\"1547\">\n<td data-start=\"1486\" data-end=\"1509\" data-col-size=\"sm\"><strong data-start=\"1488\" data-end=\"1501\">Varum\u00e4rke<\/strong><\/td>\n<td data-start=\"1509\" data-end=\"1547\" data-col-size=\"sm\">Helwit<\/td>\n<\/tr>\n<tr data-start=\"1548\" data-end=\"1609\">\n<td data-start=\"1548\" data-end=\"1571\" data-col-size=\"sm\"><strong data-start=\"1550\" data-end=\"1565\">Tillverkare<\/strong><\/td>\n<td data-start=\"1571\" data-end=\"1609\" data-col-size=\"sm\">YOIK<\/td>\n<\/tr>\n<tr data-start=\"1610\" data-end=\"1671\">\n<td data-start=\"1610\" data-end=\"1633\" data-col-size=\"sm\"><strong data-start=\"1612\" data-end=\"1626\">Produkttyp<\/strong><\/td>\n<td data-start=\"1633\" data-end=\"1671\" data-col-size=\"sm\">All White Portion<\/td>\n<\/tr>\n<tr data-start=\"1672\" data-end=\"1733\">\n<td data-start=\"1672\" data-end=\"1695\" data-col-size=\"sm\"><strong data-start=\"1674\" data-end=\"1688\">Smakprofil<\/strong><\/td>\n<td data-start=\"1695\" data-end=\"1733\" data-col-size=\"sm\">Vattenmelon (fruktig &amp; s\u00f6t)<\/td>\n<\/tr>\n<tr data-start=\"1734\" data-end=\"1795\">\n<td data-start=\"1734\" data-end=\"1757\" data-col-size=\"sm\"><strong data-start=\"1736\" data-end=\"1753\">Nikotinstyrka<\/strong><\/td>\n<td data-start=\"1757\" data-end=\"1795\" data-col-size=\"sm\">Light<\/td>\n<\/tr>\n<tr data-start=\"1796\" data-end=\"1857\">\n<td data-start=\"1796\" data-end=\"1819\" data-col-size=\"sm\"><strong data-start=\"1798\" data-end=\"1813\">Nikotinhalt<\/strong><\/td>\n<td data-start=\"1819\" data-end=\"1857\" data-col-size=\"sm\">7 mg\/g<\/td>\n<\/tr>\n<tr data-start=\"1858\" data-end=\"1919\">\n<td data-start=\"1858\" data-end=\"1881\" data-col-size=\"sm\"><strong data-start=\"1860\" data-end=\"1870\">Format<\/strong><\/td>\n<td data-start=\"1881\" data-end=\"1919\" data-col-size=\"sm\">Slim<\/td>\n<\/tr>\n<tr data-start=\"1920\" data-end=\"1981\">\n<td data-start=\"1920\" data-end=\"1943\" data-col-size=\"sm\"><strong data-start=\"1922\" data-end=\"1943\">Inneh\u00e5ll per dosa<\/strong><\/td>\n<td data-start=\"1943\" data-end=\"1981\" data-col-size=\"sm\">10 g<\/td>\n<\/tr>\n<tr data-start=\"1982\" data-end=\"2043\">\n<td data-start=\"1982\" data-end=\"2005\" data-col-size=\"sm\"><strong data-start=\"1984\" data-end=\"1995\">Snustyp<\/strong><\/td>\n<td data-start=\"2005\" data-end=\"2043\" data-col-size=\"sm\">Slim All White Light<\/td>\n<\/tr>\n<\/tbody>\n<\/table>\n<div class=\"sticky end-(--thread-content-margin) h-0 self-end select-none\">\n<div class=\"absolute end-0 flex items-end\"><\/div>\n<\/div>\n<\/div>\n<\/div>\n<hr data-start=\"2045\" data-end=\"2048\" \/>\n<h2 data-start=\"2050\" data-end=\"2100\">\ud83d\udd17 <strong data-start=\"2057\" data-end=\"2100\">K\u00f6p Helwit Watermelon hos Veloop.se<\/strong><\/h2>\n<p data-start=\"2102\" data-end=\"2315\">Letar du efter en smakrik nikotinp\u00e5se med fruktig twist? <strong data-start=\"2159\" data-end=\"2180\">Helwit Watermelon<\/strong> ger dig vattenmelonsmak i ett fr\u00e4scht, milj\u00f6v\u00e4nligt och diskret format. Best\u00e4ll den enkelt via <a class=\"\" href=\"https:\/\/snus-malmo.se\/sv\/helwit\/\" target=\"_new\" rel=\"noopener\" data-start=\"2276\" data-end=\"2314\">Veloop.se<\/a>.<\/p>\n<p data-start=\"2317\" data-end=\"2378\">\ud83d\udc49 <strong data-start=\"2320\" data-end=\"2378\"><a class=\"\" href=\"https:\/\/snus-malmo.se\/sv\/helwit\/\" target=\"_new\" rel=\"noopener\" data-start=\"2322\" data-end=\"2376\">K\u00f6p Helwit Watermelon h\u00e4r<\/a><\/strong><\/p>\n<p data-start=\"2400\" data-end=\"2473\">","protected":false},"excerpt":{"rendered":"<h1>Helwit Watermelon<\/h1>\n<h1 data-start=\"305\" data-end=\"386\">\ud83c\udf49 <strong data-start=\"311\" data-end=\"386\">Helwit Watermelon \u2013 Fr\u00e4sch och Somrig Vattenmelonsmak i Slim-format<\/strong><\/h1>\n<h2 data-start=\"393\" data-end=\"458\">\ud83c\udf49\ud83c\udf3f <strong data-start=\"402\" data-end=\"458\">S\u00f6t och uppfriskande vattenmelon i varje portion<\/strong><\/h2>\n<p data-start=\"460\" data-end=\"714\"><strong data-start=\"460\" data-end=\"481\">Helwit Watermelon<\/strong> bjuder p\u00e5 en mjuk, fruktig smakupplevelse med tydliga toner av saftig vattenmelon. Den l\u00e4tt s\u00f6ta smaken g\u00f6r den perfekt f\u00f6r dig som vill ha n\u00e5got som b\u00e5de \u00e4r fr\u00e4scht, somrigt och lite annorlunda \u2013 utan tobak och med l\u00e5g nikotinhalt.<\/p>\n<p data-start=\"460\" data-end=\"714\">\ud83d\udc49 <strong data-start=\"2320\" data-end=\"2378\"><a class=\"\" href=\"https:\/\/snus-malmo.se\/sv\/helwit\/\" target=\"_new\" rel=\"noopener\" data-start=\"2322\" data-end=\"2376\">K\u00f6p Helwit Watermelon h\u00e4r<\/a><\/strong><\/p>\n<p data-start=\"499\" data-end=\"786\">\n<p data-start=\"400\" data-end=\"645\">","protected":false},"featured_media":62329,"comment_status":"open","ping_status":"closed","template":"","meta":[],"product_brand":[352],"product_cat":[136,92,137],"product_tag":[],"class_list":{"0":"post-62331","1":"product","2":"type-product","3":"status-publish","4":"has-post-thumbnail","6":"product_brand-helwit","7":"product_cat-all-whites","8":"product_cat-helwit","9":"product_cat-slim","11":"first","12":"instock","13":"taxable","14":"shipping-taxable","15":"purchasable","16":"product-type-variable"},"_links":{"self":[{"href":"https:\/\/snus-malmo.se\/sv\/wp-json\/wp\/v2\/product\/62331","targetHints":{"allow":["GET"]}}],"collection":[{"href":"https:\/\/snus-malmo.se\/sv\/wp-json\/wp\/v2\/product"}],"about":[{"href":"https:\/\/snus-malmo.se\/sv\/wp-json\/wp\/v2\/types\/product"}],"replies":[{"embeddable":true,"href":"https:\/\/snus-malmo.se\/sv\/wp-json\/wp\/v2\/comments?post=62331"}],"version-history":[{"count":0,"href":"https:\/\/snus-malmo.se\/sv\/wp-json\/wp\/v2\/product\/62331\/revisions"}],"wp:featuredmedia":[{"embeddable":true,"href":"https:\/\/snus-malmo.se\/sv\/wp-json\/wp\/v2\/media\/62329"}],"wp:attachment":[{"href":"https:\/\/snus-malmo.se\/sv\/wp-json\/wp\/v2\/media?parent=62331"}],"wp:term":[{"taxonomy":"product_brand","embeddable":true,"href":"https:\/\/snus-malmo.se\/sv\/wp-json\/wp\/v2\/product_brand?post=62331"},{"taxonomy":"product_cat","embeddable":true,"href":"https:\/\/snus-malmo.se\/sv\/wp-json\/wp\/v2\/product_cat?post=62331"},{"taxonomy":"product_tag","embeddable":true,"href":"https:\/\/snus-malmo.se\/sv\/wp-json\/wp\/v2\/product_tag?post=62331"}],"curies":[{"name":"wp","href":"https:\/\/api.w.org\/{rel}","templated":true}]}}