{"id":62497,"date":"2025-07-06T09:23:15","date_gmt":"2025-07-06T09:23:15","guid":{"rendered":"https:\/\/snus-malmo.se\/?post_type=product&#038;p=62497"},"modified":"2025-07-26T01:04:13","modified_gmt":"2025-07-26T01:04:13","slug":"pablo-x-ice-cold","status":"publish","type":"product","link":"https:\/\/snus-malmo.se\/sv\/produkt\/pablo-x-ice-cold\/","title":{"rendered":"Pablo X ICE COLD"},"content":{"rendered":"<h1>Pablo X ICE COLD<\/h1>\n<h2 data-start=\"317\" data-end=\"379\"><strong data-start=\"320\" data-end=\"379\">Pablo X Ice Cold \u2013 Starkt vitt snus med iskall mintsmak<\/strong><\/h2>\n<p data-start=\"381\" data-end=\"653\">Letar du efter ett <strong data-start=\"400\" data-end=\"439\">extra starkt vitt snus med mintsmak<\/strong>? D\u00e5 \u00e4r <strong data-start=\"447\" data-end=\"467\">Pablo X Ice Cold<\/strong> det sj\u00e4lvklara valet. Det h\u00e4r \u00e4r ett <strong data-start=\"505\" data-end=\"539\">tobaksfritt snus i slim-format<\/strong>, utvecklat f\u00f6r erfarna anv\u00e4ndare som vill ha en <strong data-start=\"588\" data-end=\"612\">intensiv nikotinkick<\/strong> och en <strong data-start=\"620\" data-end=\"652\">isande fr\u00e4sch smakupplevelse<\/strong>.<\/p>\n<p data-start=\"655\" data-end=\"881\">Med sin kraftfulla kyliga mintsmak och h\u00f6ga nikotinhalt \u00e4r Pablo X Ice Cold ett av de mest effektfulla snusen p\u00e5 marknaden. Perfekt f\u00f6r dig som s\u00f6ker ett <strong data-start=\"809\" data-end=\"836\">tobaksfritt nikotinsnus<\/strong> med <strong data-start=\"841\" data-end=\"880\">maxad styrka och l\u00e5ngvarig fr\u00e4sch\u00f6r<\/strong>.<\/p>\n<hr data-start=\"883\" data-end=\"886\" \/>\n<h2 data-start=\"888\" data-end=\"927\">\u2705 <strong data-start=\"894\" data-end=\"927\">F\u00f6rdelar med Pablo X Ice Cold<\/strong><\/h2>\n<ul data-start=\"929\" data-end=\"1168\">\n<li data-start=\"929\" data-end=\"972\">\n<p data-start=\"931\" data-end=\"972\"><strong data-start=\"931\" data-end=\"972\">Extremt starkt vitt snus med mintsmak<\/strong><\/p>\n<\/li>\n<li data-start=\"973\" data-end=\"1007\">\n<p data-start=\"975\" data-end=\"1007\"><strong data-start=\"975\" data-end=\"1007\">Tobaksfritt \u2013 endast nikotin<\/strong><\/p>\n<\/li>\n<li data-start=\"1008\" data-end=\"1059\">\n<p data-start=\"1010\" data-end=\"1059\"><strong data-start=\"1010\" data-end=\"1059\">Slim-format f\u00f6r bekv\u00e4m och diskret anv\u00e4ndning<\/strong><\/p>\n<\/li>\n<li data-start=\"1060\" data-end=\"1108\">\n<p data-start=\"1062\" data-end=\"1108\"><strong data-start=\"1062\" data-end=\"1108\">Iskall smak som ger en uppfriskande k\u00e4nsla<\/strong><\/p>\n<\/li>\n<li data-start=\"1109\" data-end=\"1168\">\n<p data-start=\"1111\" data-end=\"1168\"><strong data-start=\"1111\" data-end=\"1168\">Perfekt f\u00f6r vana snusare som vill ha kraftfull effekt<\/strong><\/p>\n<\/li>\n<\/ul>\n<hr data-start=\"1170\" data-end=\"1173\" \/>\n<h2 data-start=\"1175\" data-end=\"1209\">\ud83d\udce6 <strong data-start=\"1182\" data-end=\"1209\">Produktspecifikationer:<\/strong><\/h2>\n<ul data-start=\"1211\" data-end=\"1452\">\n<li data-start=\"1211\" data-end=\"1248\">\n<p data-start=\"1213\" data-end=\"1248\"><strong data-start=\"1213\" data-end=\"1229\">Produktnamn:<\/strong> Pablo X Ice Cold<\/p>\n<\/li>\n<li data-start=\"1249\" data-end=\"1280\">\n<p data-start=\"1251\" data-end=\"1280\"><strong data-start=\"1251\" data-end=\"1266\">Smakprofil:<\/strong> Iskall mint<\/p>\n<\/li>\n<li data-start=\"1281\" data-end=\"1317\">\n<p data-start=\"1283\" data-end=\"1317\"><strong data-start=\"1283\" data-end=\"1291\">Typ:<\/strong> Vitt snus (tobaksfritt)<\/p>\n<\/li>\n<li data-start=\"1318\" data-end=\"1348\">\n<p data-start=\"1320\" data-end=\"1348\"><strong data-start=\"1320\" data-end=\"1331\">Format:<\/strong> Slim (diskret)<\/p>\n<\/li>\n<li data-start=\"1349\" data-end=\"1383\">\n<p data-start=\"1351\" data-end=\"1383\"><strong data-start=\"1351\" data-end=\"1369\">Nikotinstyrka:<\/strong> Extra stark<\/p>\n<\/li>\n<li data-start=\"1384\" data-end=\"1420\">\n<p data-start=\"1386\" data-end=\"1420\"><strong data-start=\"1386\" data-end=\"1415\">Antal portioner per dosa:<\/strong> 20<\/p>\n<\/li>\n<li data-start=\"1421\" data-end=\"1452\">\n<p data-start=\"1423\" data-end=\"1452\"><strong data-start=\"1423\" data-end=\"1439\">Tillverkare:<\/strong> NGP Empire<\/p>\n<\/li>\n<\/ul>\n<hr data-start=\"1454\" data-end=\"1457\" \/>\n<h2 data-start=\"1459\" data-end=\"1527\">\ud83d\udd25 <strong data-start=\"1465\" data-end=\"1527\">K\u00f6p Pablo X Ice Cold online \u2013 Snabb leverans hos Veloop.se<\/strong><\/h2>\n<p data-start=\"1529\" data-end=\"1764\">Hos <strong data-start=\"1533\" data-end=\"1546\">Veloop.se<\/strong> kan du enkelt <strong data-start=\"1561\" data-end=\"1597\">best\u00e4lla Pablo X Ice Cold online<\/strong> och f\u00e5 hem ditt snus snabbt och smidigt. Vi erbjuder ett brett sortiment av <strong data-start=\"1674\" data-end=\"1694\">starkt vitt snus<\/strong>, med <strong data-start=\"1700\" data-end=\"1713\">fri frakt<\/strong> vid k\u00f6p \u00f6ver gr\u00e4nsen och <strong data-start=\"1739\" data-end=\"1763\">snabba leveranstider<\/strong>.<\/p>\n<hr data-start=\"1766\" data-end=\"1769\" \/>\n<h2 data-start=\"85\" data-end=\"124\">Andra popul\u00e4ra <strong data-start=\"104\" data-end=\"113\">Pablo<\/strong>-varianter:<\/h2>\n<ul data-start=\"126\" data-end=\"1030\">\n<li data-start=\"126\" data-end=\"202\">\n<p data-start=\"128\" data-end=\"202\"><strong data-start=\"128\" data-end=\"146\">Pablo \u00a0X Ice Cold<\/strong> \u2013 Stark mint med h\u00f6g nikotinhalt och intensiv kyla<\/p>\n<\/li>\n<li data-start=\"258\" data-end=\"318\">\n<p data-start=\"260\" data-end=\"318\"><strong data-start=\"260\" data-end=\"280\">Pablo Banana Ice<\/strong> \u2013 Tropisk banansmak med iskall kyla<\/p>\n<\/li>\n<li data-start=\"399\" data-end=\"466\">\n<p data-start=\"401\" data-end=\"466\"><strong data-start=\"401\" data-end=\"415\">Pablo Pear<\/strong> \u2013 Frisk och s\u00f6t p\u00e4ronsmak med en kylande mintton<\/p>\n<\/li>\n<li data-start=\"467\" data-end=\"532\">\n<p data-start=\"469\" data-end=\"532\"><strong data-start=\"469\" data-end=\"488\">Pablo Grape Ice<\/strong> \u2013 S\u00f6t och fruktig druvsmak med kylig mint<\/p>\n<\/li>\n<li data-start=\"533\" data-end=\"626\">\n<p data-start=\"535\" data-end=\"626\"><strong data-start=\"535\" data-end=\"562\">Pablo Strawberry Lychee<\/strong> \u2013 En exotisk blandning av jordgubbe och litchi med frisk mint<\/p>\n<\/li>\n<li data-start=\"627\" data-end=\"709\">\n<p data-start=\"629\" data-end=\"709\"><strong data-start=\"629\" data-end=\"660\">Pablo Strawberry Cheesecake<\/strong> \u2013 Kr\u00e4mig jordgubbst\u00e5rta med en fr\u00e4sch mintkyla<\/p>\n<\/li>\n<li data-start=\"710\" data-end=\"790\">\n<p data-start=\"712\" data-end=\"790\"><strong data-start=\"712\" data-end=\"731\">Pablo Bubbelgum<\/strong> \u2013 S\u00f6t smak av klassiskt bubbelgum med en kylande mintton<\/p>\n<\/li>\n<li data-start=\"791\" data-end=\"877\">\n<p data-start=\"793\" data-end=\"877\"><strong data-start=\"793\" data-end=\"816\">Pablo Passion Fruit<\/strong> \u2013 Tropisk och syrlig passionsfrukt med en kylande mintsmak<\/p>\n<\/li>\n<li data-start=\"878\" data-end=\"942\">\n<p data-start=\"880\" data-end=\"942\"><strong data-start=\"880\" data-end=\"894\">Pablo Kiwi<\/strong> \u2013 Frisk och syrlig kiwi blandad med sval mint<\/p>\n<\/li>\n<li data-start=\"943\" data-end=\"1030\">\n<p data-start=\"945\" data-end=\"1030\"><strong data-start=\"945\" data-end=\"967\">Pablo Frosted Mint<\/strong> \u2013 Intensiv mint med en fryst k\u00e4nsla, perfekt f\u00f6r kyla\u00e4lskare<\/p>\n<\/li>\n<\/ul>\n<ul data-start=\"1808\" data-end=\"2026\">\n<li data-start=\"1808\" data-end=\"1866\">\n<p data-start=\"1810\" data-end=\"1866\"><strong data-start=\"1810\" data-end=\"1828\">Pablo Ice Cold<\/strong> \u2013 Klassisk mint med h\u00f6g nikotinhalt<\/p>\n<\/li>\n<li data-start=\"1910\" data-end=\"1971\">\n<p data-start=\"1912\" data-end=\"1971\"><strong data-start=\"1912\" data-end=\"1932\">Pablo Banana Ice<\/strong> \u2013 Tropisk kyla med stark nikotinkick<\/p>\n<\/li>\n<li data-start=\"1972\" data-end=\"2026\">\n<p data-start=\"1974\" data-end=\"2026\"><strong data-start=\"1974\" data-end=\"1992\">Pablo Frosted Mint<\/strong>\u2013 Maximal styrka och kyla i ett<\/p>\n<\/li>\n<\/ul>\n<hr data-start=\"2028\" data-end=\"2031\" \/>\n<h2 data-start=\"2033\" data-end=\"2114\">\ud83c\udf2c\ufe0f <strong data-start=\"2040\" data-end=\"2114\">Pablo X Ice Cold \u2013 F\u00f6r dig som vill ha det starkaste tobaksfria snuset<\/strong><\/h2>\n<p data-start=\"2116\" data-end=\"2312\">S\u00e4tt standarden h\u00f6gt med ett snus som inte kompromissar. <strong data-start=\"2173\" data-end=\"2193\">Pablo X Ice Cold<\/strong> \u00e4r det sj\u00e4lvklara valet f\u00f6r dig som vill ha ett <strong data-start=\"2242\" data-end=\"2293\">vitt snus med stark nikotin och fr\u00e4sch mintsmak<\/strong> \u2013 helt utan tobak.<\/p>\n<p data-start=\"2314\" data-end=\"2401\">\ud83d\udc49 <strong data-start=\"2317\" data-end=\"2401\">K\u00f6p Pablo X Ice Cold idag hos Veloop.se \u2013 din butik f\u00f6r starkt tobaksfritt snus!<\/strong><\/p>\n<hr data-start=\"2403\" data-end=\"2406\" \/>\n<p data-start=\"3428\" data-end=\"3538\">","protected":false},"excerpt":{"rendered":"<h1>Pablo X ICE COLD<\/h1>\n<h1><img decoding=\"async\" class=\"wp-image-62512 alignleft\" src=\"https:\/\/snus-malmo.se\/wp-content\/uploads\/2025\/07\/loggo.webp\" alt=\"\" width=\"101\" height=\"71\" srcset=\"https:\/\/snus-malmo.se\/wp-content\/uploads\/2025\/07\/loggo.webp 400w, https:\/\/snus-malmo.se\/wp-content\/uploads\/2025\/07\/loggo-18x12.webp 18w\" sizes=\"(max-width: 101px) 100vw, 101px\" \/><\/h1>\n<h2 data-start=\"2033\" data-end=\"2114\">\u00a0 <strong data-start=\"2040\" data-end=\"2114\">Pablo X Ice Cold \u2013 F\u00f6r dig som vill ha det starkaste tobaksfria snuset<\/strong><\/h2>\n<p data-start=\"2116\" data-end=\"2312\">S\u00e4tt standarden h\u00f6gt med ett snus som inte kompromissar. <strong data-start=\"2173\" data-end=\"2193\">Pablo X Ice Cold<\/strong> \u00e4r det sj\u00e4lvklara valet f\u00f6r dig som vill ha ett <strong data-start=\"2242\" data-end=\"2293\">vitt snus med stark nikotin och fr\u00e4sch mintsmak<\/strong> \u2013 helt utan tobak.<\/p>\n<p data-start=\"2314\" data-end=\"2401\">\ud83d\udc49 <strong data-start=\"2317\" data-end=\"2401\">K\u00f6p Pablo X Ice Cold idag hos Veloop.se \u2013 din butik f\u00f6r starkt tobaksfritt snus!<\/strong><\/p>\n<p>&nbsp;<\/p>","protected":false},"featured_media":62507,"comment_status":"open","ping_status":"closed","template":"","meta":[],"product_brand":[386],"product_cat":[136,355,356,232,137],"product_tag":[],"class_list":{"0":"post-62497","1":"product","2":"type-product","3":"status-publish","4":"has-post-thumbnail","6":"product_brand-pablo","7":"product_cat-all-whites","8":"product_cat-extra-strongextra-stark","9":"product_cat-extreme","10":"product_cat-pablo","11":"product_cat-slim","13":"first","14":"instock","15":"taxable","16":"shipping-taxable","17":"purchasable","18":"product-type-variable"},"_links":{"self":[{"href":"https:\/\/snus-malmo.se\/sv\/wp-json\/wp\/v2\/product\/62497","targetHints":{"allow":["GET"]}}],"collection":[{"href":"https:\/\/snus-malmo.se\/sv\/wp-json\/wp\/v2\/product"}],"about":[{"href":"https:\/\/snus-malmo.se\/sv\/wp-json\/wp\/v2\/types\/product"}],"replies":[{"embeddable":true,"href":"https:\/\/snus-malmo.se\/sv\/wp-json\/wp\/v2\/comments?post=62497"}],"version-history":[{"count":0,"href":"https:\/\/snus-malmo.se\/sv\/wp-json\/wp\/v2\/product\/62497\/revisions"}],"wp:featuredmedia":[{"embeddable":true,"href":"https:\/\/snus-malmo.se\/sv\/wp-json\/wp\/v2\/media\/62507"}],"wp:attachment":[{"href":"https:\/\/snus-malmo.se\/sv\/wp-json\/wp\/v2\/media?parent=62497"}],"wp:term":[{"taxonomy":"product_brand","embeddable":true,"href":"https:\/\/snus-malmo.se\/sv\/wp-json\/wp\/v2\/product_brand?post=62497"},{"taxonomy":"product_cat","embeddable":true,"href":"https:\/\/snus-malmo.se\/sv\/wp-json\/wp\/v2\/product_cat?post=62497"},{"taxonomy":"product_tag","embeddable":true,"href":"https:\/\/snus-malmo.se\/sv\/wp-json\/wp\/v2\/product_tag?post=62497"}],"curies":[{"name":"wp","href":"https:\/\/api.w.org\/{rel}","templated":true}]}}