{"id":62519,"date":"2025-07-06T21:01:10","date_gmt":"2025-07-06T21:01:10","guid":{"rendered":"https:\/\/snus-malmo.se\/?post_type=product&#038;p=62519"},"modified":"2025-07-26T01:03:57","modified_gmt":"2025-07-26T01:03:57","slug":"pablo-kiwi","status":"publish","type":"product","link":"https:\/\/snus-malmo.se\/sv\/produkt\/pablo-kiwi\/","title":{"rendered":"Pablo Kiwi"},"content":{"rendered":"<h1>Pablo Kiwi<\/h1>\n<p data-start=\"159\" data-end=\"223\"><strong data-start=\"159\" data-end=\"223\">Pablo Kiwi \u2013 Intensivt vitt snus med en fruktig smak av kiwi<\/strong><\/p>\n<p data-start=\"225\" data-end=\"507\">Letar du efter ett snus som kombinerar en stark nikotinkick med en frisk, fruktig smak? D\u00e5 \u00e4r Pablo Kiwi ett utm\u00e4rkt val. Detta tobaksfria snus i slim-format \u00e4r speciellt designat f\u00f6r erfarna anv\u00e4ndare som s\u00f6ker en kraftfull nikotineffekt och en uppfriskande smakupplevelse av kiwi.<\/p>\n<p data-start=\"509\" data-end=\"754\">Med sin fruktiga och kraftiga smak av kiwi och h\u00f6g nikotinhalt erbjuder Pablo Kiwi en av de mest intensiva snusupplevelserna p\u00e5 marknaden. Ett perfekt alternativ f\u00f6r dig som vill ha ett tobaksfritt snus med maximal styrka och l\u00e5ngvarig fr\u00e4sch\u00f6r.<\/p>\n<p data-start=\"756\" data-end=\"783\"><strong data-start=\"756\" data-end=\"783\">F\u00f6rdelar med Pablo Kiwi<\/strong><\/p>\n<ul data-start=\"785\" data-end=\"1038\">\n<li data-start=\"785\" data-end=\"824\">\n<p data-start=\"787\" data-end=\"824\">Mycket starkt vitt snus med kiwi-smak<\/p>\n<\/li>\n<li data-start=\"825\" data-end=\"855\">\n<p data-start=\"827\" data-end=\"855\">Tobaksfritt \u2013 enbart nikotin<\/p>\n<\/li>\n<li data-start=\"856\" data-end=\"903\">\n<p data-start=\"858\" data-end=\"903\">Slim-format f\u00f6r diskret och bekv\u00e4m anv\u00e4ndning<\/p>\n<\/li>\n<li data-start=\"904\" data-end=\"976\">\n<p data-start=\"906\" data-end=\"976\">Fruktig och uppfriskande kiwi-smak som ger en ny dimension av friskhet<\/p>\n<\/li>\n<li data-start=\"977\" data-end=\"1038\">\n<p data-start=\"979\" data-end=\"1038\">Perfekt f\u00f6r vana snusare som s\u00f6ker en kraftfull nikotinkick<\/p>\n<\/li>\n<\/ul>\n<p data-start=\"1040\" data-end=\"1063\"><strong data-start=\"1040\" data-end=\"1063\">Produktinformation:<\/strong><\/p>\n<ul data-start=\"1065\" data-end=\"1281\">\n<li data-start=\"1065\" data-end=\"1094\">\n<p data-start=\"1067\" data-end=\"1094\"><strong data-start=\"1067\" data-end=\"1083\">Produktnamn:<\/strong> Pablo Kiwi<\/p>\n<\/li>\n<li data-start=\"1095\" data-end=\"1119\">\n<p data-start=\"1097\" data-end=\"1119\"><strong data-start=\"1097\" data-end=\"1106\">Smak:<\/strong> Fruktig kiwi<\/p>\n<\/li>\n<li data-start=\"1120\" data-end=\"1154\">\n<p data-start=\"1122\" data-end=\"1154\"><strong data-start=\"1122\" data-end=\"1130\">Typ:<\/strong> Vitt snus (tobaksfritt)<\/p>\n<\/li>\n<li data-start=\"1155\" data-end=\"1183\">\n<p data-start=\"1157\" data-end=\"1183\"><strong data-start=\"1157\" data-end=\"1168\">Format:<\/strong> Slim (diskret)<\/p>\n<\/li>\n<li data-start=\"1184\" data-end=\"1216\">\n<p data-start=\"1186\" data-end=\"1216\"><strong data-start=\"1186\" data-end=\"1204\">Nikotinstyrka:<\/strong> Extra stark<\/p>\n<\/li>\n<li data-start=\"1217\" data-end=\"1251\">\n<p data-start=\"1219\" data-end=\"1251\"><strong data-start=\"1219\" data-end=\"1248\">Antal portioner per dosa:<\/strong> 20<\/p>\n<\/li>\n<li data-start=\"1252\" data-end=\"1281\">\n<p data-start=\"1254\" data-end=\"1281\"><strong data-start=\"1254\" data-end=\"1270\">Tillverkare:<\/strong> NGP Empire<\/p>\n<\/li>\n<\/ul>\n<p data-start=\"1283\" data-end=\"1339\"><strong data-start=\"1283\" data-end=\"1339\">K\u00f6p Pablo Kiwi online \u2013 Snabb leverans hos Veloop.se<\/strong><\/p>\n<p data-start=\"1341\" data-end=\"1542\">Best\u00e4ll Pablo Kiwi snabbt och enkelt fr\u00e5n Veloop.se och f\u00e5 hem ditt snus p\u00e5 ett smidigt s\u00e4tt. Vi erbjuder ett brett sortiment av starkt vitt snus, med fri frakt vid k\u00f6p \u00f6ver gr\u00e4nsen och snabb leverans.<\/p>\n<hr data-start=\"1544\" data-end=\"1547\" \/>\n<h2 data-start=\"85\" data-end=\"124\">Andra popul\u00e4ra <strong data-start=\"104\" data-end=\"113\">Pablo<\/strong>-varianter:<\/h2>\n<ul data-start=\"126\" data-end=\"1030\">\n<li data-start=\"126\" data-end=\"202\">\n<p data-start=\"128\" data-end=\"202\"><strong data-start=\"128\" data-end=\"146\">Pablo \u00a0X Ice Cold<\/strong> \u2013 Stark mint med h\u00f6g nikotinhalt och intensiv kyla<\/p>\n<\/li>\n<li data-start=\"258\" data-end=\"318\">\n<p data-start=\"260\" data-end=\"318\"><strong data-start=\"260\" data-end=\"280\">Pablo Banana Ice<\/strong> \u2013 Tropisk banansmak med iskall kyla<\/p>\n<\/li>\n<li data-start=\"399\" data-end=\"466\">\n<p data-start=\"401\" data-end=\"466\"><strong data-start=\"401\" data-end=\"415\">Pablo Pear<\/strong> \u2013 Frisk och s\u00f6t p\u00e4ronsmak med en kylande mintton<\/p>\n<\/li>\n<li data-start=\"467\" data-end=\"532\">\n<p data-start=\"469\" data-end=\"532\"><strong data-start=\"469\" data-end=\"488\">Pablo Grape Ice<\/strong> \u2013 S\u00f6t och fruktig druvsmak med kylig mint<\/p>\n<\/li>\n<li data-start=\"533\" data-end=\"626\">\n<p data-start=\"535\" data-end=\"626\"><strong data-start=\"535\" data-end=\"562\">Pablo Strawberry Lychee<\/strong> \u2013 En exotisk blandning av jordgubbe och litchi med frisk mint<\/p>\n<\/li>\n<li data-start=\"627\" data-end=\"709\">\n<p data-start=\"629\" data-end=\"709\"><strong data-start=\"629\" data-end=\"660\">Pablo Strawberry Cheesecake<\/strong> \u2013 Kr\u00e4mig jordgubbst\u00e5rta med en fr\u00e4sch mintkyla<\/p>\n<\/li>\n<li data-start=\"710\" data-end=\"790\">\n<p data-start=\"712\" data-end=\"790\"><strong data-start=\"712\" data-end=\"731\">Pablo Bubbelgum<\/strong> \u2013 S\u00f6t smak av klassiskt bubbelgum med en kylande mintton<\/p>\n<\/li>\n<li data-start=\"791\" data-end=\"877\">\n<p data-start=\"793\" data-end=\"877\"><strong data-start=\"793\" data-end=\"816\">Pablo Passion Fruit<\/strong> \u2013 Tropisk och syrlig passionsfrukt med en kylande mintsmak<\/p>\n<\/li>\n<li data-start=\"878\" data-end=\"942\">\n<p data-start=\"880\" data-end=\"942\"><strong data-start=\"880\" data-end=\"894\">Pablo Kiwi<\/strong> \u2013 Frisk och syrlig kiwi blandad med sval mint<\/p>\n<\/li>\n<li data-start=\"943\" data-end=\"1030\">\n<p data-start=\"945\" data-end=\"1030\"><strong data-start=\"945\" data-end=\"967\">Pablo Frosted Mint<\/strong> \u2013 Intensiv mint med en fryst k\u00e4nsla, perfekt f\u00f6r kyla\u00e4lskare<\/p>\n<\/li>\n<\/ul>\n<ul data-start=\"1808\" data-end=\"2026\">\n<li data-start=\"1808\" data-end=\"1866\">\n<p data-start=\"1810\" data-end=\"1866\"><strong data-start=\"1810\" data-end=\"1828\">Pablo Ice Cold<\/strong> \u2013 Klassisk mint med h\u00f6g nikotinhalt<\/p>\n<\/li>\n<li data-start=\"1910\" data-end=\"1971\">\n<p data-start=\"1912\" data-end=\"1971\"><strong data-start=\"1912\" data-end=\"1932\">Pablo Banana Ice<\/strong> \u2013 Tropisk kyla med stark nikotinkick<\/p>\n<\/li>\n<li data-start=\"1972\" data-end=\"2026\">\n<p data-start=\"1974\" data-end=\"2026\"><strong data-start=\"1974\" data-end=\"1992\">Pablo Frosted Mint<\/strong>\u2013 Maximal styrka och kyla i ett<\/p>\n<\/li>\n<\/ul>\n<hr data-start=\"2028\" data-end=\"2031\" \/>\n<h2 data-start=\"2033\" data-end=\"2114\">\ud83c\udf2c\ufe0f <strong data-start=\"2040\" data-end=\"2114\">Pablo X Ice Cold \u2013 F\u00f6r dig som vill ha det starkaste tobaksfria snuset<\/strong><\/h2>\n<p data-start=\"2116\" data-end=\"2312\">S\u00e4tt standarden h\u00f6gt med ett snus som inte kompromissar. <strong data-start=\"2173\" data-end=\"2193\">Pablo X Ice Cold<\/strong> \u00e4r det sj\u00e4lvklara valet f\u00f6r dig som vill ha ett <strong data-start=\"2242\" data-end=\"2293\">vitt snus med stark nikotin och fr\u00e4sch mintsmak<\/strong> \u2013 helt utan tobak.<\/p>\n<p data-start=\"2314\" data-end=\"2401\">\ud83d\udc49 <strong data-start=\"2317\" data-end=\"2401\">K\u00f6p Pablo X Ice Cold idag hos Veloop.se \u2013 din butik f\u00f6r starkt tobaksfritt snus!<\/strong><\/p>\n<hr data-start=\"2403\" data-end=\"2406\" \/>\n<p data-start=\"3428\" data-end=\"3538\">","protected":false},"excerpt":{"rendered":"<h1>Pablo Kiwi<\/h1>\n<h1><img decoding=\"async\" class=\"wp-image-62512 alignleft\" src=\"https:\/\/snus-malmo.se\/wp-content\/uploads\/2025\/07\/loggo.webp\" alt=\"\" width=\"101\" height=\"71\" srcset=\"https:\/\/snus-malmo.se\/wp-content\/uploads\/2025\/07\/loggo.webp 400w, https:\/\/snus-malmo.se\/wp-content\/uploads\/2025\/07\/loggo-18x12.webp 18w\" sizes=\"(max-width: 101px) 100vw, 101px\" \/><\/h1>\n<h2 data-start=\"159\" data-end=\"223\"><strong data-start=\"159\" data-end=\"223\">Pablo Kiwi \u2013 Intensivt vitt snus med en fruktig smak av kiwi<\/strong><\/h2>\n<p data-start=\"225\" data-end=\"507\">Letar du efter ett snus som kombinerar en stark nikotinkick med en frisk, fruktig smak? D\u00e5 \u00e4r Pablo Kiwi ett utm\u00e4rkt val. Detta tobaksfria snus i slim-format \u00e4r speciellt designat f\u00f6r erfarna anv\u00e4ndare som s\u00f6ker en kraftfull nikotineffekt och en uppfriskande smakupplevelse av kiwi.<\/p>\n<p data-start=\"2314\" data-end=\"2401\">\ud83d\udc49 <strong data-start=\"2317\" data-end=\"2401\">K\u00f6p Pablo X Ice Cold idag hos Veloop.se \u2013 din butik f\u00f6r starkt tobaksfritt snus!<\/strong><\/p>\n<p>&nbsp;<\/p>","protected":false},"featured_media":62511,"comment_status":"open","ping_status":"closed","template":"","meta":[],"product_brand":[386],"product_cat":[136,355,356,232,137],"product_tag":[],"class_list":{"0":"post-62519","1":"product","2":"type-product","3":"status-publish","4":"has-post-thumbnail","6":"product_brand-pablo","7":"product_cat-all-whites","8":"product_cat-extra-strongextra-stark","9":"product_cat-extreme","10":"product_cat-pablo","11":"product_cat-slim","13":"first","14":"instock","15":"taxable","16":"shipping-taxable","17":"purchasable","18":"product-type-variable"},"_links":{"self":[{"href":"https:\/\/snus-malmo.se\/sv\/wp-json\/wp\/v2\/product\/62519","targetHints":{"allow":["GET"]}}],"collection":[{"href":"https:\/\/snus-malmo.se\/sv\/wp-json\/wp\/v2\/product"}],"about":[{"href":"https:\/\/snus-malmo.se\/sv\/wp-json\/wp\/v2\/types\/product"}],"replies":[{"embeddable":true,"href":"https:\/\/snus-malmo.se\/sv\/wp-json\/wp\/v2\/comments?post=62519"}],"version-history":[{"count":0,"href":"https:\/\/snus-malmo.se\/sv\/wp-json\/wp\/v2\/product\/62519\/revisions"}],"wp:featuredmedia":[{"embeddable":true,"href":"https:\/\/snus-malmo.se\/sv\/wp-json\/wp\/v2\/media\/62511"}],"wp:attachment":[{"href":"https:\/\/snus-malmo.se\/sv\/wp-json\/wp\/v2\/media?parent=62519"}],"wp:term":[{"taxonomy":"product_brand","embeddable":true,"href":"https:\/\/snus-malmo.se\/sv\/wp-json\/wp\/v2\/product_brand?post=62519"},{"taxonomy":"product_cat","embeddable":true,"href":"https:\/\/snus-malmo.se\/sv\/wp-json\/wp\/v2\/product_cat?post=62519"},{"taxonomy":"product_tag","embeddable":true,"href":"https:\/\/snus-malmo.se\/sv\/wp-json\/wp\/v2\/product_tag?post=62519"}],"curies":[{"name":"wp","href":"https:\/\/api.w.org\/{rel}","templated":true}]}}