{"id":62525,"date":"2025-07-06T21:08:14","date_gmt":"2025-07-06T21:08:14","guid":{"rendered":"https:\/\/snus-malmo.se\/?post_type=product&#038;p=62525"},"modified":"2025-07-26T01:03:29","modified_gmt":"2025-07-26T01:03:29","slug":"pablo-passion-fruit","status":"publish","type":"product","link":"https:\/\/snus-malmo.se\/sv\/produkt\/pablo-passion-fruit\/","title":{"rendered":"Pablo Passion Fruit"},"content":{"rendered":"<h1>Pablo Passion Fruit<\/h1>\n<h2 data-start=\"111\" data-end=\"190\"><strong data-start=\"111\" data-end=\"190\">Pablo Passion Fruit \u2013 Intensivt vitt snus med tropisk smak av passionsfrukt<\/strong><\/h2>\n<p data-start=\"192\" data-end=\"493\">Om du s\u00f6ker ett snus som levererar en stark nikotinkick och en exotisk, fruktig smak, \u00e4r Pablo Passion Fruit det perfekta valet. Detta tobaksfria snus i slim-format \u00e4r skapat f\u00f6r erfarna anv\u00e4ndare som vill ha b\u00e5de en kraftfull nikotineffekt och en uppfriskande tropisk smakupplevelse av passionsfrukt.<\/p>\n<p data-start=\"495\" data-end=\"756\">Med sin s\u00f6ta och syrliga smak av passionsfrukt och h\u00f6ga nikotinhalt erbjuder Pablo Passion Fruit en av de mest intensiva snusupplevelserna p\u00e5 marknaden. Ett idealiskt alternativ f\u00f6r dig som vill ha ett tobaksfritt snus med maximal styrka och l\u00e5ngvarig fr\u00e4sch\u00f6r.<\/p>\n<h2 data-start=\"758\" data-end=\"794\"><strong data-start=\"758\" data-end=\"794\">F\u00f6rdelar med Pablo Passion Fruit<\/strong><\/h2>\n<ul data-start=\"796\" data-end=\"1046\">\n<li data-start=\"796\" data-end=\"843\">\n<p data-start=\"798\" data-end=\"843\">Stark vitt snus med tropisk passionsfruktsmak<\/p>\n<\/li>\n<li data-start=\"844\" data-end=\"874\">\n<p data-start=\"846\" data-end=\"874\">Tobaksfritt \u2013 endast nikotin<\/p>\n<\/li>\n<li data-start=\"875\" data-end=\"922\">\n<p data-start=\"877\" data-end=\"922\">Slim-format f\u00f6r diskret och bekv\u00e4m anv\u00e4ndning<\/p>\n<\/li>\n<li data-start=\"923\" data-end=\"985\">\n<p data-start=\"925\" data-end=\"985\">S\u00f6t och syrlig passionsfruktsmak som ger en exotisk fr\u00e4sch\u00f6r<\/p>\n<\/li>\n<li data-start=\"986\" data-end=\"1046\">\n<p data-start=\"988\" data-end=\"1046\">Perfekt f\u00f6r vana snusare som s\u00f6ker en intensiv nikotinkick<\/p>\n<\/li>\n<\/ul>\n<h2 data-start=\"1048\" data-end=\"1071\"><strong data-start=\"1048\" data-end=\"1071\">Produktinformation:<\/strong><\/h2>\n<ul data-start=\"1073\" data-end=\"1307\">\n<li data-start=\"1073\" data-end=\"1111\">\n<p data-start=\"1075\" data-end=\"1111\"><strong data-start=\"1075\" data-end=\"1091\">Produktnamn:<\/strong> Pablo Passion Fruit<\/p>\n<\/li>\n<li data-start=\"1112\" data-end=\"1145\">\n<p data-start=\"1114\" data-end=\"1145\"><strong data-start=\"1114\" data-end=\"1123\">Smak:<\/strong> Tropisk passionsfrukt<\/p>\n<\/li>\n<li data-start=\"1146\" data-end=\"1180\">\n<p data-start=\"1148\" data-end=\"1180\"><strong data-start=\"1148\" data-end=\"1156\">Typ:<\/strong> Vitt snus (tobaksfritt)<\/p>\n<\/li>\n<li data-start=\"1181\" data-end=\"1209\">\n<p data-start=\"1183\" data-end=\"1209\"><strong data-start=\"1183\" data-end=\"1194\">Format:<\/strong> Slim (diskret)<\/p>\n<\/li>\n<li data-start=\"1210\" data-end=\"1242\">\n<p data-start=\"1212\" data-end=\"1242\"><strong data-start=\"1212\" data-end=\"1230\">Nikotinstyrka:<\/strong> Extra stark<\/p>\n<\/li>\n<li data-start=\"1243\" data-end=\"1277\">\n<p data-start=\"1245\" data-end=\"1277\"><strong data-start=\"1245\" data-end=\"1274\">Antal portioner per dosa:<\/strong> 20<\/p>\n<\/li>\n<li data-start=\"1278\" data-end=\"1307\">\n<p data-start=\"1280\" data-end=\"1307\"><strong data-start=\"1280\" data-end=\"1296\">Tillverkare:<\/strong> NGP Empire<\/p>\n<\/li>\n<\/ul>\n<h1 data-start=\"1309\" data-end=\"1374\"><strong data-start=\"1309\" data-end=\"1374\">K\u00f6p Pablo Passion Fruit online \u2013 Snabb leverans hos Veloop.se<\/strong><\/h1>\n<p data-start=\"1376\" data-end=\"1591\">Best\u00e4ll Pablo Passion Fruit snabbt och enkelt fr\u00e5n Veloop.se och f\u00e5 ditt snus hemlevererat p\u00e5 ett smidigt s\u00e4tt. Vi erbjuder ett brett utbud av starkt vitt snus, med fri frakt vid k\u00f6p \u00f6ver gr\u00e4nsen och snabb leverans.<\/p>\n<p data-start=\"1593\" data-end=\"1628\"><strong data-start=\"1593\" data-end=\"1628\">Andra popul\u00e4ra Pablo-varianter:<\/strong><\/p>\n<ul data-start=\"1630\" data-end=\"2629\">\n<li data-start=\"1630\" data-end=\"1703\">\n<p data-start=\"1632\" data-end=\"1703\"><strong data-start=\"1632\" data-end=\"1652\">Pablo X Ice Cold<\/strong> \u2013 Stark mint med h\u00f6g nikotinhalt och intensiv kyla<\/p>\n<\/li>\n<li data-start=\"1704\" data-end=\"1762\">\n<p data-start=\"1706\" data-end=\"1762\"><strong data-start=\"1706\" data-end=\"1726\">Pablo Banana Ice<\/strong> \u2013 Tropisk banansmak med iskall kyla<\/p>\n<\/li>\n<li data-start=\"1763\" data-end=\"1828\">\n<p data-start=\"1765\" data-end=\"1828\"><strong data-start=\"1765\" data-end=\"1779\">Pablo Pear<\/strong> \u2013 Frisk och s\u00f6t p\u00e4ronsmak med en kylande mintton<\/p>\n<\/li>\n<li data-start=\"1829\" data-end=\"1892\">\n<p data-start=\"1831\" data-end=\"1892\"><strong data-start=\"1831\" data-end=\"1850\">Pablo Grape Ice<\/strong> \u2013 S\u00f6t och fruktig druvsmak med kylig mint<\/p>\n<\/li>\n<li data-start=\"1893\" data-end=\"1984\">\n<p data-start=\"1895\" data-end=\"1984\"><strong data-start=\"1895\" data-end=\"1922\">Pablo Strawberry Lychee<\/strong> \u2013 En exotisk blandning av jordgubbe och litchi med frisk mint<\/p>\n<\/li>\n<li data-start=\"1985\" data-end=\"2065\">\n<p data-start=\"1987\" data-end=\"2065\"><strong data-start=\"1987\" data-end=\"2018\">Pablo Strawberry Cheesecake<\/strong> \u2013 Kr\u00e4mig jordgubbst\u00e5rta med en fr\u00e4sch mintkyla<\/p>\n<\/li>\n<li data-start=\"2066\" data-end=\"2144\">\n<p data-start=\"2068\" data-end=\"2144\"><strong data-start=\"2068\" data-end=\"2087\">Pablo Bubbelgum<\/strong> \u2013 S\u00f6t smak av klassiskt bubbelgum med en kylande mintton<\/p>\n<\/li>\n<li data-start=\"2145\" data-end=\"2229\">\n<p data-start=\"2147\" data-end=\"2229\"><strong data-start=\"2147\" data-end=\"2170\">Pablo Passion Fruit<\/strong> \u2013 Tropisk och syrlig passionsfrukt med en kylande mintsmak<\/p>\n<\/li>\n<li data-start=\"2230\" data-end=\"2292\">\n<p data-start=\"2232\" data-end=\"2292\"><strong data-start=\"2232\" data-end=\"2246\">Pablo Kiwi<\/strong> \u2013 Frisk och syrlig kiwi blandad med sval mint<\/p>\n<\/li>\n<li data-start=\"2293\" data-end=\"2378\">\n<p data-start=\"2295\" data-end=\"2378\"><strong data-start=\"2295\" data-end=\"2317\">Pablo Frosted Mint<\/strong> \u2013 Intensiv mint med en fryst k\u00e4nsla, perfekt f\u00f6r kyla\u00e4lskare<\/p>\n<\/li>\n<li data-start=\"2379\" data-end=\"2435\">\n<p data-start=\"2381\" data-end=\"2435\"><strong data-start=\"2381\" data-end=\"2399\">Pablo Ice Cold<\/strong> \u2013 Klassisk mint med h\u00f6g nikotinhalt<\/p>\n<\/li>\n<li data-start=\"2436\" data-end=\"2495\">\n<p data-start=\"2438\" data-end=\"2495\"><strong data-start=\"2438\" data-end=\"2458\">Pablo Banana Ice<\/strong> \u2013 Tropisk kyla med stark nikotinkick<\/p>\n<\/li>\n<li data-start=\"2496\" data-end=\"2552\">\n<p data-start=\"2498\" data-end=\"2552\"><strong data-start=\"2498\" data-end=\"2520\">Pablo Frosted Mint<\/strong> \u2013 Maximal styrka och kyla i ett<\/p>\n<\/li>\n<li data-start=\"2553\" data-end=\"2629\">\n<p data-start=\"2555\" data-end=\"2629\"><strong data-start=\"2555\" data-end=\"2575\">Pablo X Ice Cold<\/strong> \u2013 F\u00f6r dig som vill ha det starkaste tobaksfria snuset<\/p>\n<\/li>\n<\/ul>\n<p data-start=\"2631\" data-end=\"2832\"><strong data-start=\"2631\" data-end=\"2691\">S\u00e4tt standarden h\u00f6gt med ett snus som inte kompromissar.<\/strong> Pablo Passion Fruit \u00e4r det sj\u00e4lvklara valet f\u00f6r dig som vill ha ett vitt snus med stark nikotin och tropisk, fruktig smak \u2013 helt utan tobak.<\/p>\n<p data-start=\"2834\" data-end=\"2921\"><strong data-start=\"2834\" data-end=\"2921\">K\u00f6p Pablo Passion Fruit idag hos Veloop.se \u2013 din butik f\u00f6r starkt tobaksfritt snus!<\/strong><\/p>","protected":false},"excerpt":{"rendered":"<h1>Pablo Passion Fruit<\/h1>\n<h1><img decoding=\"async\" class=\"wp-image-62512 alignleft\" src=\"https:\/\/snus-malmo.se\/wp-content\/uploads\/2025\/07\/loggo.webp\" alt=\"\" width=\"101\" height=\"71\" srcset=\"https:\/\/snus-malmo.se\/wp-content\/uploads\/2025\/07\/loggo.webp 400w, https:\/\/snus-malmo.se\/wp-content\/uploads\/2025\/07\/loggo-18x12.webp 18w\" sizes=\"(max-width: 101px) 100vw, 101px\" \/><\/h1>\n<h2 data-start=\"111\" data-end=\"190\"><strong data-start=\"111\" data-end=\"190\">Pablo Passion Fruit \u2013 Intensivt vitt snus med tropisk smak av passionsfrukt<\/strong><\/h2>\n<p data-start=\"192\" data-end=\"493\">Om du s\u00f6ker ett snus som levererar en stark nikotinkick och en exotisk, fruktig smak, \u00e4r Pablo Passion Fruit det perfekta valet. Detta tobaksfria snus i slim-format \u00e4r skapat f\u00f6r erfarna anv\u00e4ndare som vill ha b\u00e5de en kraftfull nikotineffekt och en uppfriskande tropisk smakupplevelse av passionsfrukt.<\/p>\n<p>&nbsp;<\/p>","protected":false},"featured_media":62514,"comment_status":"open","ping_status":"closed","template":"","meta":[],"product_brand":[386],"product_cat":[136,355,356,232,137],"product_tag":[],"class_list":{"0":"post-62525","1":"product","2":"type-product","3":"status-publish","4":"has-post-thumbnail","6":"product_brand-pablo","7":"product_cat-all-whites","8":"product_cat-extra-strongextra-stark","9":"product_cat-extreme","10":"product_cat-pablo","11":"product_cat-slim","13":"first","14":"instock","15":"taxable","16":"shipping-taxable","17":"purchasable","18":"product-type-variable"},"_links":{"self":[{"href":"https:\/\/snus-malmo.se\/sv\/wp-json\/wp\/v2\/product\/62525","targetHints":{"allow":["GET"]}}],"collection":[{"href":"https:\/\/snus-malmo.se\/sv\/wp-json\/wp\/v2\/product"}],"about":[{"href":"https:\/\/snus-malmo.se\/sv\/wp-json\/wp\/v2\/types\/product"}],"replies":[{"embeddable":true,"href":"https:\/\/snus-malmo.se\/sv\/wp-json\/wp\/v2\/comments?post=62525"}],"version-history":[{"count":0,"href":"https:\/\/snus-malmo.se\/sv\/wp-json\/wp\/v2\/product\/62525\/revisions"}],"wp:featuredmedia":[{"embeddable":true,"href":"https:\/\/snus-malmo.se\/sv\/wp-json\/wp\/v2\/media\/62514"}],"wp:attachment":[{"href":"https:\/\/snus-malmo.se\/sv\/wp-json\/wp\/v2\/media?parent=62525"}],"wp:term":[{"taxonomy":"product_brand","embeddable":true,"href":"https:\/\/snus-malmo.se\/sv\/wp-json\/wp\/v2\/product_brand?post=62525"},{"taxonomy":"product_cat","embeddable":true,"href":"https:\/\/snus-malmo.se\/sv\/wp-json\/wp\/v2\/product_cat?post=62525"},{"taxonomy":"product_tag","embeddable":true,"href":"https:\/\/snus-malmo.se\/sv\/wp-json\/wp\/v2\/product_tag?post=62525"}],"curies":[{"name":"wp","href":"https:\/\/api.w.org\/{rel}","templated":true}]}}