{"id":62531,"date":"2025-07-06T21:15:32","date_gmt":"2025-07-06T21:15:32","guid":{"rendered":"https:\/\/snus-malmo.se\/?post_type=product&#038;p=62531"},"modified":"2025-07-26T01:03:08","modified_gmt":"2025-07-26T01:03:08","slug":"pablo-grape-ice","status":"publish","type":"product","link":"https:\/\/snus-malmo.se\/sv\/produkt\/pablo-grape-ice\/","title":{"rendered":"Pablo Grape Ice"},"content":{"rendered":"<h1>Pablo Grape Ice<\/h1>\n<h2 data-start=\"107\" data-end=\"181\"><strong data-start=\"111\" data-end=\"181\">Pablo Grape Ice \u2013 Tobaksfritt snus med s\u00f6t druvsmak och kylig mint<\/strong><\/h2>\n<p data-start=\"183\" data-end=\"507\">Letar du efter ett tobaksfritt snus som kombinerar en intensiv nikotinkick med en fruktig, s\u00f6t druvsmak och en kylande mintton? D\u00e5 \u00e4r <strong data-start=\"317\" data-end=\"336\">Pablo Grape Ice<\/strong> det perfekta snuset f\u00f6r dig. Detta snus i slim-format erbjuder en kraftfull nikotinhalt och en uppfriskande smakupplevelse som f\u00e5r b\u00e5de smakl\u00f6karna och sinnena att vakna.<\/p>\n<p data-start=\"509\" data-end=\"774\">Med den s\u00f6ta, fruktiga smaken av druva och en fr\u00e4sch mintkylning, ger <strong data-start=\"579\" data-end=\"598\">Pablo Grape Ice<\/strong> en intensifierad snusupplevelse som \u00e4r sv\u00e5r att sl\u00e5. Perfekt f\u00f6r erfarna snusare som vill ha ett tobaksfritt snus med b\u00e5de stark nikotin och en l\u00e5ngvarig, uppfriskande effekt.<\/p>\n<h2 data-start=\"776\" data-end=\"812\"><strong data-start=\"780\" data-end=\"812\">F\u00f6rdelar med Pablo Grape Ice<\/strong><\/h2>\n<ul data-start=\"814\" data-end=\"1203\">\n<li data-start=\"814\" data-end=\"890\">\n<p data-start=\"816\" data-end=\"890\"><strong data-start=\"816\" data-end=\"836\">Fruktig druvsmak<\/strong> kombinerad med kylig mint f\u00f6r en unik smakupplevelse.<\/p>\n<\/li>\n<li data-start=\"891\" data-end=\"960\">\n<p data-start=\"893\" data-end=\"960\"><strong data-start=\"893\" data-end=\"913\">Tobaksfritt snus<\/strong> \u2013 enbart nikotin f\u00f6r en renare snusupplevelse.<\/p>\n<\/li>\n<li data-start=\"961\" data-end=\"1051\">\n<p data-start=\"963\" data-end=\"1051\"><strong data-start=\"963\" data-end=\"978\">Slim-format<\/strong> f\u00f6r diskret och bekv\u00e4m anv\u00e4ndning, perfekt f\u00f6r anv\u00e4ndning var som helst.<\/p>\n<\/li>\n<li data-start=\"1052\" data-end=\"1120\">\n<p data-start=\"1054\" data-end=\"1120\"><strong data-start=\"1054\" data-end=\"1081\">Kraftfull nikotinstyrka<\/strong> som ger en snabb och l\u00e5ngvarig effekt.<\/p>\n<\/li>\n<li data-start=\"1121\" data-end=\"1203\">\n<p data-start=\"1123\" data-end=\"1203\">Idealisk f\u00f6r vana snusare som s\u00f6ker en intensiv smak och nikotinkick utan tobak.<\/p>\n<\/li>\n<\/ul>\n<h2 data-start=\"1205\" data-end=\"1232\"><strong data-start=\"1209\" data-end=\"1232\">Produktinformation:<\/strong><\/h2>\n<ul data-start=\"1234\" data-end=\"1495\">\n<li data-start=\"1234\" data-end=\"1268\">\n<p data-start=\"1236\" data-end=\"1268\"><strong data-start=\"1236\" data-end=\"1252\">Produktnamn:<\/strong> Pablo Grape Ice<\/p>\n<\/li>\n<li data-start=\"1269\" data-end=\"1313\">\n<p data-start=\"1271\" data-end=\"1313\"><strong data-start=\"1271\" data-end=\"1280\">Smak:<\/strong> S\u00f6t druva med en kylande mintton<\/p>\n<\/li>\n<li data-start=\"1314\" data-end=\"1346\">\n<p data-start=\"1316\" data-end=\"1346\"><strong data-start=\"1316\" data-end=\"1324\">Typ:<\/strong> Tobaksfritt vitt snus<\/p>\n<\/li>\n<li data-start=\"1347\" data-end=\"1387\">\n<p data-start=\"1349\" data-end=\"1387\"><strong data-start=\"1349\" data-end=\"1360\">Format:<\/strong> Slim (diskret och bekv\u00e4mt)<\/p>\n<\/li>\n<li data-start=\"1388\" data-end=\"1420\">\n<p data-start=\"1390\" data-end=\"1420\"><strong data-start=\"1390\" data-end=\"1408\">Nikotinstyrka:<\/strong> Extra stark<\/p>\n<\/li>\n<li data-start=\"1421\" data-end=\"1465\">\n<p data-start=\"1423\" data-end=\"1465\"><strong data-start=\"1423\" data-end=\"1452\">Antal portioner per dosa:<\/strong> 20 portioner<\/p>\n<\/li>\n<li data-start=\"1466\" data-end=\"1495\">\n<p data-start=\"1468\" data-end=\"1495\"><strong data-start=\"1468\" data-end=\"1484\">Tillverkare:<\/strong> NGP Empire<\/p>\n<\/li>\n<\/ul>\n<h3 data-start=\"1497\" data-end=\"1562\"><strong data-start=\"1501\" data-end=\"1562\">K\u00f6p Pablo Grape Ice online \u2013 Snabb leverans hos Veloop.se<\/strong><\/h3>\n<p data-start=\"1564\" data-end=\"1801\">Hos <strong data-start=\"1568\" data-end=\"1581\">Veloop.se<\/strong> kan du enkelt och snabbt best\u00e4lla <strong data-start=\"1616\" data-end=\"1635\">Pablo Grape Ice<\/strong> online och f\u00e5 ditt snus levererat direkt hem. Vi erbjuder ett brett sortiment av starkt tobaksfritt snus med fri frakt vid k\u00f6p \u00f6ver en viss gr\u00e4ns och snabb leverans.<\/p>\n<hr data-start=\"1803\" data-end=\"1806\" \/>\n<h2 data-start=\"1808\" data-end=\"1847\"><strong data-start=\"1812\" data-end=\"1847\">Andra popul\u00e4ra Pablo-varianter:<\/strong><\/h2>\n<ul data-start=\"1849\" data-end=\"2843\">\n<li data-start=\"1849\" data-end=\"1923\">\n<p data-start=\"1851\" data-end=\"1923\"><strong data-start=\"1851\" data-end=\"1871\">Pablo X Ice Cold<\/strong> \u2013 Stark mint med h\u00f6g nikotinhalt och intensiv kyla.<\/p>\n<\/li>\n<li data-start=\"1924\" data-end=\"1986\">\n<p data-start=\"1926\" data-end=\"1986\"><strong data-start=\"1926\" data-end=\"1946\">Pablo Banana Ice<\/strong> \u2013 Tropisk banansmak med en iskall kyla.<\/p>\n<\/li>\n<li data-start=\"1987\" data-end=\"2045\">\n<p data-start=\"1989\" data-end=\"2045\"><strong data-start=\"1989\" data-end=\"2003\">Pablo Pear<\/strong> \u2013 Frisk p\u00e4ronsmak med en kylande mintton.<\/p>\n<\/li>\n<li data-start=\"2046\" data-end=\"2110\">\n<p data-start=\"2048\" data-end=\"2110\"><strong data-start=\"2048\" data-end=\"2067\">Pablo Grape Ice<\/strong> \u2013 S\u00f6t och fruktig druvsmak med kylig mint.<\/p>\n<\/li>\n<li data-start=\"2111\" data-end=\"2200\">\n<p data-start=\"2113\" data-end=\"2200\"><strong data-start=\"2113\" data-end=\"2140\">Pablo Strawberry Lychee<\/strong> \u2013 Exotisk blandning av jordgubbe och litchi med frisk mint.<\/p>\n<\/li>\n<li data-start=\"2201\" data-end=\"2282\">\n<p data-start=\"2203\" data-end=\"2282\"><strong data-start=\"2203\" data-end=\"2234\">Pablo Strawberry Cheesecake<\/strong> \u2013 Kr\u00e4mig jordgubbst\u00e5rta med en fr\u00e4sch mintkyla.<\/p>\n<\/li>\n<li data-start=\"2283\" data-end=\"2362\">\n<p data-start=\"2285\" data-end=\"2362\"><strong data-start=\"2285\" data-end=\"2304\">Pablo Bubbelgum<\/strong> \u2013 S\u00f6t smak av klassiskt bubbelgum med en kylande mintton.<\/p>\n<\/li>\n<li data-start=\"2363\" data-end=\"2437\">\n<p data-start=\"2365\" data-end=\"2437\"><strong data-start=\"2365\" data-end=\"2388\">Pablo Passion Fruit<\/strong> \u2013 Tropisk passionsfrukt med en kylande mintsmak.<\/p>\n<\/li>\n<li data-start=\"2438\" data-end=\"2501\">\n<p data-start=\"2440\" data-end=\"2501\"><strong data-start=\"2440\" data-end=\"2454\">Pablo Kiwi<\/strong> \u2013 Frisk och syrlig kiwi blandad med sval mint.<\/p>\n<\/li>\n<li data-start=\"2502\" data-end=\"2588\">\n<p data-start=\"2504\" data-end=\"2588\"><strong data-start=\"2504\" data-end=\"2526\">Pablo Frosted Mint<\/strong> \u2013 Intensiv mint med en fryst k\u00e4nsla, perfekt f\u00f6r kyla\u00e4lskare.<\/p>\n<\/li>\n<li data-start=\"2589\" data-end=\"2646\">\n<p data-start=\"2591\" data-end=\"2646\"><strong data-start=\"2591\" data-end=\"2609\">Pablo Ice Cold<\/strong> \u2013 Klassisk mint med h\u00f6g nikotinhalt.<\/p>\n<\/li>\n<li data-start=\"2647\" data-end=\"2707\">\n<p data-start=\"2649\" data-end=\"2707\"><strong data-start=\"2649\" data-end=\"2669\">Pablo Banana Ice<\/strong> \u2013 Tropisk kyla med stark nikotinkick.<\/p>\n<\/li>\n<li data-start=\"2708\" data-end=\"2765\">\n<p data-start=\"2710\" data-end=\"2765\"><strong data-start=\"2710\" data-end=\"2732\">Pablo Frosted Mint<\/strong> \u2013 Maximal styrka och kyla i ett.<\/p>\n<\/li>\n<li data-start=\"2766\" data-end=\"2843\">\n<p data-start=\"2768\" data-end=\"2843\"><strong data-start=\"2768\" data-end=\"2788\">Pablo X Ice Cold<\/strong> \u2013 F\u00f6r dig som vill ha det starkaste tobaksfria snuset.<\/p>\n<\/li>\n<\/ul>\n<hr data-start=\"2845\" data-end=\"2848\" \/>\n<h3 data-start=\"2850\" data-end=\"2913\"><strong data-start=\"2854\" data-end=\"2913\">Upplev den ultimata snusupplevelsen med Pablo Grape Ice<\/strong><\/h3>\n<p data-start=\"2915\" data-end=\"3227\">V\u00e4lj <strong data-start=\"2920\" data-end=\"2939\">Pablo Grape Ice<\/strong> om du vill ha ett tobaksfritt snus som levererar en intensiv druvsmak och en kylande mintk\u00e4nsla, perfekt f\u00f6r den som s\u00f6ker b\u00e5de styrka och friskhet utan att kompromissa p\u00e5 kvalitet. <strong data-start=\"3122\" data-end=\"3164\">K\u00f6p Pablo Grape Ice idag hos Veloop.se<\/strong> och njut av snabb leverans och fri frakt vid k\u00f6p \u00f6ver gr\u00e4nsen!<\/p>","protected":false},"excerpt":{"rendered":"<h1>Pablo Grape Ice<\/h1>\n<h1><img decoding=\"async\" class=\"wp-image-62512 alignleft\" src=\"https:\/\/snus-malmo.se\/wp-content\/uploads\/2025\/07\/loggo.webp\" alt=\"\" width=\"101\" height=\"71\" srcset=\"https:\/\/snus-malmo.se\/wp-content\/uploads\/2025\/07\/loggo.webp 400w, https:\/\/snus-malmo.se\/wp-content\/uploads\/2025\/07\/loggo-18x12.webp 18w\" sizes=\"(max-width: 101px) 100vw, 101px\" \/><\/h1>\n<h2 data-start=\"107\" data-end=\"181\"><strong data-start=\"111\" data-end=\"181\">Pablo Grape Ice \u2013 Tobaksfritt snus med s\u00f6t druvsmak och kylig mint<\/strong><\/h2>\n<p data-start=\"183\" data-end=\"507\">Letar du efter ett tobaksfritt snus som kombinerar en intensiv nikotinkick med en fruktig, s\u00f6t druvsmak och en kylande mintton? D\u00e5 \u00e4r <strong data-start=\"317\" data-end=\"336\">Pablo Grape Ice<\/strong> det perfekta snuset f\u00f6r dig. Detta snus i slim-format erbjuder en kraftfull nikotinhalt och en uppfriskande smakupplevelse som f\u00e5r b\u00e5de smakl\u00f6karna och sinnena att vakna.<\/p>\n<p>&nbsp;<\/p>","protected":false},"featured_media":62509,"comment_status":"open","ping_status":"closed","template":"","meta":[],"product_brand":[386],"product_cat":[136,355,356,232,137],"product_tag":[],"class_list":{"0":"post-62531","1":"product","2":"type-product","3":"status-publish","4":"has-post-thumbnail","6":"product_brand-pablo","7":"product_cat-all-whites","8":"product_cat-extra-strongextra-stark","9":"product_cat-extreme","10":"product_cat-pablo","11":"product_cat-slim","13":"first","14":"instock","15":"taxable","16":"shipping-taxable","17":"purchasable","18":"product-type-variable"},"_links":{"self":[{"href":"https:\/\/snus-malmo.se\/sv\/wp-json\/wp\/v2\/product\/62531","targetHints":{"allow":["GET"]}}],"collection":[{"href":"https:\/\/snus-malmo.se\/sv\/wp-json\/wp\/v2\/product"}],"about":[{"href":"https:\/\/snus-malmo.se\/sv\/wp-json\/wp\/v2\/types\/product"}],"replies":[{"embeddable":true,"href":"https:\/\/snus-malmo.se\/sv\/wp-json\/wp\/v2\/comments?post=62531"}],"version-history":[{"count":0,"href":"https:\/\/snus-malmo.se\/sv\/wp-json\/wp\/v2\/product\/62531\/revisions"}],"wp:featuredmedia":[{"embeddable":true,"href":"https:\/\/snus-malmo.se\/sv\/wp-json\/wp\/v2\/media\/62509"}],"wp:attachment":[{"href":"https:\/\/snus-malmo.se\/sv\/wp-json\/wp\/v2\/media?parent=62531"}],"wp:term":[{"taxonomy":"product_brand","embeddable":true,"href":"https:\/\/snus-malmo.se\/sv\/wp-json\/wp\/v2\/product_brand?post=62531"},{"taxonomy":"product_cat","embeddable":true,"href":"https:\/\/snus-malmo.se\/sv\/wp-json\/wp\/v2\/product_cat?post=62531"},{"taxonomy":"product_tag","embeddable":true,"href":"https:\/\/snus-malmo.se\/sv\/wp-json\/wp\/v2\/product_tag?post=62531"}],"curies":[{"name":"wp","href":"https:\/\/api.w.org\/{rel}","templated":true}]}}