{"id":62537,"date":"2025-07-06T21:22:21","date_gmt":"2025-07-06T21:22:21","guid":{"rendered":"https:\/\/snus-malmo.se\/?post_type=product&#038;p=62537"},"modified":"2025-07-26T01:02:45","modified_gmt":"2025-07-26T01:02:45","slug":"pablo-banan-ice","status":"publish","type":"product","link":"https:\/\/snus-malmo.se\/sv\/produkt\/pablo-banan-ice\/","title":{"rendered":"Pablo Banan Ice"},"content":{"rendered":"<h1>Pablo Banan Ice<\/h1>\n<h2 data-start=\"104\" data-end=\"185\"><strong data-start=\"108\" data-end=\"185\">Pablo Banana Ice \u2013 Tobaksfritt snus med tropisk banansmak och iskall kyla<\/strong><\/h2>\n<p data-start=\"187\" data-end=\"497\">Letar du efter ett tobaksfritt snus som erbjuder b\u00e5de en kraftfull nikotinkick och en uppfriskande, tropisk banansmak med intensiv kyla? D\u00e5 \u00e4r <strong data-start=\"330\" data-end=\"350\">Pablo Banana Ice<\/strong> det perfekta valet. Detta snus i slim-format \u00e4r designat f\u00f6r erfarna anv\u00e4ndare som s\u00f6ker en stark nikotinhalt och en sval, tropisk smakupplevelse.<\/p>\n<p data-start=\"499\" data-end=\"756\">Med sin s\u00f6ta banansmak och en fr\u00e4sch mintkyla, ger <strong data-start=\"550\" data-end=\"570\">Pablo Banana Ice<\/strong> en unik snusupplevelse som inte liknar n\u00e5got annat p\u00e5 marknaden. Det \u00e4r det ultimata snuset f\u00f6r dig som vill ha ett tobaksfritt alternativ med b\u00e5de intensiv smak och l\u00e5ngvarig friskhet.<\/p>\n<h2 data-start=\"758\" data-end=\"795\"><strong data-start=\"762\" data-end=\"795\">F\u00f6rdelar med Pablo Banana Ice<\/strong><\/h2>\n<ul data-start=\"797\" data-end=\"1168\">\n<li data-start=\"797\" data-end=\"863\">\n<p data-start=\"799\" data-end=\"863\"><strong data-start=\"799\" data-end=\"820\">Tropisk banansmak<\/strong> som ger en s\u00f6t och fruktig smakupplevelse.<\/p>\n<\/li>\n<li data-start=\"864\" data-end=\"950\">\n<p data-start=\"866\" data-end=\"950\"><strong data-start=\"866\" data-end=\"886\">Tobaksfritt snus<\/strong> \u2013 enbart nikotin f\u00f6r en renare och kraftfullare snusupplevelse.<\/p>\n<\/li>\n<li data-start=\"951\" data-end=\"1023\">\n<p data-start=\"953\" data-end=\"1023\"><strong data-start=\"953\" data-end=\"968\">Slim-format<\/strong> f\u00f6r diskret och bekv\u00e4m anv\u00e4ndning n\u00e4r du \u00e4r p\u00e5 spr\u00e5ng.<\/p>\n<\/li>\n<li data-start=\"1024\" data-end=\"1079\">\n<p data-start=\"1026\" data-end=\"1079\"><strong data-start=\"1026\" data-end=\"1044\">Iskall mintton<\/strong> som ger en fr\u00e4sch, kylande effekt.<\/p>\n<\/li>\n<li data-start=\"1080\" data-end=\"1168\">\n<p data-start=\"1082\" data-end=\"1168\">Perfekt f\u00f6r vana snusare som s\u00f6ker en intensiv nikotinkick och en smakfull upplevelse.<\/p>\n<\/li>\n<\/ul>\n<h2 data-start=\"1170\" data-end=\"1197\"><strong data-start=\"1174\" data-end=\"1197\">Produktinformation:<\/strong><\/h2>\n<ul data-start=\"1199\" data-end=\"1465\">\n<li data-start=\"1199\" data-end=\"1234\">\n<p data-start=\"1201\" data-end=\"1234\"><strong data-start=\"1201\" data-end=\"1217\">Produktnamn:<\/strong> Pablo Banana Ice<\/p>\n<\/li>\n<li data-start=\"1235\" data-end=\"1283\">\n<p data-start=\"1237\" data-end=\"1283\"><strong data-start=\"1237\" data-end=\"1246\">Smak:<\/strong> Tropisk banan med en kylande mintton<\/p>\n<\/li>\n<li data-start=\"1284\" data-end=\"1316\">\n<p data-start=\"1286\" data-end=\"1316\"><strong data-start=\"1286\" data-end=\"1294\">Typ:<\/strong> Tobaksfritt vitt snus<\/p>\n<\/li>\n<li data-start=\"1317\" data-end=\"1357\">\n<p data-start=\"1319\" data-end=\"1357\"><strong data-start=\"1319\" data-end=\"1330\">Format:<\/strong> Slim (diskret och bekv\u00e4mt)<\/p>\n<\/li>\n<li data-start=\"1358\" data-end=\"1390\">\n<p data-start=\"1360\" data-end=\"1390\"><strong data-start=\"1360\" data-end=\"1378\">Nikotinstyrka:<\/strong> Extra stark<\/p>\n<\/li>\n<li data-start=\"1391\" data-end=\"1435\">\n<p data-start=\"1393\" data-end=\"1435\"><strong data-start=\"1393\" data-end=\"1422\">Antal portioner per dosa:<\/strong> 20 portioner<\/p>\n<\/li>\n<li data-start=\"1436\" data-end=\"1465\">\n<p data-start=\"1438\" data-end=\"1465\"><strong data-start=\"1438\" data-end=\"1454\">Tillverkare:<\/strong> NGP Empire<\/p>\n<\/li>\n<\/ul>\n<h3 data-start=\"1467\" data-end=\"1533\"><strong data-start=\"1471\" data-end=\"1533\">K\u00f6p Pablo Banana Ice online \u2013 Snabb leverans hos Veloop.se<\/strong><\/h3>\n<p data-start=\"1535\" data-end=\"1753\">Best\u00e4ll <strong data-start=\"1543\" data-end=\"1563\">Pablo Banana Ice<\/strong> snabbt och enkelt hos <strong data-start=\"1586\" data-end=\"1599\">Veloop.se<\/strong> och f\u00e5 ditt snus levererat hem till dig. Vi erbjuder ett brett sortiment av tobaksfritt snus med fri frakt vid k\u00f6p \u00f6ver en viss gr\u00e4ns och snabb leverans.<\/p>\n<hr data-start=\"1755\" data-end=\"1758\" \/>\n<h2 data-start=\"1760\" data-end=\"1799\"><strong data-start=\"1764\" data-end=\"1799\">Andra popul\u00e4ra Pablo-varianter:<\/strong><\/h2>\n<ul data-start=\"1801\" data-end=\"2792\">\n<li data-start=\"1801\" data-end=\"1875\">\n<p data-start=\"1803\" data-end=\"1875\"><strong data-start=\"1803\" data-end=\"1823\">Pablo X Ice Cold<\/strong> \u2013 Stark mint med h\u00f6g nikotinhalt och intensiv kyla.<\/p>\n<\/li>\n<li data-start=\"1876\" data-end=\"1935\">\n<p data-start=\"1878\" data-end=\"1935\"><strong data-start=\"1878\" data-end=\"1898\">Pablo Banana Ice<\/strong> \u2013 Tropisk banansmak med iskall kyla.<\/p>\n<\/li>\n<li data-start=\"1936\" data-end=\"1994\">\n<p data-start=\"1938\" data-end=\"1994\"><strong data-start=\"1938\" data-end=\"1952\">Pablo Pear<\/strong> \u2013 Frisk p\u00e4ronsmak med en kylande mintton.<\/p>\n<\/li>\n<li data-start=\"1995\" data-end=\"2059\">\n<p data-start=\"1997\" data-end=\"2059\"><strong data-start=\"1997\" data-end=\"2016\">Pablo Grape Ice<\/strong> \u2013 S\u00f6t och fruktig druvsmak med kylig mint.<\/p>\n<\/li>\n<li data-start=\"2060\" data-end=\"2149\">\n<p data-start=\"2062\" data-end=\"2149\"><strong data-start=\"2062\" data-end=\"2089\">Pablo Strawberry Lychee<\/strong> \u2013 Exotisk blandning av jordgubbe och litchi med frisk mint.<\/p>\n<\/li>\n<li data-start=\"2150\" data-end=\"2231\">\n<p data-start=\"2152\" data-end=\"2231\"><strong data-start=\"2152\" data-end=\"2183\">Pablo Strawberry Cheesecake<\/strong> \u2013 Kr\u00e4mig jordgubbst\u00e5rta med en fr\u00e4sch mintkyla.<\/p>\n<\/li>\n<li data-start=\"2232\" data-end=\"2311\">\n<p data-start=\"2234\" data-end=\"2311\"><strong data-start=\"2234\" data-end=\"2253\">Pablo Bubbelgum<\/strong> \u2013 S\u00f6t smak av klassiskt bubbelgum med en kylande mintton.<\/p>\n<\/li>\n<li data-start=\"2312\" data-end=\"2386\">\n<p data-start=\"2314\" data-end=\"2386\"><strong data-start=\"2314\" data-end=\"2337\">Pablo Passion Fruit<\/strong> \u2013 Tropisk passionsfrukt med en kylande mintsmak.<\/p>\n<\/li>\n<li data-start=\"2387\" data-end=\"2450\">\n<p data-start=\"2389\" data-end=\"2450\"><strong data-start=\"2389\" data-end=\"2403\">Pablo Kiwi<\/strong> \u2013 Frisk och syrlig kiwi blandad med sval mint.<\/p>\n<\/li>\n<li data-start=\"2451\" data-end=\"2537\">\n<p data-start=\"2453\" data-end=\"2537\"><strong data-start=\"2453\" data-end=\"2475\">Pablo Frosted Mint<\/strong> \u2013 Intensiv mint med en fryst k\u00e4nsla, perfekt f\u00f6r kyla\u00e4lskare.<\/p>\n<\/li>\n<li data-start=\"2538\" data-end=\"2595\">\n<p data-start=\"2540\" data-end=\"2595\"><strong data-start=\"2540\" data-end=\"2558\">Pablo Ice Cold<\/strong> \u2013 Klassisk mint med h\u00f6g nikotinhalt.<\/p>\n<\/li>\n<li data-start=\"2596\" data-end=\"2656\">\n<p data-start=\"2598\" data-end=\"2656\"><strong data-start=\"2598\" data-end=\"2618\">Pablo Banana Ice<\/strong> \u2013 Tropisk kyla med stark nikotinkick.<\/p>\n<\/li>\n<li data-start=\"2657\" data-end=\"2714\">\n<p data-start=\"2659\" data-end=\"2714\"><strong data-start=\"2659\" data-end=\"2681\">Pablo Frosted Mint<\/strong> \u2013 Maximal styrka och kyla i ett.<\/p>\n<\/li>\n<li data-start=\"2715\" data-end=\"2792\">\n<p data-start=\"2717\" data-end=\"2792\"><strong data-start=\"2717\" data-end=\"2737\">Pablo X Ice Cold<\/strong> \u2013 F\u00f6r dig som vill ha det starkaste tobaksfria snuset.<\/p>\n<\/li>\n<\/ul>\n<hr data-start=\"2794\" data-end=\"2797\" \/>\n<h3 data-start=\"2799\" data-end=\"2860\"><strong data-start=\"2803\" data-end=\"2860\">Upplev en tropisk snusupplevelse med Pablo Banana Ice<\/strong><\/h3>\n<p data-start=\"2862\" data-end=\"3122\">V\u00e4lj <strong data-start=\"2867\" data-end=\"2887\">Pablo Banana Ice<\/strong> om du vill ha ett tobaksfritt snus med en kraftfull nikotinkick och en h\u00e4rlig tropisk banansmak blandat med en kylande mintton. <strong data-start=\"3016\" data-end=\"3059\">K\u00f6p Pablo Banana Ice idag hos Veloop.se<\/strong> och njut av snabb leverans och fri frakt vid k\u00f6p \u00f6ver gr\u00e4nsen!<\/p>\n<hr data-start=\"3124\" data-end=\"3127\" \/>","protected":false},"excerpt":{"rendered":"<h1>Pablo Banan Ice<\/h1>\n<h1><img decoding=\"async\" class=\"wp-image-62512 alignleft\" src=\"https:\/\/snus-malmo.se\/wp-content\/uploads\/2025\/07\/loggo.webp\" alt=\"\" width=\"101\" height=\"71\" srcset=\"https:\/\/snus-malmo.se\/wp-content\/uploads\/2025\/07\/loggo.webp 400w, https:\/\/snus-malmo.se\/wp-content\/uploads\/2025\/07\/loggo-18x12.webp 18w\" sizes=\"(max-width: 101px) 100vw, 101px\" \/><\/h1>\n<h2 data-start=\"104\" data-end=\"185\"><strong data-start=\"108\" data-end=\"185\">Pablo Banana Ice \u2013 Tobaksfritt snus med tropisk banansmak och iskall kyla<\/strong><\/h2>\n<p data-start=\"187\" data-end=\"497\">Letar du efter ett tobaksfritt snus som erbjuder b\u00e5de en kraftfull nikotinkick och en uppfriskande, tropisk banansmak med intensiv kyla? D\u00e5 \u00e4r <strong data-start=\"330\" data-end=\"350\">Pablo Banana Ice<\/strong> det perfekta valet. Detta snus i slim-format \u00e4r designat f\u00f6r erfarna anv\u00e4ndare som s\u00f6ker en stark nikotinhalt och en sval, tropisk smakupplevelse.<\/p>\n<p>&nbsp;<\/p>","protected":false},"featured_media":62505,"comment_status":"open","ping_status":"closed","template":"","meta":[],"product_brand":[386],"product_cat":[136,355,356,232,137],"product_tag":[],"class_list":{"0":"post-62537","1":"product","2":"type-product","3":"status-publish","4":"has-post-thumbnail","6":"product_brand-pablo","7":"product_cat-all-whites","8":"product_cat-extra-strongextra-stark","9":"product_cat-extreme","10":"product_cat-pablo","11":"product_cat-slim","13":"first","14":"instock","15":"taxable","16":"shipping-taxable","17":"purchasable","18":"product-type-variable"},"_links":{"self":[{"href":"https:\/\/snus-malmo.se\/sv\/wp-json\/wp\/v2\/product\/62537","targetHints":{"allow":["GET"]}}],"collection":[{"href":"https:\/\/snus-malmo.se\/sv\/wp-json\/wp\/v2\/product"}],"about":[{"href":"https:\/\/snus-malmo.se\/sv\/wp-json\/wp\/v2\/types\/product"}],"replies":[{"embeddable":true,"href":"https:\/\/snus-malmo.se\/sv\/wp-json\/wp\/v2\/comments?post=62537"}],"version-history":[{"count":0,"href":"https:\/\/snus-malmo.se\/sv\/wp-json\/wp\/v2\/product\/62537\/revisions"}],"wp:featuredmedia":[{"embeddable":true,"href":"https:\/\/snus-malmo.se\/sv\/wp-json\/wp\/v2\/media\/62505"}],"wp:attachment":[{"href":"https:\/\/snus-malmo.se\/sv\/wp-json\/wp\/v2\/media?parent=62537"}],"wp:term":[{"taxonomy":"product_brand","embeddable":true,"href":"https:\/\/snus-malmo.se\/sv\/wp-json\/wp\/v2\/product_brand?post=62537"},{"taxonomy":"product_cat","embeddable":true,"href":"https:\/\/snus-malmo.se\/sv\/wp-json\/wp\/v2\/product_cat?post=62537"},{"taxonomy":"product_tag","embeddable":true,"href":"https:\/\/snus-malmo.se\/sv\/wp-json\/wp\/v2\/product_tag?post=62537"}],"curies":[{"name":"wp","href":"https:\/\/api.w.org\/{rel}","templated":true}]}}