{"id":62543,"date":"2025-07-06T21:35:25","date_gmt":"2025-07-06T21:35:25","guid":{"rendered":"https:\/\/snus-malmo.se\/?post_type=product&#038;p=62543"},"modified":"2025-07-26T01:02:20","modified_gmt":"2025-07-26T01:02:20","slug":"pablo-pear","status":"publish","type":"product","link":"https:\/\/snus-malmo.se\/sv\/produkt\/pablo-pear\/","title":{"rendered":"Pablo Pear"},"content":{"rendered":"<h1>Pablo Pear<\/h1>\n<h2 data-start=\"102\" data-end=\"179\"><strong data-start=\"106\" data-end=\"179\">Pablo Pear \u2013 Tobaksfritt snus med frisk p\u00e4ronsmak och kylande mintton<\/strong><\/h2>\n<p data-start=\"181\" data-end=\"509\">Letar du efter ett tobaksfritt snus som kombinerar en kraftfull nikotinkick med en frisk och s\u00f6t p\u00e4ronsmak, kompletterad med en kylande mintton? D\u00e5 \u00e4r <strong data-start=\"332\" data-end=\"346\">Pablo Pear<\/strong> det perfekta snuset f\u00f6r dig. Detta slim-format snus \u00e4r designat f\u00f6r erfarna anv\u00e4ndare som vill ha en intensiv nikotineffekt och en fr\u00e4sch, fruktig smakupplevelse.<\/p>\n<p data-start=\"511\" data-end=\"744\">Med den balanserade smaken av p\u00e4ron och en uppfriskande mintkyla, erbjuder <strong data-start=\"586\" data-end=\"600\">Pablo Pear<\/strong> en unik snusupplevelse som \u00e4r b\u00e5de s\u00f6tt och friskt. Perfekt f\u00f6r dig som s\u00f6ker ett tobaksfritt snus med b\u00e5de smakrikedom och l\u00e5ngvarig fr\u00e4sch\u00f6r.<\/p>\n<h2 data-start=\"746\" data-end=\"777\"><strong data-start=\"750\" data-end=\"777\">F\u00f6rdelar med Pablo Pear<\/strong><\/h2>\n<ul data-start=\"779\" data-end=\"1132\">\n<li data-start=\"779\" data-end=\"848\">\n<p data-start=\"781\" data-end=\"848\"><strong data-start=\"781\" data-end=\"800\">Frisk p\u00e4ronsmak<\/strong> som ger en s\u00f6t och uppfriskande smakupplevelse.<\/p>\n<\/li>\n<li data-start=\"849\" data-end=\"924\">\n<p data-start=\"851\" data-end=\"924\"><strong data-start=\"851\" data-end=\"871\">Tobaksfritt snus<\/strong> \u2013 endast nikotin f\u00f6r en ren och intensiv upplevelse.<\/p>\n<\/li>\n<li data-start=\"925\" data-end=\"997\">\n<p data-start=\"927\" data-end=\"997\"><strong data-start=\"927\" data-end=\"942\">Slim-format<\/strong> f\u00f6r diskret och bekv\u00e4m anv\u00e4ndning n\u00e4r du \u00e4r p\u00e5 spr\u00e5ng.<\/p>\n<\/li>\n<li data-start=\"998\" data-end=\"1054\">\n<p data-start=\"1000\" data-end=\"1054\"><strong data-start=\"1000\" data-end=\"1019\">Kylande mintton<\/strong> som ger en sval och fr\u00e4sch k\u00e4nsla.<\/p>\n<\/li>\n<li data-start=\"1055\" data-end=\"1132\">\n<p data-start=\"1057\" data-end=\"1132\">Idealisk f\u00f6r vana snusare som s\u00f6ker b\u00e5de smak och en kraftfull nikotinkick.<\/p>\n<\/li>\n<\/ul>\n<h2 data-start=\"1134\" data-end=\"1161\"><strong data-start=\"1138\" data-end=\"1161\">Produktinformation:<\/strong><\/h2>\n<ul data-start=\"1163\" data-end=\"1433\">\n<li data-start=\"1163\" data-end=\"1192\">\n<p data-start=\"1165\" data-end=\"1192\"><strong data-start=\"1165\" data-end=\"1181\">Produktnamn:<\/strong> Pablo Pear<\/p>\n<\/li>\n<li data-start=\"1193\" data-end=\"1251\">\n<p data-start=\"1195\" data-end=\"1251\"><strong data-start=\"1195\" data-end=\"1204\">Smak:<\/strong> Frisk och s\u00f6t p\u00e4ronsmak med en kylande mintton<\/p>\n<\/li>\n<li data-start=\"1252\" data-end=\"1284\">\n<p data-start=\"1254\" data-end=\"1284\"><strong data-start=\"1254\" data-end=\"1262\">Typ:<\/strong> Tobaksfritt vitt snus<\/p>\n<\/li>\n<li data-start=\"1285\" data-end=\"1325\">\n<p data-start=\"1287\" data-end=\"1325\"><strong data-start=\"1287\" data-end=\"1298\">Format:<\/strong> Slim (diskret och bekv\u00e4mt)<\/p>\n<\/li>\n<li data-start=\"1326\" data-end=\"1358\">\n<p data-start=\"1328\" data-end=\"1358\"><strong data-start=\"1328\" data-end=\"1346\">Nikotinstyrka:<\/strong> Extra stark<\/p>\n<\/li>\n<li data-start=\"1359\" data-end=\"1403\">\n<p data-start=\"1361\" data-end=\"1403\"><strong data-start=\"1361\" data-end=\"1390\">Antal portioner per dosa:<\/strong> 20 portioner<\/p>\n<\/li>\n<li data-start=\"1404\" data-end=\"1433\">\n<p data-start=\"1406\" data-end=\"1433\"><strong data-start=\"1406\" data-end=\"1422\">Tillverkare:<\/strong> NGP Empire<\/p>\n<\/li>\n<\/ul>\n<h2 data-start=\"1435\" data-end=\"1495\"><strong data-start=\"1439\" data-end=\"1495\">K\u00f6p Pablo Pear online \u2013 Snabb leverans hos Veloop.se<\/strong><\/h2>\n<p data-start=\"1497\" data-end=\"1706\">Best\u00e4ll <strong data-start=\"1505\" data-end=\"1519\">Pablo Pear<\/strong> snabbt och enkelt fr\u00e5n <strong data-start=\"1543\" data-end=\"1556\">Veloop.se<\/strong> och f\u00e5 ditt snus levererat hem till dig. Vi erbjuder ett brett utbud av tobaksfritt snus med fri frakt vid k\u00f6p \u00f6ver en viss gr\u00e4ns och snabb leverans.<\/p>\n<hr data-start=\"1708\" data-end=\"1711\" \/>\n<h3 data-start=\"1713\" data-end=\"1752\"><strong data-start=\"1717\" data-end=\"1752\">Andra popul\u00e4ra Pablo-varianter:<\/strong><\/h3>\n<ul data-start=\"1754\" data-end=\"2753\">\n<li data-start=\"1754\" data-end=\"1828\">\n<p data-start=\"1756\" data-end=\"1828\"><strong data-start=\"1756\" data-end=\"1776\">Pablo X Ice Cold<\/strong> \u2013 Stark mint med h\u00f6g nikotinhalt och intensiv kyla.<\/p>\n<\/li>\n<li data-start=\"1829\" data-end=\"1888\">\n<p data-start=\"1831\" data-end=\"1888\"><strong data-start=\"1831\" data-end=\"1851\">Pablo Banana Ice<\/strong> \u2013 Tropisk banansmak med iskall kyla.<\/p>\n<\/li>\n<li data-start=\"1889\" data-end=\"1955\">\n<p data-start=\"1891\" data-end=\"1955\"><strong data-start=\"1891\" data-end=\"1905\">Pablo Pear<\/strong> \u2013 Frisk och s\u00f6t p\u00e4ronsmak med en kylande mintton.<\/p>\n<\/li>\n<li data-start=\"1956\" data-end=\"2020\">\n<p data-start=\"1958\" data-end=\"2020\"><strong data-start=\"1958\" data-end=\"1977\">Pablo Grape Ice<\/strong> \u2013 S\u00f6t och fruktig druvsmak med kylig mint.<\/p>\n<\/li>\n<li data-start=\"2021\" data-end=\"2110\">\n<p data-start=\"2023\" data-end=\"2110\"><strong data-start=\"2023\" data-end=\"2050\">Pablo Strawberry Lychee<\/strong> \u2013 Exotisk blandning av jordgubbe och litchi med frisk mint.<\/p>\n<\/li>\n<li data-start=\"2111\" data-end=\"2192\">\n<p data-start=\"2113\" data-end=\"2192\"><strong data-start=\"2113\" data-end=\"2144\">Pablo Strawberry Cheesecake<\/strong> \u2013 Kr\u00e4mig jordgubbst\u00e5rta med en fr\u00e4sch mintkyla.<\/p>\n<\/li>\n<li data-start=\"2193\" data-end=\"2272\">\n<p data-start=\"2195\" data-end=\"2272\"><strong data-start=\"2195\" data-end=\"2214\">Pablo Bubbelgum<\/strong> \u2013 S\u00f6t smak av klassiskt bubbelgum med en kylande mintton.<\/p>\n<\/li>\n<li data-start=\"2273\" data-end=\"2347\">\n<p data-start=\"2275\" data-end=\"2347\"><strong data-start=\"2275\" data-end=\"2298\">Pablo Passion Fruit<\/strong> \u2013 Tropisk passionsfrukt med en kylande mintsmak.<\/p>\n<\/li>\n<li data-start=\"2348\" data-end=\"2411\">\n<p data-start=\"2350\" data-end=\"2411\"><strong data-start=\"2350\" data-end=\"2364\">Pablo Kiwi<\/strong> \u2013 Frisk och syrlig kiwi blandad med sval mint.<\/p>\n<\/li>\n<li data-start=\"2412\" data-end=\"2498\">\n<p data-start=\"2414\" data-end=\"2498\"><strong data-start=\"2414\" data-end=\"2436\">Pablo Frosted Mint<\/strong> \u2013 Intensiv mint med en fryst k\u00e4nsla, perfekt f\u00f6r kyla\u00e4lskare.<\/p>\n<\/li>\n<li data-start=\"2499\" data-end=\"2556\">\n<p data-start=\"2501\" data-end=\"2556\"><strong data-start=\"2501\" data-end=\"2519\">Pablo Ice Cold<\/strong> \u2013 Klassisk mint med h\u00f6g nikotinhalt.<\/p>\n<\/li>\n<li data-start=\"2557\" data-end=\"2617\">\n<p data-start=\"2559\" data-end=\"2617\"><strong data-start=\"2559\" data-end=\"2579\">Pablo Banana Ice<\/strong> \u2013 Tropisk kyla med stark nikotinkick.<\/p>\n<\/li>\n<li data-start=\"2618\" data-end=\"2675\">\n<p data-start=\"2620\" data-end=\"2675\"><strong data-start=\"2620\" data-end=\"2642\">Pablo Frosted Mint<\/strong> \u2013 Maximal styrka och kyla i ett.<\/p>\n<\/li>\n<li data-start=\"2676\" data-end=\"2753\">\n<p data-start=\"2678\" data-end=\"2753\"><strong data-start=\"2678\" data-end=\"2698\">Pablo X Ice Cold<\/strong> \u2013 F\u00f6r dig som vill ha det starkaste tobaksfria snuset.<\/p>\n<\/li>\n<\/ul>\n<hr data-start=\"2755\" data-end=\"2758\" \/>\n<h3 data-start=\"2760\" data-end=\"2820\"><strong data-start=\"2764\" data-end=\"2820\">Upplev en uppfriskande snusupplevelse med Pablo Pear<\/strong><\/h3>\n<p data-start=\"2822\" data-end=\"3115\">V\u00e4lj <strong data-start=\"2827\" data-end=\"2841\">Pablo Pear<\/strong> om du vill ha ett tobaksfritt snus med en frisk p\u00e4ronsmak och en sval mintton. Det perfekta valet f\u00f6r dig som s\u00f6ker b\u00e5de smakrikedom och en intensiv nikotinkick utan tobak.<\/p>\n<p data-start=\"2822\" data-end=\"3115\"><strong data-start=\"3015\" data-end=\"3052\">K\u00f6p Pablo Pear idag hos Veloop.se<\/strong> och njut av snabb leverans och fri frakt vid k\u00f6p \u00f6ver gr\u00e4nsen!<\/p>\n<hr data-start=\"3124\" data-end=\"3127\" \/>","protected":false},"excerpt":{"rendered":"<h1>Pablo Pear<\/h1>\n<h1><img decoding=\"async\" class=\"wp-image-62512 alignleft\" src=\"https:\/\/snus-malmo.se\/wp-content\/uploads\/2025\/07\/loggo.webp\" alt=\"\" width=\"101\" height=\"71\" srcset=\"https:\/\/snus-malmo.se\/wp-content\/uploads\/2025\/07\/loggo.webp 400w, https:\/\/snus-malmo.se\/wp-content\/uploads\/2025\/07\/loggo-18x12.webp 18w\" sizes=\"(max-width: 101px) 100vw, 101px\" \/><\/h1>\n<h2 data-start=\"102\" data-end=\"179\"><strong data-start=\"106\" data-end=\"179\">Pablo Pear \u2013 Tobaksfritt snus med frisk p\u00e4ronsmak och kylande mintton<\/strong><\/h2>\n<p data-start=\"181\" data-end=\"509\">Letar du efter ett tobaksfritt snus som kombinerar en kraftfull nikotinkick med en frisk och s\u00f6t p\u00e4ronsmak, kompletterad med en kylande mintton? D\u00e5 \u00e4r <strong data-start=\"332\" data-end=\"346\">Pablo Pear<\/strong> det perfekta snuset f\u00f6r dig. Detta slim-format snus \u00e4r designat f\u00f6r erfarna anv\u00e4ndare som vill ha en intensiv nikotineffekt och en fr\u00e4sch, fruktig smakupplevelse.<\/p>\n<p>&nbsp;<\/p>","protected":false},"featured_media":62515,"comment_status":"open","ping_status":"closed","template":"","meta":[],"product_brand":[386],"product_cat":[136,355,356,232,137],"product_tag":[],"class_list":{"0":"post-62543","1":"product","2":"type-product","3":"status-publish","4":"has-post-thumbnail","6":"product_brand-pablo","7":"product_cat-all-whites","8":"product_cat-extra-strongextra-stark","9":"product_cat-extreme","10":"product_cat-pablo","11":"product_cat-slim","13":"first","14":"instock","15":"taxable","16":"shipping-taxable","17":"purchasable","18":"product-type-variable"},"_links":{"self":[{"href":"https:\/\/snus-malmo.se\/sv\/wp-json\/wp\/v2\/product\/62543","targetHints":{"allow":["GET"]}}],"collection":[{"href":"https:\/\/snus-malmo.se\/sv\/wp-json\/wp\/v2\/product"}],"about":[{"href":"https:\/\/snus-malmo.se\/sv\/wp-json\/wp\/v2\/types\/product"}],"replies":[{"embeddable":true,"href":"https:\/\/snus-malmo.se\/sv\/wp-json\/wp\/v2\/comments?post=62543"}],"version-history":[{"count":0,"href":"https:\/\/snus-malmo.se\/sv\/wp-json\/wp\/v2\/product\/62543\/revisions"}],"wp:featuredmedia":[{"embeddable":true,"href":"https:\/\/snus-malmo.se\/sv\/wp-json\/wp\/v2\/media\/62515"}],"wp:attachment":[{"href":"https:\/\/snus-malmo.se\/sv\/wp-json\/wp\/v2\/media?parent=62543"}],"wp:term":[{"taxonomy":"product_brand","embeddable":true,"href":"https:\/\/snus-malmo.se\/sv\/wp-json\/wp\/v2\/product_brand?post=62543"},{"taxonomy":"product_cat","embeddable":true,"href":"https:\/\/snus-malmo.se\/sv\/wp-json\/wp\/v2\/product_cat?post=62543"},{"taxonomy":"product_tag","embeddable":true,"href":"https:\/\/snus-malmo.se\/sv\/wp-json\/wp\/v2\/product_tag?post=62543"}],"curies":[{"name":"wp","href":"https:\/\/api.w.org\/{rel}","templated":true}]}}