{"id":62549,"date":"2025-07-06T21:42:04","date_gmt":"2025-07-06T21:42:04","guid":{"rendered":"https:\/\/snus-malmo.se\/?post_type=product&#038;p=62549"},"modified":"2025-07-26T01:01:33","modified_gmt":"2025-07-26T01:01:33","slug":"pablo-strawberry-cheescake","status":"publish","type":"product","link":"https:\/\/snus-malmo.se\/sv\/produkt\/pablo-strawberry-cheescake\/","title":{"rendered":"Pablo Strawberry Cheescake"},"content":{"rendered":"<h1>Pablo Strawberry Cheescake<\/h1>\n<h2 data-start=\"119\" data-end=\"212\"><strong data-start=\"123\" data-end=\"212\">Pablo Strawberry Cheesecake \u2013 Tobaksfritt snus med kr\u00e4mig jordgubbst\u00e5rta och mintkyla<\/strong><\/h2>\n<p data-start=\"214\" data-end=\"562\">Letar du efter ett tobaksfritt snus som erbjuder en unik smakupplevelse med en kr\u00e4mig jordgubbst\u00e5rta och en fr\u00e4sch mintkyla? D\u00e5 \u00e4r <strong data-start=\"345\" data-end=\"376\">Pablo Strawberry Cheesecake<\/strong> det perfekta valet. Detta snus i slim-format ger en kraftfull nikotinkick och en s\u00f6t, kr\u00e4mig smakupplevelse som p\u00e5minner om en klassisk jordgubbst\u00e5rta \u2013 komplett med en kylande mintton.<\/p>\n<p data-start=\"564\" data-end=\"857\">Med sin l\u00e4ckra smak av jordgubbe och cheesecake, samt en fr\u00e4sch mintkyla, ger <strong data-start=\"642\" data-end=\"673\">Pablo Strawberry Cheesecake<\/strong> en snusupplevelse som b\u00e5de tillfredsst\u00e4ller s\u00f6tsuget och ger en intensiv, uppfriskande effekt. Perfekt f\u00f6r dig som vill ha ett tobaksfritt snus med b\u00e5de s\u00f6tma och en frisk mintk\u00e4nsla.<\/p>\n<h2 data-start=\"859\" data-end=\"907\"><strong data-start=\"863\" data-end=\"907\">F\u00f6rdelar med Pablo Strawberry Cheesecake<\/strong><\/h2>\n<ul data-start=\"909\" data-end=\"1301\">\n<li data-start=\"909\" data-end=\"1008\">\n<p data-start=\"911\" data-end=\"1008\"><strong data-start=\"911\" data-end=\"936\">Kr\u00e4mig jordgubbst\u00e5rta<\/strong> kombinerad med en kylande mintton f\u00f6r en s\u00f6t och fr\u00e4sch smakupplevelse.<\/p>\n<\/li>\n<li data-start=\"1009\" data-end=\"1085\">\n<p data-start=\"1011\" data-end=\"1085\"><strong data-start=\"1011\" data-end=\"1031\">Tobaksfritt snus<\/strong> \u2013 enbart nikotin f\u00f6r en ren och kraftfull upplevelse.<\/p>\n<\/li>\n<li data-start=\"1086\" data-end=\"1158\">\n<p data-start=\"1088\" data-end=\"1158\"><strong data-start=\"1088\" data-end=\"1103\">Slim-format<\/strong> f\u00f6r diskret och bekv\u00e4m anv\u00e4ndning n\u00e4r du \u00e4r p\u00e5 spr\u00e5ng.<\/p>\n<\/li>\n<li data-start=\"1159\" data-end=\"1221\">\n<p data-start=\"1161\" data-end=\"1221\"><strong data-start=\"1161\" data-end=\"1180\">Fr\u00e4sch mintkyla<\/strong> som ger en sval och uppfriskande k\u00e4nsla.<\/p>\n<\/li>\n<li data-start=\"1222\" data-end=\"1301\">\n<p data-start=\"1224\" data-end=\"1301\">Perfekt f\u00f6r vana snusare som s\u00f6ker en unik smak och en kraftfull nikotinkick.<\/p>\n<\/li>\n<\/ul>\n<h2 data-start=\"1303\" data-end=\"1330\"><strong data-start=\"1307\" data-end=\"1330\">Produktinformation:<\/strong><\/h2>\n<ul data-start=\"1332\" data-end=\"1610\">\n<li data-start=\"1332\" data-end=\"1378\">\n<p data-start=\"1334\" data-end=\"1378\"><strong data-start=\"1334\" data-end=\"1350\">Produktnamn:<\/strong> Pablo Strawberry Cheesecake<\/p>\n<\/li>\n<li data-start=\"1379\" data-end=\"1428\">\n<p data-start=\"1381\" data-end=\"1428\"><strong data-start=\"1381\" data-end=\"1390\">Smak:<\/strong> Kr\u00e4mig jordgubbst\u00e5rta med en mintkyla<\/p>\n<\/li>\n<li data-start=\"1429\" data-end=\"1461\">\n<p data-start=\"1431\" data-end=\"1461\"><strong data-start=\"1431\" data-end=\"1439\">Typ:<\/strong> Tobaksfritt vitt snus<\/p>\n<\/li>\n<li data-start=\"1462\" data-end=\"1502\">\n<p data-start=\"1464\" data-end=\"1502\"><strong data-start=\"1464\" data-end=\"1475\">Format:<\/strong> Slim (diskret och bekv\u00e4mt)<\/p>\n<\/li>\n<li data-start=\"1503\" data-end=\"1535\">\n<p data-start=\"1505\" data-end=\"1535\"><strong data-start=\"1505\" data-end=\"1523\">Nikotinstyrka:<\/strong> Extra stark<\/p>\n<\/li>\n<li data-start=\"1536\" data-end=\"1580\">\n<p data-start=\"1538\" data-end=\"1580\"><strong data-start=\"1538\" data-end=\"1567\">Antal portioner per dosa:<\/strong> 20 portioner<\/p>\n<\/li>\n<li data-start=\"1581\" data-end=\"1610\">\n<p data-start=\"1583\" data-end=\"1610\"><strong data-start=\"1583\" data-end=\"1599\">Tillverkare:<\/strong> NGP Empire<\/p>\n<\/li>\n<\/ul>\n<h3 data-start=\"1612\" data-end=\"1689\"><strong data-start=\"1616\" data-end=\"1689\">K\u00f6p Pablo Strawberry Cheesecake online \u2013 Snabb leverans hos Veloop.se<\/strong><\/h3>\n<p data-start=\"1691\" data-end=\"1920\">Best\u00e4ll <strong data-start=\"1699\" data-end=\"1730\">Pablo Strawberry Cheesecake<\/strong> snabbt och enkelt hos <strong data-start=\"1753\" data-end=\"1766\">Veloop.se<\/strong> och f\u00e5 ditt snus levererat hem till dig. Vi erbjuder ett brett sortiment av tobaksfritt snus med fri frakt vid k\u00f6p \u00f6ver en viss gr\u00e4ns och snabb leverans.<\/p>\n<hr data-start=\"1922\" data-end=\"1925\" \/>\n<h3 data-start=\"1927\" data-end=\"1966\"><strong data-start=\"1931\" data-end=\"1966\">Andra popul\u00e4ra Pablo-varianter:<\/strong><\/h3>\n<ul data-start=\"1968\" data-end=\"2967\">\n<li data-start=\"1968\" data-end=\"2042\">\n<p data-start=\"1970\" data-end=\"2042\"><strong data-start=\"1970\" data-end=\"1990\">Pablo X Ice Cold<\/strong> \u2013 Stark mint med h\u00f6g nikotinhalt och intensiv kyla.<\/p>\n<\/li>\n<li data-start=\"2043\" data-end=\"2102\">\n<p data-start=\"2045\" data-end=\"2102\"><strong data-start=\"2045\" data-end=\"2065\">Pablo Banana Ice<\/strong> \u2013 Tropisk banansmak med iskall kyla.<\/p>\n<\/li>\n<li data-start=\"2103\" data-end=\"2169\">\n<p data-start=\"2105\" data-end=\"2169\"><strong data-start=\"2105\" data-end=\"2119\">Pablo Pear<\/strong> \u2013 Frisk och s\u00f6t p\u00e4ronsmak med en kylande mintton.<\/p>\n<\/li>\n<li data-start=\"2170\" data-end=\"2234\">\n<p data-start=\"2172\" data-end=\"2234\"><strong data-start=\"2172\" data-end=\"2191\">Pablo Grape Ice<\/strong> \u2013 S\u00f6t och fruktig druvsmak med kylig mint.<\/p>\n<\/li>\n<li data-start=\"2235\" data-end=\"2324\">\n<p data-start=\"2237\" data-end=\"2324\"><strong data-start=\"2237\" data-end=\"2264\">Pablo Strawberry Lychee<\/strong> \u2013 Exotisk blandning av jordgubbe och litchi med frisk mint.<\/p>\n<\/li>\n<li data-start=\"2325\" data-end=\"2406\">\n<p data-start=\"2327\" data-end=\"2406\"><strong data-start=\"2327\" data-end=\"2358\">Pablo Strawberry Cheesecake<\/strong> \u2013 Kr\u00e4mig jordgubbst\u00e5rta med en fr\u00e4sch mintkyla.<\/p>\n<\/li>\n<li data-start=\"2407\" data-end=\"2486\">\n<p data-start=\"2409\" data-end=\"2486\"><strong data-start=\"2409\" data-end=\"2428\">Pablo Bubbelgum<\/strong> \u2013 S\u00f6t smak av klassiskt bubbelgum med en kylande mintton.<\/p>\n<\/li>\n<li data-start=\"2487\" data-end=\"2561\">\n<p data-start=\"2489\" data-end=\"2561\"><strong data-start=\"2489\" data-end=\"2512\">Pablo Passion Fruit<\/strong> \u2013 Tropisk passionsfrukt med en kylande mintsmak.<\/p>\n<\/li>\n<li data-start=\"2562\" data-end=\"2625\">\n<p data-start=\"2564\" data-end=\"2625\"><strong data-start=\"2564\" data-end=\"2578\">Pablo Kiwi<\/strong> \u2013 Frisk och syrlig kiwi blandad med sval mint.<\/p>\n<\/li>\n<li data-start=\"2626\" data-end=\"2712\">\n<p data-start=\"2628\" data-end=\"2712\"><strong data-start=\"2628\" data-end=\"2650\">Pablo Frosted Mint<\/strong> \u2013 Intensiv mint med en fryst k\u00e4nsla, perfekt f\u00f6r kyla\u00e4lskare.<\/p>\n<\/li>\n<li data-start=\"2713\" data-end=\"2770\">\n<p data-start=\"2715\" data-end=\"2770\"><strong data-start=\"2715\" data-end=\"2733\">Pablo Ice Cold<\/strong> \u2013 Klassisk mint med h\u00f6g nikotinhalt.<\/p>\n<\/li>\n<li data-start=\"2771\" data-end=\"2831\">\n<p data-start=\"2773\" data-end=\"2831\"><strong data-start=\"2773\" data-end=\"2793\">Pablo Banana Ice<\/strong> \u2013 Tropisk kyla med stark nikotinkick.<\/p>\n<\/li>\n<li data-start=\"2832\" data-end=\"2889\">\n<p data-start=\"2834\" data-end=\"2889\"><strong data-start=\"2834\" data-end=\"2856\">Pablo Frosted Mint<\/strong> \u2013 Maximal styrka och kyla i ett.<\/p>\n<\/li>\n<li data-start=\"2890\" data-end=\"2967\">\n<p data-start=\"2892\" data-end=\"2967\"><strong data-start=\"2892\" data-end=\"2912\">Pablo X Ice Cold<\/strong> \u2013 F\u00f6r dig som vill ha det starkaste tobaksfria snuset.<\/p>\n<\/li>\n<\/ul>\n<hr data-start=\"2969\" data-end=\"2972\" \/>\n<h3 data-start=\"2974\" data-end=\"3043\"><strong data-start=\"2978\" data-end=\"3043\">Upplev en unik snusupplevelse med Pablo Strawberry Cheesecake<\/strong><\/h3>\n<p data-start=\"3045\" data-end=\"3403\">V\u00e4lj <strong data-start=\"3050\" data-end=\"3081\">Pablo Strawberry Cheesecake<\/strong> om du vill ha ett tobaksfritt snus som levererar en kr\u00e4mig jordgubbst\u00e5rta blandad med en fr\u00e4sch mintkyla. Det \u00e4r det perfekta snuset f\u00f6r dig som s\u00f6ker en unik smak och en intensiv nikotinkick utan tobak.<\/p>\n<p data-start=\"3045\" data-end=\"3403\"><strong data-start=\"3286\" data-end=\"3340\">K\u00f6p Pablo Strawberry Cheesecake idag hos Veloop.se<\/strong> och njut av snabb leverans och fri frakt vid k\u00f6p \u00f6ver gr\u00e4nsen!<\/p>\n<hr data-start=\"3124\" data-end=\"3127\" \/>","protected":false},"excerpt":{"rendered":"<h1>Pablo Strawberry Cheescake<\/h1>\n<h1><img decoding=\"async\" class=\"wp-image-62512 alignleft\" src=\"https:\/\/snus-malmo.se\/wp-content\/uploads\/2025\/07\/loggo.webp\" alt=\"\" width=\"101\" height=\"71\" srcset=\"https:\/\/snus-malmo.se\/wp-content\/uploads\/2025\/07\/loggo.webp 400w, https:\/\/snus-malmo.se\/wp-content\/uploads\/2025\/07\/loggo-18x12.webp 18w\" sizes=\"(max-width: 101px) 100vw, 101px\" \/><\/h1>\n<h2 data-start=\"119\" data-end=\"212\"><strong data-start=\"123\" data-end=\"212\">Pablo Strawberry Cheesecake \u2013 Tobaksfritt snus med kr\u00e4mig jordgubbst\u00e5rta och mintkyla<\/strong><\/h2>\n<p data-start=\"214\" data-end=\"562\">Letar du efter ett tobaksfritt snus som erbjuder en unik smakupplevelse med en kr\u00e4mig jordgubbst\u00e5rta och en fr\u00e4sch mintkyla? D\u00e5 \u00e4r <strong data-start=\"345\" data-end=\"376\">Pablo Strawberry Cheesecake<\/strong> det perfekta valet. Detta snus i slim-format ger en kraftfull nikotinkick och en s\u00f6t, kr\u00e4mig smakupplevelse som p\u00e5minner om en klassisk jordgubbst\u00e5rta \u2013 komplett med en kylande mintton.<\/p>\n<p>&nbsp;<\/p>","protected":false},"featured_media":62516,"comment_status":"open","ping_status":"closed","template":"","meta":[],"product_brand":[386],"product_cat":[136,355,356,232,137],"product_tag":[],"class_list":{"0":"post-62549","1":"product","2":"type-product","3":"status-publish","4":"has-post-thumbnail","6":"product_brand-pablo","7":"product_cat-all-whites","8":"product_cat-extra-strongextra-stark","9":"product_cat-extreme","10":"product_cat-pablo","11":"product_cat-slim","13":"first","14":"instock","15":"taxable","16":"shipping-taxable","17":"purchasable","18":"product-type-variable"},"_links":{"self":[{"href":"https:\/\/snus-malmo.se\/sv\/wp-json\/wp\/v2\/product\/62549","targetHints":{"allow":["GET"]}}],"collection":[{"href":"https:\/\/snus-malmo.se\/sv\/wp-json\/wp\/v2\/product"}],"about":[{"href":"https:\/\/snus-malmo.se\/sv\/wp-json\/wp\/v2\/types\/product"}],"replies":[{"embeddable":true,"href":"https:\/\/snus-malmo.se\/sv\/wp-json\/wp\/v2\/comments?post=62549"}],"version-history":[{"count":0,"href":"https:\/\/snus-malmo.se\/sv\/wp-json\/wp\/v2\/product\/62549\/revisions"}],"wp:featuredmedia":[{"embeddable":true,"href":"https:\/\/snus-malmo.se\/sv\/wp-json\/wp\/v2\/media\/62516"}],"wp:attachment":[{"href":"https:\/\/snus-malmo.se\/sv\/wp-json\/wp\/v2\/media?parent=62549"}],"wp:term":[{"taxonomy":"product_brand","embeddable":true,"href":"https:\/\/snus-malmo.se\/sv\/wp-json\/wp\/v2\/product_brand?post=62549"},{"taxonomy":"product_cat","embeddable":true,"href":"https:\/\/snus-malmo.se\/sv\/wp-json\/wp\/v2\/product_cat?post=62549"},{"taxonomy":"product_tag","embeddable":true,"href":"https:\/\/snus-malmo.se\/sv\/wp-json\/wp\/v2\/product_tag?post=62549"}],"curies":[{"name":"wp","href":"https:\/\/api.w.org\/{rel}","templated":true}]}}