{"id":62555,"date":"2025-07-06T21:46:41","date_gmt":"2025-07-06T21:46:41","guid":{"rendered":"https:\/\/snus-malmo.se\/?post_type=product&#038;p=62555"},"modified":"2025-07-26T01:01:14","modified_gmt":"2025-07-26T01:01:14","slug":"pablo-mango-ice","status":"publish","type":"product","link":"https:\/\/snus-malmo.se\/sv\/produkt\/pablo-mango-ice\/","title":{"rendered":"Pablo Mango Ice"},"content":{"rendered":"<h1>Pablo Mango Ice<\/h1>\n<h2 data-start=\"107\" data-end=\"188\"><strong data-start=\"111\" data-end=\"188\">Pablo Mango Ice \u2013 Tobaksfritt snus med tropisk mangosmak och kylande mint<\/strong><\/h2>\n<p data-start=\"190\" data-end=\"533\">Letar du efter ett tobaksfritt snus som kombinerar en intensiv nikotinkick med en tropisk och fruktig mangosmak, kompletterad med en iskall mintkyla? D\u00e5 \u00e4r <strong data-start=\"346\" data-end=\"365\">Pablo Mango Ice<\/strong> det perfekta snuset f\u00f6r dig. Detta snus i slim-format \u00e4r designat f\u00f6r erfarna anv\u00e4ndare som vill ha b\u00e5de en kraftfull nikotineffekt och en uppfriskande smakupplevelse.<\/p>\n<p data-start=\"535\" data-end=\"833\">Med den s\u00f6ta och saftiga mangosmaken, i kombination med en fr\u00e4sch mintkyla, ger <strong data-start=\"615\" data-end=\"634\">Pablo Mango Ice<\/strong> en tropisk snusupplevelse som b\u00e5de tillfredsst\u00e4ller smakl\u00f6karna och ger en l\u00e5ngvarig kylande effekt. Perfekt f\u00f6r dig som s\u00f6ker ett tobaksfritt snus med b\u00e5de intensiv smak och en uppfriskande k\u00e4nsla.<\/p>\n<h2 data-start=\"835\" data-end=\"871\"><strong data-start=\"839\" data-end=\"871\">F\u00f6rdelar med Pablo Mango Ice<\/strong><\/h2>\n<ul data-start=\"873\" data-end=\"1224\">\n<li data-start=\"873\" data-end=\"938\">\n<p data-start=\"875\" data-end=\"938\"><strong data-start=\"875\" data-end=\"896\">Tropisk mangosmak<\/strong> som ger en s\u00f6t och saftig smakupplevelse.<\/p>\n<\/li>\n<li data-start=\"939\" data-end=\"1015\">\n<p data-start=\"941\" data-end=\"1015\"><strong data-start=\"941\" data-end=\"961\">Tobaksfritt snus<\/strong> \u2013 endast nikotin f\u00f6r en ren och kraftfull upplevelse.<\/p>\n<\/li>\n<li data-start=\"1016\" data-end=\"1082\">\n<p data-start=\"1018\" data-end=\"1082\"><strong data-start=\"1018\" data-end=\"1033\">Slim-format<\/strong> f\u00f6r diskret och bekv\u00e4m anv\u00e4ndning var som helst.<\/p>\n<\/li>\n<li data-start=\"1083\" data-end=\"1145\">\n<p data-start=\"1085\" data-end=\"1145\"><strong data-start=\"1085\" data-end=\"1104\">Kylande mintton<\/strong> som ger en sval och uppfriskande k\u00e4nsla.<\/p>\n<\/li>\n<li data-start=\"1146\" data-end=\"1224\">\n<p data-start=\"1148\" data-end=\"1224\">Perfekt f\u00f6r vana snusare som s\u00f6ker en tropisk smak och en stark nikotinkick.<\/p>\n<\/li>\n<\/ul>\n<h2 data-start=\"1226\" data-end=\"1253\"><strong data-start=\"1230\" data-end=\"1253\">Produktinformation:<\/strong><\/h2>\n<ul data-start=\"1255\" data-end=\"1520\">\n<li data-start=\"1255\" data-end=\"1289\">\n<p data-start=\"1257\" data-end=\"1289\"><strong data-start=\"1257\" data-end=\"1273\">Produktnamn:<\/strong> Pablo Mango Ice<\/p>\n<\/li>\n<li data-start=\"1290\" data-end=\"1338\">\n<p data-start=\"1292\" data-end=\"1338\"><strong data-start=\"1292\" data-end=\"1301\">Smak:<\/strong> Tropisk mango med en kylande mintton<\/p>\n<\/li>\n<li data-start=\"1339\" data-end=\"1371\">\n<p data-start=\"1341\" data-end=\"1371\"><strong data-start=\"1341\" data-end=\"1349\">Typ:<\/strong> Tobaksfritt vitt snus<\/p>\n<\/li>\n<li data-start=\"1372\" data-end=\"1412\">\n<p data-start=\"1374\" data-end=\"1412\"><strong data-start=\"1374\" data-end=\"1385\">Format:<\/strong> Slim (diskret och bekv\u00e4mt)<\/p>\n<\/li>\n<li data-start=\"1413\" data-end=\"1445\">\n<p data-start=\"1415\" data-end=\"1445\"><strong data-start=\"1415\" data-end=\"1433\">Nikotinstyrka:<\/strong> Extra stark<\/p>\n<\/li>\n<li data-start=\"1446\" data-end=\"1490\">\n<p data-start=\"1448\" data-end=\"1490\"><strong data-start=\"1448\" data-end=\"1477\">Antal portioner per dosa:<\/strong> 20 portioner<\/p>\n<\/li>\n<li data-start=\"1491\" data-end=\"1520\">\n<p data-start=\"1493\" data-end=\"1520\"><strong data-start=\"1493\" data-end=\"1509\">Tillverkare:<\/strong> NGP Empire<\/p>\n<\/li>\n<\/ul>\n<h3 data-start=\"1522\" data-end=\"1587\"><strong data-start=\"1526\" data-end=\"1587\">K\u00f6p Pablo Mango Ice online \u2013 Snabb leverans hos Veloop.se<\/strong><\/h3>\n<p data-start=\"1589\" data-end=\"1800\">Best\u00e4ll <strong data-start=\"1597\" data-end=\"1616\">Pablo Mango Ice<\/strong> snabbt och enkelt hos <strong data-start=\"1639\" data-end=\"1652\">Veloop.se<\/strong> och f\u00e5 ditt snus levererat hem direkt. Vi erbjuder ett brett utbud av tobaksfritt snus med fri frakt vid k\u00f6p \u00f6ver en viss gr\u00e4ns och snabb leverans.<\/p>\n<hr data-start=\"1802\" data-end=\"1805\" \/>\n<h3 data-start=\"1807\" data-end=\"1846\"><strong data-start=\"1811\" data-end=\"1846\">Andra popul\u00e4ra Pablo-varianter:<\/strong><\/h3>\n<ul data-start=\"1848\" data-end=\"2847\">\n<li data-start=\"1848\" data-end=\"1922\">\n<p data-start=\"1850\" data-end=\"1922\"><strong data-start=\"1850\" data-end=\"1870\">Pablo X Ice Cold<\/strong> \u2013 Stark mint med h\u00f6g nikotinhalt och intensiv kyla.<\/p>\n<\/li>\n<li data-start=\"1923\" data-end=\"1982\">\n<p data-start=\"1925\" data-end=\"1982\"><strong data-start=\"1925\" data-end=\"1945\">Pablo Banana Ice<\/strong> \u2013 Tropisk banansmak med iskall kyla.<\/p>\n<\/li>\n<li data-start=\"1983\" data-end=\"2049\">\n<p data-start=\"1985\" data-end=\"2049\"><strong data-start=\"1985\" data-end=\"1999\">Pablo Pear<\/strong> \u2013 Frisk och s\u00f6t p\u00e4ronsmak med en kylande mintton.<\/p>\n<\/li>\n<li data-start=\"2050\" data-end=\"2114\">\n<p data-start=\"2052\" data-end=\"2114\"><strong data-start=\"2052\" data-end=\"2071\">Pablo Grape Ice<\/strong> \u2013 S\u00f6t och fruktig druvsmak med kylig mint.<\/p>\n<\/li>\n<li data-start=\"2115\" data-end=\"2204\">\n<p data-start=\"2117\" data-end=\"2204\"><strong data-start=\"2117\" data-end=\"2144\">Pablo Strawberry Lychee<\/strong> \u2013 Exotisk blandning av jordgubbe och litchi med frisk mint.<\/p>\n<\/li>\n<li data-start=\"2205\" data-end=\"2286\">\n<p data-start=\"2207\" data-end=\"2286\"><strong data-start=\"2207\" data-end=\"2238\">Pablo Strawberry Cheesecake<\/strong> \u2013 Kr\u00e4mig jordgubbst\u00e5rta med en fr\u00e4sch mintkyla.<\/p>\n<\/li>\n<li data-start=\"2287\" data-end=\"2366\">\n<p data-start=\"2289\" data-end=\"2366\"><strong data-start=\"2289\" data-end=\"2308\">Pablo Bubbelgum<\/strong> \u2013 S\u00f6t smak av klassiskt bubbelgum med en kylande mintton.<\/p>\n<\/li>\n<li data-start=\"2367\" data-end=\"2441\">\n<p data-start=\"2369\" data-end=\"2441\"><strong data-start=\"2369\" data-end=\"2392\">Pablo Passion Fruit<\/strong> \u2013 Tropisk passionsfrukt med en kylande mintsmak.<\/p>\n<\/li>\n<li data-start=\"2442\" data-end=\"2505\">\n<p data-start=\"2444\" data-end=\"2505\"><strong data-start=\"2444\" data-end=\"2458\">Pablo Kiwi<\/strong> \u2013 Frisk och syrlig kiwi blandad med sval mint.<\/p>\n<\/li>\n<li data-start=\"2506\" data-end=\"2592\">\n<p data-start=\"2508\" data-end=\"2592\"><strong data-start=\"2508\" data-end=\"2530\">Pablo Frosted Mint<\/strong> \u2013 Intensiv mint med en fryst k\u00e4nsla, perfekt f\u00f6r kyla\u00e4lskare.<\/p>\n<\/li>\n<li data-start=\"2593\" data-end=\"2650\">\n<p data-start=\"2595\" data-end=\"2650\"><strong data-start=\"2595\" data-end=\"2613\">Pablo Ice Cold<\/strong> \u2013 Klassisk mint med h\u00f6g nikotinhalt.<\/p>\n<\/li>\n<li data-start=\"2651\" data-end=\"2711\">\n<p data-start=\"2653\" data-end=\"2711\"><strong data-start=\"2653\" data-end=\"2673\">Pablo Banana Ice<\/strong> \u2013 Tropisk kyla med stark nikotinkick.<\/p>\n<\/li>\n<li data-start=\"2712\" data-end=\"2769\">\n<p data-start=\"2714\" data-end=\"2769\"><strong data-start=\"2714\" data-end=\"2736\">Pablo Frosted Mint<\/strong> \u2013 Maximal styrka och kyla i ett.<\/p>\n<\/li>\n<li data-start=\"2770\" data-end=\"2847\">\n<p data-start=\"2772\" data-end=\"2847\"><strong data-start=\"2772\" data-end=\"2792\">Pablo X Ice Cold<\/strong> \u2013 F\u00f6r dig som vill ha det starkaste tobaksfria snuset.<\/p>\n<\/li>\n<\/ul>\n<hr data-start=\"2849\" data-end=\"2852\" \/>\n<h3 data-start=\"2854\" data-end=\"2914\"><strong data-start=\"2858\" data-end=\"2914\">Upplev en tropisk snusupplevelse med Pablo Mango Ice<\/strong><\/h3>\n<p data-start=\"2916\" data-end=\"3232\">V\u00e4lj <strong data-start=\"2921\" data-end=\"2940\">Pablo Mango Ice<\/strong> om du vill ha ett tobaksfritt snus med en intensiv mangosmak och en kylande mintton. Det \u00e4r det perfekta valet f\u00f6r dig som s\u00f6ker en tropisk smak och en kraftfull nikotinkick utan tobak. <strong data-start=\"3127\" data-end=\"3169\">K\u00f6p Pablo Mango Ice idag hos Veloop.se<\/strong> och njut av snabb leverans och fri frakt vid k\u00f6p \u00f6ver gr\u00e4nsen!<\/p>\n<hr data-start=\"3124\" data-end=\"3127\" \/>","protected":false},"excerpt":{"rendered":"<h1>Pablo Mango Ice<\/h1>\n<h1><img decoding=\"async\" class=\"wp-image-62512 alignleft\" src=\"https:\/\/snus-malmo.se\/wp-content\/uploads\/2025\/07\/loggo.webp\" alt=\"\" width=\"101\" height=\"71\" srcset=\"https:\/\/snus-malmo.se\/wp-content\/uploads\/2025\/07\/loggo.webp 400w, https:\/\/snus-malmo.se\/wp-content\/uploads\/2025\/07\/loggo-18x12.webp 18w\" sizes=\"(max-width: 101px) 100vw, 101px\" \/><\/h1>\n<h1>Pablo Mango Ice<\/h1>\n<h2 data-start=\"107\" data-end=\"188\"><strong data-start=\"111\" data-end=\"188\">Pablo Mango Ice \u2013 Tobaksfritt snus med tropisk mangosmak och kylande mint<\/strong><\/h2>\n<p data-start=\"190\" data-end=\"533\">Letar du efter ett tobaksfritt snus som kombinerar en intensiv nikotinkick med en tropisk och fruktig mangosmak, kompletterad med en iskall mintkyla? D\u00e5 \u00e4r <strong data-start=\"346\" data-end=\"365\">Pablo Mango Ice<\/strong> det perfekta snuset f\u00f6r dig. Detta snus i slim-format \u00e4r designat f\u00f6r erfarna anv\u00e4ndare som vill ha b\u00e5de en kraftfull nikotineffekt och en uppfriskande smakupplevelse.<\/p>\n<p>&nbsp;<\/p>","protected":false},"featured_media":62513,"comment_status":"open","ping_status":"closed","template":"","meta":[],"product_brand":[386],"product_cat":[136,355,356,232,137],"product_tag":[],"class_list":{"0":"post-62555","1":"product","2":"type-product","3":"status-publish","4":"has-post-thumbnail","6":"product_brand-pablo","7":"product_cat-all-whites","8":"product_cat-extra-strongextra-stark","9":"product_cat-extreme","10":"product_cat-pablo","11":"product_cat-slim","13":"first","14":"instock","15":"taxable","16":"shipping-taxable","17":"purchasable","18":"product-type-variable"},"_links":{"self":[{"href":"https:\/\/snus-malmo.se\/sv\/wp-json\/wp\/v2\/product\/62555","targetHints":{"allow":["GET"]}}],"collection":[{"href":"https:\/\/snus-malmo.se\/sv\/wp-json\/wp\/v2\/product"}],"about":[{"href":"https:\/\/snus-malmo.se\/sv\/wp-json\/wp\/v2\/types\/product"}],"replies":[{"embeddable":true,"href":"https:\/\/snus-malmo.se\/sv\/wp-json\/wp\/v2\/comments?post=62555"}],"version-history":[{"count":0,"href":"https:\/\/snus-malmo.se\/sv\/wp-json\/wp\/v2\/product\/62555\/revisions"}],"wp:featuredmedia":[{"embeddable":true,"href":"https:\/\/snus-malmo.se\/sv\/wp-json\/wp\/v2\/media\/62513"}],"wp:attachment":[{"href":"https:\/\/snus-malmo.se\/sv\/wp-json\/wp\/v2\/media?parent=62555"}],"wp:term":[{"taxonomy":"product_brand","embeddable":true,"href":"https:\/\/snus-malmo.se\/sv\/wp-json\/wp\/v2\/product_brand?post=62555"},{"taxonomy":"product_cat","embeddable":true,"href":"https:\/\/snus-malmo.se\/sv\/wp-json\/wp\/v2\/product_cat?post=62555"},{"taxonomy":"product_tag","embeddable":true,"href":"https:\/\/snus-malmo.se\/sv\/wp-json\/wp\/v2\/product_tag?post=62555"}],"curies":[{"name":"wp","href":"https:\/\/api.w.org\/{rel}","templated":true}]}}