{"id":62561,"date":"2025-07-06T21:51:37","date_gmt":"2025-07-06T21:51:37","guid":{"rendered":"https:\/\/snus-malmo.se\/?post_type=product&#038;p=62561"},"modified":"2025-07-26T01:00:50","modified_gmt":"2025-07-26T01:00:50","slug":"pablo-ice-cold","status":"publish","type":"product","link":"https:\/\/snus-malmo.se\/sv\/produkt\/pablo-ice-cold\/","title":{"rendered":"Pablo Ice Cold"},"content":{"rendered":"<h1>Pablo Ice Cold<\/h1>\n<h2 data-start=\"102\" data-end=\"185\"><strong data-start=\"106\" data-end=\"185\">Pablo Ice Cold \u2013 Tobaksfritt snus med intensiv mintsmak och h\u00f6g nikotinhalt<\/strong><\/h2>\n<p data-start=\"187\" data-end=\"460\">Letar du efter ett tobaksfritt snus med en intensiv mintsmak och en kraftfull nikotinkick? D\u00e5 \u00e4r <strong data-start=\"284\" data-end=\"302\">Pablo Ice Cold<\/strong> det sj\u00e4lvklara valet f\u00f6r dig. Detta slim-format snus \u00e4r perfekt f\u00f6r erfarna anv\u00e4ndare som s\u00f6ker en snusupplevelse med h\u00f6g nikotinhalt och en iskall fr\u00e4sch\u00f6r.<\/p>\n<p data-start=\"462\" data-end=\"692\">Med sin klassiska mintsmak och en iskall k\u00e4nsla ger <strong data-start=\"514\" data-end=\"532\">Pablo Ice Cold<\/strong> en extremt uppfriskande effekt som h\u00e5ller l\u00e4nge. Det \u00e4r det ultimata snuset f\u00f6r dig som vill ha en stark nikotinkick och en uppfriskande kyla, helt utan tobak.<\/p>\n<h2 data-start=\"694\" data-end=\"729\"><strong data-start=\"698\" data-end=\"729\">F\u00f6rdelar med Pablo Ice Cold<\/strong><\/h2>\n<ul data-start=\"731\" data-end=\"1071\">\n<li data-start=\"731\" data-end=\"804\">\n<p data-start=\"733\" data-end=\"804\"><strong data-start=\"733\" data-end=\"754\">Intensiv mintsmak<\/strong> f\u00f6r en kraftfull och uppfriskande snusupplevelse.<\/p>\n<\/li>\n<li data-start=\"805\" data-end=\"876\">\n<p data-start=\"807\" data-end=\"876\"><strong data-start=\"807\" data-end=\"827\">Tobaksfritt snus<\/strong> \u2013 enbart nikotin f\u00f6r en ren och intensiv effekt.<\/p>\n<\/li>\n<li data-start=\"877\" data-end=\"943\">\n<p data-start=\"879\" data-end=\"943\"><strong data-start=\"879\" data-end=\"894\">Slim-format<\/strong> f\u00f6r diskret och bekv\u00e4m anv\u00e4ndning n\u00e4r som helst.<\/p>\n<\/li>\n<li data-start=\"944\" data-end=\"998\">\n<p data-start=\"946\" data-end=\"998\"><strong data-start=\"946\" data-end=\"961\">Iskall kyla<\/strong> som ger en l\u00e5ngvarig, fr\u00e4sch k\u00e4nsla.<\/p>\n<\/li>\n<li data-start=\"999\" data-end=\"1071\">\n<p data-start=\"1001\" data-end=\"1071\">Perfekt f\u00f6r vana snusare som vill ha en stark och kylande nikotinkick.<\/p>\n<\/li>\n<\/ul>\n<h2 data-start=\"1073\" data-end=\"1100\"><strong data-start=\"1077\" data-end=\"1100\">Produktinformation:<\/strong><\/h2>\n<ul data-start=\"1102\" data-end=\"1359\">\n<li data-start=\"1102\" data-end=\"1135\">\n<p data-start=\"1104\" data-end=\"1135\"><strong data-start=\"1104\" data-end=\"1120\">Produktnamn:<\/strong> Pablo Ice Cold<\/p>\n<\/li>\n<li data-start=\"1136\" data-end=\"1177\">\n<p data-start=\"1138\" data-end=\"1177\"><strong data-start=\"1138\" data-end=\"1147\">Smak:<\/strong> Intensiv mint med iskall kyla<\/p>\n<\/li>\n<li data-start=\"1178\" data-end=\"1210\">\n<p data-start=\"1180\" data-end=\"1210\"><strong data-start=\"1180\" data-end=\"1188\">Typ:<\/strong> Tobaksfritt vitt snus<\/p>\n<\/li>\n<li data-start=\"1211\" data-end=\"1251\">\n<p data-start=\"1213\" data-end=\"1251\"><strong data-start=\"1213\" data-end=\"1224\">Format:<\/strong> Slim (diskret och bekv\u00e4mt)<\/p>\n<\/li>\n<li data-start=\"1252\" data-end=\"1284\">\n<p data-start=\"1254\" data-end=\"1284\"><strong data-start=\"1254\" data-end=\"1272\">Nikotinstyrka:<\/strong> Extra stark<\/p>\n<\/li>\n<li data-start=\"1285\" data-end=\"1329\">\n<p data-start=\"1287\" data-end=\"1329\"><strong data-start=\"1287\" data-end=\"1316\">Antal portioner per dosa:<\/strong> 20 portioner<\/p>\n<\/li>\n<li data-start=\"1330\" data-end=\"1359\">\n<p data-start=\"1332\" data-end=\"1359\"><strong data-start=\"1332\" data-end=\"1348\">Tillverkare:<\/strong> NGP Empire<\/p>\n<\/li>\n<\/ul>\n<h3 data-start=\"1361\" data-end=\"1425\"><strong data-start=\"1365\" data-end=\"1425\">K\u00f6p Pablo Ice Cold online \u2013 Snabb leverans hos Veloop.se<\/strong><\/h3>\n<p data-start=\"1427\" data-end=\"1642\">Best\u00e4ll <strong data-start=\"1435\" data-end=\"1453\">Pablo Ice Cold<\/strong> enkelt hos <strong data-start=\"1465\" data-end=\"1478\">Veloop.se<\/strong> och f\u00e5 ditt snus levererat hem snabbt och smidigt. Vi erbjuder ett brett sortiment av tobaksfritt snus med fri frakt vid k\u00f6p \u00f6ver en viss gr\u00e4ns och snabb leverans.<\/p>\n<hr data-start=\"1644\" data-end=\"1647\" \/>\n<h3 data-start=\"1649\" data-end=\"1688\"><strong data-start=\"1653\" data-end=\"1688\">Andra popul\u00e4ra Pablo-varianter:<\/strong><\/h3>\n<ul data-start=\"1690\" data-end=\"2689\">\n<li data-start=\"1690\" data-end=\"1764\">\n<p data-start=\"1692\" data-end=\"1764\"><strong data-start=\"1692\" data-end=\"1712\">Pablo X Ice Cold<\/strong> \u2013 Stark mint med h\u00f6g nikotinhalt och intensiv kyla.<\/p>\n<\/li>\n<li data-start=\"1765\" data-end=\"1824\">\n<p data-start=\"1767\" data-end=\"1824\"><strong data-start=\"1767\" data-end=\"1787\">Pablo Banana Ice<\/strong> \u2013 Tropisk banansmak med iskall kyla.<\/p>\n<\/li>\n<li data-start=\"1825\" data-end=\"1891\">\n<p data-start=\"1827\" data-end=\"1891\"><strong data-start=\"1827\" data-end=\"1841\">Pablo Pear<\/strong> \u2013 Frisk och s\u00f6t p\u00e4ronsmak med en kylande mintton.<\/p>\n<\/li>\n<li data-start=\"1892\" data-end=\"1956\">\n<p data-start=\"1894\" data-end=\"1956\"><strong data-start=\"1894\" data-end=\"1913\">Pablo Grape Ice<\/strong> \u2013 S\u00f6t och fruktig druvsmak med kylig mint.<\/p>\n<\/li>\n<li data-start=\"1957\" data-end=\"2046\">\n<p data-start=\"1959\" data-end=\"2046\"><strong data-start=\"1959\" data-end=\"1986\">Pablo Strawberry Lychee<\/strong> \u2013 Exotisk blandning av jordgubbe och litchi med frisk mint.<\/p>\n<\/li>\n<li data-start=\"2047\" data-end=\"2128\">\n<p data-start=\"2049\" data-end=\"2128\"><strong data-start=\"2049\" data-end=\"2080\">Pablo Strawberry Cheesecake<\/strong> \u2013 Kr\u00e4mig jordgubbst\u00e5rta med en fr\u00e4sch mintkyla.<\/p>\n<\/li>\n<li data-start=\"2129\" data-end=\"2208\">\n<p data-start=\"2131\" data-end=\"2208\"><strong data-start=\"2131\" data-end=\"2150\">Pablo Bubbelgum<\/strong> \u2013 S\u00f6t smak av klassiskt bubbelgum med en kylande mintton.<\/p>\n<\/li>\n<li data-start=\"2209\" data-end=\"2283\">\n<p data-start=\"2211\" data-end=\"2283\"><strong data-start=\"2211\" data-end=\"2234\">Pablo Passion Fruit<\/strong> \u2013 Tropisk passionsfrukt med en kylande mintsmak.<\/p>\n<\/li>\n<li data-start=\"2284\" data-end=\"2347\">\n<p data-start=\"2286\" data-end=\"2347\"><strong data-start=\"2286\" data-end=\"2300\">Pablo Kiwi<\/strong> \u2013 Frisk och syrlig kiwi blandad med sval mint.<\/p>\n<\/li>\n<li data-start=\"2348\" data-end=\"2434\">\n<p data-start=\"2350\" data-end=\"2434\"><strong data-start=\"2350\" data-end=\"2372\">Pablo Frosted Mint<\/strong> \u2013 Intensiv mint med en fryst k\u00e4nsla, perfekt f\u00f6r kyla\u00e4lskare.<\/p>\n<\/li>\n<li data-start=\"2435\" data-end=\"2492\">\n<p data-start=\"2437\" data-end=\"2492\"><strong data-start=\"2437\" data-end=\"2455\">Pablo Ice Cold<\/strong> \u2013 Klassisk mint med h\u00f6g nikotinhalt.<\/p>\n<\/li>\n<li data-start=\"2493\" data-end=\"2553\">\n<p data-start=\"2495\" data-end=\"2553\"><strong data-start=\"2495\" data-end=\"2515\">Pablo Banana Ice<\/strong> \u2013 Tropisk kyla med stark nikotinkick.<\/p>\n<\/li>\n<li data-start=\"2554\" data-end=\"2611\">\n<p data-start=\"2556\" data-end=\"2611\"><strong data-start=\"2556\" data-end=\"2578\">Pablo Frosted Mint<\/strong> \u2013 Maximal styrka och kyla i ett.<\/p>\n<\/li>\n<li data-start=\"2612\" data-end=\"2689\">\n<p data-start=\"2614\" data-end=\"2689\"><strong data-start=\"2614\" data-end=\"2634\">Pablo X Ice Cold<\/strong> \u2013 F\u00f6r dig som vill ha det starkaste tobaksfria snuset.<\/p>\n<\/li>\n<\/ul>\n<hr data-start=\"2691\" data-end=\"2694\" \/>\n<h3 data-start=\"2696\" data-end=\"2747\"><strong data-start=\"2700\" data-end=\"2747\">Upplev den ultimata kyla med Pablo Ice Cold<\/strong><\/h3>\n<p data-start=\"2749\" data-end=\"3080\">V\u00e4lj <strong data-start=\"2754\" data-end=\"2772\">Pablo Ice Cold<\/strong> om du vill ha ett tobaksfritt snus med en intensiv mintsmak och en iskall kyla som h\u00e5ller l\u00e4nge. Det \u00e4r det perfekta snuset f\u00f6r dig som s\u00f6ker en kraftfull nikotinkick och en extremt uppfriskande k\u00e4nsla.<\/p>\n<p data-start=\"2749\" data-end=\"3080\"><strong data-start=\"2976\" data-end=\"3017\">K\u00f6p Pablo Ice Cold idag hos Veloop.se<\/strong> och njut av snabb leverans och fri frakt vid k\u00f6p \u00f6ver gr\u00e4nsen!<\/p>\n<hr data-start=\"3124\" data-end=\"3127\" \/>","protected":false},"excerpt":{"rendered":"<h1>Pablo Ice Cold<\/h1>\n<h1><img decoding=\"async\" class=\"wp-image-62512 alignleft\" src=\"https:\/\/snus-malmo.se\/wp-content\/uploads\/2025\/07\/loggo.webp\" alt=\"\" width=\"101\" height=\"71\" srcset=\"https:\/\/snus-malmo.se\/wp-content\/uploads\/2025\/07\/loggo.webp 400w, https:\/\/snus-malmo.se\/wp-content\/uploads\/2025\/07\/loggo-18x12.webp 18w\" sizes=\"(max-width: 101px) 100vw, 101px\" \/><\/h1>\n<h2 data-start=\"102\" data-end=\"185\"><strong data-start=\"106\" data-end=\"185\">Pablo Ice Cold \u2013 Tobaksfritt snus med intensiv mintsmak och h\u00f6g nikotinhalt<\/strong><\/h2>\n<p data-start=\"187\" data-end=\"460\">Letar du efter ett tobaksfritt snus med en intensiv mintsmak och en kraftfull nikotinkick? D\u00e5 \u00e4r <strong data-start=\"284\" data-end=\"302\">Pablo Ice Cold<\/strong> det sj\u00e4lvklara valet f\u00f6r dig. Detta slim-format snus \u00e4r perfekt f\u00f6r erfarna anv\u00e4ndare som s\u00f6ker en snusupplevelse med h\u00f6g nikotinhalt och en iskall fr\u00e4sch\u00f6r.<\/p>\n<p>&nbsp;<\/p>","protected":false},"featured_media":62510,"comment_status":"open","ping_status":"closed","template":"","meta":[],"product_brand":[386],"product_cat":[136,355,356,232,137],"product_tag":[],"class_list":{"0":"post-62561","1":"product","2":"type-product","3":"status-publish","4":"has-post-thumbnail","6":"product_brand-pablo","7":"product_cat-all-whites","8":"product_cat-extra-strongextra-stark","9":"product_cat-extreme","10":"product_cat-pablo","11":"product_cat-slim","13":"first","14":"instock","15":"taxable","16":"shipping-taxable","17":"purchasable","18":"product-type-variable"},"_links":{"self":[{"href":"https:\/\/snus-malmo.se\/sv\/wp-json\/wp\/v2\/product\/62561","targetHints":{"allow":["GET"]}}],"collection":[{"href":"https:\/\/snus-malmo.se\/sv\/wp-json\/wp\/v2\/product"}],"about":[{"href":"https:\/\/snus-malmo.se\/sv\/wp-json\/wp\/v2\/types\/product"}],"replies":[{"embeddable":true,"href":"https:\/\/snus-malmo.se\/sv\/wp-json\/wp\/v2\/comments?post=62561"}],"version-history":[{"count":0,"href":"https:\/\/snus-malmo.se\/sv\/wp-json\/wp\/v2\/product\/62561\/revisions"}],"wp:featuredmedia":[{"embeddable":true,"href":"https:\/\/snus-malmo.se\/sv\/wp-json\/wp\/v2\/media\/62510"}],"wp:attachment":[{"href":"https:\/\/snus-malmo.se\/sv\/wp-json\/wp\/v2\/media?parent=62561"}],"wp:term":[{"taxonomy":"product_brand","embeddable":true,"href":"https:\/\/snus-malmo.se\/sv\/wp-json\/wp\/v2\/product_brand?post=62561"},{"taxonomy":"product_cat","embeddable":true,"href":"https:\/\/snus-malmo.se\/sv\/wp-json\/wp\/v2\/product_cat?post=62561"},{"taxonomy":"product_tag","embeddable":true,"href":"https:\/\/snus-malmo.se\/sv\/wp-json\/wp\/v2\/product_tag?post=62561"}],"curies":[{"name":"wp","href":"https:\/\/api.w.org\/{rel}","templated":true}]}}