{"id":62567,"date":"2025-07-06T22:02:51","date_gmt":"2025-07-06T22:02:51","guid":{"rendered":"https:\/\/snus-malmo.se\/?post_type=product&#038;p=62567"},"modified":"2025-07-26T01:00:21","modified_gmt":"2025-07-26T01:00:21","slug":"pablo-strawberry-lychee","status":"publish","type":"product","link":"https:\/\/snus-malmo.se\/sv\/produkt\/pablo-strawberry-lychee\/","title":{"rendered":"Pablo Strawberry Lychee"},"content":{"rendered":"<h1>Pablo Strawberry Lychee<\/h1>\n<h2 data-start=\"115\" data-end=\"219\"><strong data-start=\"119\" data-end=\"219\">Pablo Strawberry Lychee \u2013 Tobaksfritt snus med jordgubbe och litchi, kompletterat med frisk mint<\/strong><\/h2>\n<p data-start=\"221\" data-end=\"544\">Letar du efter ett tobaksfritt snus med en exotisk smakblandning och en kraftfull nikotinkick? <strong data-start=\"316\" data-end=\"343\">Pablo Strawberry Lychee<\/strong>\u00e4r det perfekta valet f\u00f6r dig. Detta slim-format snus kombinerar den s\u00f6tma och friskhet som jordgubbe och litchi ger, med en uppfriskande mintton f\u00f6r en snusupplevelse som \u00e4r b\u00e5de fruktig och kylande.<\/p>\n<p data-start=\"546\" data-end=\"833\">Med den l\u00e4ckra smaken av jordgubbe och litchi, i kombination med en fr\u00e4sch mintkyla, erbjuder <strong data-start=\"640\" data-end=\"667\">Pablo Strawberry Lychee<\/strong> en unik och tropisk smakupplevelse som v\u00e4cker dina smakl\u00f6kar. Perfekt f\u00f6r dig som s\u00f6ker ett tobaksfritt snus med en balanserad fruktig smak och en stark nikotinkick.<\/p>\n<h2 data-start=\"835\" data-end=\"879\"><strong data-start=\"839\" data-end=\"879\">F\u00f6rdelar med Pablo Strawberry Lychee<\/strong><\/h2>\n<ul data-start=\"881\" data-end=\"1254\">\n<li data-start=\"881\" data-end=\"968\">\n<p data-start=\"883\" data-end=\"968\"><strong data-start=\"883\" data-end=\"908\">Exotisk smakblandning<\/strong> av jordgubbe och litchi, kompletterad med en frisk mintton.<\/p>\n<\/li>\n<li data-start=\"969\" data-end=\"1044\">\n<p data-start=\"971\" data-end=\"1044\"><strong data-start=\"971\" data-end=\"991\">Tobaksfritt snus<\/strong> \u2013 enbart nikotin f\u00f6r en ren och intensiv upplevelse.<\/p>\n<\/li>\n<li data-start=\"1045\" data-end=\"1117\">\n<p data-start=\"1047\" data-end=\"1117\"><strong data-start=\"1047\" data-end=\"1062\">Slim-format<\/strong> f\u00f6r diskret och bekv\u00e4m anv\u00e4ndning n\u00e4r du \u00e4r p\u00e5 spr\u00e5ng.<\/p>\n<\/li>\n<li data-start=\"1118\" data-end=\"1171\">\n<p data-start=\"1120\" data-end=\"1171\"><strong data-start=\"1120\" data-end=\"1136\">Kylande mint<\/strong> som ger en sval och fr\u00e4sch k\u00e4nsla.<\/p>\n<\/li>\n<li data-start=\"1172\" data-end=\"1254\">\n<p data-start=\"1174\" data-end=\"1254\">Perfekt f\u00f6r vana snusare som s\u00f6ker en tropisk smak och en kraftfull nikotinkick.<\/p>\n<\/li>\n<\/ul>\n<h2 data-start=\"1256\" data-end=\"1283\"><strong data-start=\"1260\" data-end=\"1283\">Produktinformation:<\/strong><\/h2>\n<ul data-start=\"1285\" data-end=\"1578\">\n<li data-start=\"1285\" data-end=\"1327\">\n<p data-start=\"1287\" data-end=\"1327\"><strong data-start=\"1287\" data-end=\"1303\">Produktnamn:<\/strong> Pablo Strawberry Lychee<\/p>\n<\/li>\n<li data-start=\"1328\" data-end=\"1396\">\n<p data-start=\"1330\" data-end=\"1396\"><strong data-start=\"1330\" data-end=\"1339\">Smak:<\/strong> Exotisk blandning av jordgubbe och litchi med frisk mint<\/p>\n<\/li>\n<li data-start=\"1397\" data-end=\"1429\">\n<p data-start=\"1399\" data-end=\"1429\"><strong data-start=\"1399\" data-end=\"1407\">Typ:<\/strong> Tobaksfritt vitt snus<\/p>\n<\/li>\n<li data-start=\"1430\" data-end=\"1470\">\n<p data-start=\"1432\" data-end=\"1470\"><strong data-start=\"1432\" data-end=\"1443\">Format:<\/strong> Slim (diskret och bekv\u00e4mt)<\/p>\n<\/li>\n<li data-start=\"1471\" data-end=\"1503\">\n<p data-start=\"1473\" data-end=\"1503\"><strong data-start=\"1473\" data-end=\"1491\">Nikotinstyrka:<\/strong> Extra stark<\/p>\n<\/li>\n<li data-start=\"1504\" data-end=\"1548\">\n<p data-start=\"1506\" data-end=\"1548\"><strong data-start=\"1506\" data-end=\"1535\">Antal portioner per dosa:<\/strong> 20 portioner<\/p>\n<\/li>\n<li data-start=\"1549\" data-end=\"1578\">\n<p data-start=\"1551\" data-end=\"1578\"><strong data-start=\"1551\" data-end=\"1567\">Tillverkare:<\/strong> NGP Empire<\/p>\n<\/li>\n<\/ul>\n<h3 data-start=\"1580\" data-end=\"1653\"><strong data-start=\"1584\" data-end=\"1653\">K\u00f6p Pablo Strawberry Lychee online \u2013 Snabb leverans hos Veloop.se<\/strong><\/h3>\n<p data-start=\"1655\" data-end=\"1878\">Best\u00e4ll <strong data-start=\"1663\" data-end=\"1690\">Pablo Strawberry Lychee<\/strong> snabbt och enkelt hos <strong data-start=\"1713\" data-end=\"1726\">Veloop.se<\/strong> och f\u00e5 ditt snus levererat hem direkt. Vi erbjuder ett brett sortiment av tobaksfritt snus med fri frakt vid k\u00f6p \u00f6ver en viss gr\u00e4ns och snabb leverans.<\/p>\n<hr data-start=\"1880\" data-end=\"1883\" \/>\n<h3 data-start=\"1885\" data-end=\"1924\"><strong data-start=\"1889\" data-end=\"1924\">Andra popul\u00e4ra Pablo-varianter:<\/strong><\/h3>\n<ul data-start=\"1926\" data-end=\"2925\">\n<li data-start=\"1926\" data-end=\"2000\">\n<p data-start=\"1928\" data-end=\"2000\"><strong data-start=\"1928\" data-end=\"1948\">Pablo X Ice Cold<\/strong> \u2013 Stark mint med h\u00f6g nikotinhalt och intensiv kyla.<\/p>\n<\/li>\n<li data-start=\"2001\" data-end=\"2060\">\n<p data-start=\"2003\" data-end=\"2060\"><strong data-start=\"2003\" data-end=\"2023\">Pablo Banana Ice<\/strong> \u2013 Tropisk banansmak med iskall kyla.<\/p>\n<\/li>\n<li data-start=\"2061\" data-end=\"2127\">\n<p data-start=\"2063\" data-end=\"2127\"><strong data-start=\"2063\" data-end=\"2077\">Pablo Pear<\/strong> \u2013 Frisk och s\u00f6t p\u00e4ronsmak med en kylande mintton.<\/p>\n<\/li>\n<li data-start=\"2128\" data-end=\"2192\">\n<p data-start=\"2130\" data-end=\"2192\"><strong data-start=\"2130\" data-end=\"2149\">Pablo Grape Ice<\/strong> \u2013 S\u00f6t och fruktig druvsmak med kylig mint.<\/p>\n<\/li>\n<li data-start=\"2193\" data-end=\"2282\">\n<p data-start=\"2195\" data-end=\"2282\"><strong data-start=\"2195\" data-end=\"2222\">Pablo Strawberry Lychee<\/strong> \u2013 Exotisk blandning av jordgubbe och litchi med frisk mint.<\/p>\n<\/li>\n<li data-start=\"2283\" data-end=\"2364\">\n<p data-start=\"2285\" data-end=\"2364\"><strong data-start=\"2285\" data-end=\"2316\">Pablo Strawberry Cheesecake<\/strong> \u2013 Kr\u00e4mig jordgubbst\u00e5rta med en fr\u00e4sch mintkyla.<\/p>\n<\/li>\n<li data-start=\"2365\" data-end=\"2444\">\n<p data-start=\"2367\" data-end=\"2444\"><strong data-start=\"2367\" data-end=\"2386\">Pablo Bubbelgum<\/strong> \u2013 S\u00f6t smak av klassiskt bubbelgum med en kylande mintton.<\/p>\n<\/li>\n<li data-start=\"2445\" data-end=\"2519\">\n<p data-start=\"2447\" data-end=\"2519\"><strong data-start=\"2447\" data-end=\"2470\">Pablo Passion Fruit<\/strong> \u2013 Tropisk passionsfrukt med en kylande mintsmak.<\/p>\n<\/li>\n<li data-start=\"2520\" data-end=\"2583\">\n<p data-start=\"2522\" data-end=\"2583\"><strong data-start=\"2522\" data-end=\"2536\">Pablo Kiwi<\/strong> \u2013 Frisk och syrlig kiwi blandad med sval mint.<\/p>\n<\/li>\n<li data-start=\"2584\" data-end=\"2670\">\n<p data-start=\"2586\" data-end=\"2670\"><strong data-start=\"2586\" data-end=\"2608\">Pablo Frosted Mint<\/strong> \u2013 Intensiv mint med en fryst k\u00e4nsla, perfekt f\u00f6r kyla\u00e4lskare.<\/p>\n<\/li>\n<li data-start=\"2671\" data-end=\"2728\">\n<p data-start=\"2673\" data-end=\"2728\"><strong data-start=\"2673\" data-end=\"2691\">Pablo Ice Cold<\/strong> \u2013 Klassisk mint med h\u00f6g nikotinhalt.<\/p>\n<\/li>\n<li data-start=\"2729\" data-end=\"2789\">\n<p data-start=\"2731\" data-end=\"2789\"><strong data-start=\"2731\" data-end=\"2751\">Pablo Banana Ice<\/strong> \u2013 Tropisk kyla med stark nikotinkick.<\/p>\n<\/li>\n<li data-start=\"2790\" data-end=\"2847\">\n<p data-start=\"2792\" data-end=\"2847\"><strong data-start=\"2792\" data-end=\"2814\">Pablo Frosted Mint<\/strong> \u2013 Maximal styrka och kyla i ett.<\/p>\n<\/li>\n<li data-start=\"2848\" data-end=\"2925\">\n<p data-start=\"2850\" data-end=\"2925\"><strong data-start=\"2850\" data-end=\"2870\">Pablo X Ice Cold<\/strong> \u2013 F\u00f6r dig som vill ha det starkaste tobaksfria snuset.<\/p>\n<\/li>\n<\/ul>\n<hr data-start=\"2927\" data-end=\"2930\" \/>\n<h3 data-start=\"2932\" data-end=\"3000\"><strong data-start=\"2936\" data-end=\"3000\">Upplev en exotisk snusupplevelse med Pablo Strawberry Lychee<\/strong><\/h3>\n<p data-start=\"3002\" data-end=\"3377\">V\u00e4lj <strong data-start=\"3007\" data-end=\"3034\">Pablo Strawberry Lychee<\/strong> om du vill ha ett tobaksfritt snus med en exotisk och fruktig smak av jordgubbe och litchi, perfekt balanserad med en frisk mintkyla. Det \u00e4r det perfekta snuset f\u00f6r dig som s\u00f6ker en unik smak och en stark nikotinkick utan tobak.<\/p>\n<p data-start=\"3002\" data-end=\"3377\"><strong data-start=\"3264\" data-end=\"3314\">K\u00f6p Pablo Strawberry Lychee idag hos Veloop.se<\/strong> och njut av snabb leverans och fri frakt vid k\u00f6p \u00f6ver gr\u00e4nsen!<\/p>\n<hr data-start=\"3124\" data-end=\"3127\" \/>","protected":false},"excerpt":{"rendered":"<h1>Pablo Strawberry Lychee<\/h1>\n<h1><img decoding=\"async\" class=\"wp-image-62512 alignleft\" src=\"https:\/\/snus-malmo.se\/wp-content\/uploads\/2025\/07\/loggo.webp\" alt=\"\" width=\"101\" height=\"71\" srcset=\"https:\/\/snus-malmo.se\/wp-content\/uploads\/2025\/07\/loggo.webp 400w, https:\/\/snus-malmo.se\/wp-content\/uploads\/2025\/07\/loggo-18x12.webp 18w\" sizes=\"(max-width: 101px) 100vw, 101px\" \/><\/h1>\n<h2 data-start=\"115\" data-end=\"219\"><strong data-start=\"119\" data-end=\"219\">Pablo Strawberry Lychee \u2013 Tobaksfritt snus med jordgubbe och litchi, kompletterat med frisk mint<\/strong><\/h2>\n<p data-start=\"221\" data-end=\"544\">Letar du efter ett tobaksfritt snus med en exotisk smakblandning och en kraftfull nikotinkick? <strong data-start=\"316\" data-end=\"343\">Pablo Strawberry Lychee<\/strong>\u00e4r det perfekta valet f\u00f6r dig. Detta slim-format snus kombinerar den s\u00f6tma och friskhet som jordgubbe och litchi ger, med en uppfriskande mintton f\u00f6r en snusupplevelse som \u00e4r b\u00e5de fruktig och kylande.<\/p>","protected":false},"featured_media":62517,"comment_status":"open","ping_status":"closed","template":"","meta":[],"product_brand":[386],"product_cat":[136,355,356,232,137],"product_tag":[],"class_list":{"0":"post-62567","1":"product","2":"type-product","3":"status-publish","4":"has-post-thumbnail","6":"product_brand-pablo","7":"product_cat-all-whites","8":"product_cat-extra-strongextra-stark","9":"product_cat-extreme","10":"product_cat-pablo","11":"product_cat-slim","13":"first","14":"instock","15":"taxable","16":"shipping-taxable","17":"purchasable","18":"product-type-variable"},"_links":{"self":[{"href":"https:\/\/snus-malmo.se\/sv\/wp-json\/wp\/v2\/product\/62567","targetHints":{"allow":["GET"]}}],"collection":[{"href":"https:\/\/snus-malmo.se\/sv\/wp-json\/wp\/v2\/product"}],"about":[{"href":"https:\/\/snus-malmo.se\/sv\/wp-json\/wp\/v2\/types\/product"}],"replies":[{"embeddable":true,"href":"https:\/\/snus-malmo.se\/sv\/wp-json\/wp\/v2\/comments?post=62567"}],"version-history":[{"count":0,"href":"https:\/\/snus-malmo.se\/sv\/wp-json\/wp\/v2\/product\/62567\/revisions"}],"wp:featuredmedia":[{"embeddable":true,"href":"https:\/\/snus-malmo.se\/sv\/wp-json\/wp\/v2\/media\/62517"}],"wp:attachment":[{"href":"https:\/\/snus-malmo.se\/sv\/wp-json\/wp\/v2\/media?parent=62567"}],"wp:term":[{"taxonomy":"product_brand","embeddable":true,"href":"https:\/\/snus-malmo.se\/sv\/wp-json\/wp\/v2\/product_brand?post=62567"},{"taxonomy":"product_cat","embeddable":true,"href":"https:\/\/snus-malmo.se\/sv\/wp-json\/wp\/v2\/product_cat?post=62567"},{"taxonomy":"product_tag","embeddable":true,"href":"https:\/\/snus-malmo.se\/sv\/wp-json\/wp\/v2\/product_tag?post=62567"}],"curies":[{"name":"wp","href":"https:\/\/api.w.org\/{rel}","templated":true}]}}