{"id":62573,"date":"2025-07-06T22:08:22","date_gmt":"2025-07-06T22:08:22","guid":{"rendered":"https:\/\/snus-malmo.se\/?post_type=product&#038;p=62573"},"modified":"2025-07-26T00:59:54","modified_gmt":"2025-07-26T00:59:54","slug":"pablo-bubblegum","status":"publish","type":"product","link":"https:\/\/snus-malmo.se\/sv\/produkt\/pablo-bubblegum\/","title":{"rendered":"Pablo Bubblegum"},"content":{"rendered":"<h1>Pablo Bubblegum<\/h1>\n<h2 data-start=\"107\" data-end=\"190\"><strong data-start=\"111\" data-end=\"190\">Pablo Bubblegum \u2013 Tobaksfritt snus med klassisk bubbelgumssmak och mintkyla<\/strong><\/h2>\n<p data-start=\"192\" data-end=\"505\">Letar du efter ett tobaksfritt snus som kombinerar en nostalgisk bubbelgumssmak med en uppfriskande mintkyla? D\u00e5 \u00e4r <strong data-start=\"308\" data-end=\"327\">Pablo Bubblegum<\/strong> det perfekta snuset f\u00f6r dig. Detta snus i slim-format ger en h\u00e4rlig s\u00f6tma fr\u00e5n den klassiska bubbelgumssmaken, som kompletteras med en fr\u00e4sch mintton f\u00f6r en unik snusupplevelse.<\/p>\n<p data-start=\"507\" data-end=\"763\">Med sin s\u00f6ta och lekfulla bubbelgumssmak, kombinerat med en kylande mint, erbjuder <strong data-start=\"590\" data-end=\"609\">Pablo Bubblegum<\/strong> en snusupplevelse som \u00e4r b\u00e5de fruktig och uppfriskande. Perfekt f\u00f6r dig som s\u00f6ker ett tobaksfritt snus med en kombination av s\u00f6tma och en kylig fr\u00e4sch\u00f6r.<\/p>\n<h2 data-start=\"765\" data-end=\"801\"><strong data-start=\"769\" data-end=\"801\">F\u00f6rdelar med Pablo Bubblegum<\/strong><\/h2>\n<ul data-start=\"803\" data-end=\"1160\">\n<li data-start=\"803\" data-end=\"870\">\n<p data-start=\"805\" data-end=\"870\"><strong data-start=\"805\" data-end=\"832\">Klassisk bubbelgumssmak<\/strong> som ger en s\u00f6t och nostalgisk k\u00e4nsla.<\/p>\n<\/li>\n<li data-start=\"871\" data-end=\"947\">\n<p data-start=\"873\" data-end=\"947\"><strong data-start=\"873\" data-end=\"893\">Tobaksfritt snus<\/strong> \u2013 enbart nikotin f\u00f6r en ren och kraftfull upplevelse.<\/p>\n<\/li>\n<li data-start=\"948\" data-end=\"1014\">\n<p data-start=\"950\" data-end=\"1014\"><strong data-start=\"950\" data-end=\"965\">Slim-format<\/strong> f\u00f6r diskret och bekv\u00e4m anv\u00e4ndning n\u00e4r som helst.<\/p>\n<\/li>\n<li data-start=\"1015\" data-end=\"1078\">\n<p data-start=\"1017\" data-end=\"1078\"><strong data-start=\"1017\" data-end=\"1034\">Frisk mintton<\/strong> som ger en kylande och uppfriskande k\u00e4nsla.<\/p>\n<\/li>\n<li data-start=\"1079\" data-end=\"1160\">\n<p data-start=\"1081\" data-end=\"1160\">Perfekt f\u00f6r vana snusare som vill ha en unik smak med en kraftfull nikotinkick.<\/p>\n<\/li>\n<\/ul>\n<h2 data-start=\"1162\" data-end=\"1189\"><strong data-start=\"1166\" data-end=\"1189\">Produktinformation:<\/strong><\/h2>\n<ul data-start=\"1191\" data-end=\"1461\">\n<li data-start=\"1191\" data-end=\"1225\">\n<p data-start=\"1193\" data-end=\"1225\"><strong data-start=\"1193\" data-end=\"1209\">Produktnamn:<\/strong> Pablo Bubblegum<\/p>\n<\/li>\n<li data-start=\"1226\" data-end=\"1279\">\n<p data-start=\"1228\" data-end=\"1279\"><strong data-start=\"1228\" data-end=\"1237\">Smak:<\/strong> S\u00f6t bubbelgumssmak med en kylande mintton<\/p>\n<\/li>\n<li data-start=\"1280\" data-end=\"1312\">\n<p data-start=\"1282\" data-end=\"1312\"><strong data-start=\"1282\" data-end=\"1290\">Typ:<\/strong> Tobaksfritt vitt snus<\/p>\n<\/li>\n<li data-start=\"1313\" data-end=\"1353\">\n<p data-start=\"1315\" data-end=\"1353\"><strong data-start=\"1315\" data-end=\"1326\">Format:<\/strong> Slim (diskret och bekv\u00e4mt)<\/p>\n<\/li>\n<li data-start=\"1354\" data-end=\"1386\">\n<p data-start=\"1356\" data-end=\"1386\"><strong data-start=\"1356\" data-end=\"1374\">Nikotinstyrka:<\/strong> Extra stark<\/p>\n<\/li>\n<li data-start=\"1387\" data-end=\"1431\">\n<p data-start=\"1389\" data-end=\"1431\"><strong data-start=\"1389\" data-end=\"1418\">Antal portioner per dosa:<\/strong> 20 portioner<\/p>\n<\/li>\n<li data-start=\"1432\" data-end=\"1461\">\n<p data-start=\"1434\" data-end=\"1461\"><strong data-start=\"1434\" data-end=\"1450\">Tillverkare:<\/strong> NGP Empire<\/p>\n<\/li>\n<\/ul>\n<h3 data-start=\"1463\" data-end=\"1528\"><strong data-start=\"1467\" data-end=\"1528\">K\u00f6p Pablo Bubblegum online \u2013 Snabb leverans hos Veloop.se<\/strong><\/h3>\n<p data-start=\"1530\" data-end=\"1758\">Best\u00e4ll <strong data-start=\"1538\" data-end=\"1557\">Pablo Bubblegum<\/strong> snabbt och enkelt hos <strong data-start=\"1580\" data-end=\"1593\">Veloop.se<\/strong> och f\u00e5 ditt snus levererat hem p\u00e5 ett smidigt s\u00e4tt. Vi erbjuder ett brett sortiment av tobaksfritt snus med fri frakt vid k\u00f6p \u00f6ver en viss gr\u00e4ns och snabb leverans.<\/p>\n<hr data-start=\"1760\" data-end=\"1763\" \/>\n<h3 data-start=\"1765\" data-end=\"1804\"><strong data-start=\"1769\" data-end=\"1804\">Andra popul\u00e4ra Pablo-varianter:<\/strong><\/h3>\n<ul data-start=\"1806\" data-end=\"2805\">\n<li data-start=\"1806\" data-end=\"1880\">\n<p data-start=\"1808\" data-end=\"1880\"><strong data-start=\"1808\" data-end=\"1828\">Pablo X Ice Cold<\/strong> \u2013 Stark mint med h\u00f6g nikotinhalt och intensiv kyla.<\/p>\n<\/li>\n<li data-start=\"1881\" data-end=\"1940\">\n<p data-start=\"1883\" data-end=\"1940\"><strong data-start=\"1883\" data-end=\"1903\">Pablo Banana Ice<\/strong> \u2013 Tropisk banansmak med iskall kyla.<\/p>\n<\/li>\n<li data-start=\"1941\" data-end=\"2007\">\n<p data-start=\"1943\" data-end=\"2007\"><strong data-start=\"1943\" data-end=\"1957\">Pablo Pear<\/strong> \u2013 Frisk och s\u00f6t p\u00e4ronsmak med en kylande mintton.<\/p>\n<\/li>\n<li data-start=\"2008\" data-end=\"2072\">\n<p data-start=\"2010\" data-end=\"2072\"><strong data-start=\"2010\" data-end=\"2029\">Pablo Grape Ice<\/strong> \u2013 S\u00f6t och fruktig druvsmak med kylig mint.<\/p>\n<\/li>\n<li data-start=\"2073\" data-end=\"2162\">\n<p data-start=\"2075\" data-end=\"2162\"><strong data-start=\"2075\" data-end=\"2102\">Pablo Strawberry Lychee<\/strong> \u2013 Exotisk blandning av jordgubbe och litchi med frisk mint.<\/p>\n<\/li>\n<li data-start=\"2163\" data-end=\"2244\">\n<p data-start=\"2165\" data-end=\"2244\"><strong data-start=\"2165\" data-end=\"2196\">Pablo Strawberry Cheesecake<\/strong> \u2013 Kr\u00e4mig jordgubbst\u00e5rta med en fr\u00e4sch mintkyla.<\/p>\n<\/li>\n<li data-start=\"2245\" data-end=\"2324\">\n<p data-start=\"2247\" data-end=\"2324\"><strong data-start=\"2247\" data-end=\"2266\">Pablo Bubbelgum<\/strong> \u2013 S\u00f6t smak av klassiskt bubbelgum med en kylande mintton.<\/p>\n<\/li>\n<li data-start=\"2325\" data-end=\"2399\">\n<p data-start=\"2327\" data-end=\"2399\"><strong data-start=\"2327\" data-end=\"2350\">Pablo Passion Fruit<\/strong> \u2013 Tropisk passionsfrukt med en kylande mintsmak.<\/p>\n<\/li>\n<li data-start=\"2400\" data-end=\"2463\">\n<p data-start=\"2402\" data-end=\"2463\"><strong data-start=\"2402\" data-end=\"2416\">Pablo Kiwi<\/strong> \u2013 Frisk och syrlig kiwi blandad med sval mint.<\/p>\n<\/li>\n<li data-start=\"2464\" data-end=\"2550\">\n<p data-start=\"2466\" data-end=\"2550\"><strong data-start=\"2466\" data-end=\"2488\">Pablo Frosted Mint<\/strong> \u2013 Intensiv mint med en fryst k\u00e4nsla, perfekt f\u00f6r kyla\u00e4lskare.<\/p>\n<\/li>\n<li data-start=\"2551\" data-end=\"2608\">\n<p data-start=\"2553\" data-end=\"2608\"><strong data-start=\"2553\" data-end=\"2571\">Pablo Ice Cold<\/strong> \u2013 Klassisk mint med h\u00f6g nikotinhalt.<\/p>\n<\/li>\n<li data-start=\"2609\" data-end=\"2669\">\n<p data-start=\"2611\" data-end=\"2669\"><strong data-start=\"2611\" data-end=\"2631\">Pablo Banana Ice<\/strong> \u2013 Tropisk kyla med stark nikotinkick.<\/p>\n<\/li>\n<li data-start=\"2670\" data-end=\"2727\">\n<p data-start=\"2672\" data-end=\"2727\"><strong data-start=\"2672\" data-end=\"2694\">Pablo Frosted Mint<\/strong> \u2013 Maximal styrka och kyla i ett.<\/p>\n<\/li>\n<li data-start=\"2728\" data-end=\"2805\">\n<p data-start=\"2730\" data-end=\"2805\"><strong data-start=\"2730\" data-end=\"2750\">Pablo X Ice Cold<\/strong> \u2013 F\u00f6r dig som vill ha det starkaste tobaksfria snuset.<\/p>\n<\/li>\n<\/ul>\n<hr data-start=\"2807\" data-end=\"2810\" \/>\n<h3 data-start=\"2812\" data-end=\"2885\"><strong data-start=\"2816\" data-end=\"2885\">Upplev en s\u00f6t och uppfriskande snusupplevelse med Pablo Bubblegum<\/strong><\/h3>\n<p data-start=\"2887\" data-end=\"3245\">V\u00e4lj <strong data-start=\"2892\" data-end=\"2911\">Pablo Bubblegum<\/strong> om du vill ha ett tobaksfritt snus med den s\u00f6ta och nostalgiska smaken av bubbelgum, blandat med en uppfriskande mintkyla. Det \u00e4r det perfekta snuset f\u00f6r dig som s\u00f6ker en unik smakupplevelse med en stark nikotinkick utan tobak. <strong data-start=\"3140\" data-end=\"3182\">K\u00f6p Pablo Bubblegum idag hos Veloop.se<\/strong> och njut av snabb leverans och fri frakt vid k\u00f6p \u00f6ver gr\u00e4nsen!<\/p>\n<hr data-start=\"3124\" data-end=\"3127\" \/>","protected":false},"excerpt":{"rendered":"<h1>Pablo Bubblegum<\/h1>\n<h1><img decoding=\"async\" class=\"wp-image-62512 alignleft\" src=\"https:\/\/snus-malmo.se\/wp-content\/uploads\/2025\/07\/loggo.webp\" alt=\"\" width=\"101\" height=\"71\" srcset=\"https:\/\/snus-malmo.se\/wp-content\/uploads\/2025\/07\/loggo.webp 400w, https:\/\/snus-malmo.se\/wp-content\/uploads\/2025\/07\/loggo-18x12.webp 18w\" sizes=\"(max-width: 101px) 100vw, 101px\" \/><\/h1>\n<h2 data-start=\"107\" data-end=\"190\"><strong data-start=\"111\" data-end=\"190\">Pablo Bubblegum \u2013 Tobaksfritt snus med klassisk bubbelgumssmak och mintkyla<\/strong><\/h2>\n<p data-start=\"192\" data-end=\"505\">Letar du efter ett tobaksfritt snus som kombinerar en nostalgisk bubbelgumssmak med en uppfriskande mintkyla? D\u00e5 \u00e4r <strong data-start=\"308\" data-end=\"327\">Pablo Bubblegum<\/strong> det perfekta snuset f\u00f6r dig. Detta snus i slim-format ger en h\u00e4rlig s\u00f6tma fr\u00e5n den klassiska bubbelgumssmaken, som kompletteras med en fr\u00e4sch mintton f\u00f6r en unik snusupplevelse.<\/p>","protected":false},"featured_media":62506,"comment_status":"open","ping_status":"closed","template":"","meta":[],"product_brand":[386],"product_cat":[136,355,356,232,137],"product_tag":[],"class_list":{"0":"post-62573","1":"product","2":"type-product","3":"status-publish","4":"has-post-thumbnail","6":"product_brand-pablo","7":"product_cat-all-whites","8":"product_cat-extra-strongextra-stark","9":"product_cat-extreme","10":"product_cat-pablo","11":"product_cat-slim","13":"first","14":"instock","15":"taxable","16":"shipping-taxable","17":"purchasable","18":"product-type-variable"},"_links":{"self":[{"href":"https:\/\/snus-malmo.se\/sv\/wp-json\/wp\/v2\/product\/62573","targetHints":{"allow":["GET"]}}],"collection":[{"href":"https:\/\/snus-malmo.se\/sv\/wp-json\/wp\/v2\/product"}],"about":[{"href":"https:\/\/snus-malmo.se\/sv\/wp-json\/wp\/v2\/types\/product"}],"replies":[{"embeddable":true,"href":"https:\/\/snus-malmo.se\/sv\/wp-json\/wp\/v2\/comments?post=62573"}],"version-history":[{"count":0,"href":"https:\/\/snus-malmo.se\/sv\/wp-json\/wp\/v2\/product\/62573\/revisions"}],"wp:featuredmedia":[{"embeddable":true,"href":"https:\/\/snus-malmo.se\/sv\/wp-json\/wp\/v2\/media\/62506"}],"wp:attachment":[{"href":"https:\/\/snus-malmo.se\/sv\/wp-json\/wp\/v2\/media?parent=62573"}],"wp:term":[{"taxonomy":"product_brand","embeddable":true,"href":"https:\/\/snus-malmo.se\/sv\/wp-json\/wp\/v2\/product_brand?post=62573"},{"taxonomy":"product_cat","embeddable":true,"href":"https:\/\/snus-malmo.se\/sv\/wp-json\/wp\/v2\/product_cat?post=62573"},{"taxonomy":"product_tag","embeddable":true,"href":"https:\/\/snus-malmo.se\/sv\/wp-json\/wp\/v2\/product_tag?post=62573"}],"curies":[{"name":"wp","href":"https:\/\/api.w.org\/{rel}","templated":true}]}}