{"id":62579,"date":"2025-07-06T22:13:28","date_gmt":"2025-07-06T22:13:28","guid":{"rendered":"https:\/\/snus-malmo.se\/?post_type=product&#038;p=62579"},"modified":"2025-07-26T00:59:07","modified_gmt":"2025-07-26T00:59:07","slug":"pablo-frosted-mint","status":"publish","type":"product","link":"https:\/\/snus-malmo.se\/sv\/produkt\/pablo-frosted-mint\/","title":{"rendered":"Pablo Frosted Mint"},"content":{"rendered":"<h1>Pablo Frosted Mint<\/h1>\n<h2 data-start=\"110\" data-end=\"194\"><strong data-start=\"114\" data-end=\"194\">Pablo Frosted Mint \u2013 Tobaksfritt snus med intensiv mintsmak och fryst k\u00e4nsla<\/strong><\/h2>\n<p data-start=\"196\" data-end=\"497\">Letar du efter ett tobaksfritt snus som erbjuder en extremt intensiv mintsmak och en kylig, n\u00e4stan fryst, k\u00e4nsla? D\u00e5 \u00e4r <strong data-start=\"316\" data-end=\"338\">Pablo Frosted Mint<\/strong> det perfekta snuset f\u00f6r dig. Detta slim-format snus \u00e4r designat f\u00f6r erfarna anv\u00e4ndare som s\u00f6ker en kraftfull nikotinkick och en fr\u00e4sch, iskall mintupplevelse.<\/p>\n<p data-start=\"499\" data-end=\"767\">Med sin kraftfulla mintsmak och frysta k\u00e4nsla ger <strong data-start=\"549\" data-end=\"571\">Pablo Frosted Mint<\/strong> en extremt uppfriskande effekt. Det \u00e4r ett av de starkaste och mest kyliga snusalternativen p\u00e5 marknaden, perfekt f\u00f6r dig som s\u00f6ker en l\u00e5ngvarig kyla och en intensiv nikotinkick, helt utan tobak.<\/p>\n<h2 data-start=\"769\" data-end=\"808\"><strong data-start=\"773\" data-end=\"808\">F\u00f6rdelar med Pablo Frosted Mint<\/strong><\/h2>\n<ul data-start=\"810\" data-end=\"1178\">\n<li data-start=\"810\" data-end=\"883\">\n<p data-start=\"812\" data-end=\"883\"><strong data-start=\"812\" data-end=\"833\">Intensiv mintsmak<\/strong> som ger en kraftfull och uppfriskande upplevelse.<\/p>\n<\/li>\n<li data-start=\"884\" data-end=\"952\">\n<p data-start=\"886\" data-end=\"952\"><strong data-start=\"886\" data-end=\"906\">Tobaksfritt snus<\/strong> \u2013 enbart nikotin f\u00f6r en ren och stark effekt.<\/p>\n<\/li>\n<li data-start=\"953\" data-end=\"1019\">\n<p data-start=\"955\" data-end=\"1019\"><strong data-start=\"955\" data-end=\"970\">Slim-format<\/strong> f\u00f6r diskret och bekv\u00e4m anv\u00e4ndning n\u00e4r som helst.<\/p>\n<\/li>\n<li data-start=\"1020\" data-end=\"1088\">\n<p data-start=\"1022\" data-end=\"1088\"><strong data-start=\"1022\" data-end=\"1039\">Fryst mintton<\/strong> som ger en extremt kylande och l\u00e5ngvarig k\u00e4nsla.<\/p>\n<\/li>\n<li data-start=\"1089\" data-end=\"1178\">\n<p data-start=\"1091\" data-end=\"1178\">Perfekt f\u00f6r vana snusare som vill ha en extrem mintupplevelse och en stark nikotinkick.<\/p>\n<\/li>\n<\/ul>\n<h2 data-start=\"1180\" data-end=\"1207\"><strong data-start=\"1184\" data-end=\"1207\">Produktinformation:<\/strong><\/h2>\n<ul data-start=\"1209\" data-end=\"1472\">\n<li data-start=\"1209\" data-end=\"1246\">\n<p data-start=\"1211\" data-end=\"1246\"><strong data-start=\"1211\" data-end=\"1227\">Produktnamn:<\/strong> Pablo Frosted Mint<\/p>\n<\/li>\n<li data-start=\"1247\" data-end=\"1290\">\n<p data-start=\"1249\" data-end=\"1290\"><strong data-start=\"1249\" data-end=\"1258\">Smak:<\/strong> Intensiv mint med en fryst kyla<\/p>\n<\/li>\n<li data-start=\"1291\" data-end=\"1323\">\n<p data-start=\"1293\" data-end=\"1323\"><strong data-start=\"1293\" data-end=\"1301\">Typ:<\/strong> Tobaksfritt vitt snus<\/p>\n<\/li>\n<li data-start=\"1324\" data-end=\"1364\">\n<p data-start=\"1326\" data-end=\"1364\"><strong data-start=\"1326\" data-end=\"1337\">Format:<\/strong> Slim (diskret och bekv\u00e4mt)<\/p>\n<\/li>\n<li data-start=\"1365\" data-end=\"1397\">\n<p data-start=\"1367\" data-end=\"1397\"><strong data-start=\"1367\" data-end=\"1385\">Nikotinstyrka:<\/strong> Extra stark<\/p>\n<\/li>\n<li data-start=\"1398\" data-end=\"1442\">\n<p data-start=\"1400\" data-end=\"1442\"><strong data-start=\"1400\" data-end=\"1429\">Antal portioner per dosa:<\/strong> 20 portioner<\/p>\n<\/li>\n<li data-start=\"1443\" data-end=\"1472\">\n<p data-start=\"1445\" data-end=\"1472\"><strong data-start=\"1445\" data-end=\"1461\">Tillverkare:<\/strong> NGP Empire<\/p>\n<\/li>\n<\/ul>\n<h3 data-start=\"1474\" data-end=\"1542\"><strong data-start=\"1478\" data-end=\"1542\">K\u00f6p Pablo Frosted Mint online \u2013 Snabb leverans hos Veloop.se<\/strong><\/h3>\n<p data-start=\"1544\" data-end=\"1764\">Best\u00e4ll <strong data-start=\"1552\" data-end=\"1574\">Pablo Frosted Mint<\/strong> enkelt hos <strong data-start=\"1586\" data-end=\"1599\">Veloop.se<\/strong> och f\u00e5 ditt snus levererat hem snabbt och smidigt. Vi erbjuder ett brett sortiment av tobaksfritt snus, med fri frakt vid k\u00f6p \u00f6ver en viss gr\u00e4ns och snabb leverans.<\/p>\n<hr data-start=\"1766\" data-end=\"1769\" \/>\n<h3 data-start=\"1771\" data-end=\"1810\"><strong data-start=\"1775\" data-end=\"1810\">Andra popul\u00e4ra Pablo-varianter:<\/strong><\/h3>\n<ul data-start=\"1812\" data-end=\"2811\">\n<li data-start=\"1812\" data-end=\"1886\">\n<p data-start=\"1814\" data-end=\"1886\"><strong data-start=\"1814\" data-end=\"1834\">Pablo X Ice Cold<\/strong> \u2013 Stark mint med h\u00f6g nikotinhalt och intensiv kyla.<\/p>\n<\/li>\n<li data-start=\"1887\" data-end=\"1946\">\n<p data-start=\"1889\" data-end=\"1946\"><strong data-start=\"1889\" data-end=\"1909\">Pablo Banana Ice<\/strong> \u2013 Tropisk banansmak med iskall kyla.<\/p>\n<\/li>\n<li data-start=\"1947\" data-end=\"2013\">\n<p data-start=\"1949\" data-end=\"2013\"><strong data-start=\"1949\" data-end=\"1963\">Pablo Pear<\/strong> \u2013 Frisk och s\u00f6t p\u00e4ronsmak med en kylande mintton.<\/p>\n<\/li>\n<li data-start=\"2014\" data-end=\"2078\">\n<p data-start=\"2016\" data-end=\"2078\"><strong data-start=\"2016\" data-end=\"2035\">Pablo Grape Ice<\/strong> \u2013 S\u00f6t och fruktig druvsmak med kylig mint.<\/p>\n<\/li>\n<li data-start=\"2079\" data-end=\"2168\">\n<p data-start=\"2081\" data-end=\"2168\"><strong data-start=\"2081\" data-end=\"2108\">Pablo Strawberry Lychee<\/strong> \u2013 Exotisk blandning av jordgubbe och litchi med frisk mint.<\/p>\n<\/li>\n<li data-start=\"2169\" data-end=\"2250\">\n<p data-start=\"2171\" data-end=\"2250\"><strong data-start=\"2171\" data-end=\"2202\">Pablo Strawberry Cheesecake<\/strong> \u2013 Kr\u00e4mig jordgubbst\u00e5rta med en fr\u00e4sch mintkyla.<\/p>\n<\/li>\n<li data-start=\"2251\" data-end=\"2330\">\n<p data-start=\"2253\" data-end=\"2330\"><strong data-start=\"2253\" data-end=\"2272\">Pablo Bubbelgum<\/strong> \u2013 S\u00f6t smak av klassiskt bubbelgum med en kylande mintton.<\/p>\n<\/li>\n<li data-start=\"2331\" data-end=\"2405\">\n<p data-start=\"2333\" data-end=\"2405\"><strong data-start=\"2333\" data-end=\"2356\">Pablo Passion Fruit<\/strong> \u2013 Tropisk passionsfrukt med en kylande mintsmak.<\/p>\n<\/li>\n<li data-start=\"2406\" data-end=\"2469\">\n<p data-start=\"2408\" data-end=\"2469\"><strong data-start=\"2408\" data-end=\"2422\">Pablo Kiwi<\/strong> \u2013 Frisk och syrlig kiwi blandad med sval mint.<\/p>\n<\/li>\n<li data-start=\"2470\" data-end=\"2556\">\n<p data-start=\"2472\" data-end=\"2556\"><strong data-start=\"2472\" data-end=\"2494\">Pablo Frosted Mint<\/strong> \u2013 Intensiv mint med en fryst k\u00e4nsla, perfekt f\u00f6r kyla\u00e4lskare.<\/p>\n<\/li>\n<li data-start=\"2557\" data-end=\"2614\">\n<p data-start=\"2559\" data-end=\"2614\"><strong data-start=\"2559\" data-end=\"2577\">Pablo Ice Cold<\/strong> \u2013 Klassisk mint med h\u00f6g nikotinhalt.<\/p>\n<\/li>\n<li data-start=\"2615\" data-end=\"2675\">\n<p data-start=\"2617\" data-end=\"2675\"><strong data-start=\"2617\" data-end=\"2637\">Pablo Banana Ice<\/strong> \u2013 Tropisk kyla med stark nikotinkick.<\/p>\n<\/li>\n<li data-start=\"2676\" data-end=\"2733\">\n<p data-start=\"2678\" data-end=\"2733\"><strong data-start=\"2678\" data-end=\"2700\">Pablo Frosted Mint<\/strong> \u2013 Maximal styrka och kyla i ett.<\/p>\n<\/li>\n<li data-start=\"2734\" data-end=\"2811\">\n<p data-start=\"2736\" data-end=\"2811\"><strong data-start=\"2736\" data-end=\"2756\">Pablo X Ice Cold<\/strong> \u2013 F\u00f6r dig som vill ha det starkaste tobaksfria snuset.<\/p>\n<\/li>\n<\/ul>\n<hr data-start=\"2813\" data-end=\"2816\" \/>\n<h3 data-start=\"2818\" data-end=\"2884\"><strong data-start=\"2822\" data-end=\"2884\">Upplev den ultimata mintupplevelsen med Pablo Frosted Mint<\/strong><\/h3>\n<p data-start=\"2886\" data-end=\"3214\">V\u00e4lj <strong data-start=\"2891\" data-end=\"2913\">Pablo Frosted Mint<\/strong> om du vill ha ett tobaksfritt snus med en intensiv mintsmak och en fryst k\u00e4nsla som varar l\u00e4nge. Det \u00e4r det perfekta snuset f\u00f6r dig som s\u00f6ker maximal kyla och en stark nikotinkick utan tobak. <strong data-start=\"3106\" data-end=\"3151\">K\u00f6p Pablo Frosted Mint idag hos Veloop.se<\/strong> och njut av snabb leverans och fri frakt vid k\u00f6p \u00f6ver gr\u00e4nsen!<\/p>\n<hr data-start=\"3124\" data-end=\"3127\" \/>","protected":false},"excerpt":{"rendered":"<h1>Pablo Frosted Mint<\/h1>\n<h1><img decoding=\"async\" class=\"wp-image-62512 alignleft\" src=\"https:\/\/snus-malmo.se\/wp-content\/uploads\/2025\/07\/loggo.webp\" alt=\"\" width=\"101\" height=\"71\" srcset=\"https:\/\/snus-malmo.se\/wp-content\/uploads\/2025\/07\/loggo.webp 400w, https:\/\/snus-malmo.se\/wp-content\/uploads\/2025\/07\/loggo-18x12.webp 18w\" sizes=\"(max-width: 101px) 100vw, 101px\" \/><\/h1>\n<h2 data-start=\"110\" data-end=\"194\"><strong data-start=\"114\" data-end=\"194\">Pablo Frosted Mint \u2013 Tobaksfritt snus med intensiv mintsmak och fryst k\u00e4nsla<\/strong><\/h2>\n<p data-start=\"192\" data-end=\"505\">Letar du efter ett tobaksfritt snus som erbjuder en extremt intensiv mintsmak och en kylig, n\u00e4stan fryst, k\u00e4nsla? D\u00e5 \u00e4r <strong data-start=\"316\" data-end=\"338\">Pablo Frosted Mint<\/strong> det perfekta snuset f\u00f6r dig. Detta slim-format snus \u00e4r designat f\u00f6r erfarna anv\u00e4ndare som s\u00f6ker en kraftfull nikotinkick och en fr\u00e4sch, iskall mintupplevelse.<\/p>","protected":false},"featured_media":62508,"comment_status":"open","ping_status":"closed","template":"","meta":[],"product_brand":[386],"product_cat":[136,355,356,232,137],"product_tag":[],"class_list":{"0":"post-62579","1":"product","2":"type-product","3":"status-publish","4":"has-post-thumbnail","6":"product_brand-pablo","7":"product_cat-all-whites","8":"product_cat-extra-strongextra-stark","9":"product_cat-extreme","10":"product_cat-pablo","11":"product_cat-slim","13":"first","14":"instock","15":"taxable","16":"shipping-taxable","17":"purchasable","18":"product-type-variable"},"_links":{"self":[{"href":"https:\/\/snus-malmo.se\/sv\/wp-json\/wp\/v2\/product\/62579","targetHints":{"allow":["GET"]}}],"collection":[{"href":"https:\/\/snus-malmo.se\/sv\/wp-json\/wp\/v2\/product"}],"about":[{"href":"https:\/\/snus-malmo.se\/sv\/wp-json\/wp\/v2\/types\/product"}],"replies":[{"embeddable":true,"href":"https:\/\/snus-malmo.se\/sv\/wp-json\/wp\/v2\/comments?post=62579"}],"version-history":[{"count":0,"href":"https:\/\/snus-malmo.se\/sv\/wp-json\/wp\/v2\/product\/62579\/revisions"}],"wp:featuredmedia":[{"embeddable":true,"href":"https:\/\/snus-malmo.se\/sv\/wp-json\/wp\/v2\/media\/62508"}],"wp:attachment":[{"href":"https:\/\/snus-malmo.se\/sv\/wp-json\/wp\/v2\/media?parent=62579"}],"wp:term":[{"taxonomy":"product_brand","embeddable":true,"href":"https:\/\/snus-malmo.se\/sv\/wp-json\/wp\/v2\/product_brand?post=62579"},{"taxonomy":"product_cat","embeddable":true,"href":"https:\/\/snus-malmo.se\/sv\/wp-json\/wp\/v2\/product_cat?post=62579"},{"taxonomy":"product_tag","embeddable":true,"href":"https:\/\/snus-malmo.se\/sv\/wp-json\/wp\/v2\/product_tag?post=62579"}],"curies":[{"name":"wp","href":"https:\/\/api.w.org\/{rel}","templated":true}]}}