{"id":62679,"date":"2025-07-07T21:51:24","date_gmt":"2025-07-07T21:51:24","guid":{"rendered":"https:\/\/snus-malmo.se\/?post_type=product&#038;p=62679"},"modified":"2025-07-24T15:21:12","modified_gmt":"2025-07-24T15:21:12","slug":"killa-extra-strong-13","status":"publish","type":"product","link":"https:\/\/snus-malmo.se\/sv\/produkt\/killa-extra-strong-13\/","title":{"rendered":"Killa Extra Strong 13"},"content":{"rendered":"<h1 data-pm-slice=\"1 1 []\">Killa Extra Strong 13<\/h1>\n<h2 data-start=\"141\" data-end=\"237\"><strong data-start=\"145\" data-end=\"237\">Killa Extra Strong 13 \u2013 Tobaksfritt snus med unik smakprofil och kraftfull nikotineffekt<\/strong><\/h2>\n<p data-start=\"239\" data-end=\"549\">Letar du efter ett tobaksfritt snus som sticker ut b\u00e5de i smak och styrka? D\u00e5 \u00e4r <strong data-start=\"320\" data-end=\"345\">Killa Extra Strong 13<\/strong> n\u00e5got f\u00f6r dig. Denna mystiska och intensiva smakvariant kombinerar en komplex smakprofil med en av de starkaste nikotinkickarna i Killa-serien \u2013 perfekt f\u00f6r dig som \u00e4r ute efter n\u00e5got ut\u00f6ver det vanliga.<\/p>\n<p data-start=\"551\" data-end=\"831\"><strong data-start=\"551\" data-end=\"576\">Killa 13 Extra Strong<\/strong> \u00e4r ett vitt snus i smidigt slim-format, utvecklat f\u00f6r erfarna snusare som s\u00f6ker en kompromissl\u00f6s upplevelse utan tobak. Den unika smaken \u00e4r sv\u00e5r att s\u00e4tta fingret p\u00e5 \u2013 kryddig, fr\u00e4sch, lite s\u00f6t \u2013 vilket g\u00f6r den sp\u00e4nnande och of\u00f6ruts\u00e4gbar i varje portion.<\/p>\n<hr data-start=\"833\" data-end=\"836\" \/>\n<h2 data-start=\"838\" data-end=\"880\"><strong data-start=\"842\" data-end=\"880\">F\u00f6rdelar med Killa Extra Strong 13<\/strong><\/h2>\n<ul data-start=\"882\" data-end=\"1244\">\n<li data-start=\"882\" data-end=\"969\">\n<p data-start=\"884\" data-end=\"969\">\ud83d\udd2e <strong data-start=\"887\" data-end=\"912\">Mystisk och unik smak<\/strong> \u2013 intensiv och sv\u00e5rdefinierad men beroendeframkallande<\/p>\n<\/li>\n<li data-start=\"970\" data-end=\"1049\">\n<p data-start=\"972\" data-end=\"1049\">\ud83d\udca5 <strong data-start=\"975\" data-end=\"1004\">Extra stark nikotinstyrka<\/strong> \u2013 bland de kraftigaste i Killa-sortimentet<\/p>\n<\/li>\n<li data-start=\"1050\" data-end=\"1111\">\n<p data-start=\"1052\" data-end=\"1111\">\u2744\ufe0f <strong data-start=\"1055\" data-end=\"1080\">Fr\u00e4sch kylande k\u00e4nsla<\/strong> \u2013 ger l\u00e5ngvarig uppfriskning<\/p>\n<\/li>\n<li data-start=\"1112\" data-end=\"1186\">\n<p data-start=\"1114\" data-end=\"1186\">\ud83d\udeab <strong data-start=\"1117\" data-end=\"1130\">Tobaksfri<\/strong> \u2013 endast nikotin f\u00f6r en modern och ren snusupplevelse<\/p>\n<\/li>\n<li data-start=\"1187\" data-end=\"1244\">\n<p data-start=\"1189\" data-end=\"1244\">\ud83d\udccf <strong data-start=\"1192\" data-end=\"1207\">Slim-format<\/strong> \u2013 diskret och bekv\u00e4mt under l\u00e4ppen<\/p>\n<\/li>\n<\/ul>\n<hr data-start=\"1246\" data-end=\"1249\" \/>\n<h2 data-start=\"1251\" data-end=\"1301\"><strong data-start=\"1255\" data-end=\"1301\">Produktinformation \u2013 Killa Extra Strong 13<\/strong><\/h2>\n<ul data-start=\"1303\" data-end=\"1614\">\n<li data-start=\"1303\" data-end=\"1345\">\n<p data-start=\"1305\" data-end=\"1345\"><strong data-start=\"1305\" data-end=\"1320\">Produktnamn<\/strong>: Killa Extra Strong 13<\/p>\n<\/li>\n<li data-start=\"1346\" data-end=\"1407\">\n<p data-start=\"1348\" data-end=\"1407\"><strong data-start=\"1348\" data-end=\"1362\">Smakprofil<\/strong>: Unik och intensiv \u2013 med fr\u00e4sch\u00f6r och djup<\/p>\n<\/li>\n<li data-start=\"1408\" data-end=\"1442\">\n<p data-start=\"1410\" data-end=\"1442\"><strong data-start=\"1410\" data-end=\"1417\">Typ<\/strong>: Tobaksfritt vitt snus<\/p>\n<\/li>\n<li data-start=\"1443\" data-end=\"1493\">\n<p data-start=\"1445\" data-end=\"1493\"><strong data-start=\"1445\" data-end=\"1455\">Format<\/strong>: Slim \u2013 diskret och smidig passform<\/p>\n<\/li>\n<li data-start=\"1494\" data-end=\"1542\">\n<p data-start=\"1496\" data-end=\"1542\"><strong data-start=\"1496\" data-end=\"1511\">Nikotinhalt<\/strong>: Extra stark (ca 16\u201320 mg\/g)<\/p>\n<\/li>\n<li data-start=\"1543\" data-end=\"1582\">\n<p data-start=\"1545\" data-end=\"1582\"><strong data-start=\"1545\" data-end=\"1573\">Antal portioner per dosa<\/strong>: 20 st<\/p>\n<\/li>\n<li data-start=\"1583\" data-end=\"1614\">\n<p data-start=\"1585\" data-end=\"1614\"><strong data-start=\"1585\" data-end=\"1600\">Tillverkare<\/strong>: NGP Empire<\/p>\n<\/li>\n<\/ul>\n<hr data-start=\"1616\" data-end=\"1619\" \/>\n<h2 data-start=\"1621\" data-end=\"1692\"><strong data-start=\"1625\" data-end=\"1692\">K\u00f6p Killa Extra Strong 13 online \u2013 Snabb leverans hos Veloop.se<\/strong><\/h2>\n<p data-start=\"1694\" data-end=\"1944\">Best\u00e4ll <strong data-start=\"1702\" data-end=\"1727\">Killa 13 Extra Strong<\/strong> direkt fr\u00e5n <strong data-start=\"1740\" data-end=\"1753\">Veloop.se<\/strong> och f\u00e5 en sp\u00e4nnande snusupplevelse med snabb leverans. Vi erbjuder <strong data-start=\"1821\" data-end=\"1861\">fri frakt vid k\u00f6p \u00f6ver en viss gr\u00e4ns<\/strong> och ett brett sortiment av tobaksfria nikotinportioner f\u00f6r alla smaker och niv\u00e5er.<\/p>\n<hr data-start=\"1946\" data-end=\"1949\" \/>\n<h3 data-start=\"1951\" data-end=\"2010\"><strong data-start=\"1955\" data-end=\"2010\">Uppt\u00e4ck fler popul\u00e4ra Killa Extra Strong-varianter:<\/strong><\/h3>\n<ul data-start=\"2012\" data-end=\"2859\">\n<li data-start=\"2012\" data-end=\"2077\">\n<p data-start=\"2014\" data-end=\"2077\"><strong data-start=\"2014\" data-end=\"2046\">Killa Extra Strong Mango Ice<\/strong> \u2013 S\u00f6t mango och kylig mentol<\/p>\n<\/li>\n<li data-start=\"2078\" data-end=\"2146\">\n<p data-start=\"2080\" data-end=\"2146\"><strong data-start=\"2080\" data-end=\"2113\">Killa Extra Strong Watermelon<\/strong> \u2013 Fruktig vattenmelon med mint<\/p>\n<\/li>\n<li data-start=\"2147\" data-end=\"2217\">\n<p data-start=\"2149\" data-end=\"2217\"><strong data-start=\"2149\" data-end=\"2181\">Killa Extra Strong Blueberry<\/strong> \u2013 S\u00f6t bl\u00e5b\u00e4rssmak med fr\u00e4sch mint<\/p>\n<\/li>\n<li data-start=\"2218\" data-end=\"2290\">\n<p data-start=\"2220\" data-end=\"2290\"><strong data-start=\"2220\" data-end=\"2252\">Killa Extra Strong Apple Ice<\/strong> \u2013 Friskt \u00e4pple och svalkande k\u00e4nsla<\/p>\n<\/li>\n<li data-start=\"2291\" data-end=\"2353\">\n<p data-start=\"2293\" data-end=\"2353\"><strong data-start=\"2293\" data-end=\"2320\">Killa Extra Strong Cola<\/strong> \u2013 Klassisk colasmak med mentol<\/p>\n<\/li>\n<li data-start=\"2354\" data-end=\"2421\">\n<p data-start=\"2356\" data-end=\"2421\"><strong data-start=\"2356\" data-end=\"2388\">Killa Extra Strong Cold Mint<\/strong> \u2013 Klassisk mint med extra kyla<\/p>\n<\/li>\n<li data-start=\"2422\" data-end=\"2490\">\n<p data-start=\"2424\" data-end=\"2490\"><strong data-start=\"2424\" data-end=\"2458\">Killa Extra Strong Cold X Mint<\/strong> \u2013 Maximal mintstyrka och kyla<\/p>\n<\/li>\n<li data-start=\"2491\" data-end=\"2566\">\n<p data-start=\"2493\" data-end=\"2566\"><strong data-start=\"2493\" data-end=\"2525\">Killa Extra Strong Bubblegum<\/strong> \u2013 S\u00f6t tuggummismak med isande fr\u00e4sch\u00f6r<\/p>\n<\/li>\n<li data-start=\"2567\" data-end=\"2648\">\n<p data-start=\"2569\" data-end=\"2648\"><strong data-start=\"2569\" data-end=\"2613\">Killa Extra Strong Strawberry Cheesecake<\/strong> \u2013 Kr\u00e4mig jordgubbst\u00e5rta med mint<\/p>\n<\/li>\n<li data-start=\"2649\" data-end=\"2724\">\n<p data-start=\"2651\" data-end=\"2724\"><strong data-start=\"2651\" data-end=\"2691\">Killa Extra Strong Strawberry Lychee<\/strong> \u2013 Fruktig kombination med mint<\/p>\n<\/li>\n<li data-start=\"2725\" data-end=\"2790\">\n<p data-start=\"2727\" data-end=\"2790\"><strong data-start=\"2727\" data-end=\"2759\">Killa Extra Strong Grape Ice<\/strong> \u2013 S\u00f6t druva och kylande mint<\/p>\n<\/li>\n<li data-start=\"2791\" data-end=\"2859\">\n<p data-start=\"2793\" data-end=\"2859\"><strong data-start=\"2793\" data-end=\"2825\">Killa Extra Strong Banan Ice<\/strong> \u2013 Tropisk banan och sval mentol<\/p>\n<\/li>\n<\/ul>\n<hr data-start=\"2861\" data-end=\"2864\" \/>\n<h3 data-start=\"2866\" data-end=\"2929\"><strong data-start=\"2870\" data-end=\"2929\">Killa 13 \u2013 En of\u00f6ruts\u00e4gbar och kraftfull snusupplevelse<\/strong><\/h3>\n<p data-start=\"2931\" data-end=\"3170\"><strong data-start=\"2931\" data-end=\"2956\">Killa Extra Strong 13<\/strong> \u00e4r snuset f\u00f6r dig som s\u00f6ker n\u00e5got annorlunda. Med sin mystiska smak och extrema styrka ger den en intensiv och minnesv\u00e4rd upplevelse \u2013 varje g\u00e5ng. Perfekt f\u00f6r dig som redan testat det mesta och vill ha n\u00e5got nytt.<\/p>\n<p data-start=\"3172\" data-end=\"3283\">\ud83d\uded2 <strong data-start=\"3175\" data-end=\"3223\">K\u00f6p Killa Extra Strong 13 idag hos Veloop.se<\/strong> \u2013 alltid snabb leverans och fri frakt vid k\u00f6p \u00f6ver gr\u00e4nsen!<\/p>","protected":false},"excerpt":{"rendered":"<h1 data-pm-slice=\"1 1 []\">Killa Extra Strong 13<\/h1>\n<h1><img decoding=\"async\" class=\"wp-image-62590 alignleft\" src=\"https:\/\/snus-malmo.se\/wp-content\/uploads\/2025\/07\/Kill-logo-300x300.webp\" alt=\"\" width=\"69\" height=\"69\" srcset=\"https:\/\/snus-malmo.se\/wp-content\/uploads\/2025\/07\/Kill-logo-300x300.webp 300w, https:\/\/snus-malmo.se\/wp-content\/uploads\/2025\/07\/Kill-logo-150x150.webp 150w, https:\/\/snus-malmo.se\/wp-content\/uploads\/2025\/07\/Kill-logo-12x12.webp 12w, https:\/\/snus-malmo.se\/wp-content\/uploads\/2025\/07\/Kill-logo.webp 400w\" sizes=\"(max-width: 69px) 100vw, 69px\" \/><\/h1>\n<h2 data-start=\"141\" data-end=\"237\"><strong data-start=\"145\" data-end=\"237\">Killa Extra Strong 13 \u2013 Tobaksfritt snus med unik smakprofil och kraftfull nikotineffekt<\/strong><\/h2>\n<p data-start=\"239\" data-end=\"549\">Letar du efter ett tobaksfritt snus som sticker ut b\u00e5de i smak och styrka? D\u00e5 \u00e4r <strong data-start=\"320\" data-end=\"345\">Killa Extra Strong 13<\/strong> n\u00e5got f\u00f6r dig. Denna mystiska och intensiva smakvariant kombinerar en komplex smakprofil med en av de starkaste nikotinkickarna i Killa-serien \u2013 perfekt f\u00f6r dig som \u00e4r ute efter n\u00e5got ut\u00f6ver det vanliga.<\/p>","protected":false},"featured_media":62591,"comment_status":"open","ping_status":"closed","template":"","meta":[],"product_brand":[386],"product_cat":[136,355,216,137],"product_tag":[],"class_list":{"0":"post-62679","1":"product","2":"type-product","3":"status-publish","4":"has-post-thumbnail","6":"product_brand-pablo","7":"product_cat-all-whites","8":"product_cat-extra-strongextra-stark","9":"product_cat-killa","10":"product_cat-slim","12":"first","13":"instock","14":"taxable","15":"shipping-taxable","16":"purchasable","17":"product-type-variable"},"_links":{"self":[{"href":"https:\/\/snus-malmo.se\/sv\/wp-json\/wp\/v2\/product\/62679","targetHints":{"allow":["GET"]}}],"collection":[{"href":"https:\/\/snus-malmo.se\/sv\/wp-json\/wp\/v2\/product"}],"about":[{"href":"https:\/\/snus-malmo.se\/sv\/wp-json\/wp\/v2\/types\/product"}],"replies":[{"embeddable":true,"href":"https:\/\/snus-malmo.se\/sv\/wp-json\/wp\/v2\/comments?post=62679"}],"version-history":[{"count":0,"href":"https:\/\/snus-malmo.se\/sv\/wp-json\/wp\/v2\/product\/62679\/revisions"}],"wp:featuredmedia":[{"embeddable":true,"href":"https:\/\/snus-malmo.se\/sv\/wp-json\/wp\/v2\/media\/62591"}],"wp:attachment":[{"href":"https:\/\/snus-malmo.se\/sv\/wp-json\/wp\/v2\/media?parent=62679"}],"wp:term":[{"taxonomy":"product_brand","embeddable":true,"href":"https:\/\/snus-malmo.se\/sv\/wp-json\/wp\/v2\/product_brand?post=62679"},{"taxonomy":"product_cat","embeddable":true,"href":"https:\/\/snus-malmo.se\/sv\/wp-json\/wp\/v2\/product_cat?post=62679"},{"taxonomy":"product_tag","embeddable":true,"href":"https:\/\/snus-malmo.se\/sv\/wp-json\/wp\/v2\/product_tag?post=62679"}],"curies":[{"name":"wp","href":"https:\/\/api.w.org\/{rel}","templated":true}]}}