{"id":62725,"date":"2025-07-08T09:35:17","date_gmt":"2025-07-08T09:35:17","guid":{"rendered":"https:\/\/snus-malmo.se\/?post_type=product&#038;p=62725"},"modified":"2025-08-05T00:05:30","modified_gmt":"2025-08-05T00:05:30","slug":"iceberg-raspberry-gum-extrem-stark","status":"publish","type":"product","link":"https:\/\/snus-malmo.se\/sv\/produkt\/iceberg-raspberry-gum-extrem-stark\/","title":{"rendered":"ICEBERG Raspberry Gum Extrem Stark"},"content":{"rendered":"<h1 data-pm-slice=\"1 1 []\">ICEBERG Raspberry Gum Extrem Stark<\/h1>\n<h2 data-start=\"166\" data-end=\"261\"><strong data-start=\"170\" data-end=\"261\">ICEBERG Raspberry Gum Extreme \u2013 Tobaksfri nikotinp\u00e5se med hallongodis och extrem styrka<\/strong><\/h2>\n<p data-start=\"263\" data-end=\"520\">Vill du kombinera den s\u00f6tsyrliga smaken av hallon med en kraftfull nikotinkick? <strong data-start=\"343\" data-end=\"376\">ICEBERG Raspberry Gum Extreme<\/strong>levererar en explosiv smakupplevelse av hallongodis med en fr\u00e4sch mintton \u2013 perfekt f\u00f6r dig som gillar fruktiga smaker men kr\u00e4ver rej\u00e4l styrka.<\/p>\n<p data-start=\"522\" data-end=\"800\">Med en nikotinhalt p\u00e5 hela <strong data-start=\"549\" data-end=\"579\">50 mg\/g (30 mg per prilla)<\/strong> \u00e4r detta en av de starkaste nikotinp\u00e5sarna p\u00e5 marknaden. Den slimmade formen g\u00f6r den diskret och bekv\u00e4m att anv\u00e4nda \u2013 oavsett var du befinner dig. Helt fri fr\u00e5n tobak f\u00e5r du en modern nikotinupplevelse utan kompromisser.<\/p>\n<hr data-start=\"802\" data-end=\"805\" \/>\n<h2 data-start=\"807\" data-end=\"857\"><strong data-start=\"811\" data-end=\"857\">F\u00f6rdelar med ICEBERG Raspberry Gum Extreme<\/strong><\/h2>\n<ul data-start=\"859\" data-end=\"1223\">\n<li data-start=\"859\" data-end=\"932\">\n<p data-start=\"861\" data-end=\"932\">\ud83c\udf53 <strong data-start=\"864\" data-end=\"887\">Smak av hallongodis<\/strong> \u2013 s\u00f6t, fruktig och syrlig i perfekt balans<\/p>\n<\/li>\n<li data-start=\"933\" data-end=\"990\">\n<p data-start=\"935\" data-end=\"990\">\u2744\ufe0f <strong data-start=\"938\" data-end=\"959\">Svalkande mintton<\/strong> \u2013 ger en uppfriskande helhet<\/p>\n<\/li>\n<li data-start=\"991\" data-end=\"1051\">\n<p data-start=\"993\" data-end=\"1051\">\ud83d\udca5 <strong data-start=\"996\" data-end=\"1020\">Extrem nikotinstyrka<\/strong> \u2013 50 mg\/g (30 mg per prilla)<\/p>\n<\/li>\n<li data-start=\"1052\" data-end=\"1102\">\n<p data-start=\"1054\" data-end=\"1102\">\ud83d\udeab <strong data-start=\"1057\" data-end=\"1070\">Tobaksfri<\/strong> \u2013 endast nikotin, ingen tobak<\/p>\n<\/li>\n<li data-start=\"1103\" data-end=\"1165\">\n<p data-start=\"1105\" data-end=\"1165\">\ud83d\udccf <strong data-start=\"1108\" data-end=\"1123\">Slim-format<\/strong> \u2013 diskret under l\u00e4ppen, passar \u00f6verallt<\/p>\n<\/li>\n<li data-start=\"1166\" data-end=\"1223\">\n<p data-start=\"1168\" data-end=\"1223\">\ud83e\uddca <strong data-start=\"1171\" data-end=\"1188\">L\u00e5g rinnighet<\/strong> \u2013 j\u00e4mn och l\u00e5ngvarig fris\u00e4ttning<\/p>\n<\/li>\n<\/ul>\n<hr data-start=\"1225\" data-end=\"1228\" \/>\n<h2 data-start=\"1230\" data-end=\"1288\"><strong data-start=\"1234\" data-end=\"1288\">Produktinformation \u2013 ICEBERG Raspberry Gum Extreme<\/strong><\/h2>\n<div class=\"_tableContainer_80l1q_1\">\n<div class=\"_tableWrapper_80l1q_14 group flex w-fit flex-col-reverse\" tabindex=\"-1\">\n<table class=\"w-fit min-w-(--thread-content-width)\" data-start=\"1290\" data-end=\"2025\">\n<thead data-start=\"1290\" data-end=\"1355\">\n<tr data-start=\"1290\" data-end=\"1355\">\n<th data-start=\"1290\" data-end=\"1316\" data-col-size=\"sm\">Egenskap<\/th>\n<th data-start=\"1316\" data-end=\"1355\" data-col-size=\"sm\">Information<\/th>\n<\/tr>\n<\/thead>\n<tbody data-start=\"1423\" data-end=\"2025\">\n<tr data-start=\"1423\" data-end=\"1489\">\n<td data-start=\"1423\" data-end=\"1450\" data-col-size=\"sm\"><strong data-start=\"1425\" data-end=\"1440\">Produktnamn<\/strong><\/td>\n<td data-col-size=\"sm\" data-start=\"1450\" data-end=\"1489\">ICEBERG Raspberry Gum Extreme<\/td>\n<\/tr>\n<tr data-start=\"1490\" data-end=\"1556\">\n<td data-start=\"1490\" data-end=\"1517\" data-col-size=\"sm\"><strong data-start=\"1492\" data-end=\"1500\">Smak<\/strong><\/td>\n<td data-col-size=\"sm\" data-start=\"1517\" data-end=\"1556\">Hallongodis &amp; mint<\/td>\n<\/tr>\n<tr data-start=\"1557\" data-end=\"1623\">\n<td data-start=\"1557\" data-end=\"1584\" data-col-size=\"sm\"><strong data-start=\"1559\" data-end=\"1566\">Typ<\/strong><\/td>\n<td data-col-size=\"sm\" data-start=\"1584\" data-end=\"1623\">Nikotinp\u00e5se (tobaksfri)<\/td>\n<\/tr>\n<tr data-start=\"1624\" data-end=\"1690\">\n<td data-start=\"1624\" data-end=\"1651\" data-col-size=\"sm\"><strong data-start=\"1626\" data-end=\"1636\">Format<\/strong><\/td>\n<td data-col-size=\"sm\" data-start=\"1651\" data-end=\"1690\">Slim<\/td>\n<\/tr>\n<tr data-start=\"1691\" data-end=\"1757\">\n<td data-start=\"1691\" data-end=\"1718\" data-col-size=\"sm\"><strong data-start=\"1693\" data-end=\"1708\">Nikotinhalt<\/strong><\/td>\n<td data-col-size=\"sm\" data-start=\"1718\" data-end=\"1757\">50 mg\/g<\/td>\n<\/tr>\n<tr data-start=\"1758\" data-end=\"1824\">\n<td data-start=\"1758\" data-end=\"1785\" data-col-size=\"sm\"><strong data-start=\"1760\" data-end=\"1782\">Nikotin per prilla<\/strong><\/td>\n<td data-col-size=\"sm\" data-start=\"1785\" data-end=\"1824\">30 mg<\/td>\n<\/tr>\n<tr data-start=\"1825\" data-end=\"1891\">\n<td data-start=\"1825\" data-end=\"1852\" data-col-size=\"sm\"><strong data-start=\"1827\" data-end=\"1851\">Antal portioner\/dosa<\/strong><\/td>\n<td data-col-size=\"sm\" data-start=\"1852\" data-end=\"1891\">20 st<\/td>\n<\/tr>\n<tr data-start=\"1892\" data-end=\"1958\">\n<td data-start=\"1892\" data-end=\"1919\" data-col-size=\"sm\"><strong data-start=\"1894\" data-end=\"1907\">Nettovikt<\/strong><\/td>\n<td data-col-size=\"sm\" data-start=\"1919\" data-end=\"1958\">12 gram<\/td>\n<\/tr>\n<tr data-start=\"1959\" data-end=\"2025\">\n<td data-start=\"1959\" data-end=\"1986\" data-col-size=\"sm\"><strong data-start=\"1961\" data-end=\"1976\">Tillverkare<\/strong><\/td>\n<td data-col-size=\"sm\" data-start=\"1986\" data-end=\"2025\">Iceberg14<\/td>\n<\/tr>\n<\/tbody>\n<\/table>\n<div class=\"sticky end-(--thread-content-margin) h-0 self-end select-none\">\n<div class=\"absolute end-0 flex items-end\"><\/div>\n<\/div>\n<\/div>\n<\/div>\n<hr data-start=\"2027\" data-end=\"2030\" \/>\n<h2 data-start=\"2032\" data-end=\"2094\"><strong data-start=\"2036\" data-end=\"2094\">K\u00f6p ICEBERG Raspberry Gum Extreme online hos Veloop.se<\/strong><\/h2>\n<p data-start=\"2096\" data-end=\"2365\">Best\u00e4ll <strong data-start=\"2104\" data-end=\"2137\">ICEBERG Raspberry Gum Extreme<\/strong> smidigt fr\u00e5n <strong data-start=\"2151\" data-end=\"2164\">Veloop.se<\/strong> och f\u00e5 din nikotindosa snabbt hem i brevl\u00e5dan. Vi erbjuder <strong data-start=\"2224\" data-end=\"2242\">snabb leverans<\/strong> och <strong data-start=\"2247\" data-end=\"2287\">fri frakt vid k\u00f6p \u00f6ver en viss gr\u00e4ns<\/strong>. Hitta din nya favorit bland v\u00e5rt breda sortiment av tobaksfria nikotinp\u00e5sar.<\/p>\n<hr data-start=\"2367\" data-end=\"2370\" \/>\n<h3 data-start=\"2372\" data-end=\"2442\"><strong data-start=\"2376\" data-end=\"2442\">ICEBERG Raspberry Gum \u2013 Hallons\u00f6tma m\u00f6ter extrem nikotinstyrka<\/strong><\/h3>\n<p data-start=\"2444\" data-end=\"2673\">F\u00f6r dig som vill ha n\u00e5got s\u00f6tt men samtidigt kraftfullt \u00e4r <strong data-start=\"2503\" data-end=\"2536\">ICEBERG Raspberry Gum Extreme<\/strong> det sj\u00e4lvklara valet. Den s\u00f6tsyrliga hallonsmaken tillsammans med iskall mint ger en oemotst\u00e5ndlig och intensiv upplevelse \u2013 varje g\u00e5ng.<\/p>\n<p data-start=\"2675\" data-end=\"2781\">\ud83d\uded2 <strong data-start=\"2678\" data-end=\"2734\">K\u00f6p ICEBERG Raspberry Gum Extreme idag hos Veloop.se<\/strong> \u2013 alltid snabb leverans och diskret f\u00f6rpackat!<\/p>","protected":false},"excerpt":{"rendered":"<h1 data-pm-slice=\"1 1 []\">ICEBERG Raspberry Gum Extrem Stark<\/h1>\n<h1><img decoding=\"async\" class=\"wp-image-62699 alignleft\" src=\"https:\/\/snus-malmo.se\/wp-content\/uploads\/2025\/07\/Iceberg-logo.webp\" alt=\"\" width=\"163\" height=\"33\" srcset=\"https:\/\/snus-malmo.se\/wp-content\/uploads\/2025\/07\/Iceberg-logo.webp 400w, https:\/\/snus-malmo.se\/wp-content\/uploads\/2025\/07\/Iceberg-logo-18x4.webp 18w\" sizes=\"(max-width: 163px) 100vw, 163px\" \/><\/h1>\n<h2 data-start=\"166\" data-end=\"261\"><strong data-start=\"170\" data-end=\"261\">ICEBERG Raspberry Gum Extreme \u2013 Tobaksfri nikotinp\u00e5se med hallongodis och extrem styrka<\/strong><\/h2>\n<p data-start=\"263\" data-end=\"520\">Vill du kombinera den s\u00f6tsyrliga smaken av hallon med en kraftfull nikotinkick? <strong data-start=\"343\" data-end=\"376\">ICEBERG Raspberry Gum Extreme<\/strong>levererar en explosiv smakupplevelse av hallongodis med en fr\u00e4sch mintton \u2013 perfekt f\u00f6r dig som gillar fruktiga smaker men kr\u00e4ver rej\u00e4l styrka.<\/p>","protected":false},"featured_media":62700,"comment_status":"open","ping_status":"closed","template":"","meta":[],"product_brand":[387],"product_cat":[136,355,356,208,137],"product_tag":[],"class_list":{"0":"post-62725","1":"product","2":"type-product","3":"status-publish","4":"has-post-thumbnail","6":"product_brand-iceberg","7":"product_cat-all-whites","8":"product_cat-extra-strongextra-stark","9":"product_cat-extreme","10":"product_cat-iceberg","11":"product_cat-slim","13":"first","14":"instock","15":"taxable","16":"shipping-taxable","17":"purchasable","18":"product-type-variable"},"_links":{"self":[{"href":"https:\/\/snus-malmo.se\/sv\/wp-json\/wp\/v2\/product\/62725","targetHints":{"allow":["GET"]}}],"collection":[{"href":"https:\/\/snus-malmo.se\/sv\/wp-json\/wp\/v2\/product"}],"about":[{"href":"https:\/\/snus-malmo.se\/sv\/wp-json\/wp\/v2\/types\/product"}],"replies":[{"embeddable":true,"href":"https:\/\/snus-malmo.se\/sv\/wp-json\/wp\/v2\/comments?post=62725"}],"version-history":[{"count":0,"href":"https:\/\/snus-malmo.se\/sv\/wp-json\/wp\/v2\/product\/62725\/revisions"}],"wp:featuredmedia":[{"embeddable":true,"href":"https:\/\/snus-malmo.se\/sv\/wp-json\/wp\/v2\/media\/62700"}],"wp:attachment":[{"href":"https:\/\/snus-malmo.se\/sv\/wp-json\/wp\/v2\/media?parent=62725"}],"wp:term":[{"taxonomy":"product_brand","embeddable":true,"href":"https:\/\/snus-malmo.se\/sv\/wp-json\/wp\/v2\/product_brand?post=62725"},{"taxonomy":"product_cat","embeddable":true,"href":"https:\/\/snus-malmo.se\/sv\/wp-json\/wp\/v2\/product_cat?post=62725"},{"taxonomy":"product_tag","embeddable":true,"href":"https:\/\/snus-malmo.se\/sv\/wp-json\/wp\/v2\/product_tag?post=62725"}],"curies":[{"name":"wp","href":"https:\/\/api.w.org\/{rel}","templated":true}]}}