{"id":62737,"date":"2025-07-08T09:49:53","date_gmt":"2025-07-08T09:49:53","guid":{"rendered":"https:\/\/snus-malmo.se\/?post_type=product&#038;p=62737"},"modified":"2025-07-24T00:45:53","modified_gmt":"2025-07-24T00:45:53","slug":"iceberg-strawberry-pomegranate-extrem-stark","status":"publish","type":"product","link":"https:\/\/snus-malmo.se\/sv\/produkt\/iceberg-strawberry-pomegranate-extrem-stark\/","title":{"rendered":"ICEBERG Strawberry Pomegranate Extrem Stark"},"content":{"rendered":"<h1 data-pm-slice=\"1 1 []\">ICEBERG Strawberry Pomegranate Extrem Stark<\/h1>\n<h2 data-start=\"175\" data-end=\"265\"><strong data-start=\"179\" data-end=\"265\">ICEBERG Strawberry Pomegranate Extreme \u2013 Fruktig fr\u00e4sch\u00f6r med extrem nikotineffekt<\/strong><\/h2>\n<p data-start=\"267\" data-end=\"633\">Vill du ha en tobaksfri nikotinp\u00e5se som bjuder p\u00e5 b\u00e5de smak och styrka? <strong data-start=\"339\" data-end=\"381\">ICEBERG Strawberry Pomegranate Extreme<\/strong>kombinerar den s\u00f6ta friskheten fr\u00e5n solmogna jordgubbar med den syrliga intensiteten fr\u00e5n granat\u00e4pple \u2013 en fruktig smakexplosion som avrundas med en svalkande mintk\u00e4nsla. Perfekt f\u00f6r dig som \u00e4lskar b\u00e4rsmaker men s\u00f6ker en nikotinp\u00e5se med maximal kraft.<\/p>\n<p data-start=\"635\" data-end=\"849\">Med en nikotinhalt p\u00e5 hela <strong data-start=\"662\" data-end=\"692\">50 mg\/g (30 mg per prilla)<\/strong> \u00e4r detta en av de mest potenta nikotinp\u00e5sarna p\u00e5 marknaden. Den slimmade formen g\u00f6r den diskret att anv\u00e4nda \u2013 samtidigt som smaken \u00e4r allt annat \u00e4n diskret.<\/p>\n<hr data-start=\"851\" data-end=\"854\" \/>\n<h2 data-start=\"856\" data-end=\"915\"><strong data-start=\"860\" data-end=\"915\">F\u00f6rdelar med ICEBERG Strawberry Pomegranate Extreme<\/strong><\/h2>\n<ul data-start=\"917\" data-end=\"1321\">\n<li data-start=\"917\" data-end=\"946\">\n<p data-start=\"919\" data-end=\"946\">\ud83c\udf53 <strong data-start=\"922\" data-end=\"938\">S\u00f6t jordgubb<\/strong> m\u00f6ter<\/p>\n<\/li>\n<li data-start=\"947\" data-end=\"1012\">\n<p data-start=\"949\" data-end=\"1012\">\ud83c\udf77 <strong data-start=\"952\" data-end=\"975\">Syrligt granat\u00e4pple<\/strong> \u2013 en dj\u00e4rv och balanserad fruktmix<\/p>\n<\/li>\n<li data-start=\"1013\" data-end=\"1071\">\n<p data-start=\"1015\" data-end=\"1071\">\u2744\ufe0f <strong data-start=\"1018\" data-end=\"1034\">Kylande mint<\/strong> \u2013 f\u00f6rst\u00e4rker fr\u00e4sch\u00f6ren och smaken<\/p>\n<\/li>\n<li data-start=\"1072\" data-end=\"1132\">\n<p data-start=\"1074\" data-end=\"1132\">\ud83d\udca5 <strong data-start=\"1077\" data-end=\"1101\">Extrem nikotinstyrka<\/strong> \u2013 50 mg\/g (30 mg per prilla)<\/p>\n<\/li>\n<li data-start=\"1133\" data-end=\"1195\">\n<p data-start=\"1135\" data-end=\"1195\">\ud83d\udeab <strong data-start=\"1138\" data-end=\"1151\">Tobaksfri<\/strong> \u2013 endast nikotin f\u00f6r en renare upplevelse<\/p>\n<\/li>\n<li data-start=\"1196\" data-end=\"1262\">\n<p data-start=\"1198\" data-end=\"1262\">\ud83d\udccf <strong data-start=\"1201\" data-end=\"1216\">Slim-format<\/strong> \u2013 diskret och bekv\u00e4mt f\u00f6r daglig anv\u00e4ndning<\/p>\n<\/li>\n<li data-start=\"1263\" data-end=\"1321\">\n<p data-start=\"1265\" data-end=\"1321\">\ud83e\uddca <strong data-start=\"1268\" data-end=\"1289\">Minimal rinnighet<\/strong> \u2013 l\u00e5ngvarig effekt utan kladd<\/p>\n<\/li>\n<\/ul>\n<hr data-start=\"1323\" data-end=\"1326\" \/>\n<h2 data-start=\"1328\" data-end=\"1395\"><strong data-start=\"1332\" data-end=\"1395\">Produktinformation \u2013 ICEBERG Strawberry Pomegranate Extreme<\/strong><\/h2>\n<div class=\"_tableContainer_80l1q_1\">\n<div class=\"_tableWrapper_80l1q_14 group flex w-fit flex-col-reverse\" tabindex=\"-1\">\n<table class=\"w-fit min-w-(--thread-content-width)\" data-start=\"1397\" data-end=\"2187\">\n<thead data-start=\"1397\" data-end=\"1467\">\n<tr data-start=\"1397\" data-end=\"1467\">\n<th data-start=\"1397\" data-end=\"1423\" data-col-size=\"sm\">Egenskap<\/th>\n<th data-start=\"1423\" data-end=\"1467\" data-col-size=\"sm\">Information<\/th>\n<\/tr>\n<\/thead>\n<tbody data-start=\"1540\" data-end=\"2187\">\n<tr data-start=\"1540\" data-end=\"1611\">\n<td data-start=\"1540\" data-end=\"1567\" data-col-size=\"sm\"><strong data-start=\"1542\" data-end=\"1557\">Produktnamn<\/strong><\/td>\n<td data-start=\"1567\" data-end=\"1611\" data-col-size=\"sm\">ICEBERG Strawberry Pomegranate Extreme<\/td>\n<\/tr>\n<tr data-start=\"1612\" data-end=\"1683\">\n<td data-start=\"1612\" data-end=\"1639\" data-col-size=\"sm\"><strong data-start=\"1614\" data-end=\"1622\">Smak<\/strong><\/td>\n<td data-start=\"1639\" data-end=\"1683\" data-col-size=\"sm\">Jordgubb, granat\u00e4pple &amp; mint<\/td>\n<\/tr>\n<tr data-start=\"1684\" data-end=\"1755\">\n<td data-start=\"1684\" data-end=\"1711\" data-col-size=\"sm\"><strong data-start=\"1686\" data-end=\"1693\">Typ<\/strong><\/td>\n<td data-start=\"1711\" data-end=\"1755\" data-col-size=\"sm\">Nikotinp\u00e5se (tobaksfri)<\/td>\n<\/tr>\n<tr data-start=\"1756\" data-end=\"1827\">\n<td data-start=\"1756\" data-end=\"1783\" data-col-size=\"sm\"><strong data-start=\"1758\" data-end=\"1768\">Format<\/strong><\/td>\n<td data-start=\"1783\" data-end=\"1827\" data-col-size=\"sm\">Slim<\/td>\n<\/tr>\n<tr data-start=\"1828\" data-end=\"1899\">\n<td data-start=\"1828\" data-end=\"1855\" data-col-size=\"sm\"><strong data-start=\"1830\" data-end=\"1845\">Nikotinhalt<\/strong><\/td>\n<td data-start=\"1855\" data-end=\"1899\" data-col-size=\"sm\">50 mg\/g<\/td>\n<\/tr>\n<tr data-start=\"1900\" data-end=\"1971\">\n<td data-start=\"1900\" data-end=\"1927\" data-col-size=\"sm\"><strong data-start=\"1902\" data-end=\"1924\">Nikotin per prilla<\/strong><\/td>\n<td data-start=\"1927\" data-end=\"1971\" data-col-size=\"sm\">30 mg<\/td>\n<\/tr>\n<tr data-start=\"1972\" data-end=\"2043\">\n<td data-start=\"1972\" data-end=\"1999\" data-col-size=\"sm\"><strong data-start=\"1974\" data-end=\"1998\">Antal portioner\/dosa<\/strong><\/td>\n<td data-start=\"1999\" data-end=\"2043\" data-col-size=\"sm\">20 st<\/td>\n<\/tr>\n<tr data-start=\"2044\" data-end=\"2115\">\n<td data-start=\"2044\" data-end=\"2071\" data-col-size=\"sm\"><strong data-start=\"2046\" data-end=\"2059\">Nettovikt<\/strong><\/td>\n<td data-start=\"2071\" data-end=\"2115\" data-col-size=\"sm\">12 gram<\/td>\n<\/tr>\n<tr data-start=\"2116\" data-end=\"2187\">\n<td data-start=\"2116\" data-end=\"2143\" data-col-size=\"sm\"><strong data-start=\"2118\" data-end=\"2133\">Tillverkare<\/strong><\/td>\n<td data-start=\"2143\" data-end=\"2187\" data-col-size=\"sm\">Iceberg14<\/td>\n<\/tr>\n<\/tbody>\n<\/table>\n<div class=\"sticky end-(--thread-content-margin) h-0 self-end select-none\">\n<div class=\"absolute end-0 flex items-end\"><\/div>\n<\/div>\n<\/div>\n<\/div>\n<hr data-start=\"2189\" data-end=\"2192\" \/>\n<h2 data-start=\"2194\" data-end=\"2258\"><strong data-start=\"2198\" data-end=\"2258\">K\u00f6p ICEBERG Strawberry Pomegranate Extreme hos Veloop.se<\/strong><\/h2>\n<p data-start=\"2260\" data-end=\"2534\">Handla enkelt online hos <strong data-start=\"2285\" data-end=\"2298\">Veloop.se<\/strong> och f\u00e5 <strong data-start=\"2306\" data-end=\"2348\">ICEBERG Strawberry Pomegranate Extreme<\/strong> snabbt hem i brevl\u00e5dan. Vi erbjuder <strong data-start=\"2385\" data-end=\"2425\">fri frakt vid k\u00f6p \u00f6ver en viss gr\u00e4ns<\/strong> samt <strong data-start=\"2431\" data-end=\"2452\">snabba leveranser<\/strong>. Hitta din nya favorit bland v\u00e5rt stora utbud av starka, tobaksfria nikotinp\u00e5sar.<\/p>\n<hr data-start=\"2536\" data-end=\"2539\" \/>\n<h2 data-start=\"2541\" data-end=\"2602\"><strong data-start=\"2545\" data-end=\"2602\">ICEBERG Strawberry Pomegranate \u2013 Kraft m\u00f6ter karakt\u00e4r<\/strong><\/h2>\n<p data-start=\"2604\" data-end=\"2847\"><strong data-start=\"2604\" data-end=\"2646\">ICEBERG Strawberry Pomegranate Extreme<\/strong> \u00e4r perfekt f\u00f6r dig som vill ha b\u00e5de smakrik fruktighet och kompromissl\u00f6s nikotineffekt. Kombinationen av jordgubb, granat\u00e4pple och mint ger en djup, fr\u00e4sch smakprofil \u2013 perfekt f\u00f6r kr\u00e4vande anv\u00e4ndare.<\/p>\n<p data-start=\"2849\" data-end=\"2966\">\ud83d\uded2 <strong data-start=\"2852\" data-end=\"2917\">K\u00f6p ICEBERG Strawberry Pomegranate Extreme idag hos Veloop.se<\/strong> \u2013 alltid snabb leverans och diskret f\u00f6rpackning.<\/p>","protected":false},"excerpt":{"rendered":"<h1 data-pm-slice=\"1 1 []\">ICEBERG Strawberry Pomegranate Extrem Stark<\/h1>\n<h1><img decoding=\"async\" class=\"wp-image-62699 alignleft\" src=\"https:\/\/snus-malmo.se\/wp-content\/uploads\/2025\/07\/Iceberg-logo.webp\" alt=\"\" width=\"163\" height=\"33\" srcset=\"https:\/\/snus-malmo.se\/wp-content\/uploads\/2025\/07\/Iceberg-logo.webp 400w, https:\/\/snus-malmo.se\/wp-content\/uploads\/2025\/07\/Iceberg-logo-18x4.webp 18w\" sizes=\"(max-width: 163px) 100vw, 163px\" \/><\/h1>\n<h2 data-start=\"175\" data-end=\"265\"><strong data-start=\"179\" data-end=\"265\">ICEBERG Strawberry Pomegranate Extreme \u2013 Fruktig fr\u00e4sch\u00f6r med extrem nikotineffekt<\/strong><\/h2>\n<p data-start=\"267\" data-end=\"633\">Vill du ha en tobaksfri nikotinp\u00e5se som bjuder p\u00e5 b\u00e5de smak och styrka? <strong data-start=\"339\" data-end=\"381\">ICEBERG Strawberry Pomegranate Extreme<\/strong>kombinerar den s\u00f6ta friskheten fr\u00e5n solmogna jordgubbar med den syrliga intensiteten fr\u00e5n granat\u00e4pple \u2013 en fruktig smakexplosion som avrundas med en svalkande mintk\u00e4nsla. Perfekt f\u00f6r dig som \u00e4lskar b\u00e4rsmaker men s\u00f6ker en nikotinp\u00e5se med maximal kraft.<\/p>","protected":false},"featured_media":62702,"comment_status":"open","ping_status":"closed","template":"","meta":[],"product_brand":[387],"product_cat":[136,355,356,208,137],"product_tag":[],"class_list":{"0":"post-62737","1":"product","2":"type-product","3":"status-publish","4":"has-post-thumbnail","6":"product_brand-iceberg","7":"product_cat-all-whites","8":"product_cat-extra-strongextra-stark","9":"product_cat-extreme","10":"product_cat-iceberg","11":"product_cat-slim","13":"first","14":"instock","15":"taxable","16":"shipping-taxable","17":"purchasable","18":"product-type-variable"},"_links":{"self":[{"href":"https:\/\/snus-malmo.se\/sv\/wp-json\/wp\/v2\/product\/62737","targetHints":{"allow":["GET"]}}],"collection":[{"href":"https:\/\/snus-malmo.se\/sv\/wp-json\/wp\/v2\/product"}],"about":[{"href":"https:\/\/snus-malmo.se\/sv\/wp-json\/wp\/v2\/types\/product"}],"replies":[{"embeddable":true,"href":"https:\/\/snus-malmo.se\/sv\/wp-json\/wp\/v2\/comments?post=62737"}],"version-history":[{"count":0,"href":"https:\/\/snus-malmo.se\/sv\/wp-json\/wp\/v2\/product\/62737\/revisions"}],"wp:featuredmedia":[{"embeddable":true,"href":"https:\/\/snus-malmo.se\/sv\/wp-json\/wp\/v2\/media\/62702"}],"wp:attachment":[{"href":"https:\/\/snus-malmo.se\/sv\/wp-json\/wp\/v2\/media?parent=62737"}],"wp:term":[{"taxonomy":"product_brand","embeddable":true,"href":"https:\/\/snus-malmo.se\/sv\/wp-json\/wp\/v2\/product_brand?post=62737"},{"taxonomy":"product_cat","embeddable":true,"href":"https:\/\/snus-malmo.se\/sv\/wp-json\/wp\/v2\/product_cat?post=62737"},{"taxonomy":"product_tag","embeddable":true,"href":"https:\/\/snus-malmo.se\/sv\/wp-json\/wp\/v2\/product_tag?post=62737"}],"curies":[{"name":"wp","href":"https:\/\/api.w.org\/{rel}","templated":true}]}}