{"id":62755,"date":"2025-07-08T11:29:30","date_gmt":"2025-07-08T11:29:30","guid":{"rendered":"https:\/\/snus-malmo.se\/?post_type=product&#038;p=62755"},"modified":"2025-07-24T00:44:13","modified_gmt":"2025-07-24T00:44:13","slug":"iceberg-bubblegum-extrem-stark","status":"publish","type":"product","link":"https:\/\/snus-malmo.se\/sv\/produkt\/iceberg-bubblegum-extrem-stark\/","title":{"rendered":"ICEBERG Bubblegum Extrem Stark"},"content":{"rendered":"<h1 data-pm-slice=\"1 1 []\">ICEBERG Bubblegum Extrem Stark<\/h1>\n<h2 data-start=\"140\" data-end=\"223\"><strong data-start=\"144\" data-end=\"223\">ICEBERG Bubblegum Extreme \u2013 Klassisk tuggummis\u00f6tma med extrem nikotineffekt<\/strong><\/h2>\n<p data-start=\"225\" data-end=\"611\">Letar du efter en tobaksfri nikotinp\u00e5se med lekfull smak och brutal styrka? <strong data-start=\"301\" data-end=\"330\">ICEBERG Bubblegum Extreme<\/strong> \u00e4r en perfekt kombination av nostalgisk tuggummis\u00f6tma och iskall fr\u00e4sch\u00f6r \u2013 med en nikotinm\u00e4ngd som inte l\u00e4mnar n\u00e5gon ober\u00f6rd. Med sina hela <strong data-start=\"472\" data-end=\"502\">50 mg\/g (30 mg per prilla)<\/strong> \u00e4r den skapad f\u00f6r dig som vill ha en s\u00f6t och fruktig smakupplevelse, men samtidigt kr\u00e4ver en kraftfull kick.<\/p>\n<p data-start=\"613\" data-end=\"789\">Det diskreta slim-formatet g\u00f6r varje prilla bekv\u00e4m att anv\u00e4nda, samtidigt som smaken dr\u00f6jer sig kvar l\u00e4nge. En barnsligt god smak \u2013 f\u00f6r vuxna anv\u00e4ndare med h\u00f6ga krav p\u00e5 styrka.<\/p>\n<hr data-start=\"791\" data-end=\"794\" \/>\n<h2 data-start=\"796\" data-end=\"842\"><strong data-start=\"800\" data-end=\"842\">F\u00f6rdelar med ICEBERG Bubblegum Extreme<\/strong><\/h2>\n<ul data-start=\"844\" data-end=\"1225\">\n<li data-start=\"844\" data-end=\"910\">\n<p data-start=\"846\" data-end=\"910\">\ud83c\udf6c <strong data-start=\"849\" data-end=\"883\">S\u00f6t och klassisk bubbelgumsmak<\/strong> \u2013 nostalgisk och smakrik<\/p>\n<\/li>\n<li data-start=\"911\" data-end=\"982\">\n<p data-start=\"913\" data-end=\"982\">\u2744\ufe0f <strong data-start=\"916\" data-end=\"934\">Fr\u00e4sch mintton<\/strong> \u2013 ger en kylande effekt som balanserar s\u00f6tman<\/p>\n<\/li>\n<li data-start=\"983\" data-end=\"1048\">\n<p data-start=\"985\" data-end=\"1048\">\ud83d\udca5 <strong data-start=\"988\" data-end=\"1012\">Extrem nikotinstyrka<\/strong> \u2013 hela 50 mg\/g (30 mg per prilla)<\/p>\n<\/li>\n<li data-start=\"1049\" data-end=\"1099\">\n<p data-start=\"1051\" data-end=\"1099\">\ud83d\udeab <strong data-start=\"1054\" data-end=\"1067\">Tobaksfri<\/strong> \u2013 endast nikotin, ingen tobak<\/p>\n<\/li>\n<li data-start=\"1100\" data-end=\"1157\">\n<p data-start=\"1102\" data-end=\"1157\">\ud83d\udccf <strong data-start=\"1105\" data-end=\"1120\">Slim-format<\/strong> \u2013 diskret och bekv\u00e4mt under l\u00e4ppen<\/p>\n<\/li>\n<li data-start=\"1158\" data-end=\"1225\">\n<p data-start=\"1160\" data-end=\"1225\">\ud83e\uddca <strong data-start=\"1163\" data-end=\"1180\">L\u00e5g rinnighet<\/strong> \u2013 f\u00f6r en l\u00e5ngvarig och behaglig upplevelse<\/p>\n<\/li>\n<\/ul>\n<hr data-start=\"1227\" data-end=\"1230\" \/>\n<h2 data-start=\"1232\" data-end=\"1286\"><strong data-start=\"1236\" data-end=\"1286\">Produktinformation \u2013 ICEBERG Bubblegum Extreme<\/strong><\/h2>\n<div class=\"_tableContainer_80l1q_1\">\n<div class=\"_tableWrapper_80l1q_14 group flex w-fit flex-col-reverse\" tabindex=\"-1\">\n<table class=\"w-fit min-w-(--thread-content-width)\" data-start=\"1288\" data-end=\"2023\">\n<thead data-start=\"1288\" data-end=\"1353\">\n<tr data-start=\"1288\" data-end=\"1353\">\n<th data-start=\"1288\" data-end=\"1314\" data-col-size=\"sm\">Egenskap<\/th>\n<th data-start=\"1314\" data-end=\"1353\" data-col-size=\"sm\">Information<\/th>\n<\/tr>\n<\/thead>\n<tbody data-start=\"1421\" data-end=\"2023\">\n<tr data-start=\"1421\" data-end=\"1487\">\n<td data-start=\"1421\" data-end=\"1448\" data-col-size=\"sm\"><strong data-start=\"1423\" data-end=\"1438\">Produktnamn<\/strong><\/td>\n<td data-start=\"1448\" data-end=\"1487\" data-col-size=\"sm\">ICEBERG Bubblegum Extreme<\/td>\n<\/tr>\n<tr data-start=\"1488\" data-end=\"1554\">\n<td data-start=\"1488\" data-end=\"1515\" data-col-size=\"sm\"><strong data-start=\"1490\" data-end=\"1498\">Smak<\/strong><\/td>\n<td data-start=\"1515\" data-end=\"1554\" data-col-size=\"sm\">Bubbelgum &amp; mint<\/td>\n<\/tr>\n<tr data-start=\"1555\" data-end=\"1621\">\n<td data-start=\"1555\" data-end=\"1582\" data-col-size=\"sm\"><strong data-start=\"1557\" data-end=\"1564\">Typ<\/strong><\/td>\n<td data-start=\"1582\" data-end=\"1621\" data-col-size=\"sm\">Nikotinp\u00e5se (tobaksfri)<\/td>\n<\/tr>\n<tr data-start=\"1622\" data-end=\"1688\">\n<td data-start=\"1622\" data-end=\"1649\" data-col-size=\"sm\"><strong data-start=\"1624\" data-end=\"1634\">Format<\/strong><\/td>\n<td data-start=\"1649\" data-end=\"1688\" data-col-size=\"sm\">Slim<\/td>\n<\/tr>\n<tr data-start=\"1689\" data-end=\"1755\">\n<td data-start=\"1689\" data-end=\"1716\" data-col-size=\"sm\"><strong data-start=\"1691\" data-end=\"1706\">Nikotinhalt<\/strong><\/td>\n<td data-start=\"1716\" data-end=\"1755\" data-col-size=\"sm\">50 mg\/g<\/td>\n<\/tr>\n<tr data-start=\"1756\" data-end=\"1822\">\n<td data-start=\"1756\" data-end=\"1783\" data-col-size=\"sm\"><strong data-start=\"1758\" data-end=\"1780\">Nikotin per prilla<\/strong><\/td>\n<td data-start=\"1783\" data-end=\"1822\" data-col-size=\"sm\">30 mg<\/td>\n<\/tr>\n<tr data-start=\"1823\" data-end=\"1889\">\n<td data-start=\"1823\" data-end=\"1850\" data-col-size=\"sm\"><strong data-start=\"1825\" data-end=\"1849\">Antal portioner\/dosa<\/strong><\/td>\n<td data-start=\"1850\" data-end=\"1889\" data-col-size=\"sm\">20 st<\/td>\n<\/tr>\n<tr data-start=\"1890\" data-end=\"1956\">\n<td data-start=\"1890\" data-end=\"1917\" data-col-size=\"sm\"><strong data-start=\"1892\" data-end=\"1905\">Nettovikt<\/strong><\/td>\n<td data-start=\"1917\" data-end=\"1956\" data-col-size=\"sm\">12 gram<\/td>\n<\/tr>\n<tr data-start=\"1957\" data-end=\"2023\">\n<td data-start=\"1957\" data-end=\"1984\" data-col-size=\"sm\"><strong data-start=\"1959\" data-end=\"1974\">Tillverkare<\/strong><\/td>\n<td data-start=\"1984\" data-end=\"2023\" data-col-size=\"sm\">Iceberg14<\/td>\n<\/tr>\n<\/tbody>\n<\/table>\n<div class=\"sticky end-(--thread-content-margin) h-0 self-end select-none\">\n<div class=\"absolute end-0 flex items-end\"><\/div>\n<\/div>\n<\/div>\n<\/div>\n<hr data-start=\"2025\" data-end=\"2028\" \/>\n<h3 data-start=\"2030\" data-end=\"2088\"><strong data-start=\"2034\" data-end=\"2088\">K\u00f6p ICEBERG Bubblegum Extreme online hos Veloop.se<\/strong><\/h3>\n<p data-start=\"2090\" data-end=\"2335\">Best\u00e4ll <strong data-start=\"2098\" data-end=\"2127\">ICEBERG Bubblegum Extreme<\/strong> snabbt och enkelt hos <strong data-start=\"2150\" data-end=\"2163\">Veloop.se<\/strong>. Vi erbjuder <strong data-start=\"2177\" data-end=\"2217\">fri frakt vid k\u00f6p \u00f6ver en viss gr\u00e4ns<\/strong>, <strong data-start=\"2219\" data-end=\"2240\">snabba leveranser<\/strong> och ett brett sortiment av tobaksfria nikotinp\u00e5sar \u2013 alltid med h\u00f6g kvalitet och unika smaker.<\/p>\n<hr data-start=\"2337\" data-end=\"2340\" \/>\n<h3 data-start=\"2342\" data-end=\"2407\"><strong data-start=\"2346\" data-end=\"2407\">ICEBERG Bubblegum \u2013 S\u00f6t nostalgi m\u00f6ter brutal nikotinkick<\/strong><\/h3>\n<p data-start=\"2409\" data-end=\"2595\">Om du gillar fruktiga, s\u00f6ta smaker men ocks\u00e5 vill ha en extremt stark effekt \u00e4r <strong data-start=\"2489\" data-end=\"2518\">ICEBERG Bubblegum Extreme<\/strong> r\u00e4tt val. En lekfull smak med vuxen styrka \u2013 f\u00f6r dig som vet vad du vill ha.<\/p>\n<p data-start=\"2597\" data-end=\"2699\">\ud83d\uded2 <strong data-start=\"2600\" data-end=\"2652\">K\u00f6p ICEBERG Bubblegum Extreme idag hos Veloop.se<\/strong> \u2013 alltid snabb leverans och diskret f\u00f6rpackat!<\/p>\n<hr data-start=\"2701\" data-end=\"2704\" \/>\n<h3 data-start=\"2706\" data-end=\"2726\"><strong data-start=\"2710\" data-end=\"2726\">SEO-f\u00f6rslag:<\/strong><\/h3>\n<p data-start=\"2728\" data-end=\"2824\"><strong data-start=\"2728\" data-end=\"2742\">SEO-titel:<\/strong><br data-start=\"2742\" data-end=\"2745\" \/>ICEBERG Bubblegum Extreme \u2013 50 mg\/g | Nikotinp\u00e5se med bubbelgumsmak | Veloop.se<\/p>\n<p data-start=\"2826\" data-end=\"2995\"><strong data-start=\"2826\" data-end=\"2846\">Metabeskrivning:<\/strong><br data-start=\"2846\" data-end=\"2849\" \/>ICEBERG Bubblegum Extreme \u2013 tobaksfri nikotinp\u00e5se med smak av klassiskt bubbelgum och mint. 50 mg\/g nikotin. Slim-format. Fri frakt hos Veloop.se.<\/p>","protected":false},"excerpt":{"rendered":"<h1 data-pm-slice=\"1 1 []\">ICEBERG Bubblegum Extrem Stark<\/h1>\n<h1><img decoding=\"async\" class=\"wp-image-62699 alignleft\" src=\"https:\/\/snus-malmo.se\/wp-content\/uploads\/2025\/07\/Iceberg-logo.webp\" alt=\"\" width=\"163\" height=\"33\" srcset=\"https:\/\/snus-malmo.se\/wp-content\/uploads\/2025\/07\/Iceberg-logo.webp 400w, https:\/\/snus-malmo.se\/wp-content\/uploads\/2025\/07\/Iceberg-logo-18x4.webp 18w\" sizes=\"(max-width: 163px) 100vw, 163px\" \/><\/h1>\n<h2 data-start=\"140\" data-end=\"223\"><strong data-start=\"144\" data-end=\"223\">ICEBERG Bubblegum Extreme \u2013 Klassisk tuggummis\u00f6tma med extrem nikotineffekt<\/strong><\/h2>\n<p data-start=\"225\" data-end=\"611\">Letar du efter en tobaksfri nikotinp\u00e5se med lekfull smak och brutal styrka? <strong data-start=\"301\" data-end=\"330\">ICEBERG Bubblegum Extreme<\/strong> \u00e4r en perfekt kombination av nostalgisk tuggummis\u00f6tma och iskall fr\u00e4sch\u00f6r \u2013 med en nikotinm\u00e4ngd som inte l\u00e4mnar n\u00e5gon ober\u00f6rd. Med sina hela <strong data-start=\"472\" data-end=\"502\">50 mg\/g (30 mg per prilla)<\/strong> \u00e4r den skapad f\u00f6r dig som vill ha en s\u00f6t och fruktig smakupplevelse, men samtidigt kr\u00e4ver en kraftfull kick.<\/p>\n<h2 data-start=\"175\" data-end=\"265\"><\/h2>","protected":false},"featured_media":62692,"comment_status":"open","ping_status":"closed","template":"","meta":[],"product_brand":[387],"product_cat":[136,355,356,208,137],"product_tag":[],"class_list":{"0":"post-62755","1":"product","2":"type-product","3":"status-publish","4":"has-post-thumbnail","6":"product_brand-iceberg","7":"product_cat-all-whites","8":"product_cat-extra-strongextra-stark","9":"product_cat-extreme","10":"product_cat-iceberg","11":"product_cat-slim","13":"first","14":"instock","15":"taxable","16":"shipping-taxable","17":"purchasable","18":"product-type-variable"},"_links":{"self":[{"href":"https:\/\/snus-malmo.se\/sv\/wp-json\/wp\/v2\/product\/62755","targetHints":{"allow":["GET"]}}],"collection":[{"href":"https:\/\/snus-malmo.se\/sv\/wp-json\/wp\/v2\/product"}],"about":[{"href":"https:\/\/snus-malmo.se\/sv\/wp-json\/wp\/v2\/types\/product"}],"replies":[{"embeddable":true,"href":"https:\/\/snus-malmo.se\/sv\/wp-json\/wp\/v2\/comments?post=62755"}],"version-history":[{"count":0,"href":"https:\/\/snus-malmo.se\/sv\/wp-json\/wp\/v2\/product\/62755\/revisions"}],"wp:featuredmedia":[{"embeddable":true,"href":"https:\/\/snus-malmo.se\/sv\/wp-json\/wp\/v2\/media\/62692"}],"wp:attachment":[{"href":"https:\/\/snus-malmo.se\/sv\/wp-json\/wp\/v2\/media?parent=62755"}],"wp:term":[{"taxonomy":"product_brand","embeddable":true,"href":"https:\/\/snus-malmo.se\/sv\/wp-json\/wp\/v2\/product_brand?post=62755"},{"taxonomy":"product_cat","embeddable":true,"href":"https:\/\/snus-malmo.se\/sv\/wp-json\/wp\/v2\/product_cat?post=62755"},{"taxonomy":"product_tag","embeddable":true,"href":"https:\/\/snus-malmo.se\/sv\/wp-json\/wp\/v2\/product_tag?post=62755"}],"curies":[{"name":"wp","href":"https:\/\/api.w.org\/{rel}","templated":true}]}}