{"id":62768,"date":"2025-07-08T11:39:58","date_gmt":"2025-07-08T11:39:58","guid":{"rendered":"https:\/\/snus-malmo.se\/?post_type=product&#038;p=62768"},"modified":"2025-07-24T00:33:16","modified_gmt":"2025-07-24T00:33:16","slug":"iceberg-dragon-fruit-extrem-stark","status":"publish","type":"product","link":"https:\/\/snus-malmo.se\/sv\/produkt\/iceberg-dragon-fruit-extrem-stark\/","title":{"rendered":"ICEBERG Dragon Fruit Extrem Stark"},"content":{"rendered":"<h1 data-pm-slice=\"1 1 []\">ICEBERG Dragon Fruit Extrem Stark<\/h1>\n<h2 data-start=\"151\" data-end=\"227\"><strong data-start=\"155\" data-end=\"227\">ICEBERG Dragon Fruit Extreme \u2013 Exotisk smak med extrem nikotinstyrka<\/strong><\/h2>\n<p data-start=\"229\" data-end=\"679\">Vill du ha en tobaksfri nikotinp\u00e5se som verkligen sticker ut? <strong data-start=\"291\" data-end=\"323\">ICEBERG Dragon Fruit Extreme<\/strong> levererar en unik och tropisk smakupplevelse med en kraftfull nikotinkick. Den exotiska smaken av drakfrukt \u2013 s\u00f6t, frisk och l\u00e4tt syrlig \u2013 kombineras med en sval mintton som f\u00f6rh\u00f6jer b\u00e5de smaken och fr\u00e4sch\u00f6ren. Med hela <strong data-start=\"544\" data-end=\"582\">50 mg\/g nikotin (30 mg per prilla)<\/strong>\u00e4r detta ett av de starkaste alternativen f\u00f6r vana anv\u00e4ndare som s\u00f6ker b\u00e5de karakt\u00e4r och styrka.<\/p>\n<p data-start=\"681\" data-end=\"811\">Slim-formatet g\u00f6r p\u00e5sarna diskreta och bekv\u00e4ma att anv\u00e4nda \u2013 perfekta f\u00f6r dig som vill ha n\u00e5got annorlunda, men extremt effektivt.<\/p>\n<hr data-start=\"813\" data-end=\"816\" \/>\n<h2 data-start=\"818\" data-end=\"867\"><strong data-start=\"822\" data-end=\"867\">F\u00f6rdelar med ICEBERG Dragon Fruit Extreme<\/strong><\/h2>\n<ul data-start=\"869\" data-end=\"1226\">\n<li data-start=\"869\" data-end=\"928\">\n<p data-start=\"871\" data-end=\"928\">\ud83d\udc09 <strong data-start=\"874\" data-end=\"895\">Exotisk drakfrukt<\/strong> \u2013 s\u00f6t, tropisk och fr\u00e4sch smak<\/p>\n<\/li>\n<li data-start=\"929\" data-end=\"997\">\n<p data-start=\"931\" data-end=\"997\">\u2744\ufe0f <strong data-start=\"934\" data-end=\"950\">Kylande mint<\/strong> \u2013 ger en uppfriskande k\u00e4nsla som varar l\u00e4nge<\/p>\n<\/li>\n<li data-start=\"998\" data-end=\"1059\">\n<p data-start=\"1000\" data-end=\"1059\">\ud83d\udca5 <strong data-start=\"1003\" data-end=\"1020\">Extrem styrka<\/strong> \u2013 50 mg\/g nikotin (30 mg per prilla)<\/p>\n<\/li>\n<li data-start=\"1060\" data-end=\"1115\">\n<p data-start=\"1062\" data-end=\"1115\">\ud83d\udeab <strong data-start=\"1065\" data-end=\"1078\">Tobaksfri<\/strong> \u2013 ren nikotinupplevelse utan tobak<\/p>\n<\/li>\n<li data-start=\"1116\" data-end=\"1169\">\n<p data-start=\"1118\" data-end=\"1169\">\ud83d\udccf <strong data-start=\"1121\" data-end=\"1136\">Slim-format<\/strong> \u2013 diskret, smidigt och bekv\u00e4mt<\/p>\n<\/li>\n<li data-start=\"1170\" data-end=\"1226\">\n<p data-start=\"1172\" data-end=\"1226\">\ud83e\uddca <strong data-start=\"1175\" data-end=\"1192\">L\u00e5g rinnighet<\/strong> \u2013 ger l\u00e5ngvarig och j\u00e4mn effekt<\/p>\n<\/li>\n<\/ul>\n<hr data-start=\"1228\" data-end=\"1231\" \/>\n<h2 data-start=\"1233\" data-end=\"1290\"><strong data-start=\"1237\" data-end=\"1290\">Produktinformation \u2013 ICEBERG Dragon Fruit Extreme<\/strong><\/h2>\n<div class=\"_tableContainer_80l1q_1\">\n<div class=\"_tableWrapper_80l1q_14 group flex w-fit flex-col-reverse\" tabindex=\"-1\">\n<table class=\"w-fit min-w-(--thread-content-width)\" data-start=\"1292\" data-end=\"2060\">\n<thead data-start=\"1292\" data-end=\"1360\">\n<tr data-start=\"1292\" data-end=\"1360\">\n<th data-start=\"1292\" data-end=\"1318\" data-col-size=\"sm\">Egenskap<\/th>\n<th data-start=\"1318\" data-end=\"1360\" data-col-size=\"sm\">Information<\/th>\n<\/tr>\n<\/thead>\n<tbody data-start=\"1431\" data-end=\"2060\">\n<tr data-start=\"1431\" data-end=\"1500\">\n<td data-start=\"1431\" data-end=\"1458\" data-col-size=\"sm\"><strong data-start=\"1433\" data-end=\"1448\">Produktnamn<\/strong><\/td>\n<td data-start=\"1458\" data-end=\"1500\" data-col-size=\"sm\">ICEBERG Dragon Fruit Extreme<\/td>\n<\/tr>\n<tr data-start=\"1501\" data-end=\"1570\">\n<td data-start=\"1501\" data-end=\"1528\" data-col-size=\"sm\"><strong data-start=\"1503\" data-end=\"1511\">Smak<\/strong><\/td>\n<td data-start=\"1528\" data-end=\"1570\" data-col-size=\"sm\">Drakfrukt &amp; mint<\/td>\n<\/tr>\n<tr data-start=\"1571\" data-end=\"1640\">\n<td data-start=\"1571\" data-end=\"1598\" data-col-size=\"sm\"><strong data-start=\"1573\" data-end=\"1580\">Typ<\/strong><\/td>\n<td data-start=\"1598\" data-end=\"1640\" data-col-size=\"sm\">Nikotinp\u00e5se (tobaksfri)<\/td>\n<\/tr>\n<tr data-start=\"1641\" data-end=\"1710\">\n<td data-start=\"1641\" data-end=\"1668\" data-col-size=\"sm\"><strong data-start=\"1643\" data-end=\"1653\">Format<\/strong><\/td>\n<td data-start=\"1668\" data-end=\"1710\" data-col-size=\"sm\">Slim<\/td>\n<\/tr>\n<tr data-start=\"1711\" data-end=\"1780\">\n<td data-start=\"1711\" data-end=\"1738\" data-col-size=\"sm\"><strong data-start=\"1713\" data-end=\"1728\">Nikotinhalt<\/strong><\/td>\n<td data-start=\"1738\" data-end=\"1780\" data-col-size=\"sm\">50 mg\/g<\/td>\n<\/tr>\n<tr data-start=\"1781\" data-end=\"1850\">\n<td data-start=\"1781\" data-end=\"1808\" data-col-size=\"sm\"><strong data-start=\"1783\" data-end=\"1805\">Nikotin per prilla<\/strong><\/td>\n<td data-start=\"1808\" data-end=\"1850\" data-col-size=\"sm\">30 mg<\/td>\n<\/tr>\n<tr data-start=\"1851\" data-end=\"1920\">\n<td data-start=\"1851\" data-end=\"1878\" data-col-size=\"sm\"><strong data-start=\"1853\" data-end=\"1877\">Antal portioner\/dosa<\/strong><\/td>\n<td data-start=\"1878\" data-end=\"1920\" data-col-size=\"sm\">20 st<\/td>\n<\/tr>\n<tr data-start=\"1921\" data-end=\"1990\">\n<td data-start=\"1921\" data-end=\"1948\" data-col-size=\"sm\"><strong data-start=\"1923\" data-end=\"1936\">Nettovikt<\/strong><\/td>\n<td data-start=\"1948\" data-end=\"1990\" data-col-size=\"sm\">12 gram<\/td>\n<\/tr>\n<tr data-start=\"1991\" data-end=\"2060\">\n<td data-start=\"1991\" data-end=\"2018\" data-col-size=\"sm\"><strong data-start=\"1993\" data-end=\"2008\">Tillverkare<\/strong><\/td>\n<td data-start=\"2018\" data-end=\"2060\" data-col-size=\"sm\">Iceberg14<\/td>\n<\/tr>\n<\/tbody>\n<\/table>\n<div class=\"sticky end-(--thread-content-margin) h-0 self-end select-none\">\n<div class=\"absolute end-0 flex items-end\"><\/div>\n<\/div>\n<\/div>\n<\/div>\n<hr data-start=\"2062\" data-end=\"2065\" \/>\n<h3 data-start=\"2067\" data-end=\"2121\"><strong data-start=\"2071\" data-end=\"2121\">K\u00f6p ICEBERG Dragon Fruit Extreme hos Veloop.se<\/strong><\/h3>\n<p data-start=\"2123\" data-end=\"2353\">Best\u00e4ll <strong data-start=\"2131\" data-end=\"2163\">ICEBERG Dragon Fruit Extreme<\/strong> snabbt och enkelt hos <strong data-start=\"2186\" data-end=\"2199\">Veloop.se<\/strong>. Vi erbjuder <strong data-start=\"2213\" data-end=\"2231\">snabb leverans<\/strong>, <strong data-start=\"2233\" data-end=\"2273\">fri frakt vid k\u00f6p \u00f6ver en viss gr\u00e4ns<\/strong>, och ett stort utbud av tobaksfria nikotinp\u00e5sar i sp\u00e4nnande smaker och styrkor.<\/p>\n<hr data-start=\"2355\" data-end=\"2358\" \/>\n<h3 data-start=\"2360\" data-end=\"2425\"><strong data-start=\"2364\" data-end=\"2425\">ICEBERG Dragon Fruit \u2013 Tropisk fr\u00e4sch\u00f6r med brutal styrka<\/strong><\/h3>\n<p data-start=\"2427\" data-end=\"2621\">En dristig smak f\u00f6r dig som tr\u00f6ttnat p\u00e5 det vanliga. <strong data-start=\"2480\" data-end=\"2512\">ICEBERG Dragon Fruit Extreme<\/strong> kombinerar exotisk s\u00f6tma med iskall mint och kompromissl\u00f6s nikotineffekt \u2013 en upplevelse ut\u00f6ver det vanliga.<\/p>\n<p data-start=\"2623\" data-end=\"2736\">\ud83d\uded2 <strong data-start=\"2626\" data-end=\"2681\">K\u00f6p ICEBERG Dragon Fruit Extreme idag hos Veloop.se<\/strong> \u2013 alltid diskret leverans och fraktfritt \u00f6ver gr\u00e4nsen.<\/p>","protected":false},"excerpt":{"rendered":"<h1 data-pm-slice=\"1 1 []\">ICEBERG Dragon Fruit Extrem Stark<\/h1>\n<h1><img decoding=\"async\" class=\"wp-image-62699 alignleft\" src=\"https:\/\/snus-malmo.se\/wp-content\/uploads\/2025\/07\/Iceberg-logo.webp\" alt=\"\" width=\"163\" height=\"33\" srcset=\"https:\/\/snus-malmo.se\/wp-content\/uploads\/2025\/07\/Iceberg-logo.webp 400w, https:\/\/snus-malmo.se\/wp-content\/uploads\/2025\/07\/Iceberg-logo-18x4.webp 18w\" sizes=\"(max-width: 163px) 100vw, 163px\" \/><\/h1>\n<h2 data-start=\"151\" data-end=\"227\"><strong data-start=\"155\" data-end=\"227\">ICEBERG Dragon Fruit Extreme \u2013 Exotisk smak med extrem nikotinstyrka<\/strong><\/h2>\n<p data-start=\"229\" data-end=\"679\">Vill du ha en tobaksfri nikotinp\u00e5se som verkligen sticker ut? <strong data-start=\"291\" data-end=\"323\">ICEBERG Dragon Fruit Extreme<\/strong> levererar en unik och tropisk smakupplevelse med en kraftfull nikotinkick. Den exotiska smaken av drakfrukt \u2013 s\u00f6t, frisk och l\u00e4tt syrlig \u2013 kombineras med en sval mintton som f\u00f6rh\u00f6jer b\u00e5de smaken och fr\u00e4sch\u00f6ren. Med hela <strong data-start=\"544\" data-end=\"582\">50 mg\/g nikotin (30 mg per prilla)<\/strong>\u00e4r detta ett av de starkaste alternativen f\u00f6r vana anv\u00e4ndare som s\u00f6ker b\u00e5de karakt\u00e4r och styrka.<\/p>\n<h2 data-start=\"175\" data-end=\"265\"><\/h2>","protected":false},"featured_media":62694,"comment_status":"open","ping_status":"closed","template":"","meta":[],"product_brand":[387],"product_cat":[136,355,356,208,137],"product_tag":[],"class_list":{"0":"post-62768","1":"product","2":"type-product","3":"status-publish","4":"has-post-thumbnail","6":"product_brand-iceberg","7":"product_cat-all-whites","8":"product_cat-extra-strongextra-stark","9":"product_cat-extreme","10":"product_cat-iceberg","11":"product_cat-slim","13":"first","14":"instock","15":"taxable","16":"shipping-taxable","17":"purchasable","18":"product-type-variable"},"_links":{"self":[{"href":"https:\/\/snus-malmo.se\/sv\/wp-json\/wp\/v2\/product\/62768","targetHints":{"allow":["GET"]}}],"collection":[{"href":"https:\/\/snus-malmo.se\/sv\/wp-json\/wp\/v2\/product"}],"about":[{"href":"https:\/\/snus-malmo.se\/sv\/wp-json\/wp\/v2\/types\/product"}],"replies":[{"embeddable":true,"href":"https:\/\/snus-malmo.se\/sv\/wp-json\/wp\/v2\/comments?post=62768"}],"version-history":[{"count":0,"href":"https:\/\/snus-malmo.se\/sv\/wp-json\/wp\/v2\/product\/62768\/revisions"}],"wp:featuredmedia":[{"embeddable":true,"href":"https:\/\/snus-malmo.se\/sv\/wp-json\/wp\/v2\/media\/62694"}],"wp:attachment":[{"href":"https:\/\/snus-malmo.se\/sv\/wp-json\/wp\/v2\/media?parent=62768"}],"wp:term":[{"taxonomy":"product_brand","embeddable":true,"href":"https:\/\/snus-malmo.se\/sv\/wp-json\/wp\/v2\/product_brand?post=62768"},{"taxonomy":"product_cat","embeddable":true,"href":"https:\/\/snus-malmo.se\/sv\/wp-json\/wp\/v2\/product_cat?post=62768"},{"taxonomy":"product_tag","embeddable":true,"href":"https:\/\/snus-malmo.se\/sv\/wp-json\/wp\/v2\/product_tag?post=62768"}],"curies":[{"name":"wp","href":"https:\/\/api.w.org\/{rel}","templated":true}]}}