{"id":62774,"date":"2025-07-08T11:44:34","date_gmt":"2025-07-08T11:44:34","guid":{"rendered":"https:\/\/snus-malmo.se\/?post_type=product&#038;p=62774"},"modified":"2025-07-24T00:32:53","modified_gmt":"2025-07-24T00:32:53","slug":"iceberg-energy-extrem-stark","status":"publish","type":"product","link":"https:\/\/snus-malmo.se\/sv\/produkt\/iceberg-energy-extrem-stark\/","title":{"rendered":"ICEBERG Energy Extrem Stark"},"content":{"rendered":"<h1 data-pm-slice=\"1 1 []\">ICEBERG Energy Extrem Stark<\/h1>\n<h2 data-start=\"151\" data-end=\"222\"><strong data-start=\"155\" data-end=\"222\">ICEBERG Energy Extreme \u2013 Energidryckssmak med maxad nikotinkick<\/strong><\/h2>\n<p data-start=\"224\" data-end=\"657\">Letar du efter en tobaksfri nikotinp\u00e5se som smakar som din favoritenergidryck \u2013 och samtidigt levererar en brutal nikotinupplevelse? D\u00e5 \u00e4r <strong data-start=\"363\" data-end=\"389\">ICEBERG Energy Extreme<\/strong> ett sj\u00e4lvklart val. H\u00e4r f\u00e5r du den klassiska smaken av energidryck \u2013 s\u00f6t, syrlig och uppiggande \u2013 kombinerad med en kylande mintton som f\u00f6rh\u00f6jer upplevelsen ytterligare. Med <strong data-start=\"564\" data-end=\"602\">50 mg\/g nikotin (30 mg per prilla)<\/strong> h\u00f6r den till de starkaste nikotinp\u00e5sarna p\u00e5 marknaden.<\/p>\n<p data-start=\"659\" data-end=\"839\">Tack vare det smidiga slim-formatet sitter prillan diskret och bekv\u00e4mt under l\u00e4ppen, samtidigt som den h\u00f6ga styrkan passar perfekt f\u00f6r erfarna anv\u00e4ndare som kr\u00e4ver det lilla extra.<\/p>\n<hr data-start=\"841\" data-end=\"844\" \/>\n<h2 data-start=\"846\" data-end=\"889\"><strong data-start=\"850\" data-end=\"889\">F\u00f6rdelar med ICEBERG Energy Extreme<\/strong><\/h2>\n<ul data-start=\"891\" data-end=\"1252\">\n<li data-start=\"891\" data-end=\"946\">\n<p data-start=\"893\" data-end=\"946\">\u26a1 <strong data-start=\"895\" data-end=\"915\">Energidryckssmak<\/strong> \u2013 s\u00f6t, syrlig och uppiggande<\/p>\n<\/li>\n<li data-start=\"947\" data-end=\"1014\">\n<p data-start=\"949\" data-end=\"1014\">\u2744\ufe0f <strong data-start=\"952\" data-end=\"972\">Frisk mintk\u00e4nsla<\/strong> \u2013 f\u00f6r en svalkande och l\u00e5ngvarig effekt<\/p>\n<\/li>\n<li data-start=\"1015\" data-end=\"1075\">\n<p data-start=\"1017\" data-end=\"1075\">\ud83d\udca5 <strong data-start=\"1020\" data-end=\"1044\">Extrem nikotinstyrka<\/strong> \u2013 50 mg\/g (30 mg per prilla)<\/p>\n<\/li>\n<li data-start=\"1076\" data-end=\"1131\">\n<p data-start=\"1078\" data-end=\"1131\">\ud83d\udeab <strong data-start=\"1081\" data-end=\"1094\">Tobaksfri<\/strong> \u2013 ren nikotinupplevelse utan tobak<\/p>\n<\/li>\n<li data-start=\"1132\" data-end=\"1185\">\n<p data-start=\"1134\" data-end=\"1185\">\ud83d\udccf <strong data-start=\"1137\" data-end=\"1152\">Slim-format<\/strong> \u2013 diskret, bekv\u00e4mt och smidigt<\/p>\n<\/li>\n<li data-start=\"1186\" data-end=\"1252\">\n<p data-start=\"1188\" data-end=\"1252\">\ud83e\uddca <strong data-start=\"1191\" data-end=\"1208\">L\u00e5g rinnighet<\/strong> \u2013 f\u00f6r j\u00e4mn fris\u00e4ttning och l\u00e5ngvarig kick<\/p>\n<\/li>\n<\/ul>\n<hr data-start=\"1254\" data-end=\"1257\" \/>\n<h2 data-start=\"1259\" data-end=\"1310\"><strong data-start=\"1263\" data-end=\"1310\">Produktinformation \u2013 ICEBERG Energy Extreme<\/strong><\/h2>\n<div class=\"_tableContainer_80l1q_1\">\n<div class=\"_tableWrapper_80l1q_14 group flex w-fit flex-col-reverse\" tabindex=\"-1\">\n<table class=\"w-fit min-w-(--thread-content-width)\" data-start=\"1312\" data-end=\"2069\">\n<thead data-start=\"1312\" data-end=\"1379\">\n<tr data-start=\"1312\" data-end=\"1379\">\n<th data-start=\"1312\" data-end=\"1338\" data-col-size=\"sm\">Egenskap<\/th>\n<th data-start=\"1338\" data-end=\"1379\" data-col-size=\"sm\">Information<\/th>\n<\/tr>\n<\/thead>\n<tbody data-start=\"1449\" data-end=\"2069\">\n<tr data-start=\"1449\" data-end=\"1517\">\n<td data-start=\"1449\" data-end=\"1476\" data-col-size=\"sm\"><strong data-start=\"1451\" data-end=\"1466\">Produktnamn<\/strong><\/td>\n<td data-start=\"1476\" data-end=\"1517\" data-col-size=\"sm\">ICEBERG Energy Extreme<\/td>\n<\/tr>\n<tr data-start=\"1518\" data-end=\"1586\">\n<td data-start=\"1518\" data-end=\"1545\" data-col-size=\"sm\"><strong data-start=\"1520\" data-end=\"1528\">Smak<\/strong><\/td>\n<td data-start=\"1545\" data-end=\"1586\" data-col-size=\"sm\">Energidryck &amp; mint<\/td>\n<\/tr>\n<tr data-start=\"1587\" data-end=\"1655\">\n<td data-start=\"1587\" data-end=\"1614\" data-col-size=\"sm\"><strong data-start=\"1589\" data-end=\"1596\">Typ<\/strong><\/td>\n<td data-start=\"1614\" data-end=\"1655\" data-col-size=\"sm\">Nikotinp\u00e5se (tobaksfri)<\/td>\n<\/tr>\n<tr data-start=\"1656\" data-end=\"1724\">\n<td data-start=\"1656\" data-end=\"1683\" data-col-size=\"sm\"><strong data-start=\"1658\" data-end=\"1668\">Format<\/strong><\/td>\n<td data-start=\"1683\" data-end=\"1724\" data-col-size=\"sm\">Slim<\/td>\n<\/tr>\n<tr data-start=\"1725\" data-end=\"1793\">\n<td data-start=\"1725\" data-end=\"1752\" data-col-size=\"sm\"><strong data-start=\"1727\" data-end=\"1742\">Nikotinhalt<\/strong><\/td>\n<td data-start=\"1752\" data-end=\"1793\" data-col-size=\"sm\">50 mg\/g<\/td>\n<\/tr>\n<tr data-start=\"1794\" data-end=\"1862\">\n<td data-start=\"1794\" data-end=\"1821\" data-col-size=\"sm\"><strong data-start=\"1796\" data-end=\"1818\">Nikotin per prilla<\/strong><\/td>\n<td data-start=\"1821\" data-end=\"1862\" data-col-size=\"sm\">30 mg<\/td>\n<\/tr>\n<tr data-start=\"1863\" data-end=\"1931\">\n<td data-start=\"1863\" data-end=\"1890\" data-col-size=\"sm\"><strong data-start=\"1865\" data-end=\"1889\">Antal portioner\/dosa<\/strong><\/td>\n<td data-start=\"1890\" data-end=\"1931\" data-col-size=\"sm\">20 st<\/td>\n<\/tr>\n<tr data-start=\"1932\" data-end=\"2000\">\n<td data-start=\"1932\" data-end=\"1959\" data-col-size=\"sm\"><strong data-start=\"1934\" data-end=\"1947\">Nettovikt<\/strong><\/td>\n<td data-start=\"1959\" data-end=\"2000\" data-col-size=\"sm\">12 gram<\/td>\n<\/tr>\n<tr data-start=\"2001\" data-end=\"2069\">\n<td data-start=\"2001\" data-end=\"2028\" data-col-size=\"sm\"><strong data-start=\"2003\" data-end=\"2018\">Tillverkare<\/strong><\/td>\n<td data-start=\"2028\" data-end=\"2069\" data-col-size=\"sm\">Iceberg14<\/td>\n<\/tr>\n<\/tbody>\n<\/table>\n<div class=\"sticky end-(--thread-content-margin) h-0 self-end select-none\">\n<div class=\"absolute end-0 flex items-end\"><\/div>\n<\/div>\n<\/div>\n<\/div>\n<hr data-start=\"2071\" data-end=\"2074\" \/>\n<h2 data-start=\"2076\" data-end=\"2131\"><strong data-start=\"2080\" data-end=\"2131\">K\u00f6p ICEBERG Energy Extreme online hos Veloop.se<\/strong><\/h2>\n<p data-start=\"2133\" data-end=\"2395\">Best\u00e4ll <strong data-start=\"2141\" data-end=\"2167\">ICEBERG Energy Extreme<\/strong> enkelt och s\u00e4kert hos <strong data-start=\"2190\" data-end=\"2203\">Veloop.se<\/strong>. Vi erbjuder <strong data-start=\"2217\" data-end=\"2235\">snabb leverans<\/strong>, <strong data-start=\"2237\" data-end=\"2260\">diskret f\u00f6rpackning<\/strong>och <strong data-start=\"2265\" data-end=\"2305\">fri frakt vid k\u00f6p \u00f6ver en viss gr\u00e4ns<\/strong>. Uppt\u00e4ck v\u00e5rt breda sortiment av tobaksfria nikotinp\u00e5sar i kraftfulla smaker och styrkor.<\/p>\n<hr data-start=\"2397\" data-end=\"2400\" \/>\n<h3 data-start=\"2402\" data-end=\"2470\"><strong data-start=\"2406\" data-end=\"2470\">ICEBERG Energy \u2013 F\u00f6r dig som vill k\u00e4nna b\u00e5de smak och styrka<\/strong><\/h3>\n<p data-start=\"2472\" data-end=\"2654\">Med sin energidrycksinspirerade smakprofil och extrema styrka \u00e4r <strong data-start=\"2537\" data-end=\"2563\">ICEBERG Energy Extreme<\/strong> ett utm\u00e4rkt val f\u00f6r dig som vill ha ett riktigt kraftfullt nikotinalternativ \u2013 utan tobak.<\/p>\n<p data-start=\"2656\" data-end=\"2750\">\ud83d\uded2 <strong data-start=\"2659\" data-end=\"2708\">K\u00f6p ICEBERG Energy Extreme idag hos Veloop.se<\/strong> \u2013 alltid snabb leverans och h\u00f6g kvalitet.<\/p>","protected":false},"excerpt":{"rendered":"<h1 data-pm-slice=\"1 1 []\">ICEBERG Energy Extrem Stark<\/h1>\n<h1><img decoding=\"async\" class=\"wp-image-62699 alignleft\" src=\"https:\/\/snus-malmo.se\/wp-content\/uploads\/2025\/07\/Iceberg-logo.webp\" alt=\"\" width=\"163\" height=\"33\" srcset=\"https:\/\/snus-malmo.se\/wp-content\/uploads\/2025\/07\/Iceberg-logo.webp 400w, https:\/\/snus-malmo.se\/wp-content\/uploads\/2025\/07\/Iceberg-logo-18x4.webp 18w\" sizes=\"(max-width: 163px) 100vw, 163px\" \/><\/h1>\n<h2 data-start=\"151\" data-end=\"222\"><strong data-start=\"155\" data-end=\"222\">ICEBERG Energy Extreme \u2013 Energidryckssmak med maxad nikotinkick<\/strong><\/h2>\n<p data-start=\"224\" data-end=\"657\">Letar du efter en tobaksfri nikotinp\u00e5se som smakar som din favoritenergidryck \u2013 och samtidigt levererar en brutal nikotinupplevelse? D\u00e5 \u00e4r <strong data-start=\"363\" data-end=\"389\">ICEBERG Energy Extreme<\/strong> ett sj\u00e4lvklart val. H\u00e4r f\u00e5r du den klassiska smaken av energidryck \u2013 s\u00f6t, syrlig och uppiggande \u2013 kombinerad med en kylande mintton som f\u00f6rh\u00f6jer upplevelsen ytterligare. Med <strong data-start=\"564\" data-end=\"602\">50 mg\/g nikotin (30 mg per prilla)<\/strong> h\u00f6r den till de starkaste nikotinp\u00e5sarna p\u00e5 marknaden.<\/p>\n<h2 data-start=\"175\" data-end=\"265\"><\/h2>","protected":false},"featured_media":62695,"comment_status":"open","ping_status":"closed","template":"","meta":[],"product_brand":[387],"product_cat":[136,355,356,208,137],"product_tag":[],"class_list":{"0":"post-62774","1":"product","2":"type-product","3":"status-publish","4":"has-post-thumbnail","6":"product_brand-iceberg","7":"product_cat-all-whites","8":"product_cat-extra-strongextra-stark","9":"product_cat-extreme","10":"product_cat-iceberg","11":"product_cat-slim","13":"first","14":"instock","15":"taxable","16":"shipping-taxable","17":"purchasable","18":"product-type-variable"},"_links":{"self":[{"href":"https:\/\/snus-malmo.se\/sv\/wp-json\/wp\/v2\/product\/62774","targetHints":{"allow":["GET"]}}],"collection":[{"href":"https:\/\/snus-malmo.se\/sv\/wp-json\/wp\/v2\/product"}],"about":[{"href":"https:\/\/snus-malmo.se\/sv\/wp-json\/wp\/v2\/types\/product"}],"replies":[{"embeddable":true,"href":"https:\/\/snus-malmo.se\/sv\/wp-json\/wp\/v2\/comments?post=62774"}],"version-history":[{"count":0,"href":"https:\/\/snus-malmo.se\/sv\/wp-json\/wp\/v2\/product\/62774\/revisions"}],"wp:featuredmedia":[{"embeddable":true,"href":"https:\/\/snus-malmo.se\/sv\/wp-json\/wp\/v2\/media\/62695"}],"wp:attachment":[{"href":"https:\/\/snus-malmo.se\/sv\/wp-json\/wp\/v2\/media?parent=62774"}],"wp:term":[{"taxonomy":"product_brand","embeddable":true,"href":"https:\/\/snus-malmo.se\/sv\/wp-json\/wp\/v2\/product_brand?post=62774"},{"taxonomy":"product_cat","embeddable":true,"href":"https:\/\/snus-malmo.se\/sv\/wp-json\/wp\/v2\/product_cat?post=62774"},{"taxonomy":"product_tag","embeddable":true,"href":"https:\/\/snus-malmo.se\/sv\/wp-json\/wp\/v2\/product_tag?post=62774"}],"curies":[{"name":"wp","href":"https:\/\/api.w.org\/{rel}","templated":true}]}}