{"id":62780,"date":"2025-07-08T11:48:59","date_gmt":"2025-07-08T11:48:59","guid":{"rendered":"https:\/\/snus-malmo.se\/?post_type=product&#038;p=62780"},"modified":"2025-07-24T00:32:24","modified_gmt":"2025-07-24T00:32:24","slug":"iceberg-grape-extrem-stark","status":"publish","type":"product","link":"https:\/\/snus-malmo.se\/sv\/produkt\/iceberg-grape-extrem-stark\/","title":{"rendered":"ICEBERG Grape Extrem Stark"},"content":{"rendered":"<h1 data-pm-slice=\"1 1 []\">ICEBERG Grape Extrem Stark<\/h1>\n<h2 data-start=\"151\" data-end=\"220\"><strong data-start=\"155\" data-end=\"220\">ICEBERG Grape Extreme \u2013 S\u00f6t druvsmak med extrem nikotineffekt<\/strong><\/h2>\n<p data-start=\"222\" data-end=\"588\">Letar du efter en tobaksfri nikotinp\u00e5se som bjuder p\u00e5 b\u00e5de smak och styrka? <strong data-start=\"298\" data-end=\"323\">ICEBERG Grape Extreme<\/strong> kombinerar en s\u00f6t och fruktig smak av mogna vindruvor med en kylande mintton f\u00f6r en uppfriskande helhetsupplevelse. Med en nikotinstyrka p\u00e5 <strong data-start=\"464\" data-end=\"494\">50 mg\/g (30 mg per prilla)<\/strong> \u00e4r detta en prilla f\u00f6r dig som vill ha en riktigt stark kick utan att kompromissa med smaken.<\/p>\n<p data-start=\"590\" data-end=\"691\">Det smidiga slim-formatet g\u00f6r p\u00e5sarna diskreta och bekv\u00e4ma att anv\u00e4nda \u2013 oavsett var du befinner dig.<\/p>\n<hr data-start=\"693\" data-end=\"696\" \/>\n<h2 data-start=\"698\" data-end=\"740\"><strong data-start=\"702\" data-end=\"740\">F\u00f6rdelar med ICEBERG Grape Extreme<\/strong><\/h2>\n<ul data-start=\"742\" data-end=\"1087\">\n<li data-start=\"742\" data-end=\"796\">\n<p data-start=\"744\" data-end=\"796\">\ud83c\udf47 <strong data-start=\"747\" data-end=\"767\">S\u00f6t vindruvssmak<\/strong> \u2013 fruktig, rund och fyllig<\/p>\n<\/li>\n<li data-start=\"797\" data-end=\"850\">\n<p data-start=\"799\" data-end=\"850\">\u2744\ufe0f <strong data-start=\"802\" data-end=\"819\">Kylig mintton<\/strong> \u2013 f\u00f6r en uppfriskande k\u00e4nsla<\/p>\n<\/li>\n<li data-start=\"851\" data-end=\"916\">\n<p data-start=\"853\" data-end=\"916\">\ud83d\udca5 <strong data-start=\"856\" data-end=\"880\">Extrem nikotinstyrka<\/strong> \u2013 hela 50 mg\/g (30 mg per prilla)<\/p>\n<\/li>\n<li data-start=\"917\" data-end=\"967\">\n<p data-start=\"919\" data-end=\"967\">\ud83d\udeab <strong data-start=\"922\" data-end=\"935\">Tobaksfri<\/strong> \u2013 endast nikotin, ingen tobak<\/p>\n<\/li>\n<li data-start=\"968\" data-end=\"1025\">\n<p data-start=\"970\" data-end=\"1025\">\ud83d\udccf <strong data-start=\"973\" data-end=\"988\">Slim-format<\/strong> \u2013 diskret och bekv\u00e4mt under l\u00e4ppen<\/p>\n<\/li>\n<li data-start=\"1026\" data-end=\"1087\">\n<p data-start=\"1028\" data-end=\"1087\">\ud83e\uddca <strong data-start=\"1031\" data-end=\"1048\">L\u00e5g rinnighet<\/strong> \u2013 j\u00e4mn och l\u00e5ngvarig nikotinleverans<\/p>\n<\/li>\n<\/ul>\n<hr data-start=\"1089\" data-end=\"1092\" \/>\n<h2 data-start=\"1094\" data-end=\"1144\"><strong data-start=\"1098\" data-end=\"1144\">Produktinformation \u2013 ICEBERG Grape Extreme<\/strong><\/h2>\n<div class=\"_tableContainer_80l1q_1\">\n<div class=\"_tableWrapper_80l1q_14 group flex w-fit flex-col-reverse\" tabindex=\"-1\">\n<table class=\"w-fit min-w-(--thread-content-width)\" data-start=\"1146\" data-end=\"1914\">\n<thead data-start=\"1146\" data-end=\"1214\">\n<tr data-start=\"1146\" data-end=\"1214\">\n<th data-start=\"1146\" data-end=\"1172\" data-col-size=\"sm\">Egenskap<\/th>\n<th data-start=\"1172\" data-end=\"1214\" data-col-size=\"sm\">Information<\/th>\n<\/tr>\n<\/thead>\n<tbody data-start=\"1285\" data-end=\"1914\">\n<tr data-start=\"1285\" data-end=\"1354\">\n<td data-start=\"1285\" data-end=\"1312\" data-col-size=\"sm\"><strong data-start=\"1287\" data-end=\"1302\">Produktnamn<\/strong><\/td>\n<td data-col-size=\"sm\" data-start=\"1312\" data-end=\"1354\">ICEBERG Grape Extreme<\/td>\n<\/tr>\n<tr data-start=\"1355\" data-end=\"1424\">\n<td data-start=\"1355\" data-end=\"1382\" data-col-size=\"sm\"><strong data-start=\"1357\" data-end=\"1365\">Smak<\/strong><\/td>\n<td data-col-size=\"sm\" data-start=\"1382\" data-end=\"1424\">Druva &amp; mint<\/td>\n<\/tr>\n<tr data-start=\"1425\" data-end=\"1494\">\n<td data-start=\"1425\" data-end=\"1452\" data-col-size=\"sm\"><strong data-start=\"1427\" data-end=\"1434\">Typ<\/strong><\/td>\n<td data-col-size=\"sm\" data-start=\"1452\" data-end=\"1494\">Nikotinp\u00e5se (tobaksfri)<\/td>\n<\/tr>\n<tr data-start=\"1495\" data-end=\"1564\">\n<td data-start=\"1495\" data-end=\"1522\" data-col-size=\"sm\"><strong data-start=\"1497\" data-end=\"1507\">Format<\/strong><\/td>\n<td data-col-size=\"sm\" data-start=\"1522\" data-end=\"1564\">Slim<\/td>\n<\/tr>\n<tr data-start=\"1565\" data-end=\"1634\">\n<td data-start=\"1565\" data-end=\"1592\" data-col-size=\"sm\"><strong data-start=\"1567\" data-end=\"1582\">Nikotinhalt<\/strong><\/td>\n<td data-col-size=\"sm\" data-start=\"1592\" data-end=\"1634\">50 mg\/g<\/td>\n<\/tr>\n<tr data-start=\"1635\" data-end=\"1704\">\n<td data-start=\"1635\" data-end=\"1662\" data-col-size=\"sm\"><strong data-start=\"1637\" data-end=\"1659\">Nikotin per prilla<\/strong><\/td>\n<td data-col-size=\"sm\" data-start=\"1662\" data-end=\"1704\">30 mg<\/td>\n<\/tr>\n<tr data-start=\"1705\" data-end=\"1774\">\n<td data-start=\"1705\" data-end=\"1732\" data-col-size=\"sm\"><strong data-start=\"1707\" data-end=\"1731\">Antal portioner\/dosa<\/strong><\/td>\n<td data-col-size=\"sm\" data-start=\"1732\" data-end=\"1774\">20 st<\/td>\n<\/tr>\n<tr data-start=\"1775\" data-end=\"1844\">\n<td data-start=\"1775\" data-end=\"1802\" data-col-size=\"sm\"><strong data-start=\"1777\" data-end=\"1790\">Nettovikt<\/strong><\/td>\n<td data-col-size=\"sm\" data-start=\"1802\" data-end=\"1844\">12 gram<\/td>\n<\/tr>\n<tr data-start=\"1845\" data-end=\"1914\">\n<td data-start=\"1845\" data-end=\"1872\" data-col-size=\"sm\"><strong data-start=\"1847\" data-end=\"1862\">Tillverkare<\/strong><\/td>\n<td data-col-size=\"sm\" data-start=\"1872\" data-end=\"1914\">Iceberg14<\/td>\n<\/tr>\n<\/tbody>\n<\/table>\n<div class=\"sticky end-(--thread-content-margin) h-0 self-end select-none\">\n<div class=\"absolute end-0 flex items-end\"><\/div>\n<\/div>\n<\/div>\n<\/div>\n<hr data-start=\"1916\" data-end=\"1919\" \/>\n<h2 data-start=\"1921\" data-end=\"1975\"><strong data-start=\"1925\" data-end=\"1975\">K\u00f6p ICEBERG Grape Extreme online hos Veloop.se<\/strong><\/h2>\n<p data-start=\"1977\" data-end=\"2210\">Best\u00e4ll <strong data-start=\"1985\" data-end=\"2010\">ICEBERG Grape Extreme<\/strong> snabbt och enkelt fr\u00e5n <strong data-start=\"2034\" data-end=\"2047\">Veloop.se<\/strong>. Vi erbjuder <strong data-start=\"2061\" data-end=\"2079\">snabb leverans<\/strong>, <strong data-start=\"2081\" data-end=\"2121\">fri frakt vid k\u00f6p \u00f6ver en viss gr\u00e4ns<\/strong>, samt ett brett urval av tobaksfria nikotinp\u00e5sar med unika smaker och h\u00f6g nikotinstyrka.<\/p>\n<hr data-start=\"2212\" data-end=\"2215\" \/>\n<h2 data-start=\"2217\" data-end=\"2275\"><strong data-start=\"2221\" data-end=\"2275\">ICEBERG Grape \u2013 Fruktigt s\u00f6tma m\u00f6ter brutal styrka<\/strong><\/h2>\n<p data-start=\"2277\" data-end=\"2450\"><strong data-start=\"2277\" data-end=\"2302\">ICEBERG Grape Extreme<\/strong> \u00e4r perfekt f\u00f6r dig som \u00e4lskar fruktiga smaker men ocks\u00e5 vill ha en nikotinupplevelse som k\u00e4nns \u2013 p\u00e5 riktigt. En smakrik favorit med maximal effekt.<\/p>\n<p data-start=\"2452\" data-end=\"2551\">\ud83d\uded2 <strong data-start=\"2455\" data-end=\"2503\">K\u00f6p ICEBERG Grape Extreme hos Veloop.se idag<\/strong> \u2013 alltid snabb leverans och diskret paketering.<\/p>","protected":false},"excerpt":{"rendered":"<h1 data-pm-slice=\"1 1 []\">ICEBERG Grape Extrem Stark<\/h1>\n<h1><img decoding=\"async\" class=\"wp-image-62699 alignleft\" src=\"https:\/\/snus-malmo.se\/wp-content\/uploads\/2025\/07\/Iceberg-logo.webp\" alt=\"\" width=\"163\" height=\"33\" srcset=\"https:\/\/snus-malmo.se\/wp-content\/uploads\/2025\/07\/Iceberg-logo.webp 400w, https:\/\/snus-malmo.se\/wp-content\/uploads\/2025\/07\/Iceberg-logo-18x4.webp 18w\" sizes=\"(max-width: 163px) 100vw, 163px\" \/><\/h1>\n<h2 data-start=\"151\" data-end=\"220\"><strong data-start=\"155\" data-end=\"220\">ICEBERG Grape Extreme \u2013 S\u00f6t druvsmak med extrem nikotineffekt<\/strong><\/h2>\n<p data-start=\"222\" data-end=\"588\">Letar du efter en tobaksfri nikotinp\u00e5se som bjuder p\u00e5 b\u00e5de smak och styrka? <strong data-start=\"298\" data-end=\"323\">ICEBERG Grape Extreme<\/strong> kombinerar en s\u00f6t och fruktig smak av mogna vindruvor med en kylande mintton f\u00f6r en uppfriskande helhetsupplevelse. Med en nikotinstyrka p\u00e5 <strong data-start=\"464\" data-end=\"494\">50 mg\/g (30 mg per prilla)<\/strong> \u00e4r detta en prilla f\u00f6r dig som vill ha en riktigt stark kick utan att kompromissa med smaken.<\/p>\n<h2 data-start=\"175\" data-end=\"265\"><\/h2>","protected":false},"featured_media":62696,"comment_status":"open","ping_status":"closed","template":"","meta":[],"product_brand":[387],"product_cat":[136,355,356,208,137],"product_tag":[],"class_list":{"0":"post-62780","1":"product","2":"type-product","3":"status-publish","4":"has-post-thumbnail","6":"product_brand-iceberg","7":"product_cat-all-whites","8":"product_cat-extra-strongextra-stark","9":"product_cat-extreme","10":"product_cat-iceberg","11":"product_cat-slim","13":"first","14":"instock","15":"taxable","16":"shipping-taxable","17":"purchasable","18":"product-type-variable"},"_links":{"self":[{"href":"https:\/\/snus-malmo.se\/sv\/wp-json\/wp\/v2\/product\/62780","targetHints":{"allow":["GET"]}}],"collection":[{"href":"https:\/\/snus-malmo.se\/sv\/wp-json\/wp\/v2\/product"}],"about":[{"href":"https:\/\/snus-malmo.se\/sv\/wp-json\/wp\/v2\/types\/product"}],"replies":[{"embeddable":true,"href":"https:\/\/snus-malmo.se\/sv\/wp-json\/wp\/v2\/comments?post=62780"}],"version-history":[{"count":0,"href":"https:\/\/snus-malmo.se\/sv\/wp-json\/wp\/v2\/product\/62780\/revisions"}],"wp:featuredmedia":[{"embeddable":true,"href":"https:\/\/snus-malmo.se\/sv\/wp-json\/wp\/v2\/media\/62696"}],"wp:attachment":[{"href":"https:\/\/snus-malmo.se\/sv\/wp-json\/wp\/v2\/media?parent=62780"}],"wp:term":[{"taxonomy":"product_brand","embeddable":true,"href":"https:\/\/snus-malmo.se\/sv\/wp-json\/wp\/v2\/product_brand?post=62780"},{"taxonomy":"product_cat","embeddable":true,"href":"https:\/\/snus-malmo.se\/sv\/wp-json\/wp\/v2\/product_cat?post=62780"},{"taxonomy":"product_tag","embeddable":true,"href":"https:\/\/snus-malmo.se\/sv\/wp-json\/wp\/v2\/product_tag?post=62780"}],"curies":[{"name":"wp","href":"https:\/\/api.w.org\/{rel}","templated":true}]}}