{"id":62932,"date":"2025-07-10T22:19:09","date_gmt":"2025-07-10T22:19:09","guid":{"rendered":"https:\/\/snus-malmo.se\/?post_type=product&#038;p=62932"},"modified":"2025-11-22T09:26:55","modified_gmt":"2025-11-22T09:26:55","slug":"xqs-tropical-slim-strong","status":"publish","type":"product","link":"https:\/\/snus-malmo.se\/sv\/produkt\/xqs-tropical-slim-strong\/","title":{"rendered":"XQS Tropical Slim Strong"},"content":{"rendered":"<h1>XQS Tropical Slim Strong<\/h1>\n<h2 data-start=\"367\" data-end=\"458\">XQS Tropical Slim Strong \u2013 Tropiskt vitt snus med stark nikotinhalt | K\u00f6p hos Veloop.se<\/h2>\n<p data-start=\"460\" data-end=\"691\">Letar du efter ett tobaksfritt vitt snus som kombinerar en exotisk smakprofil med kraftfull nikotinstyrka? <strong data-start=\"567\" data-end=\"595\">XQS Tropical Slim Strong<\/strong> \u00e4r det perfekta valet f\u00f6r dig som vill ha en intensiv men fruktig upplevelse \u2013 helt utan tobak.<\/p>\n<p data-start=\"693\" data-end=\"1118\">Denna nikotinp\u00e5se levereras i <strong data-start=\"723\" data-end=\"738\">slim-format<\/strong> och har smak av tropiska frukter, vilket ger en frisk och s\u00f6t smak som varar l\u00e4nge. Produkten tillh\u00f6r det popul\u00e4ra varum\u00e4rket <strong data-start=\"865\" data-end=\"872\">XQS<\/strong>, utvecklat i Sverige och tillverkat av <strong data-start=\"912\" data-end=\"937\">Insurgent Ventures II<\/strong>, med produktion hos <strong data-start=\"958\" data-end=\"994\">Scandinavian Tobacco Group (STG)<\/strong>. Med en <strong data-start=\"1003\" data-end=\"1048\">nikotinhalt p\u00e5 16 mg\/g (8 mg per portion)<\/strong> klassas den som <strong data-start=\"1065\" data-end=\"1074\">stark<\/strong>, vilket g\u00f6r den l\u00e4mplig f\u00f6r vana anv\u00e4ndare.<\/p>\n<p data-start=\"1120\" data-end=\"1384\">Varje dosa inneh\u00e5ller <strong data-start=\"1142\" data-end=\"1156\">20 prillor<\/strong>, med en totalvikt p\u00e5 10 gram. P\u00e5sarna \u00e4r tunna och diskreta, vilket g\u00f6r dem perfekta f\u00f6r anv\u00e4ndning i alla sammanhang. Eftersom snuset \u00e4r helt tobaksfritt slipper du missf\u00e4rgade t\u00e4nder och f\u00e5r ist\u00e4llet en ren och fr\u00e4sch k\u00e4nsla.<\/p>\n<p data-start=\"1386\" data-end=\"1541\"><strong data-start=\"1386\" data-end=\"1409\">XQS Tropical Strong<\/strong> tillh\u00f6r serien <strong data-start=\"1425\" data-end=\"1449\">XQS Nicotine Pouches<\/strong>, k\u00e4nd f\u00f6r sina sp\u00e4nnande och varierade smaker \u2013 allt fr\u00e5n b\u00e4r och frukt till mint och kola.<\/p>\n<hr data-start=\"1543\" data-end=\"1546\" \/>\n<h3 data-start=\"1548\" data-end=\"1572\">\u2705 Produktinformation<\/h3>\n<div class=\"_tableContainer_80l1q_1\">\n<div class=\"_tableWrapper_80l1q_14 group flex w-fit flex-col-reverse\" tabindex=\"-1\">\n<table class=\"w-fit min-w-(--thread-content-width)\" data-start=\"1573\" data-end=\"2378\">\n<thead data-start=\"1573\" data-end=\"1634\">\n<tr data-start=\"1573\" data-end=\"1634\">\n<th data-start=\"1573\" data-end=\"1597\" data-col-size=\"sm\">Egenskap<\/th>\n<th data-start=\"1597\" data-end=\"1634\" data-col-size=\"sm\">Detalj<\/th>\n<\/tr>\n<\/thead>\n<tbody data-start=\"1697\" data-end=\"2378\">\n<tr data-start=\"1697\" data-end=\"1758\">\n<td data-start=\"1697\" data-end=\"1721\" data-col-size=\"sm\"><strong data-start=\"1699\" data-end=\"1712\">Varum\u00e4rke<\/strong><\/td>\n<td data-col-size=\"sm\" data-start=\"1721\" data-end=\"1758\">XQS<\/td>\n<\/tr>\n<tr data-start=\"1759\" data-end=\"1820\">\n<td data-start=\"1759\" data-end=\"1783\" data-col-size=\"sm\"><strong data-start=\"1761\" data-end=\"1775\">Produkttyp<\/strong><\/td>\n<td data-col-size=\"sm\" data-start=\"1783\" data-end=\"1820\">Vitt snus \/ All White Portion<\/td>\n<\/tr>\n<tr data-start=\"1821\" data-end=\"1882\">\n<td data-start=\"1821\" data-end=\"1845\" data-col-size=\"sm\"><strong data-start=\"1823\" data-end=\"1833\">Styrka<\/strong><\/td>\n<td data-col-size=\"sm\" data-start=\"1845\" data-end=\"1882\">Stark<\/td>\n<\/tr>\n<tr data-start=\"1883\" data-end=\"1944\">\n<td data-start=\"1883\" data-end=\"1907\" data-col-size=\"sm\"><strong data-start=\"1885\" data-end=\"1900\">Nikotinhalt<\/strong><\/td>\n<td data-col-size=\"sm\" data-start=\"1907\" data-end=\"1944\">16 mg\/g \u2013 8 mg\/portion<\/td>\n<\/tr>\n<tr data-start=\"1945\" data-end=\"2006\">\n<td data-start=\"1945\" data-end=\"1969\" data-col-size=\"sm\"><strong data-start=\"1947\" data-end=\"1957\">Format<\/strong><\/td>\n<td data-col-size=\"sm\" data-start=\"1969\" data-end=\"2006\">Slim<\/td>\n<\/tr>\n<tr data-start=\"2007\" data-end=\"2068\">\n<td data-start=\"2007\" data-end=\"2031\" data-col-size=\"sm\"><strong data-start=\"2009\" data-end=\"2023\">Smakprofil<\/strong><\/td>\n<td data-col-size=\"sm\" data-start=\"2031\" data-end=\"2068\">Tropiska frukter<\/td>\n<\/tr>\n<tr data-start=\"2069\" data-end=\"2130\">\n<td data-start=\"2069\" data-end=\"2093\" data-col-size=\"sm\"><strong data-start=\"2071\" data-end=\"2084\">Tobaksfri<\/strong><\/td>\n<td data-col-size=\"sm\" data-start=\"2093\" data-end=\"2130\">Ja<\/td>\n<\/tr>\n<tr data-start=\"2131\" data-end=\"2192\">\n<td data-start=\"2131\" data-end=\"2155\" data-col-size=\"sm\"><strong data-start=\"2133\" data-end=\"2152\">Antal portioner<\/strong><\/td>\n<td data-col-size=\"sm\" data-start=\"2155\" data-end=\"2192\">20 st per dosa<\/td>\n<\/tr>\n<tr data-start=\"2193\" data-end=\"2254\">\n<td data-start=\"2193\" data-end=\"2217\" data-col-size=\"sm\"><strong data-start=\"2195\" data-end=\"2208\">Nettovikt<\/strong><\/td>\n<td data-col-size=\"sm\" data-start=\"2217\" data-end=\"2254\">10 gram<\/td>\n<\/tr>\n<tr data-start=\"2255\" data-end=\"2316\">\n<td data-start=\"2255\" data-end=\"2279\" data-col-size=\"sm\"><strong data-start=\"2257\" data-end=\"2272\">Tillverkare<\/strong><\/td>\n<td data-col-size=\"sm\" data-start=\"2279\" data-end=\"2316\">Insurgent Ventures II \/ STG<\/td>\n<\/tr>\n<tr data-start=\"2317\" data-end=\"2378\">\n<td data-start=\"2317\" data-end=\"2341\" data-col-size=\"sm\"><strong data-start=\"2319\" data-end=\"2340\">Tillverkningsland<\/strong><\/td>\n<td data-col-size=\"sm\" data-start=\"2341\" data-end=\"2378\">Sverige<\/td>\n<\/tr>\n<\/tbody>\n<\/table>\n<div class=\"sticky end-(--thread-content-margin) h-0 self-end select-none\">\n<div class=\"absolute end-0 flex items-end\"><\/div>\n<\/div>\n<\/div>\n<\/div>\n<hr data-start=\"2380\" data-end=\"2383\" \/>\n<h2 data-start=\"2385\" data-end=\"2433\">\ud83d\udd04 Uppt\u00e4ck hela XQS-sortimentet hos Veloop.se<\/h2>\n<p data-start=\"2435\" data-end=\"2574\">Hos <strong data-start=\"2439\" data-end=\"2452\">Veloop.se<\/strong> hittar du ett brett utbud av XQS nikotinp\u00e5sar i olika smaker och styrkor \u2013 fr\u00e5n friska fruktblandningar till isande mint:<\/p>\n<ul data-start=\"2576\" data-end=\"3435\">\n<li data-start=\"2576\" data-end=\"2618\">\n<p data-start=\"2578\" data-end=\"2618\"><strong data-start=\"2578\" data-end=\"2616\">XQS Blueberry Mint Medium \/ Strong<\/strong><\/p>\n<\/li>\n<li data-start=\"2619\" data-end=\"2659\">\n<p data-start=\"2621\" data-end=\"2659\"><strong data-start=\"2621\" data-end=\"2657\">XQS Black Cherry Medium \/ Strong<\/strong><\/p>\n<\/li>\n<li data-start=\"2660\" data-end=\"2699\">\n<p data-start=\"2662\" data-end=\"2699\"><strong data-start=\"2662\" data-end=\"2697\">XQS Cactus Sour Medium \/ Strong<\/strong><\/p>\n<\/li>\n<li data-start=\"2700\" data-end=\"2741\">\n<p data-start=\"2702\" data-end=\"2741\"><strong data-start=\"2702\" data-end=\"2739\">XQS Cool Ice Mini Medium \/ Strong<\/strong><\/p>\n<\/li>\n<li data-start=\"2742\" data-end=\"2788\">\n<p data-start=\"2744\" data-end=\"2788\"><strong data-start=\"2744\" data-end=\"2786\">XQS Arctic Freeze X-tra \/ Ultra Strong<\/strong><\/p>\n<\/li>\n<li data-start=\"2789\" data-end=\"2824\">\n<p data-start=\"2791\" data-end=\"2824\"><strong data-start=\"2791\" data-end=\"2822\">XQS Fr\u00f6s Bit \/ Ultra Strong<\/strong><\/p>\n<\/li>\n<li data-start=\"2825\" data-end=\"2853\">\n<p data-start=\"2827\" data-end=\"2853\"><strong data-start=\"2827\" data-end=\"2851\">XQS Fr\u00f6s Double Mint<\/strong><\/p>\n<\/li>\n<li data-start=\"2854\" data-end=\"2882\">\n<p data-start=\"2856\" data-end=\"2882\"><strong data-start=\"2856\" data-end=\"2880\">XQS Fr\u00f6s Crispy Mint<\/strong><\/p>\n<\/li>\n<li data-start=\"2883\" data-end=\"2919\">\n<p data-start=\"2885\" data-end=\"2919\"><strong data-start=\"2885\" data-end=\"2917\">XQS Tropical Medium \/ Strong<\/strong><\/p>\n<\/li>\n<li data-start=\"2920\" data-end=\"2962\">\n<p data-start=\"2922\" data-end=\"2962\"><strong data-start=\"2922\" data-end=\"2960\">XQS Citrus Cooling Medium \/ Strong<\/strong><\/p>\n<\/li>\n<li data-start=\"2963\" data-end=\"2993\">\n<p data-start=\"2965\" data-end=\"2993\"><strong data-start=\"2965\" data-end=\"2991\">XQS Soft Toffee Strong<\/strong><\/p>\n<\/li>\n<li data-start=\"2994\" data-end=\"3032\">\n<p data-start=\"2996\" data-end=\"3032\"><strong data-start=\"2996\" data-end=\"3030\">XQS Fizzy Cola Medium \/ Strong<\/strong><\/p>\n<\/li>\n<li data-start=\"3033\" data-end=\"3073\">\n<p data-start=\"3035\" data-end=\"3073\"><strong data-start=\"3035\" data-end=\"3071\">XQS Elder Flower Medium \/ Strong<\/strong><\/p>\n<\/li>\n<li data-start=\"3074\" data-end=\"3104\">\n<p data-start=\"3076\" data-end=\"3104\"><strong data-start=\"3076\" data-end=\"3102\">XQS Wintergreen Medium<\/strong><\/p>\n<\/li>\n<li data-start=\"3105\" data-end=\"3133\">\n<p data-start=\"3107\" data-end=\"3133\"><strong data-start=\"3107\" data-end=\"3131\">XQS Spearmint Strong<\/strong><\/p>\n<\/li>\n<li data-start=\"3134\" data-end=\"3164\">\n<p data-start=\"3136\" data-end=\"3164\"><strong data-start=\"3136\" data-end=\"3162\">XQS Chili Mango Strong<\/strong><\/p>\n<\/li>\n<li data-start=\"3165\" data-end=\"3205\">\n<p data-start=\"3167\" data-end=\"3205\"><strong data-start=\"3167\" data-end=\"3203\">XQS Orange Apple Medium \/ Strong<\/strong><\/p>\n<\/li>\n<li data-start=\"3206\" data-end=\"3240\">\n<p data-start=\"3208\" data-end=\"3240\"><strong data-start=\"3208\" data-end=\"3238\">XQS Strawberry Kiwi Strong<\/strong><\/p>\n<\/li>\n<li data-start=\"3241\" data-end=\"3275\">\n<p data-start=\"3243\" data-end=\"3275\"><strong data-start=\"3243\" data-end=\"3273\">XQS Berrynana Twist Strong<\/strong><\/p>\n<\/li>\n<li data-start=\"3276\" data-end=\"3306\">\n<p data-start=\"3278\" data-end=\"3306\"><strong data-start=\"3278\" data-end=\"3304\">XQS Hallon Soda Strong<\/strong><\/p>\n<\/li>\n<li data-start=\"3307\" data-end=\"3333\">\n<p data-start=\"3309\" data-end=\"3333\"><strong data-start=\"3309\" data-end=\"3331\">XQS Hallon Lakrits<\/strong><\/p>\n<\/li>\n<li data-start=\"3334\" data-end=\"3375\">\n<p data-start=\"3336\" data-end=\"3375\"><strong data-start=\"3336\" data-end=\"3373\">XQS Raspberry Blackcurrant Strong<\/strong><\/p>\n<\/li>\n<li data-start=\"3376\" data-end=\"3407\">\n<p data-start=\"3378\" data-end=\"3407\"><strong data-start=\"3378\" data-end=\"3405\">XQS Fruzzly Slim Strong<\/strong><\/p>\n<\/li>\n<li data-start=\"3408\" data-end=\"3435\">\n<p data-start=\"3410\" data-end=\"3435\"><strong data-start=\"3410\" data-end=\"3435\">XQS Twin Apple Strong<\/strong><\/p>\n<\/li>\n<\/ul>\n<p data-start=\"3437\" data-end=\"3506\">\ud83d\udc49 <a class=\"\" href=\"https:\/\/snus-malmo.se\/sv\/xqs\/\" target=\"_new\" rel=\"noopener\" data-start=\"3440\" data-end=\"3506\">Se hela XQS-utbudet p\u00e5 snus-malmo.se<\/a><\/p>\n<hr data-start=\"3508\" data-end=\"3511\" \/>\n<p data-start=\"3513\" data-end=\"3681\">\ud83d\uded2 <strong data-start=\"3516\" data-end=\"3569\">K\u00f6p XQS Tropical Slim Strong direkt hos Veloop.se<\/strong> \u2013 snabb leverans, bra priser och ett stort urval av tobaksfritt snus. V\u00e4lj XQS f\u00f6r smak, styrka och stil i ett!<\/p>\n<p data-start=\"3287\" data-end=\"3402\">","protected":false},"excerpt":{"rendered":"<h1>XQS Tropical Slim Strong<\/h1>\n<h2 data-start=\"197\" data-end=\"300\"><img decoding=\"async\" class=\"wp-image-62925 alignleft\" src=\"https:\/\/snus-malmo.se\/wp-content\/uploads\/2025\/05\/xqs-logo.png\" alt=\"\" width=\"109\" height=\"48\" srcset=\"https:\/\/snus-malmo.se\/wp-content\/uploads\/2025\/05\/xqs-logo.png 269w, https:\/\/snus-malmo.se\/wp-content\/uploads\/2025\/05\/xqs-logo-18x8.png 18w\" sizes=\"(max-width: 109px) 100vw, 109px\" \/><\/h2>\n<h2 data-start=\"367\" data-end=\"458\">XQS Tropical Slim Strong \u2013 Tropiskt vitt snus med stark nikotinhalt | K\u00f6p hos Veloop.se<\/h2>\n<p data-start=\"3752\" data-end=\"4013\"><strong data-start=\"3752\" data-end=\"3780\">XQS Tropical Slim Strong<\/strong> \u00e4r ett tobaksfritt vitt snus i slim-format med frisk smak av tropiska frukter. Med en stark nikotinhalt p\u00e5 8 mg per portion (16 mg\/g) och 20 prillor per dosa \u00e4r det ett utm\u00e4rkt val f\u00f6r dig som s\u00f6ker smak och styrka i perfekt balans.<\/p>\n<p data-start=\"4015\" data-end=\"4088\">\ud83d\udd17 <a class=\"\" href=\"https:\/\/snus-malmo.se\/sv\/xqs\/\" target=\"_new\" rel=\"noopener\" data-start=\"4018\" data-end=\"4088\">Se hela XQS-sortimentet p\u00e5 snus-malmo.se<\/a><\/p>\n<p data-start=\"4662\" data-end=\"4735\">","protected":false},"featured_media":66978,"comment_status":"open","ping_status":"closed","template":"","meta":[],"product_brand":[],"product_cat":[136,137,354,127],"product_tag":[],"class_list":{"0":"post-62932","1":"product","2":"type-product","3":"status-publish","4":"has-post-thumbnail","6":"product_cat-all-whites","7":"product_cat-slim","8":"product_cat-strongstark","9":"product_cat-xqs","11":"first","12":"instock","13":"taxable","14":"shipping-taxable","15":"purchasable","16":"product-type-variable"},"_links":{"self":[{"href":"https:\/\/snus-malmo.se\/sv\/wp-json\/wp\/v2\/product\/62932","targetHints":{"allow":["GET"]}}],"collection":[{"href":"https:\/\/snus-malmo.se\/sv\/wp-json\/wp\/v2\/product"}],"about":[{"href":"https:\/\/snus-malmo.se\/sv\/wp-json\/wp\/v2\/types\/product"}],"replies":[{"embeddable":true,"href":"https:\/\/snus-malmo.se\/sv\/wp-json\/wp\/v2\/comments?post=62932"}],"version-history":[{"count":0,"href":"https:\/\/snus-malmo.se\/sv\/wp-json\/wp\/v2\/product\/62932\/revisions"}],"wp:featuredmedia":[{"embeddable":true,"href":"https:\/\/snus-malmo.se\/sv\/wp-json\/wp\/v2\/media\/66978"}],"wp:attachment":[{"href":"https:\/\/snus-malmo.se\/sv\/wp-json\/wp\/v2\/media?parent=62932"}],"wp:term":[{"taxonomy":"product_brand","embeddable":true,"href":"https:\/\/snus-malmo.se\/sv\/wp-json\/wp\/v2\/product_brand?post=62932"},{"taxonomy":"product_cat","embeddable":true,"href":"https:\/\/snus-malmo.se\/sv\/wp-json\/wp\/v2\/product_cat?post=62932"},{"taxonomy":"product_tag","embeddable":true,"href":"https:\/\/snus-malmo.se\/sv\/wp-json\/wp\/v2\/product_tag?post=62932"}],"curies":[{"name":"wp","href":"https:\/\/api.w.org\/{rel}","templated":true}]}}