{"id":62964,"date":"2025-07-11T00:06:43","date_gmt":"2025-07-11T00:06:43","guid":{"rendered":"https:\/\/snus-malmo.se\/?post_type=product&#038;p=62964"},"modified":"2025-11-22T09:26:48","modified_gmt":"2025-11-22T09:26:48","slug":"xqs-blueberry-mint-slim-medium","status":"publish","type":"product","link":"https:\/\/snus-malmo.se\/sv\/produkt\/xqs-blueberry-mint-slim-medium\/","title":{"rendered":"XQS Blueberry Mint Slim Medium"},"content":{"rendered":"<h1>XQS Blueberry Mint Slim Medium<\/h1>\n<h2 data-start=\"378\" data-end=\"476\">XQS Blueberry Mint Slim Medium \u2013 Balanserad fr\u00e4sch smak i tobaksfritt snus | K\u00f6p hos Veloop.se<\/h2>\n<p data-start=\"478\" data-end=\"749\">Letar du efter ett tobaksfritt snus med en <strong data-start=\"521\" data-end=\"570\">fruktig, frisk och lagom stark smakupplevelse<\/strong>? D\u00e5 \u00e4r <strong data-start=\"578\" data-end=\"612\">XQS Blueberry Mint Slim Medium<\/strong> ett perfekt val. Denna nikotinp\u00e5se bjuder p\u00e5 en <strong data-start=\"661\" data-end=\"715\">smakrik kombination av s\u00f6t bl\u00e5b\u00e4r och kylande mint<\/strong> \u2013 i ett smalt och diskret format.<\/p>\n<p data-start=\"751\" data-end=\"1089\">XQS Blueberry Mint Slim Medium tillh\u00f6r serien <strong data-start=\"797\" data-end=\"821\">XQS Nicotine Pouches<\/strong>, utvecklad i Sverige av <strong data-start=\"846\" data-end=\"871\">Insurgent Ventures II<\/strong>och producerad av <strong data-start=\"890\" data-end=\"926\">Scandinavian Tobacco Group (STG)<\/strong>. Produkten har en <strong data-start=\"945\" data-end=\"1001\">medelstark nikotinhalt p\u00e5 12 mg\/g (6 mg per portion)<\/strong> vilket g\u00f6r den idealisk f\u00f6r dig som vill ha en <strong data-start=\"1049\" data-end=\"1088\">tydlig men balanserad nikotineffekt<\/strong>.<\/p>\n<p data-start=\"1091\" data-end=\"1347\">Varje dosa inneh\u00e5ller <strong data-start=\"1113\" data-end=\"1127\">20 prillor<\/strong>, helt tobaksfria, i <strong data-start=\"1148\" data-end=\"1163\">slim-format<\/strong> \u2013 vilket ger en bekv\u00e4m och diskret passform under l\u00e4ppen. Den tobaksfria basen bidrar till att h\u00e5lla t\u00e4nderna vita samtidigt som du f\u00e5r en uppfriskande och smakfull nikotinupplevelse.<\/p>\n<p data-start=\"1349\" data-end=\"1518\">Den fruktiga bl\u00e5b\u00e4rstonen m\u00f6ter en svalkande mint som ger ett rent och friskt intryck \u2013 perfekt f\u00f6r daglig anv\u00e4ndning eller n\u00e4r du beh\u00f6ver lite extra energi under dagen.<\/p>\n<hr data-start=\"1520\" data-end=\"1523\" \/>\n<h3 data-start=\"1525\" data-end=\"1549\">\u2705 Produktinformation<\/h3>\n<div class=\"_tableContainer_80l1q_1\">\n<div class=\"_tableWrapper_80l1q_14 group flex w-fit flex-col-reverse\" tabindex=\"-1\">\n<table class=\"w-fit min-w-(--thread-content-width)\" data-start=\"1550\" data-end=\"2355\">\n<thead data-start=\"1550\" data-end=\"1611\">\n<tr data-start=\"1550\" data-end=\"1611\">\n<th data-start=\"1550\" data-end=\"1574\" data-col-size=\"sm\">Egenskap<\/th>\n<th data-start=\"1574\" data-end=\"1611\" data-col-size=\"sm\">Detalj<\/th>\n<\/tr>\n<\/thead>\n<tbody data-start=\"1674\" data-end=\"2355\">\n<tr data-start=\"1674\" data-end=\"1735\">\n<td data-start=\"1674\" data-end=\"1698\" data-col-size=\"sm\"><strong data-start=\"1676\" data-end=\"1689\">Varum\u00e4rke<\/strong><\/td>\n<td data-start=\"1698\" data-end=\"1735\" data-col-size=\"sm\">XQS<\/td>\n<\/tr>\n<tr data-start=\"1736\" data-end=\"1797\">\n<td data-start=\"1736\" data-end=\"1760\" data-col-size=\"sm\"><strong data-start=\"1738\" data-end=\"1752\">Produkttyp<\/strong><\/td>\n<td data-start=\"1760\" data-end=\"1797\" data-col-size=\"sm\">Vitt snus \/ All White Portion<\/td>\n<\/tr>\n<tr data-start=\"1798\" data-end=\"1859\">\n<td data-start=\"1798\" data-end=\"1822\" data-col-size=\"sm\"><strong data-start=\"1800\" data-end=\"1810\">Styrka<\/strong><\/td>\n<td data-start=\"1822\" data-end=\"1859\" data-col-size=\"sm\">Medium<\/td>\n<\/tr>\n<tr data-start=\"1860\" data-end=\"1921\">\n<td data-start=\"1860\" data-end=\"1884\" data-col-size=\"sm\"><strong data-start=\"1862\" data-end=\"1877\">Nikotinhalt<\/strong><\/td>\n<td data-start=\"1884\" data-end=\"1921\" data-col-size=\"sm\">12 mg\/g \u2013 6 mg\/portion<\/td>\n<\/tr>\n<tr data-start=\"1922\" data-end=\"1983\">\n<td data-start=\"1922\" data-end=\"1946\" data-col-size=\"sm\"><strong data-start=\"1924\" data-end=\"1934\">Format<\/strong><\/td>\n<td data-start=\"1946\" data-end=\"1983\" data-col-size=\"sm\">Slim<\/td>\n<\/tr>\n<tr data-start=\"1984\" data-end=\"2045\">\n<td data-start=\"1984\" data-end=\"2008\" data-col-size=\"sm\"><strong data-start=\"1986\" data-end=\"2000\">Smakprofil<\/strong><\/td>\n<td data-start=\"2008\" data-end=\"2045\" data-col-size=\"sm\">Bl\u00e5b\u00e4r, mint, frukt<\/td>\n<\/tr>\n<tr data-start=\"2046\" data-end=\"2107\">\n<td data-start=\"2046\" data-end=\"2070\" data-col-size=\"sm\"><strong data-start=\"2048\" data-end=\"2061\">Tobaksfri<\/strong><\/td>\n<td data-start=\"2070\" data-end=\"2107\" data-col-size=\"sm\">Ja<\/td>\n<\/tr>\n<tr data-start=\"2108\" data-end=\"2169\">\n<td data-start=\"2108\" data-end=\"2132\" data-col-size=\"sm\"><strong data-start=\"2110\" data-end=\"2129\">Antal portioner<\/strong><\/td>\n<td data-start=\"2132\" data-end=\"2169\" data-col-size=\"sm\">20 st per dosa<\/td>\n<\/tr>\n<tr data-start=\"2170\" data-end=\"2231\">\n<td data-start=\"2170\" data-end=\"2194\" data-col-size=\"sm\"><strong data-start=\"2172\" data-end=\"2185\">Nettovikt<\/strong><\/td>\n<td data-start=\"2194\" data-end=\"2231\" data-col-size=\"sm\">10 gram<\/td>\n<\/tr>\n<tr data-start=\"2232\" data-end=\"2293\">\n<td data-start=\"2232\" data-end=\"2256\" data-col-size=\"sm\"><strong data-start=\"2234\" data-end=\"2249\">Tillverkare<\/strong><\/td>\n<td data-start=\"2256\" data-end=\"2293\" data-col-size=\"sm\">Insurgent Ventures II \/ STG<\/td>\n<\/tr>\n<tr data-start=\"2294\" data-end=\"2355\">\n<td data-start=\"2294\" data-end=\"2318\" data-col-size=\"sm\"><strong data-start=\"2296\" data-end=\"2317\">Tillverkningsland<\/strong><\/td>\n<td data-start=\"2318\" data-end=\"2355\" data-col-size=\"sm\">Sverige<\/td>\n<\/tr>\n<\/tbody>\n<\/table>\n<div class=\"sticky end-(--thread-content-margin) h-0 self-end select-none\">\n<div class=\"absolute end-0 flex items-end\"><\/div>\n<\/div>\n<\/div>\n<\/div>\n<hr data-start=\"2357\" data-end=\"2360\" \/>\n<h2 data-start=\"2362\" data-end=\"2411\">\ud83d\udd04 Utforska fler smaker fr\u00e5n XQS hos Veloop.se<\/h2>\n<p data-start=\"2413\" data-end=\"2582\">XQS erbjuder ett brett utbud av nikotinp\u00e5sar i olika smaker och styrkor \u2013 fr\u00e5n syrliga och s\u00f6ta frukter till isande mint och mjuka dessertsmaker. H\u00e4r \u00e4r n\u00e5gra favoriter:<\/p>\n<ul data-start=\"2584\" data-end=\"3428\">\n<li data-start=\"2584\" data-end=\"2626\">\n<p data-start=\"2586\" data-end=\"2626\"><strong data-start=\"2586\" data-end=\"2624\">XQS Blueberry Mint Medium \/ Strong<\/strong><\/p>\n<\/li>\n<li data-start=\"2627\" data-end=\"2667\">\n<p data-start=\"2629\" data-end=\"2667\"><strong data-start=\"2629\" data-end=\"2665\">XQS Black Cherry Medium \/ Strong<\/strong><\/p>\n<\/li>\n<li data-start=\"2668\" data-end=\"2707\">\n<p data-start=\"2670\" data-end=\"2707\"><strong data-start=\"2670\" data-end=\"2705\">XQS Cactus Sour Medium \/ Strong<\/strong><\/p>\n<\/li>\n<li data-start=\"2708\" data-end=\"2749\">\n<p data-start=\"2710\" data-end=\"2749\"><strong data-start=\"2710\" data-end=\"2747\">XQS Cool Ice Mini Medium \/ Strong<\/strong><\/p>\n<\/li>\n<li data-start=\"2750\" data-end=\"2796\">\n<p data-start=\"2752\" data-end=\"2796\"><strong data-start=\"2752\" data-end=\"2794\">XQS Arctic Freeze X-tra \/ Ultra Strong<\/strong><\/p>\n<\/li>\n<li data-start=\"2797\" data-end=\"2832\">\n<p data-start=\"2799\" data-end=\"2832\"><strong data-start=\"2799\" data-end=\"2830\">XQS Fr\u00f6s Bit \/ Ultra Strong<\/strong><\/p>\n<\/li>\n<li data-start=\"2833\" data-end=\"2875\">\n<p data-start=\"2835\" data-end=\"2875\"><strong data-start=\"2835\" data-end=\"2873\">XQS Fr\u00f6s Double Mint \/ Crispy Mint<\/strong><\/p>\n<\/li>\n<li data-start=\"2876\" data-end=\"2912\">\n<p data-start=\"2878\" data-end=\"2912\"><strong data-start=\"2878\" data-end=\"2910\">XQS Tropical Medium \/ Strong<\/strong><\/p>\n<\/li>\n<li data-start=\"2913\" data-end=\"2955\">\n<p data-start=\"2915\" data-end=\"2955\"><strong data-start=\"2915\" data-end=\"2953\">XQS Citrus Cooling Medium \/ Strong<\/strong><\/p>\n<\/li>\n<li data-start=\"2956\" data-end=\"2986\">\n<p data-start=\"2958\" data-end=\"2986\"><strong data-start=\"2958\" data-end=\"2984\">XQS Soft Toffee Strong<\/strong><\/p>\n<\/li>\n<li data-start=\"2987\" data-end=\"3025\">\n<p data-start=\"2989\" data-end=\"3025\"><strong data-start=\"2989\" data-end=\"3023\">XQS Fizzy Cola Medium \/ Strong<\/strong><\/p>\n<\/li>\n<li data-start=\"3026\" data-end=\"3066\">\n<p data-start=\"3028\" data-end=\"3066\"><strong data-start=\"3028\" data-end=\"3064\">XQS Elder Flower Medium \/ Strong<\/strong><\/p>\n<\/li>\n<li data-start=\"3067\" data-end=\"3097\">\n<p data-start=\"3069\" data-end=\"3097\"><strong data-start=\"3069\" data-end=\"3095\">XQS Wintergreen Medium<\/strong><\/p>\n<\/li>\n<li data-start=\"3098\" data-end=\"3126\">\n<p data-start=\"3100\" data-end=\"3126\"><strong data-start=\"3100\" data-end=\"3124\">XQS Spearmint Strong<\/strong><\/p>\n<\/li>\n<li data-start=\"3127\" data-end=\"3157\">\n<p data-start=\"3129\" data-end=\"3157\"><strong data-start=\"3129\" data-end=\"3155\">XQS Chili Mango Strong<\/strong><\/p>\n<\/li>\n<li data-start=\"3158\" data-end=\"3198\">\n<p data-start=\"3160\" data-end=\"3198\"><strong data-start=\"3160\" data-end=\"3196\">XQS Orange Apple Medium \/ Strong<\/strong><\/p>\n<\/li>\n<li data-start=\"3199\" data-end=\"3233\">\n<p data-start=\"3201\" data-end=\"3233\"><strong data-start=\"3201\" data-end=\"3231\">XQS Strawberry Kiwi Strong<\/strong><\/p>\n<\/li>\n<li data-start=\"3234\" data-end=\"3268\">\n<p data-start=\"3236\" data-end=\"3268\"><strong data-start=\"3236\" data-end=\"3266\">XQS Berrynana Twist Strong<\/strong><\/p>\n<\/li>\n<li data-start=\"3269\" data-end=\"3299\">\n<p data-start=\"3271\" data-end=\"3299\"><strong data-start=\"3271\" data-end=\"3297\">XQS Hallon Soda Strong<\/strong><\/p>\n<\/li>\n<li data-start=\"3300\" data-end=\"3326\">\n<p data-start=\"3302\" data-end=\"3326\"><strong data-start=\"3302\" data-end=\"3324\">XQS Hallon Lakrits<\/strong><\/p>\n<\/li>\n<li data-start=\"3327\" data-end=\"3368\">\n<p data-start=\"3329\" data-end=\"3368\"><strong data-start=\"3329\" data-end=\"3366\">XQS Raspberry Blackcurrant Strong<\/strong><\/p>\n<\/li>\n<li data-start=\"3369\" data-end=\"3400\">\n<p data-start=\"3371\" data-end=\"3400\"><strong data-start=\"3371\" data-end=\"3398\">XQS Fruzzly Slim Strong<\/strong><\/p>\n<\/li>\n<li data-start=\"3401\" data-end=\"3428\">\n<p data-start=\"3403\" data-end=\"3428\"><strong data-start=\"3403\" data-end=\"3428\">XQS Twin Apple Strong<\/strong><\/p>\n<\/li>\n<\/ul>\n<p data-start=\"3430\" data-end=\"3499\">\ud83d\udc49 <a class=\"\" href=\"https:\/\/snus-malmo.se\/sv\/xqs\/\" target=\"_new\" rel=\"noopener\" data-start=\"3433\" data-end=\"3499\">Se hela XQS-utbudet p\u00e5 snus-malmo.se<\/a><\/p>\n<hr data-start=\"3501\" data-end=\"3504\" \/>\n<p data-start=\"3506\" data-end=\"3737\">\ud83d\uded2 <strong data-start=\"3509\" data-end=\"3561\">K\u00f6p XQS Blueberry Mint Slim Medium hos Veloop.se<\/strong> \u2013 ett tobaksfritt snus med en balanserad nikotinstyrka och fr\u00e4sch bl\u00e5b\u00e4rs-mintsmak. Perfekt f\u00f6r dagligt bruk. Snabb leverans, bra priser och ett brett utbud \u2013 bara hos Veloop!<\/p>\n<p data-start=\"3287\" data-end=\"3402\">","protected":false},"excerpt":{"rendered":"<h1>XQS Blueberry Mint Slim Medium<\/h1>\n<h2 data-start=\"197\" data-end=\"300\"><img decoding=\"async\" class=\"wp-image-62925 alignleft\" src=\"https:\/\/snus-malmo.se\/wp-content\/uploads\/2025\/05\/xqs-logo.png\" alt=\"\" width=\"109\" height=\"48\" srcset=\"https:\/\/snus-malmo.se\/wp-content\/uploads\/2025\/05\/xqs-logo.png 269w, https:\/\/snus-malmo.se\/wp-content\/uploads\/2025\/05\/xqs-logo-18x8.png 18w\" sizes=\"(max-width: 109px) 100vw, 109px\" \/><\/h2>\n<h2 data-start=\"378\" data-end=\"476\">XQS Blueberry Mint Slim Medium \u2013 Balanserad fr\u00e4sch smak i tobaksfritt snus | K\u00f6p hos Veloop.se<\/h2>\n<p data-start=\"3808\" data-end=\"4055\"><strong data-start=\"3808\" data-end=\"3842\">XQS Blueberry Mint Slim Medium<\/strong> \u00e4r ett tobaksfritt vitt snus i slim-format med smak av bl\u00e5b\u00e4r och mint. Med 12 mg\/g nikotin (6 mg per portion) och 20 prillor per dosa erbjuder den en medelstark och fr\u00e4sch nikotinupplevelse i ett smidigt format.<\/p>\n<p data-start=\"4057\" data-end=\"4130\">\ud83d\udd17 <a class=\"\" href=\"https:\/\/snus-malmo.se\/sv\/xqs\/\" target=\"_new\" rel=\"noopener\" data-start=\"4060\" data-end=\"4130\">Se hela XQS-sortimentet p\u00e5 snus-malmo.se<\/a><\/p>\n<p data-start=\"4018\" data-end=\"4091\">\n<p data-start=\"4662\" data-end=\"4735\">","protected":false},"featured_media":62970,"comment_status":"open","ping_status":"closed","template":"","meta":[],"product_brand":[],"product_cat":[136,389,137,127],"product_tag":[],"class_list":{"0":"post-62964","1":"product","2":"type-product","3":"status-publish","4":"has-post-thumbnail","6":"product_cat-all-whites","7":"product_cat-medium-normal","8":"product_cat-slim","9":"product_cat-xqs","11":"first","12":"instock","13":"taxable","14":"shipping-taxable","15":"purchasable","16":"product-type-variable"},"_links":{"self":[{"href":"https:\/\/snus-malmo.se\/sv\/wp-json\/wp\/v2\/product\/62964","targetHints":{"allow":["GET"]}}],"collection":[{"href":"https:\/\/snus-malmo.se\/sv\/wp-json\/wp\/v2\/product"}],"about":[{"href":"https:\/\/snus-malmo.se\/sv\/wp-json\/wp\/v2\/types\/product"}],"replies":[{"embeddable":true,"href":"https:\/\/snus-malmo.se\/sv\/wp-json\/wp\/v2\/comments?post=62964"}],"version-history":[{"count":0,"href":"https:\/\/snus-malmo.se\/sv\/wp-json\/wp\/v2\/product\/62964\/revisions"}],"wp:featuredmedia":[{"embeddable":true,"href":"https:\/\/snus-malmo.se\/sv\/wp-json\/wp\/v2\/media\/62970"}],"wp:attachment":[{"href":"https:\/\/snus-malmo.se\/sv\/wp-json\/wp\/v2\/media?parent=62964"}],"wp:term":[{"taxonomy":"product_brand","embeddable":true,"href":"https:\/\/snus-malmo.se\/sv\/wp-json\/wp\/v2\/product_brand?post=62964"},{"taxonomy":"product_cat","embeddable":true,"href":"https:\/\/snus-malmo.se\/sv\/wp-json\/wp\/v2\/product_cat?post=62964"},{"taxonomy":"product_tag","embeddable":true,"href":"https:\/\/snus-malmo.se\/sv\/wp-json\/wp\/v2\/product_tag?post=62964"}],"curies":[{"name":"wp","href":"https:\/\/api.w.org\/{rel}","templated":true}]}}