{"id":62973,"date":"2025-07-11T08:59:42","date_gmt":"2025-07-11T08:59:42","guid":{"rendered":"https:\/\/snus-malmo.se\/?post_type=product&#038;p=62973"},"modified":"2025-11-22T09:26:45","modified_gmt":"2025-11-22T09:26:45","slug":"xqs-elder-flower-slim-medium","status":"publish","type":"product","link":"https:\/\/snus-malmo.se\/sv\/produkt\/xqs-elder-flower-slim-medium\/","title":{"rendered":"XQS Elder Flower Slim Medium"},"content":{"rendered":"<h1>XQS Elder Flower Slim Medium<\/h1>\n<h2 data-start=\"375\" data-end=\"472\">XQS Elder Flower Slim Medium \u2013 Elegant fl\u00e4derblomssmak i tobaksfritt snus | K\u00f6p hos Veloop.se<\/h2>\n<p data-start=\"474\" data-end=\"761\">Uppt\u00e4ck n\u00e5got annorlunda \u2013 <strong data-start=\"501\" data-end=\"533\">XQS Elder Flower Slim Medium<\/strong> erbjuder en unik och blommig smakprofil i form av ett tobaksfritt snus med <strong data-start=\"609\" data-end=\"654\">mild s\u00f6tma och fr\u00e4sch\u00f6r fr\u00e5n fl\u00e4derblomma<\/strong>. Ett perfekt alternativ f\u00f6r dig som s\u00f6ker <strong data-start=\"697\" data-end=\"760\">en sofistikerad smakupplevelse med medelstark nikotineffekt<\/strong>.<\/p>\n<p data-start=\"763\" data-end=\"1088\">Denna produkt \u00e4r en del av <strong data-start=\"790\" data-end=\"814\">XQS Nicotine Pouches<\/strong>, ett svenskt varum\u00e4rke som tillverkas av <strong data-start=\"856\" data-end=\"881\">Insurgent Ventures II<\/strong> i samarbete med <strong data-start=\"898\" data-end=\"934\">Scandinavian Tobacco Group (STG)<\/strong>. Med en <strong data-start=\"943\" data-end=\"988\">nikotinhalt p\u00e5 12 mg\/g (6 mg per portion)<\/strong> klassas den som <strong data-start=\"1005\" data-end=\"1020\">mediumstark<\/strong>, vilket g\u00f6r den v\u00e4lbalanserad f\u00f6r b\u00e5de erfarna och nyare anv\u00e4ndare.<\/p>\n<p data-start=\"1090\" data-end=\"1433\"><strong data-start=\"1090\" data-end=\"1117\">XQS Elder Flower Medium<\/strong> levereras i <strong data-start=\"1130\" data-end=\"1145\">slim-format<\/strong> \u2013 smala och diskreta prillor som sitter bekv\u00e4mt under l\u00e4ppen. Varje dosa inneh\u00e5ller <strong data-start=\"1230\" data-end=\"1246\">20 portioner<\/strong>, helt tobaksfria och med en nettovikt p\u00e5 10 gram. Den florala smaken fr\u00e5n fl\u00e4derblom kompletteras av en l\u00e4tt fruktighet som g\u00f6r denna nikotinp\u00e5se <strong data-start=\"1393\" data-end=\"1432\">l\u00e4tt, fr\u00e4sch och njutbar hela dagen<\/strong>.<\/p>\n<p data-start=\"1435\" data-end=\"1602\">Eftersom produkten \u00e4r helt tobaksfri ger den dig en <strong data-start=\"1487\" data-end=\"1548\">ren och fr\u00e4sch upplevelse utan missf\u00e4rgningar p\u00e5 t\u00e4nderna<\/strong> \u2013 en perfekt balans mellan smak, nikotin och estetik.<\/p>\n<hr data-start=\"1604\" data-end=\"1607\" \/>\n<h3 data-start=\"1609\" data-end=\"1633\">\u2705 Produktinformation<\/h3>\n<div class=\"_tableContainer_80l1q_1\">\n<div class=\"_tableWrapper_80l1q_14 group flex w-fit flex-col-reverse\" tabindex=\"-1\">\n<table class=\"w-fit min-w-(--thread-content-width)\" data-start=\"1634\" data-end=\"2439\">\n<thead data-start=\"1634\" data-end=\"1695\">\n<tr data-start=\"1634\" data-end=\"1695\">\n<th data-start=\"1634\" data-end=\"1658\" data-col-size=\"sm\">Egenskap<\/th>\n<th data-start=\"1658\" data-end=\"1695\" data-col-size=\"sm\">Detalj<\/th>\n<\/tr>\n<\/thead>\n<tbody data-start=\"1758\" data-end=\"2439\">\n<tr data-start=\"1758\" data-end=\"1819\">\n<td data-start=\"1758\" data-end=\"1782\" data-col-size=\"sm\"><strong data-start=\"1760\" data-end=\"1773\">Varum\u00e4rke<\/strong><\/td>\n<td data-start=\"1782\" data-end=\"1819\" data-col-size=\"sm\">XQS<\/td>\n<\/tr>\n<tr data-start=\"1820\" data-end=\"1881\">\n<td data-start=\"1820\" data-end=\"1844\" data-col-size=\"sm\"><strong data-start=\"1822\" data-end=\"1836\">Produkttyp<\/strong><\/td>\n<td data-start=\"1844\" data-end=\"1881\" data-col-size=\"sm\">Vitt snus \/ All White Portion<\/td>\n<\/tr>\n<tr data-start=\"1882\" data-end=\"1943\">\n<td data-start=\"1882\" data-end=\"1906\" data-col-size=\"sm\"><strong data-start=\"1884\" data-end=\"1894\">Styrka<\/strong><\/td>\n<td data-start=\"1906\" data-end=\"1943\" data-col-size=\"sm\">Medium<\/td>\n<\/tr>\n<tr data-start=\"1944\" data-end=\"2005\">\n<td data-start=\"1944\" data-end=\"1968\" data-col-size=\"sm\"><strong data-start=\"1946\" data-end=\"1961\">Nikotinhalt<\/strong><\/td>\n<td data-start=\"1968\" data-end=\"2005\" data-col-size=\"sm\">12 mg\/g \u2013 6 mg\/portion<\/td>\n<\/tr>\n<tr data-start=\"2006\" data-end=\"2067\">\n<td data-start=\"2006\" data-end=\"2030\" data-col-size=\"sm\"><strong data-start=\"2008\" data-end=\"2018\">Format<\/strong><\/td>\n<td data-start=\"2030\" data-end=\"2067\" data-col-size=\"sm\">Slim<\/td>\n<\/tr>\n<tr data-start=\"2068\" data-end=\"2129\">\n<td data-start=\"2068\" data-end=\"2092\" data-col-size=\"sm\"><strong data-start=\"2070\" data-end=\"2084\">Smakprofil<\/strong><\/td>\n<td data-start=\"2092\" data-end=\"2129\" data-col-size=\"sm\">Fl\u00e4derblomma, blommig, fruktig<\/td>\n<\/tr>\n<tr data-start=\"2130\" data-end=\"2191\">\n<td data-start=\"2130\" data-end=\"2154\" data-col-size=\"sm\"><strong data-start=\"2132\" data-end=\"2145\">Tobaksfri<\/strong><\/td>\n<td data-start=\"2154\" data-end=\"2191\" data-col-size=\"sm\">Ja<\/td>\n<\/tr>\n<tr data-start=\"2192\" data-end=\"2253\">\n<td data-start=\"2192\" data-end=\"2216\" data-col-size=\"sm\"><strong data-start=\"2194\" data-end=\"2213\">Antal portioner<\/strong><\/td>\n<td data-start=\"2216\" data-end=\"2253\" data-col-size=\"sm\">20 st per dosa<\/td>\n<\/tr>\n<tr data-start=\"2254\" data-end=\"2315\">\n<td data-start=\"2254\" data-end=\"2278\" data-col-size=\"sm\"><strong data-start=\"2256\" data-end=\"2269\">Nettovikt<\/strong><\/td>\n<td data-start=\"2278\" data-end=\"2315\" data-col-size=\"sm\">10 gram<\/td>\n<\/tr>\n<tr data-start=\"2316\" data-end=\"2377\">\n<td data-start=\"2316\" data-end=\"2340\" data-col-size=\"sm\"><strong data-start=\"2318\" data-end=\"2333\">Tillverkare<\/strong><\/td>\n<td data-start=\"2340\" data-end=\"2377\" data-col-size=\"sm\">Insurgent Ventures II \/ STG<\/td>\n<\/tr>\n<tr data-start=\"2378\" data-end=\"2439\">\n<td data-start=\"2378\" data-end=\"2402\" data-col-size=\"sm\"><strong data-start=\"2380\" data-end=\"2401\">Tillverkningsland<\/strong><\/td>\n<td data-start=\"2402\" data-end=\"2439\" data-col-size=\"sm\">Sverige<\/td>\n<\/tr>\n<\/tbody>\n<\/table>\n<div class=\"sticky end-(--thread-content-margin) h-0 self-end select-none\">\n<div class=\"absolute end-0 flex items-end\"><\/div>\n<\/div>\n<\/div>\n<\/div>\n<hr data-start=\"2441\" data-end=\"2444\" \/>\n<h2 data-start=\"2446\" data-end=\"2495\">\ud83d\udd04 Utforska fler smaker fr\u00e5n XQS hos Veloop.se<\/h2>\n<p data-start=\"2497\" data-end=\"2652\">Hos <strong data-start=\"2501\" data-end=\"2514\">Veloop.se<\/strong> hittar du hela det smakrika utbudet fr\u00e5n XQS \u2013 med allt fr\u00e5n syrligt och fruktigt till mintigt och dessertlikt. N\u00e5gra popul\u00e4ra varianter:<\/p>\n<ul data-start=\"2654\" data-end=\"3498\">\n<li data-start=\"2654\" data-end=\"2696\">\n<p data-start=\"2656\" data-end=\"2696\"><strong data-start=\"2656\" data-end=\"2694\">XQS Blueberry Mint Medium \/ Strong<\/strong><\/p>\n<\/li>\n<li data-start=\"2697\" data-end=\"2737\">\n<p data-start=\"2699\" data-end=\"2737\"><strong data-start=\"2699\" data-end=\"2735\">XQS Black Cherry Medium \/ Strong<\/strong><\/p>\n<\/li>\n<li data-start=\"2738\" data-end=\"2777\">\n<p data-start=\"2740\" data-end=\"2777\"><strong data-start=\"2740\" data-end=\"2775\">XQS Cactus Sour Medium \/ Strong<\/strong><\/p>\n<\/li>\n<li data-start=\"2778\" data-end=\"2819\">\n<p data-start=\"2780\" data-end=\"2819\"><strong data-start=\"2780\" data-end=\"2817\">XQS Cool Ice Mini Medium \/ Strong<\/strong><\/p>\n<\/li>\n<li data-start=\"2820\" data-end=\"2866\">\n<p data-start=\"2822\" data-end=\"2866\"><strong data-start=\"2822\" data-end=\"2864\">XQS Arctic Freeze X-tra \/ Ultra Strong<\/strong><\/p>\n<\/li>\n<li data-start=\"2867\" data-end=\"2902\">\n<p data-start=\"2869\" data-end=\"2902\"><strong data-start=\"2869\" data-end=\"2900\">XQS Fr\u00f6s Bit \/ Ultra Strong<\/strong><\/p>\n<\/li>\n<li data-start=\"2903\" data-end=\"2945\">\n<p data-start=\"2905\" data-end=\"2945\"><strong data-start=\"2905\" data-end=\"2943\">XQS Fr\u00f6s Double Mint \/ Crispy Mint<\/strong><\/p>\n<\/li>\n<li data-start=\"2946\" data-end=\"2982\">\n<p data-start=\"2948\" data-end=\"2982\"><strong data-start=\"2948\" data-end=\"2980\">XQS Tropical Medium \/ Strong<\/strong><\/p>\n<\/li>\n<li data-start=\"2983\" data-end=\"3025\">\n<p data-start=\"2985\" data-end=\"3025\"><strong data-start=\"2985\" data-end=\"3023\">XQS Citrus Cooling Medium \/ Strong<\/strong><\/p>\n<\/li>\n<li data-start=\"3026\" data-end=\"3056\">\n<p data-start=\"3028\" data-end=\"3056\"><strong data-start=\"3028\" data-end=\"3054\">XQS Soft Toffee Strong<\/strong><\/p>\n<\/li>\n<li data-start=\"3057\" data-end=\"3095\">\n<p data-start=\"3059\" data-end=\"3095\"><strong data-start=\"3059\" data-end=\"3093\">XQS Fizzy Cola Medium \/ Strong<\/strong><\/p>\n<\/li>\n<li data-start=\"3096\" data-end=\"3136\">\n<p data-start=\"3098\" data-end=\"3136\"><strong data-start=\"3098\" data-end=\"3134\">XQS Elder Flower Medium \/ Strong<\/strong><\/p>\n<\/li>\n<li data-start=\"3137\" data-end=\"3167\">\n<p data-start=\"3139\" data-end=\"3167\"><strong data-start=\"3139\" data-end=\"3165\">XQS Wintergreen Medium<\/strong><\/p>\n<\/li>\n<li data-start=\"3168\" data-end=\"3196\">\n<p data-start=\"3170\" data-end=\"3196\"><strong data-start=\"3170\" data-end=\"3194\">XQS Spearmint Strong<\/strong><\/p>\n<\/li>\n<li data-start=\"3197\" data-end=\"3227\">\n<p data-start=\"3199\" data-end=\"3227\"><strong data-start=\"3199\" data-end=\"3225\">XQS Chili Mango Strong<\/strong><\/p>\n<\/li>\n<li data-start=\"3228\" data-end=\"3268\">\n<p data-start=\"3230\" data-end=\"3268\"><strong data-start=\"3230\" data-end=\"3266\">XQS Orange Apple Medium \/ Strong<\/strong><\/p>\n<\/li>\n<li data-start=\"3269\" data-end=\"3303\">\n<p data-start=\"3271\" data-end=\"3303\"><strong data-start=\"3271\" data-end=\"3301\">XQS Strawberry Kiwi Strong<\/strong><\/p>\n<\/li>\n<li data-start=\"3304\" data-end=\"3338\">\n<p data-start=\"3306\" data-end=\"3338\"><strong data-start=\"3306\" data-end=\"3336\">XQS Berrynana Twist Strong<\/strong><\/p>\n<\/li>\n<li data-start=\"3339\" data-end=\"3369\">\n<p data-start=\"3341\" data-end=\"3369\"><strong data-start=\"3341\" data-end=\"3367\">XQS Hallon Soda Strong<\/strong><\/p>\n<\/li>\n<li data-start=\"3370\" data-end=\"3396\">\n<p data-start=\"3372\" data-end=\"3396\"><strong data-start=\"3372\" data-end=\"3394\">XQS Hallon Lakrits<\/strong><\/p>\n<\/li>\n<li data-start=\"3397\" data-end=\"3438\">\n<p data-start=\"3399\" data-end=\"3438\"><strong data-start=\"3399\" data-end=\"3436\">XQS Raspberry Blackcurrant Strong<\/strong><\/p>\n<\/li>\n<li data-start=\"3439\" data-end=\"3470\">\n<p data-start=\"3441\" data-end=\"3470\"><strong data-start=\"3441\" data-end=\"3468\">XQS Fruzzly Slim Strong<\/strong><\/p>\n<\/li>\n<li data-start=\"3471\" data-end=\"3498\">\n<p data-start=\"3473\" data-end=\"3498\"><strong data-start=\"3473\" data-end=\"3498\">XQS Twin Apple Strong<\/strong><\/p>\n<\/li>\n<\/ul>\n<p data-start=\"3500\" data-end=\"3569\">\ud83d\udc49 <a class=\"\" href=\"https:\/\/snus-malmo.se\/sv\/xqs\/\" target=\"_new\" rel=\"noopener\" data-start=\"3503\" data-end=\"3569\">Se hela XQS-utbudet p\u00e5 snus-malmo.se<\/a><\/p>\n<hr data-start=\"3571\" data-end=\"3574\" \/>\n<p data-start=\"3576\" data-end=\"3780\">\ud83d\uded2 <strong data-start=\"3579\" data-end=\"3629\">K\u00f6p XQS Elder Flower Slim Medium hos Veloop.se<\/strong> \u2013 en tobaksfri nikotinp\u00e5se med unik fl\u00e4derblomssmak, i ett diskret format och med lagom styrka. Snabba leveranser och brett utbud \u2013 alltid hos Veloop!<\/p>","protected":false},"excerpt":{"rendered":"<h1>XQS Elder Flower Slim Medium<\/h1>\n<h2 data-start=\"197\" data-end=\"300\"><img decoding=\"async\" class=\"wp-image-62925 alignleft\" src=\"https:\/\/snus-malmo.se\/wp-content\/uploads\/2025\/05\/xqs-logo.png\" alt=\"\" width=\"109\" height=\"48\" srcset=\"https:\/\/snus-malmo.se\/wp-content\/uploads\/2025\/05\/xqs-logo.png 269w, https:\/\/snus-malmo.se\/wp-content\/uploads\/2025\/05\/xqs-logo-18x8.png 18w\" sizes=\"(max-width: 109px) 100vw, 109px\" \/><\/h2>\n<h2 data-start=\"375\" data-end=\"472\">XQS Elder Flower Slim Medium \u2013 Elegant fl\u00e4derblomssmak i tobaksfritt snus | K\u00f6p hos Veloop.se<\/h2>\n<p data-start=\"3851\" data-end=\"4077\"><strong data-start=\"3851\" data-end=\"3883\">XQS Elder Flower Slim Medium<\/strong> \u00e4r ett tobaksfritt vitt snus med smak av fl\u00e4derblomma. Kommer i slim-format med 12 mg\/g nikotin (6 mg per portion) och 20 portioner per dosa. En blommig, frisk och medelstark nikotinupplevelse.<\/p>\n<p data-start=\"4079\" data-end=\"4152\">\ud83d\udd17 <a class=\"\" href=\"https:\/\/snus-malmo.se\/sv\/xqs\/\" target=\"_new\" rel=\"noopener\" data-start=\"4082\" data-end=\"4152\">Se hela XQS-sortimentet p\u00e5 snus-malmo.se<\/a><\/p>\n<p data-start=\"4662\" data-end=\"4735\">","protected":false},"featured_media":21959,"comment_status":"open","ping_status":"closed","template":"","meta":[],"product_brand":[],"product_cat":[136,389,137,127],"product_tag":[],"class_list":{"0":"post-62973","1":"product","2":"type-product","3":"status-publish","4":"has-post-thumbnail","6":"product_cat-all-whites","7":"product_cat-medium-normal","8":"product_cat-slim","9":"product_cat-xqs","11":"first","12":"instock","13":"taxable","14":"shipping-taxable","15":"purchasable","16":"product-type-variable"},"_links":{"self":[{"href":"https:\/\/snus-malmo.se\/sv\/wp-json\/wp\/v2\/product\/62973","targetHints":{"allow":["GET"]}}],"collection":[{"href":"https:\/\/snus-malmo.se\/sv\/wp-json\/wp\/v2\/product"}],"about":[{"href":"https:\/\/snus-malmo.se\/sv\/wp-json\/wp\/v2\/types\/product"}],"replies":[{"embeddable":true,"href":"https:\/\/snus-malmo.se\/sv\/wp-json\/wp\/v2\/comments?post=62973"}],"version-history":[{"count":0,"href":"https:\/\/snus-malmo.se\/sv\/wp-json\/wp\/v2\/product\/62973\/revisions"}],"wp:featuredmedia":[{"embeddable":true,"href":"https:\/\/snus-malmo.se\/sv\/wp-json\/wp\/v2\/media\/21959"}],"wp:attachment":[{"href":"https:\/\/snus-malmo.se\/sv\/wp-json\/wp\/v2\/media?parent=62973"}],"wp:term":[{"taxonomy":"product_brand","embeddable":true,"href":"https:\/\/snus-malmo.se\/sv\/wp-json\/wp\/v2\/product_brand?post=62973"},{"taxonomy":"product_cat","embeddable":true,"href":"https:\/\/snus-malmo.se\/sv\/wp-json\/wp\/v2\/product_cat?post=62973"},{"taxonomy":"product_tag","embeddable":true,"href":"https:\/\/snus-malmo.se\/sv\/wp-json\/wp\/v2\/product_tag?post=62973"}],"curies":[{"name":"wp","href":"https:\/\/api.w.org\/{rel}","templated":true}]}}