{"id":62986,"date":"2025-07-11T09:49:05","date_gmt":"2025-07-11T09:49:05","guid":{"rendered":"https:\/\/snus-malmo.se\/?post_type=product&#038;p=62986"},"modified":"2025-11-22T09:26:41","modified_gmt":"2025-11-22T09:26:41","slug":"xqs-elder-flower-slim-strong","status":"publish","type":"product","link":"https:\/\/snus-malmo.se\/sv\/produkt\/xqs-elder-flower-slim-strong\/","title":{"rendered":"XQS Elder Flower Slim Strong"},"content":{"rendered":"<h1>XQS Elder Flower Slim Strong<\/h1>\n<h2 data-start=\"366\" data-end=\"462\">XQS Elder Flower Slim Strong \u2013 Kraftfull fl\u00e4derblomma i tobaksfritt snus | K\u00f6p hos Veloop.se<\/h2>\n<p data-start=\"464\" data-end=\"795\">Vill du uppleva en unik smak av fl\u00e4derblomma i kombination med en <strong data-start=\"530\" data-end=\"551\">stark nikotinkick<\/strong> \u2013 helt utan tobak? D\u00e5 \u00e4r <strong data-start=\"577\" data-end=\"609\">XQS Elder Flower Slim Strong<\/strong> ett utm\u00e4rkt val. Denna nikotinp\u00e5se erbjuder en <strong data-start=\"657\" data-end=\"709\">fr\u00e4sch och blommig smakprofil med florala inslag<\/strong>, perfekt balanserad med en <strong data-start=\"737\" data-end=\"758\">h\u00f6g nikotinstyrka<\/strong> som tillfredsst\u00e4ller vana anv\u00e4ndare.<\/p>\n<p data-start=\"797\" data-end=\"1076\">XQS Elder Flower Strong tillh\u00f6r den omtyckta serien <strong data-start=\"849\" data-end=\"873\">XQS Nicotine Pouches<\/strong>, framtagen i Sverige av <strong data-start=\"898\" data-end=\"923\">Insurgent Ventures II<\/strong> i samarbete med <strong data-start=\"940\" data-end=\"976\">Scandinavian Tobacco Group (STG)<\/strong>. Produkten \u00e4r <strong data-start=\"991\" data-end=\"1004\">tobaksfri<\/strong>, men inneh\u00e5ller <strong data-start=\"1021\" data-end=\"1075\">nikotin i stark styrka: 16 mg\/g (8 mg per portion)<\/strong>.<\/p>\n<p data-start=\"1078\" data-end=\"1285\">Slim-formatet ger dig en <strong data-start=\"1103\" data-end=\"1134\">smidig och diskret passform<\/strong>, vilket g\u00f6r att du kan njuta av nikotinet var du \u00e4n befinner dig \u2013 utan att det syns. Varje dosa inneh\u00e5ller <strong data-start=\"1243\" data-end=\"1259\">20 portioner<\/strong> och v\u00e4ger totalt 10 gram.<\/p>\n<p data-start=\"1287\" data-end=\"1489\">Smaken av fl\u00e4der \u00e4r <strong data-start=\"1307\" data-end=\"1341\">mildt s\u00f6t, blommig och elegant<\/strong>, och g\u00f6r denna produkt unik j\u00e4mf\u00f6rt med mer traditionella snussmaker. En sofistikerad nikotinupplevelse f\u00f6r dig som vill kombinera styrka med stil.<\/p>\n<hr data-start=\"1491\" data-end=\"1494\" \/>\n<h3 data-start=\"1496\" data-end=\"1520\">\u2705 Produktinformation<\/h3>\n<div class=\"_tableContainer_80l1q_1\">\n<div class=\"_tableWrapper_80l1q_14 group flex w-fit flex-col-reverse\" tabindex=\"-1\">\n<table class=\"w-fit min-w-(--thread-content-width)\" data-start=\"1521\" data-end=\"2352\">\n<thead data-start=\"1521\" data-end=\"1584\">\n<tr data-start=\"1521\" data-end=\"1584\">\n<th data-start=\"1521\" data-end=\"1545\" data-col-size=\"sm\">Egenskap<\/th>\n<th data-start=\"1545\" data-end=\"1584\" data-col-size=\"sm\">Detalj<\/th>\n<\/tr>\n<\/thead>\n<tbody data-start=\"1649\" data-end=\"2352\">\n<tr data-start=\"1649\" data-end=\"1712\">\n<td data-start=\"1649\" data-end=\"1673\" data-col-size=\"sm\"><strong data-start=\"1651\" data-end=\"1664\">Varum\u00e4rke<\/strong><\/td>\n<td data-col-size=\"sm\" data-start=\"1673\" data-end=\"1712\">XQS<\/td>\n<\/tr>\n<tr data-start=\"1713\" data-end=\"1776\">\n<td data-start=\"1713\" data-end=\"1737\" data-col-size=\"sm\"><strong data-start=\"1715\" data-end=\"1729\">Produkttyp<\/strong><\/td>\n<td data-col-size=\"sm\" data-start=\"1737\" data-end=\"1776\">Vitt snus \/ All White Portion<\/td>\n<\/tr>\n<tr data-start=\"1777\" data-end=\"1840\">\n<td data-start=\"1777\" data-end=\"1801\" data-col-size=\"sm\"><strong data-start=\"1779\" data-end=\"1789\">Styrka<\/strong><\/td>\n<td data-col-size=\"sm\" data-start=\"1801\" data-end=\"1840\">Stark<\/td>\n<\/tr>\n<tr data-start=\"1841\" data-end=\"1904\">\n<td data-start=\"1841\" data-end=\"1865\" data-col-size=\"sm\"><strong data-start=\"1843\" data-end=\"1858\">Nikotinhalt<\/strong><\/td>\n<td data-col-size=\"sm\" data-start=\"1865\" data-end=\"1904\">16 mg\/g \u2013 8 mg\/portion<\/td>\n<\/tr>\n<tr data-start=\"1905\" data-end=\"1968\">\n<td data-start=\"1905\" data-end=\"1929\" data-col-size=\"sm\"><strong data-start=\"1907\" data-end=\"1917\">Format<\/strong><\/td>\n<td data-col-size=\"sm\" data-start=\"1929\" data-end=\"1968\">Slim<\/td>\n<\/tr>\n<tr data-start=\"1969\" data-end=\"2032\">\n<td data-start=\"1969\" data-end=\"1993\" data-col-size=\"sm\"><strong data-start=\"1971\" data-end=\"1985\">Smakprofil<\/strong><\/td>\n<td data-col-size=\"sm\" data-start=\"1993\" data-end=\"2032\">Fl\u00e4derblomma, blommig, frisk<\/td>\n<\/tr>\n<tr data-start=\"2033\" data-end=\"2096\">\n<td data-start=\"2033\" data-end=\"2057\" data-col-size=\"sm\"><strong data-start=\"2035\" data-end=\"2048\">Tobaksfri<\/strong><\/td>\n<td data-col-size=\"sm\" data-start=\"2057\" data-end=\"2096\">Ja<\/td>\n<\/tr>\n<tr data-start=\"2097\" data-end=\"2160\">\n<td data-start=\"2097\" data-end=\"2121\" data-col-size=\"sm\"><strong data-start=\"2099\" data-end=\"2118\">Antal portioner<\/strong><\/td>\n<td data-col-size=\"sm\" data-start=\"2121\" data-end=\"2160\">20 st per dosa<\/td>\n<\/tr>\n<tr data-start=\"2161\" data-end=\"2224\">\n<td data-start=\"2161\" data-end=\"2185\" data-col-size=\"sm\"><strong data-start=\"2163\" data-end=\"2176\">Nettovikt<\/strong><\/td>\n<td data-col-size=\"sm\" data-start=\"2185\" data-end=\"2224\">10 gram<\/td>\n<\/tr>\n<tr data-start=\"2225\" data-end=\"2288\">\n<td data-start=\"2225\" data-end=\"2249\" data-col-size=\"sm\"><strong data-start=\"2227\" data-end=\"2242\">Tillverkare<\/strong><\/td>\n<td data-col-size=\"sm\" data-start=\"2249\" data-end=\"2288\">Insurgent Ventures II \/ STG<\/td>\n<\/tr>\n<tr data-start=\"2289\" data-end=\"2352\">\n<td data-start=\"2289\" data-end=\"2313\" data-col-size=\"sm\"><strong data-start=\"2291\" data-end=\"2312\">Tillverkningsland<\/strong><\/td>\n<td data-col-size=\"sm\" data-start=\"2313\" data-end=\"2352\">Sverige<\/td>\n<\/tr>\n<\/tbody>\n<\/table>\n<div class=\"sticky end-(--thread-content-margin) h-0 self-end select-none\">\n<div class=\"absolute end-0 flex items-end\"><\/div>\n<\/div>\n<\/div>\n<\/div>\n<hr data-start=\"2354\" data-end=\"2357\" \/>\n<h2 data-start=\"2359\" data-end=\"2408\">\ud83d\udd04 Utforska hela XQS-sortimentet hos Veloop.se<\/h2>\n<p data-start=\"2410\" data-end=\"2593\">Hos <strong data-start=\"2414\" data-end=\"2427\">Veloop.se<\/strong> hittar du hela det smakrika sortimentet fr\u00e5n XQS \u2013 oavsett om du f\u00f6redrar frukt, mint eller n\u00e5got ovanligt som fl\u00e4derblom. H\u00e4r \u00e4r n\u00e5gra av de mest popul\u00e4ra smakerna:<\/p>\n<ul data-start=\"2595\" data-end=\"3439\">\n<li data-start=\"2595\" data-end=\"2637\">\n<p data-start=\"2597\" data-end=\"2637\"><strong data-start=\"2597\" data-end=\"2635\">XQS Blueberry Mint Medium \/ Strong<\/strong><\/p>\n<\/li>\n<li data-start=\"2638\" data-end=\"2678\">\n<p data-start=\"2640\" data-end=\"2678\"><strong data-start=\"2640\" data-end=\"2676\">XQS Black Cherry Medium \/ Strong<\/strong><\/p>\n<\/li>\n<li data-start=\"2679\" data-end=\"2718\">\n<p data-start=\"2681\" data-end=\"2718\"><strong data-start=\"2681\" data-end=\"2716\">XQS Cactus Sour Medium \/ Strong<\/strong><\/p>\n<\/li>\n<li data-start=\"2719\" data-end=\"2760\">\n<p data-start=\"2721\" data-end=\"2760\"><strong data-start=\"2721\" data-end=\"2758\">XQS Cool Ice Mini Medium \/ Strong<\/strong><\/p>\n<\/li>\n<li data-start=\"2761\" data-end=\"2807\">\n<p data-start=\"2763\" data-end=\"2807\"><strong data-start=\"2763\" data-end=\"2805\">XQS Arctic Freeze X-tra \/ Ultra Strong<\/strong><\/p>\n<\/li>\n<li data-start=\"2808\" data-end=\"2843\">\n<p data-start=\"2810\" data-end=\"2843\"><strong data-start=\"2810\" data-end=\"2841\">XQS Fr\u00f6s Bit \/ Ultra Strong<\/strong><\/p>\n<\/li>\n<li data-start=\"2844\" data-end=\"2886\">\n<p data-start=\"2846\" data-end=\"2886\"><strong data-start=\"2846\" data-end=\"2884\">XQS Fr\u00f6s Double Mint \/ Crispy Mint<\/strong><\/p>\n<\/li>\n<li data-start=\"2887\" data-end=\"2923\">\n<p data-start=\"2889\" data-end=\"2923\"><strong data-start=\"2889\" data-end=\"2921\">XQS Tropical Medium \/ Strong<\/strong><\/p>\n<\/li>\n<li data-start=\"2924\" data-end=\"2966\">\n<p data-start=\"2926\" data-end=\"2966\"><strong data-start=\"2926\" data-end=\"2964\">XQS Citrus Cooling Medium \/ Strong<\/strong><\/p>\n<\/li>\n<li data-start=\"2967\" data-end=\"2997\">\n<p data-start=\"2969\" data-end=\"2997\"><strong data-start=\"2969\" data-end=\"2995\">XQS Soft Toffee Strong<\/strong><\/p>\n<\/li>\n<li data-start=\"2998\" data-end=\"3036\">\n<p data-start=\"3000\" data-end=\"3036\"><strong data-start=\"3000\" data-end=\"3034\">XQS Fizzy Cola Medium \/ Strong<\/strong><\/p>\n<\/li>\n<li data-start=\"3037\" data-end=\"3077\">\n<p data-start=\"3039\" data-end=\"3077\"><strong data-start=\"3039\" data-end=\"3075\">XQS Elder Flower Medium \/ Strong<\/strong><\/p>\n<\/li>\n<li data-start=\"3078\" data-end=\"3108\">\n<p data-start=\"3080\" data-end=\"3108\"><strong data-start=\"3080\" data-end=\"3106\">XQS Wintergreen Medium<\/strong><\/p>\n<\/li>\n<li data-start=\"3109\" data-end=\"3137\">\n<p data-start=\"3111\" data-end=\"3137\"><strong data-start=\"3111\" data-end=\"3135\">XQS Spearmint Strong<\/strong><\/p>\n<\/li>\n<li data-start=\"3138\" data-end=\"3168\">\n<p data-start=\"3140\" data-end=\"3168\"><strong data-start=\"3140\" data-end=\"3166\">XQS Chili Mango Strong<\/strong><\/p>\n<\/li>\n<li data-start=\"3169\" data-end=\"3209\">\n<p data-start=\"3171\" data-end=\"3209\"><strong data-start=\"3171\" data-end=\"3207\">XQS Orange Apple Medium \/ Strong<\/strong><\/p>\n<\/li>\n<li data-start=\"3210\" data-end=\"3244\">\n<p data-start=\"3212\" data-end=\"3244\"><strong data-start=\"3212\" data-end=\"3242\">XQS Strawberry Kiwi Strong<\/strong><\/p>\n<\/li>\n<li data-start=\"3245\" data-end=\"3279\">\n<p data-start=\"3247\" data-end=\"3279\"><strong data-start=\"3247\" data-end=\"3277\">XQS Berrynana Twist Strong<\/strong><\/p>\n<\/li>\n<li data-start=\"3280\" data-end=\"3310\">\n<p data-start=\"3282\" data-end=\"3310\"><strong data-start=\"3282\" data-end=\"3308\">XQS Hallon Soda Strong<\/strong><\/p>\n<\/li>\n<li data-start=\"3311\" data-end=\"3337\">\n<p data-start=\"3313\" data-end=\"3337\"><strong data-start=\"3313\" data-end=\"3335\">XQS Hallon Lakrits<\/strong><\/p>\n<\/li>\n<li data-start=\"3338\" data-end=\"3379\">\n<p data-start=\"3340\" data-end=\"3379\"><strong data-start=\"3340\" data-end=\"3377\">XQS Raspberry Blackcurrant Strong<\/strong><\/p>\n<\/li>\n<li data-start=\"3380\" data-end=\"3411\">\n<p data-start=\"3382\" data-end=\"3411\"><strong data-start=\"3382\" data-end=\"3409\">XQS Fruzzly Slim Strong<\/strong><\/p>\n<\/li>\n<li data-start=\"3412\" data-end=\"3439\">\n<p data-start=\"3414\" data-end=\"3439\"><strong data-start=\"3414\" data-end=\"3439\">XQS Twin Apple Strong<\/strong><\/p>\n<\/li>\n<\/ul>\n<p data-start=\"3441\" data-end=\"3510\">\ud83d\udc49 <a class=\"\" href=\"https:\/\/snus-malmo.se\/sv\/xqs\/\" target=\"_new\" rel=\"noopener\" data-start=\"3444\" data-end=\"3510\">Se hela XQS-utbudet p\u00e5 snus-malmo.se<\/a><\/p>\n<hr data-start=\"3512\" data-end=\"3515\" \/>\n<p data-start=\"3517\" data-end=\"3774\">\ud83d\uded2 <strong data-start=\"3520\" data-end=\"3570\">K\u00f6p XQS Elder Flower Slim Strong hos Veloop.se<\/strong> \u2013 en unik och stark nikotinp\u00e5se med smak av fl\u00e4derblomma. Perfekt f\u00f6r dig som s\u00f6ker elegans, kraft och diskretion i ett tobaksfritt format. Snabb leverans och konkurrenskraftiga priser \u2013 bara hos Veloop!<\/p>","protected":false},"excerpt":{"rendered":"<h1>XQS Elder Flower Slim Strong<\/h1>\n<h2 data-start=\"197\" data-end=\"300\"><img decoding=\"async\" class=\"wp-image-62925 alignleft\" src=\"https:\/\/snus-malmo.se\/wp-content\/uploads\/2025\/05\/xqs-logo.png\" alt=\"\" width=\"109\" height=\"48\" srcset=\"https:\/\/snus-malmo.se\/wp-content\/uploads\/2025\/05\/xqs-logo.png 269w, https:\/\/snus-malmo.se\/wp-content\/uploads\/2025\/05\/xqs-logo-18x8.png 18w\" sizes=\"(max-width: 109px) 100vw, 109px\" \/><\/h2>\n<h2 data-start=\"366\" data-end=\"462\">XQS Elder Flower Slim Strong \u2013 Kraftfull fl\u00e4derblomma i tobaksfritt snus | K\u00f6p hos Veloop.se<\/h2>\n<p data-start=\"3845\" data-end=\"4051\"><strong data-start=\"3845\" data-end=\"3877\">XQS Elder Flower Slim Strong<\/strong> \u00e4r ett tobaksfritt vitt snus i slim-format med smak av fl\u00e4derblomma. Nikotinhalt: 16 mg\/g (8 mg per portion). En stark, floral och fr\u00e4sch upplevelse i 20 diskreta portioner.<\/p>\n<p data-start=\"4053\" data-end=\"4126\">\ud83d\udd17 <a class=\"\" href=\"https:\/\/snus-malmo.se\/sv\/xqs\/\" target=\"_new\" rel=\"noopener\" data-start=\"4056\" data-end=\"4126\">Se hela XQS-sortimentet p\u00e5 snus-malmo.se<\/a><\/p>\n<p data-start=\"4079\" data-end=\"4152\">\n<p data-start=\"4662\" data-end=\"4735\">","protected":false},"featured_media":62982,"comment_status":"open","ping_status":"closed","template":"","meta":[],"product_brand":[],"product_cat":[136,137,354,127],"product_tag":[],"class_list":{"0":"post-62986","1":"product","2":"type-product","3":"status-publish","4":"has-post-thumbnail","6":"product_cat-all-whites","7":"product_cat-slim","8":"product_cat-strongstark","9":"product_cat-xqs","11":"first","12":"instock","13":"taxable","14":"shipping-taxable","15":"purchasable","16":"product-type-variable"},"_links":{"self":[{"href":"https:\/\/snus-malmo.se\/sv\/wp-json\/wp\/v2\/product\/62986","targetHints":{"allow":["GET"]}}],"collection":[{"href":"https:\/\/snus-malmo.se\/sv\/wp-json\/wp\/v2\/product"}],"about":[{"href":"https:\/\/snus-malmo.se\/sv\/wp-json\/wp\/v2\/types\/product"}],"replies":[{"embeddable":true,"href":"https:\/\/snus-malmo.se\/sv\/wp-json\/wp\/v2\/comments?post=62986"}],"version-history":[{"count":0,"href":"https:\/\/snus-malmo.se\/sv\/wp-json\/wp\/v2\/product\/62986\/revisions"}],"wp:featuredmedia":[{"embeddable":true,"href":"https:\/\/snus-malmo.se\/sv\/wp-json\/wp\/v2\/media\/62982"}],"wp:attachment":[{"href":"https:\/\/snus-malmo.se\/sv\/wp-json\/wp\/v2\/media?parent=62986"}],"wp:term":[{"taxonomy":"product_brand","embeddable":true,"href":"https:\/\/snus-malmo.se\/sv\/wp-json\/wp\/v2\/product_brand?post=62986"},{"taxonomy":"product_cat","embeddable":true,"href":"https:\/\/snus-malmo.se\/sv\/wp-json\/wp\/v2\/product_cat?post=62986"},{"taxonomy":"product_tag","embeddable":true,"href":"https:\/\/snus-malmo.se\/sv\/wp-json\/wp\/v2\/product_tag?post=62986"}],"curies":[{"name":"wp","href":"https:\/\/api.w.org\/{rel}","templated":true}]}}