{"id":62996,"date":"2025-07-11T10:11:18","date_gmt":"2025-07-11T10:11:18","guid":{"rendered":"https:\/\/snus-malmo.se\/?post_type=product&#038;p=62996"},"modified":"2025-11-22T09:26:37","modified_gmt":"2025-11-22T09:26:37","slug":"xqs-soft-toffee-slim-strong","status":"publish","type":"product","link":"https:\/\/snus-malmo.se\/sv\/produkt\/xqs-soft-toffee-slim-strong\/","title":{"rendered":"XQS Soft Toffee Slim Strong"},"content":{"rendered":"<h1>XQS Soft Toffee Slim Strong<\/h1>\n<h2 data-start=\"338\" data-end=\"426\">XQS Soft Toffee Slim Strong \u2013 Kr\u00e4mig karamell i tobaksfritt snus | K\u00f6p hos Veloop.se<\/h2>\n<p data-start=\"428\" data-end=\"735\">Vill du ha n\u00e5got riktigt annorlunda? <strong data-start=\"465\" data-end=\"496\">XQS Soft Toffee Slim Strong<\/strong> bjuder p\u00e5 en <strong data-start=\"510\" data-end=\"567\">len och kr\u00e4mig smakupplevelse med inslag av mjuk kola<\/strong> \u2013 helt utan tobak. Denna nikotinp\u00e5se kombinerar <strong data-start=\"616\" data-end=\"662\">dessertlik s\u00f6tma med en tydlig nikotinkick<\/strong>, och passar perfekt f\u00f6r dig som s\u00f6ker n\u00e5got smakrikt ut\u00f6ver det vanliga.<\/p>\n<p data-start=\"737\" data-end=\"1071\">Snuset \u00e4r en del av den popul\u00e4ra serien <strong data-start=\"777\" data-end=\"801\">XQS Nicotine Pouches<\/strong>, tillverkad i Sverige av <strong data-start=\"827\" data-end=\"852\">Insurgent Ventures II<\/strong> i samarbete med <strong data-start=\"869\" data-end=\"905\">Scandinavian Tobacco Group (STG)<\/strong>. Denna variant har en <strong data-start=\"928\" data-end=\"979\">stark nikotinhalt p\u00e5 16 mg\/g (8 mg per portion)<\/strong> och \u00e4r s\u00e4rskilt anpassad f\u00f6r vana anv\u00e4ndare som vill ha b\u00e5de kraft och smak i varje prilla.<\/p>\n<p data-start=\"1073\" data-end=\"1290\">Med <strong data-start=\"1077\" data-end=\"1094\">slim-formatet<\/strong> f\u00e5r du en diskret passform under l\u00e4ppen, vilket g\u00f6r XQS Soft Toffee b\u00e5de bekv\u00e4m och enkel att anv\u00e4nda i alla l\u00e4gen. Varje dosa inneh\u00e5ller <strong data-start=\"1233\" data-end=\"1260\">20 tobaksfria portioner<\/strong>, med en totalvikt p\u00e5 10 gram.<\/p>\n<p data-start=\"1292\" data-end=\"1573\">Smaken av mjuk kola g\u00f6r denna produkt unik i sitt slag. Den kr\u00e4miga s\u00f6tman stannar kvar l\u00e4nge och ger en lyxig k\u00e4nsla, utan att bli f\u00f6r p\u00e5tr\u00e4ngande \u2013 ett perfekt alternativ f\u00f6r dig som vill njuta av n\u00e5got s\u00f6tt men \u00e4nd\u00e5 f\u00e5 den nikotineffekt du f\u00f6rv\u00e4ntar dig av ett starkt vitt snus.<\/p>\n<hr data-start=\"1575\" data-end=\"1578\" \/>\n<h3 data-start=\"1580\" data-end=\"1604\">\u2705 Produktinformation<\/h3>\n<div class=\"_tableContainer_80l1q_1\">\n<div class=\"_tableWrapper_80l1q_14 group flex w-fit flex-col-reverse\" tabindex=\"-1\">\n<table class=\"w-fit min-w-(--thread-content-width)\" data-start=\"1605\" data-end=\"2436\">\n<thead data-start=\"1605\" data-end=\"1668\">\n<tr data-start=\"1605\" data-end=\"1668\">\n<th data-start=\"1605\" data-end=\"1629\" data-col-size=\"sm\">Egenskap<\/th>\n<th data-start=\"1629\" data-end=\"1668\" data-col-size=\"sm\">Detalj<\/th>\n<\/tr>\n<\/thead>\n<tbody data-start=\"1733\" data-end=\"2436\">\n<tr data-start=\"1733\" data-end=\"1796\">\n<td data-start=\"1733\" data-end=\"1757\" data-col-size=\"sm\"><strong data-start=\"1735\" data-end=\"1748\">Varum\u00e4rke<\/strong><\/td>\n<td data-start=\"1757\" data-end=\"1796\" data-col-size=\"sm\">XQS<\/td>\n<\/tr>\n<tr data-start=\"1797\" data-end=\"1860\">\n<td data-start=\"1797\" data-end=\"1821\" data-col-size=\"sm\"><strong data-start=\"1799\" data-end=\"1813\">Produkttyp<\/strong><\/td>\n<td data-start=\"1821\" data-end=\"1860\" data-col-size=\"sm\">Vitt snus \/ All White Portion<\/td>\n<\/tr>\n<tr data-start=\"1861\" data-end=\"1924\">\n<td data-start=\"1861\" data-end=\"1885\" data-col-size=\"sm\"><strong data-start=\"1863\" data-end=\"1873\">Styrka<\/strong><\/td>\n<td data-start=\"1885\" data-end=\"1924\" data-col-size=\"sm\">Stark<\/td>\n<\/tr>\n<tr data-start=\"1925\" data-end=\"1988\">\n<td data-start=\"1925\" data-end=\"1949\" data-col-size=\"sm\"><strong data-start=\"1927\" data-end=\"1942\">Nikotinhalt<\/strong><\/td>\n<td data-start=\"1949\" data-end=\"1988\" data-col-size=\"sm\">16 mg\/g \u2013 8 mg\/portion<\/td>\n<\/tr>\n<tr data-start=\"1989\" data-end=\"2052\">\n<td data-start=\"1989\" data-end=\"2013\" data-col-size=\"sm\"><strong data-start=\"1991\" data-end=\"2001\">Format<\/strong><\/td>\n<td data-start=\"2013\" data-end=\"2052\" data-col-size=\"sm\">Slim<\/td>\n<\/tr>\n<tr data-start=\"2053\" data-end=\"2116\">\n<td data-start=\"2053\" data-end=\"2077\" data-col-size=\"sm\"><strong data-start=\"2055\" data-end=\"2069\">Smakprofil<\/strong><\/td>\n<td data-start=\"2077\" data-end=\"2116\" data-col-size=\"sm\">Kola, toffee, s\u00f6t, dessertlik<\/td>\n<\/tr>\n<tr data-start=\"2117\" data-end=\"2180\">\n<td data-start=\"2117\" data-end=\"2141\" data-col-size=\"sm\"><strong data-start=\"2119\" data-end=\"2132\">Tobaksfri<\/strong><\/td>\n<td data-start=\"2141\" data-end=\"2180\" data-col-size=\"sm\">Ja<\/td>\n<\/tr>\n<tr data-start=\"2181\" data-end=\"2244\">\n<td data-start=\"2181\" data-end=\"2205\" data-col-size=\"sm\"><strong data-start=\"2183\" data-end=\"2202\">Antal portioner<\/strong><\/td>\n<td data-start=\"2205\" data-end=\"2244\" data-col-size=\"sm\">20 st per dosa<\/td>\n<\/tr>\n<tr data-start=\"2245\" data-end=\"2308\">\n<td data-start=\"2245\" data-end=\"2269\" data-col-size=\"sm\"><strong data-start=\"2247\" data-end=\"2260\">Nettovikt<\/strong><\/td>\n<td data-start=\"2269\" data-end=\"2308\" data-col-size=\"sm\">10 gram<\/td>\n<\/tr>\n<tr data-start=\"2309\" data-end=\"2372\">\n<td data-start=\"2309\" data-end=\"2333\" data-col-size=\"sm\"><strong data-start=\"2311\" data-end=\"2326\">Tillverkare<\/strong><\/td>\n<td data-start=\"2333\" data-end=\"2372\" data-col-size=\"sm\">Insurgent Ventures II \/ STG<\/td>\n<\/tr>\n<tr data-start=\"2373\" data-end=\"2436\">\n<td data-start=\"2373\" data-end=\"2397\" data-col-size=\"sm\"><strong data-start=\"2375\" data-end=\"2396\">Tillverkningsland<\/strong><\/td>\n<td data-start=\"2397\" data-end=\"2436\" data-col-size=\"sm\">Sverige<\/td>\n<\/tr>\n<\/tbody>\n<\/table>\n<div class=\"sticky end-(--thread-content-margin) h-0 self-end select-none\">\n<div class=\"absolute end-0 flex items-end\"><\/div>\n<\/div>\n<\/div>\n<\/div>\n<hr data-start=\"2438\" data-end=\"2441\" \/>\n<h2 data-start=\"2443\" data-end=\"2492\">\ud83d\udd04 Utforska hela XQS-sortimentet hos Veloop.se<\/h2>\n<p data-start=\"2494\" data-end=\"2636\">Oavsett om du gillar mint, frukt eller s\u00f6ta smaker som kola och toffee \u2013 XQS har n\u00e5got f\u00f6r alla. H\u00e4r \u00e4r n\u00e5gra av de mest popul\u00e4ra varianterna:<\/p>\n<ul data-start=\"2638\" data-end=\"3482\">\n<li data-start=\"2638\" data-end=\"2668\">\n<p data-start=\"2640\" data-end=\"2668\"><strong data-start=\"2640\" data-end=\"2666\">XQS Soft Toffee Strong<\/strong><\/p>\n<\/li>\n<li data-start=\"2669\" data-end=\"2711\">\n<p data-start=\"2671\" data-end=\"2711\"><strong data-start=\"2671\" data-end=\"2709\">XQS Blueberry Mint Medium \/ Strong<\/strong><\/p>\n<\/li>\n<li data-start=\"2712\" data-end=\"2752\">\n<p data-start=\"2714\" data-end=\"2752\"><strong data-start=\"2714\" data-end=\"2750\">XQS Black Cherry Medium \/ Strong<\/strong><\/p>\n<\/li>\n<li data-start=\"2753\" data-end=\"2792\">\n<p data-start=\"2755\" data-end=\"2792\"><strong data-start=\"2755\" data-end=\"2790\">XQS Cactus Sour Medium \/ Strong<\/strong><\/p>\n<\/li>\n<li data-start=\"2793\" data-end=\"2834\">\n<p data-start=\"2795\" data-end=\"2834\"><strong data-start=\"2795\" data-end=\"2832\">XQS Cool Ice Mini Medium \/ Strong<\/strong><\/p>\n<\/li>\n<li data-start=\"2835\" data-end=\"2881\">\n<p data-start=\"2837\" data-end=\"2881\"><strong data-start=\"2837\" data-end=\"2879\">XQS Arctic Freeze X-tra \/ Ultra Strong<\/strong><\/p>\n<\/li>\n<li data-start=\"2882\" data-end=\"2917\">\n<p data-start=\"2884\" data-end=\"2917\"><strong data-start=\"2884\" data-end=\"2915\">XQS Fr\u00f6s Bit \/ Ultra Strong<\/strong><\/p>\n<\/li>\n<li data-start=\"2918\" data-end=\"2960\">\n<p data-start=\"2920\" data-end=\"2960\"><strong data-start=\"2920\" data-end=\"2958\">XQS Fr\u00f6s Double Mint \/ Crispy Mint<\/strong><\/p>\n<\/li>\n<li data-start=\"2961\" data-end=\"2997\">\n<p data-start=\"2963\" data-end=\"2997\"><strong data-start=\"2963\" data-end=\"2995\">XQS Tropical Medium \/ Strong<\/strong><\/p>\n<\/li>\n<li data-start=\"2998\" data-end=\"3040\">\n<p data-start=\"3000\" data-end=\"3040\"><strong data-start=\"3000\" data-end=\"3038\">XQS Citrus Cooling Medium \/ Strong<\/strong><\/p>\n<\/li>\n<li data-start=\"3041\" data-end=\"3079\">\n<p data-start=\"3043\" data-end=\"3079\"><strong data-start=\"3043\" data-end=\"3077\">XQS Fizzy Cola Medium \/ Strong<\/strong><\/p>\n<\/li>\n<li data-start=\"3080\" data-end=\"3120\">\n<p data-start=\"3082\" data-end=\"3120\"><strong data-start=\"3082\" data-end=\"3118\">XQS Elder Flower Medium \/ Strong<\/strong><\/p>\n<\/li>\n<li data-start=\"3121\" data-end=\"3151\">\n<p data-start=\"3123\" data-end=\"3151\"><strong data-start=\"3123\" data-end=\"3149\">XQS Wintergreen Medium<\/strong><\/p>\n<\/li>\n<li data-start=\"3152\" data-end=\"3180\">\n<p data-start=\"3154\" data-end=\"3180\"><strong data-start=\"3154\" data-end=\"3178\">XQS Spearmint Strong<\/strong><\/p>\n<\/li>\n<li data-start=\"3181\" data-end=\"3211\">\n<p data-start=\"3183\" data-end=\"3211\"><strong data-start=\"3183\" data-end=\"3209\">XQS Chili Mango Strong<\/strong><\/p>\n<\/li>\n<li data-start=\"3212\" data-end=\"3252\">\n<p data-start=\"3214\" data-end=\"3252\"><strong data-start=\"3214\" data-end=\"3250\">XQS Orange Apple Medium \/ Strong<\/strong><\/p>\n<\/li>\n<li data-start=\"3253\" data-end=\"3287\">\n<p data-start=\"3255\" data-end=\"3287\"><strong data-start=\"3255\" data-end=\"3285\">XQS Strawberry Kiwi Strong<\/strong><\/p>\n<\/li>\n<li data-start=\"3288\" data-end=\"3322\">\n<p data-start=\"3290\" data-end=\"3322\"><strong data-start=\"3290\" data-end=\"3320\">XQS Berrynana Twist Strong<\/strong><\/p>\n<\/li>\n<li data-start=\"3323\" data-end=\"3353\">\n<p data-start=\"3325\" data-end=\"3353\"><strong data-start=\"3325\" data-end=\"3351\">XQS Hallon Soda Strong<\/strong><\/p>\n<\/li>\n<li data-start=\"3354\" data-end=\"3380\">\n<p data-start=\"3356\" data-end=\"3380\"><strong data-start=\"3356\" data-end=\"3378\">XQS Hallon Lakrits<\/strong><\/p>\n<\/li>\n<li data-start=\"3381\" data-end=\"3422\">\n<p data-start=\"3383\" data-end=\"3422\"><strong data-start=\"3383\" data-end=\"3420\">XQS Raspberry Blackcurrant Strong<\/strong><\/p>\n<\/li>\n<li data-start=\"3423\" data-end=\"3454\">\n<p data-start=\"3425\" data-end=\"3454\"><strong data-start=\"3425\" data-end=\"3452\">XQS Fruzzly Slim Strong<\/strong><\/p>\n<\/li>\n<li data-start=\"3455\" data-end=\"3482\">\n<p data-start=\"3457\" data-end=\"3482\"><strong data-start=\"3457\" data-end=\"3482\">XQS Twin Apple Strong<\/strong><\/p>\n<\/li>\n<\/ul>\n<p data-start=\"3484\" data-end=\"3553\">\ud83d\udc49 <a class=\"\" href=\"https:\/\/snus-malmo.se\/sv\/xqs\/\" target=\"_new\" rel=\"noopener\" data-start=\"3487\" data-end=\"3553\">Se hela XQS-utbudet p\u00e5 snus-malmo.se<\/a><\/p>\n<hr data-start=\"3555\" data-end=\"3558\" \/>\n<p data-start=\"3560\" data-end=\"3822\">\ud83d\uded2 <strong data-start=\"3563\" data-end=\"3612\">K\u00f6p XQS Soft Toffee Slim Strong hos Veloop.se<\/strong> \u2013 ett tobaksfritt snus med smak av mjuk kola och stark nikotinleverans. F\u00f6r dig som vill kombinera njutning och styrka i ett slimmat format. Snabb leverans, brett utbud och alltid bra priser \u2013 bara hos Veloop!<\/p>","protected":false},"excerpt":{"rendered":"<h1>XQS Soft Toffee Slim Strong<\/h1>\n<h2 data-start=\"197\" data-end=\"300\"><img decoding=\"async\" class=\"wp-image-62925 alignleft\" src=\"https:\/\/snus-malmo.se\/wp-content\/uploads\/2025\/05\/xqs-logo.png\" alt=\"\" width=\"109\" height=\"48\" srcset=\"https:\/\/snus-malmo.se\/wp-content\/uploads\/2025\/05\/xqs-logo.png 269w, https:\/\/snus-malmo.se\/wp-content\/uploads\/2025\/05\/xqs-logo-18x8.png 18w\" sizes=\"(max-width: 109px) 100vw, 109px\" \/><\/h2>\n<h2 data-start=\"338\" data-end=\"426\">XQS Soft Toffee Slim Strong \u2013 Kr\u00e4mig karamell i tobaksfritt snus | K\u00f6p hos Veloop.se<\/h2>\n<p data-start=\"3893\" data-end=\"4114\"><strong data-start=\"3893\" data-end=\"3924\">XQS Soft Toffee Slim Strong<\/strong> \u00e4r ett tobaksfritt vitt snus i slim-format med smak av mjuk kola. Nikotinhalt: 16 mg\/g (8 mg per portion). En stark, s\u00f6t och dessertlik nikotinupplevelse med 20 diskreta portioner per dosa.<\/p>\n<p data-start=\"4116\" data-end=\"4189\">\ud83d\udd17 <a class=\"\" href=\"https:\/\/snus-malmo.se\/sv\/xqs\/\" target=\"_new\" rel=\"noopener\" data-start=\"4119\" data-end=\"4189\">Se hela XQS-sortimentet p\u00e5 snus-malmo.se<\/a><\/p>\n<p data-start=\"4053\" data-end=\"4126\">\n<p data-start=\"4662\" data-end=\"4735\">","protected":false},"featured_media":63001,"comment_status":"open","ping_status":"closed","template":"","meta":[],"product_brand":[],"product_cat":[136,137,354,127],"product_tag":[],"class_list":{"0":"post-62996","1":"product","2":"type-product","3":"status-publish","4":"has-post-thumbnail","6":"product_cat-all-whites","7":"product_cat-slim","8":"product_cat-strongstark","9":"product_cat-xqs","11":"first","12":"instock","13":"taxable","14":"shipping-taxable","15":"purchasable","16":"product-type-variable"},"_links":{"self":[{"href":"https:\/\/snus-malmo.se\/sv\/wp-json\/wp\/v2\/product\/62996","targetHints":{"allow":["GET"]}}],"collection":[{"href":"https:\/\/snus-malmo.se\/sv\/wp-json\/wp\/v2\/product"}],"about":[{"href":"https:\/\/snus-malmo.se\/sv\/wp-json\/wp\/v2\/types\/product"}],"replies":[{"embeddable":true,"href":"https:\/\/snus-malmo.se\/sv\/wp-json\/wp\/v2\/comments?post=62996"}],"version-history":[{"count":0,"href":"https:\/\/snus-malmo.se\/sv\/wp-json\/wp\/v2\/product\/62996\/revisions"}],"wp:featuredmedia":[{"embeddable":true,"href":"https:\/\/snus-malmo.se\/sv\/wp-json\/wp\/v2\/media\/63001"}],"wp:attachment":[{"href":"https:\/\/snus-malmo.se\/sv\/wp-json\/wp\/v2\/media?parent=62996"}],"wp:term":[{"taxonomy":"product_brand","embeddable":true,"href":"https:\/\/snus-malmo.se\/sv\/wp-json\/wp\/v2\/product_brand?post=62996"},{"taxonomy":"product_cat","embeddable":true,"href":"https:\/\/snus-malmo.se\/sv\/wp-json\/wp\/v2\/product_cat?post=62996"},{"taxonomy":"product_tag","embeddable":true,"href":"https:\/\/snus-malmo.se\/sv\/wp-json\/wp\/v2\/product_tag?post=62996"}],"curies":[{"name":"wp","href":"https:\/\/api.w.org\/{rel}","templated":true}]}}