{"id":63005,"date":"2025-07-11T10:17:05","date_gmt":"2025-07-11T10:17:05","guid":{"rendered":"https:\/\/snus-malmo.se\/?post_type=product&#038;p=63005"},"modified":"2025-11-22T09:26:34","modified_gmt":"2025-11-22T09:26:34","slug":"xqs-hallon-soda-slim-strong","status":"publish","type":"product","link":"https:\/\/snus-malmo.se\/sv\/produkt\/xqs-hallon-soda-slim-strong\/","title":{"rendered":"XQS Hallon Soda Slim Strong"},"content":{"rendered":"<h1>XQS Hallon Soda Slim Strong<\/h1>\n<h2 data-start=\"370\" data-end=\"461\">XQS Hallon Soda Slim Strong \u2013 Fruktig l\u00e4skk\u00e4nsla i tobaksfritt snus | K\u00f6p hos Veloop.se<\/h2>\n<p data-start=\"463\" data-end=\"688\">Letar du efter en lekfull och fr\u00e4sch smakupplevelse med kraftfull nikotineffekt? <strong data-start=\"544\" data-end=\"575\">XQS Hallon Soda Slim Strong<\/strong> levererar en <strong data-start=\"589\" data-end=\"627\">s\u00f6t och bubblig smak av hallonl\u00e4sk<\/strong>, perfekt balanserad med h\u00f6g nikotinstyrka \u2013 helt utan tobak.<\/p>\n<p data-start=\"690\" data-end=\"1041\">Produkten tillh\u00f6r den popul\u00e4ra serien <strong data-start=\"728\" data-end=\"752\">XQS Nicotine Pouches<\/strong>, utvecklad i Sverige av <strong data-start=\"777\" data-end=\"802\">Insurgent Ventures II<\/strong> och producerad av <strong data-start=\"821\" data-end=\"857\">Scandinavian Tobacco Group (STG)<\/strong>. Den h\u00e4r varianten \u00e4r klassad som <strong data-start=\"892\" data-end=\"901\">stark<\/strong> med en <strong data-start=\"909\" data-end=\"954\">nikotinhalt p\u00e5 16 mg\/g (8 mg per portion)<\/strong>, vilket g\u00f6r den optimal f\u00f6r erfarna anv\u00e4ndare som s\u00f6ker en intensiv nikotinupplevelse.<\/p>\n<p data-start=\"1043\" data-end=\"1323\">Med sitt <strong data-start=\"1052\" data-end=\"1067\">slim-format<\/strong> erbjuder XQS Hallon Soda en <strong data-start=\"1096\" data-end=\"1127\">diskret och bekv\u00e4m passform<\/strong> under l\u00e4ppen. Varje dosa inneh\u00e5ller <strong data-start=\"1164\" data-end=\"1191\">20 tobaksfria portioner<\/strong>, och har en totalvikt p\u00e5 10 gram. Tack vare den tobaksfria basen ger produkten en <strong data-start=\"1274\" data-end=\"1322\">ren, fr\u00e4sch k\u00e4nsla utan att p\u00e5verka t\u00e4nderna<\/strong>.<\/p>\n<p data-start=\"1325\" data-end=\"1539\">Smaken kombinerar <strong data-start=\"1343\" data-end=\"1393\">s\u00f6tman fr\u00e5n hallon med en l\u00e4tt kolsyrad k\u00e4nsla<\/strong> \u2013 som en iskall hallonl\u00e4sk p\u00e5 en varm sommardag. Ett perfekt alternativ f\u00f6r dig som vill ha n\u00e5got roligt, smakfullt och med kraft i varje prilla.<\/p>\n<hr data-start=\"1541\" data-end=\"1544\" \/>\n<h3 data-start=\"1546\" data-end=\"1570\">\u2705 Produktinformation<\/h3>\n<div class=\"_tableContainer_80l1q_1\">\n<div class=\"_tableWrapper_80l1q_14 group flex w-fit flex-col-reverse\" tabindex=\"-1\">\n<table class=\"w-fit min-w-(--thread-content-width)\" data-start=\"1571\" data-end=\"2402\">\n<thead data-start=\"1571\" data-end=\"1634\">\n<tr data-start=\"1571\" data-end=\"1634\">\n<th data-start=\"1571\" data-end=\"1595\" data-col-size=\"sm\">Egenskap<\/th>\n<th data-start=\"1595\" data-end=\"1634\" data-col-size=\"sm\">Detalj<\/th>\n<\/tr>\n<\/thead>\n<tbody data-start=\"1699\" data-end=\"2402\">\n<tr data-start=\"1699\" data-end=\"1762\">\n<td data-start=\"1699\" data-end=\"1723\" data-col-size=\"sm\"><strong data-start=\"1701\" data-end=\"1714\">Varum\u00e4rke<\/strong><\/td>\n<td data-start=\"1723\" data-end=\"1762\" data-col-size=\"sm\">XQS<\/td>\n<\/tr>\n<tr data-start=\"1763\" data-end=\"1826\">\n<td data-start=\"1763\" data-end=\"1787\" data-col-size=\"sm\"><strong data-start=\"1765\" data-end=\"1779\">Produkttyp<\/strong><\/td>\n<td data-start=\"1787\" data-end=\"1826\" data-col-size=\"sm\">Vitt snus \/ All White Portion<\/td>\n<\/tr>\n<tr data-start=\"1827\" data-end=\"1890\">\n<td data-start=\"1827\" data-end=\"1851\" data-col-size=\"sm\"><strong data-start=\"1829\" data-end=\"1839\">Styrka<\/strong><\/td>\n<td data-start=\"1851\" data-end=\"1890\" data-col-size=\"sm\">Stark<\/td>\n<\/tr>\n<tr data-start=\"1891\" data-end=\"1954\">\n<td data-start=\"1891\" data-end=\"1915\" data-col-size=\"sm\"><strong data-start=\"1893\" data-end=\"1908\">Nikotinhalt<\/strong><\/td>\n<td data-start=\"1915\" data-end=\"1954\" data-col-size=\"sm\">16 mg\/g \u2013 8 mg\/portion<\/td>\n<\/tr>\n<tr data-start=\"1955\" data-end=\"2018\">\n<td data-start=\"1955\" data-end=\"1979\" data-col-size=\"sm\"><strong data-start=\"1957\" data-end=\"1967\">Format<\/strong><\/td>\n<td data-start=\"1979\" data-end=\"2018\" data-col-size=\"sm\">Slim<\/td>\n<\/tr>\n<tr data-start=\"2019\" data-end=\"2082\">\n<td data-start=\"2019\" data-end=\"2043\" data-col-size=\"sm\"><strong data-start=\"2021\" data-end=\"2035\">Smakprofil<\/strong><\/td>\n<td data-start=\"2043\" data-end=\"2082\" data-col-size=\"sm\">Hallon, l\u00e4sk, b\u00e4r, s\u00f6t, bubblig<\/td>\n<\/tr>\n<tr data-start=\"2083\" data-end=\"2146\">\n<td data-start=\"2083\" data-end=\"2107\" data-col-size=\"sm\"><strong data-start=\"2085\" data-end=\"2098\">Tobaksfri<\/strong><\/td>\n<td data-start=\"2107\" data-end=\"2146\" data-col-size=\"sm\">Ja<\/td>\n<\/tr>\n<tr data-start=\"2147\" data-end=\"2210\">\n<td data-start=\"2147\" data-end=\"2171\" data-col-size=\"sm\"><strong data-start=\"2149\" data-end=\"2168\">Antal portioner<\/strong><\/td>\n<td data-start=\"2171\" data-end=\"2210\" data-col-size=\"sm\">20 st per dosa<\/td>\n<\/tr>\n<tr data-start=\"2211\" data-end=\"2274\">\n<td data-start=\"2211\" data-end=\"2235\" data-col-size=\"sm\"><strong data-start=\"2213\" data-end=\"2226\">Nettovikt<\/strong><\/td>\n<td data-start=\"2235\" data-end=\"2274\" data-col-size=\"sm\">10 gram<\/td>\n<\/tr>\n<tr data-start=\"2275\" data-end=\"2338\">\n<td data-start=\"2275\" data-end=\"2299\" data-col-size=\"sm\"><strong data-start=\"2277\" data-end=\"2292\">Tillverkare<\/strong><\/td>\n<td data-start=\"2299\" data-end=\"2338\" data-col-size=\"sm\">Insurgent Ventures II \/ STG<\/td>\n<\/tr>\n<tr data-start=\"2339\" data-end=\"2402\">\n<td data-start=\"2339\" data-end=\"2363\" data-col-size=\"sm\"><strong data-start=\"2341\" data-end=\"2362\">Tillverkningsland<\/strong><\/td>\n<td data-start=\"2363\" data-end=\"2402\" data-col-size=\"sm\">Sverige<\/td>\n<\/tr>\n<\/tbody>\n<\/table>\n<div class=\"sticky end-(--thread-content-margin) h-0 self-end select-none\">\n<div class=\"absolute end-0 flex items-end\"><\/div>\n<\/div>\n<\/div>\n<\/div>\n<hr data-start=\"2404\" data-end=\"2407\" \/>\n<h2 data-start=\"2409\" data-end=\"2457\">\ud83d\udd04 Uppt\u00e4ck hela XQS-sortimentet hos Veloop.se<\/h2>\n<p data-start=\"2459\" data-end=\"2628\">XQS erbjuder n\u00e5got f\u00f6r alla smaker \u2013 fr\u00e5n syrlig citrus till mint, kola och kreativa kombinationer som hallonl\u00e4sk. H\u00e4r \u00e4r n\u00e5gra popul\u00e4ra varianter du ocks\u00e5 kan utforska:<\/p>\n<ul data-start=\"2630\" data-end=\"3474\">\n<li data-start=\"2630\" data-end=\"2672\">\n<p data-start=\"2632\" data-end=\"2672\"><strong data-start=\"2632\" data-end=\"2670\">XQS Blueberry Mint Medium \/ Strong<\/strong><\/p>\n<\/li>\n<li data-start=\"2673\" data-end=\"2713\">\n<p data-start=\"2675\" data-end=\"2713\"><strong data-start=\"2675\" data-end=\"2711\">XQS Black Cherry Medium \/ Strong<\/strong><\/p>\n<\/li>\n<li data-start=\"2714\" data-end=\"2753\">\n<p data-start=\"2716\" data-end=\"2753\"><strong data-start=\"2716\" data-end=\"2751\">XQS Cactus Sour Medium \/ Strong<\/strong><\/p>\n<\/li>\n<li data-start=\"2754\" data-end=\"2795\">\n<p data-start=\"2756\" data-end=\"2795\"><strong data-start=\"2756\" data-end=\"2793\">XQS Cool Ice Mini Medium \/ Strong<\/strong><\/p>\n<\/li>\n<li data-start=\"2796\" data-end=\"2842\">\n<p data-start=\"2798\" data-end=\"2842\"><strong data-start=\"2798\" data-end=\"2840\">XQS Arctic Freeze X-tra \/ Ultra Strong<\/strong><\/p>\n<\/li>\n<li data-start=\"2843\" data-end=\"2878\">\n<p data-start=\"2845\" data-end=\"2878\"><strong data-start=\"2845\" data-end=\"2876\">XQS Fr\u00f6s Bit \/ Ultra Strong<\/strong><\/p>\n<\/li>\n<li data-start=\"2879\" data-end=\"2921\">\n<p data-start=\"2881\" data-end=\"2921\"><strong data-start=\"2881\" data-end=\"2919\">XQS Fr\u00f6s Double Mint \/ Crispy Mint<\/strong><\/p>\n<\/li>\n<li data-start=\"2922\" data-end=\"2958\">\n<p data-start=\"2924\" data-end=\"2958\"><strong data-start=\"2924\" data-end=\"2956\">XQS Tropical Medium \/ Strong<\/strong><\/p>\n<\/li>\n<li data-start=\"2959\" data-end=\"3001\">\n<p data-start=\"2961\" data-end=\"3001\"><strong data-start=\"2961\" data-end=\"2999\">XQS Citrus Cooling Medium \/ Strong<\/strong><\/p>\n<\/li>\n<li data-start=\"3002\" data-end=\"3032\">\n<p data-start=\"3004\" data-end=\"3032\"><strong data-start=\"3004\" data-end=\"3030\">XQS Soft Toffee Strong<\/strong><\/p>\n<\/li>\n<li data-start=\"3033\" data-end=\"3071\">\n<p data-start=\"3035\" data-end=\"3071\"><strong data-start=\"3035\" data-end=\"3069\">XQS Fizzy Cola Medium \/ Strong<\/strong><\/p>\n<\/li>\n<li data-start=\"3072\" data-end=\"3112\">\n<p data-start=\"3074\" data-end=\"3112\"><strong data-start=\"3074\" data-end=\"3110\">XQS Elder Flower Medium \/ Strong<\/strong><\/p>\n<\/li>\n<li data-start=\"3113\" data-end=\"3143\">\n<p data-start=\"3115\" data-end=\"3143\"><strong data-start=\"3115\" data-end=\"3141\">XQS Wintergreen Medium<\/strong><\/p>\n<\/li>\n<li data-start=\"3144\" data-end=\"3172\">\n<p data-start=\"3146\" data-end=\"3172\"><strong data-start=\"3146\" data-end=\"3170\">XQS Spearmint Strong<\/strong><\/p>\n<\/li>\n<li data-start=\"3173\" data-end=\"3203\">\n<p data-start=\"3175\" data-end=\"3203\"><strong data-start=\"3175\" data-end=\"3201\">XQS Chili Mango Strong<\/strong><\/p>\n<\/li>\n<li data-start=\"3204\" data-end=\"3244\">\n<p data-start=\"3206\" data-end=\"3244\"><strong data-start=\"3206\" data-end=\"3242\">XQS Orange Apple Medium \/ Strong<\/strong><\/p>\n<\/li>\n<li data-start=\"3245\" data-end=\"3279\">\n<p data-start=\"3247\" data-end=\"3279\"><strong data-start=\"3247\" data-end=\"3277\">XQS Strawberry Kiwi Strong<\/strong><\/p>\n<\/li>\n<li data-start=\"3280\" data-end=\"3314\">\n<p data-start=\"3282\" data-end=\"3314\"><strong data-start=\"3282\" data-end=\"3312\">XQS Berrynana Twist Strong<\/strong><\/p>\n<\/li>\n<li data-start=\"3315\" data-end=\"3345\">\n<p data-start=\"3317\" data-end=\"3345\"><strong data-start=\"3317\" data-end=\"3343\">XQS Hallon Soda Strong<\/strong><\/p>\n<\/li>\n<li data-start=\"3346\" data-end=\"3372\">\n<p data-start=\"3348\" data-end=\"3372\"><strong data-start=\"3348\" data-end=\"3370\">XQS Hallon Lakrits<\/strong><\/p>\n<\/li>\n<li data-start=\"3373\" data-end=\"3414\">\n<p data-start=\"3375\" data-end=\"3414\"><strong data-start=\"3375\" data-end=\"3412\">XQS Raspberry Blackcurrant Strong<\/strong><\/p>\n<\/li>\n<li data-start=\"3415\" data-end=\"3446\">\n<p data-start=\"3417\" data-end=\"3446\"><strong data-start=\"3417\" data-end=\"3444\">XQS Fruzzly Slim Strong<\/strong><\/p>\n<\/li>\n<li data-start=\"3447\" data-end=\"3474\">\n<p data-start=\"3449\" data-end=\"3474\"><strong data-start=\"3449\" data-end=\"3474\">XQS Twin Apple Strong<\/strong><\/p>\n<\/li>\n<\/ul>\n<p data-start=\"3476\" data-end=\"3545\">\ud83d\udc49 <a class=\"\" href=\"https:\/\/snus-malmo.se\/sv\/xqs\/\" target=\"_new\" rel=\"noopener\" data-start=\"3479\" data-end=\"3545\">Se hela XQS-utbudet p\u00e5 snus-malmo.se<\/a><\/p>\n<hr data-start=\"3547\" data-end=\"3550\" \/>\n<p data-start=\"3552\" data-end=\"3788\">\ud83d\uded2 <strong data-start=\"3555\" data-end=\"3604\">K\u00f6p XQS Hallon Soda Slim Strong hos Veloop.se<\/strong> \u2013 en s\u00f6t och bubblig nikotinp\u00e5se med smak av hallonl\u00e4sk och stark nikotineffekt. Diskret slim-format och tobaksfritt. Snabb leverans, bra priser och stort sortiment \u2013 bara hos Veloop!<\/p>","protected":false},"excerpt":{"rendered":"<h1>XQS Hallon Soda Slim Strong<\/h1>\n<h2 data-start=\"197\" data-end=\"300\"><img decoding=\"async\" class=\"wp-image-62925 alignleft\" src=\"https:\/\/snus-malmo.se\/wp-content\/uploads\/2025\/05\/xqs-logo.png\" alt=\"\" width=\"109\" height=\"48\" srcset=\"https:\/\/snus-malmo.se\/wp-content\/uploads\/2025\/05\/xqs-logo.png 269w, https:\/\/snus-malmo.se\/wp-content\/uploads\/2025\/05\/xqs-logo-18x8.png 18w\" sizes=\"(max-width: 109px) 100vw, 109px\" \/><\/h2>\n<h2 data-start=\"370\" data-end=\"461\">XQS Hallon Soda Slim Strong \u2013 Fruktig l\u00e4skk\u00e4nsla i tobaksfritt snus | K\u00f6p hos Veloop.se<\/h2>\n<p data-start=\"3859\" data-end=\"4067\"><strong data-start=\"3859\" data-end=\"3890\">XQS Hallon Soda Slim Strong<\/strong> \u00e4r ett tobaksfritt vitt snus i slim-format med smak av hallonl\u00e4sk. Nikotinhalt: 16 mg\/g (8 mg per portion). En stark, s\u00f6t och bubblig nikotinupplevelse i 20 diskreta portioner.<\/p>\n<p data-start=\"4069\" data-end=\"4142\">\ud83d\udd17 <a class=\"\" href=\"https:\/\/snus-malmo.se\/sv\/xqs\/\" target=\"_new\" rel=\"noopener\" data-start=\"4072\" data-end=\"4142\">Se hela XQS-sortimentet p\u00e5 snus-malmo.se<\/a><\/p>","protected":false},"featured_media":63011,"comment_status":"open","ping_status":"closed","template":"","meta":[],"product_brand":[],"product_cat":[136,137,354,127],"product_tag":[],"class_list":{"0":"post-63005","1":"product","2":"type-product","3":"status-publish","4":"has-post-thumbnail","6":"product_cat-all-whites","7":"product_cat-slim","8":"product_cat-strongstark","9":"product_cat-xqs","11":"first","12":"instock","13":"taxable","14":"shipping-taxable","15":"purchasable","16":"product-type-variable"},"_links":{"self":[{"href":"https:\/\/snus-malmo.se\/sv\/wp-json\/wp\/v2\/product\/63005","targetHints":{"allow":["GET"]}}],"collection":[{"href":"https:\/\/snus-malmo.se\/sv\/wp-json\/wp\/v2\/product"}],"about":[{"href":"https:\/\/snus-malmo.se\/sv\/wp-json\/wp\/v2\/types\/product"}],"replies":[{"embeddable":true,"href":"https:\/\/snus-malmo.se\/sv\/wp-json\/wp\/v2\/comments?post=63005"}],"version-history":[{"count":0,"href":"https:\/\/snus-malmo.se\/sv\/wp-json\/wp\/v2\/product\/63005\/revisions"}],"wp:featuredmedia":[{"embeddable":true,"href":"https:\/\/snus-malmo.se\/sv\/wp-json\/wp\/v2\/media\/63011"}],"wp:attachment":[{"href":"https:\/\/snus-malmo.se\/sv\/wp-json\/wp\/v2\/media?parent=63005"}],"wp:term":[{"taxonomy":"product_brand","embeddable":true,"href":"https:\/\/snus-malmo.se\/sv\/wp-json\/wp\/v2\/product_brand?post=63005"},{"taxonomy":"product_cat","embeddable":true,"href":"https:\/\/snus-malmo.se\/sv\/wp-json\/wp\/v2\/product_cat?post=63005"},{"taxonomy":"product_tag","embeddable":true,"href":"https:\/\/snus-malmo.se\/sv\/wp-json\/wp\/v2\/product_tag?post=63005"}],"curies":[{"name":"wp","href":"https:\/\/api.w.org\/{rel}","templated":true}]}}