{"id":63023,"date":"2025-07-11T10:30:44","date_gmt":"2025-07-11T10:30:44","guid":{"rendered":"https:\/\/snus-malmo.se\/?post_type=product&#038;p=63023"},"modified":"2025-11-22T09:26:23","modified_gmt":"2025-11-22T09:26:23","slug":"xqs-cool-ice-mini","status":"publish","type":"product","link":"https:\/\/snus-malmo.se\/sv\/produkt\/xqs-cool-ice-mini\/","title":{"rendered":"XQS COOL ICE Mini"},"content":{"rendered":"<h1>XQS COOL ICE Mini<\/h1>\n<h2 data-start=\"367\" data-end=\"460\">XQS Cool Ice Mini \u2013 Iskall och diskret nikotinupplevelse i miniformat | K\u00f6p hos Veloop.se<\/h2>\n<p data-start=\"462\" data-end=\"817\">Letar du efter en fr\u00e4sch och iskall nikotinupplevelse i ett <strong data-start=\"522\" data-end=\"544\">extra litet format<\/strong>? D\u00e5 \u00e4r <strong data-start=\"552\" data-end=\"573\">XQS Cool Ice Mini<\/strong> det perfekta valet. Med en <strong data-start=\"601\" data-end=\"665\">uppfriskande mintsmak och mild nikotinstyrka p\u00e5 4 mg\/portion<\/strong>, passar denna produkt dig som \u00e4r ny anv\u00e4ndare, vill trappa ner eller helt enkelt f\u00f6redrar ett l\u00e4ttare alternativ \u2013 utan att tumma p\u00e5 smak och kvalitet.<\/p>\n<p data-start=\"819\" data-end=\"1145\">XQS Cool Ice Mini \u00e4r en del av den popul\u00e4ra serien <strong data-start=\"870\" data-end=\"894\">XQS Nicotine Pouches<\/strong>, tillverkad i Sverige av <strong data-start=\"920\" data-end=\"945\">Insurgent Ventures II<\/strong> i samarbete med <strong data-start=\"962\" data-end=\"998\">Scandinavian Tobacco Group (STG)<\/strong>. Den \u00e4r <strong data-start=\"1007\" data-end=\"1026\">100 % tobaksfri<\/strong> och inneh\u00e5ller nikotin utvunnet fr\u00e5n nikotinextrakt, vilket ger dig en <strong data-start=\"1098\" data-end=\"1144\">ren, fr\u00e4sch och diskret anv\u00e4ndarupplevelse<\/strong>.<\/p>\n<p data-start=\"1147\" data-end=\"1431\">Det som utm\u00e4rker Mini-formatet \u00e4r den <strong data-start=\"1185\" data-end=\"1207\">kompakta storleken<\/strong>, vilket g\u00f6r portionerna <strong data-start=\"1232\" data-end=\"1264\">mycket diskreta under l\u00e4ppen<\/strong> \u2013 perfekt f\u00f6r anv\u00e4ndning n\u00e4r som helst, var som helst. Varje dosa inneh\u00e5ller <strong data-start=\"1342\" data-end=\"1356\">20 prillor<\/strong>, med en mild men tydlig isande mintsmak som ger en fr\u00e4sch k\u00e4nsla i munnen.<\/p>\n<p data-start=\"1433\" data-end=\"1610\">Den <strong data-start=\"1437\" data-end=\"1486\">kylande effekten och balanserade mintprofilen<\/strong> g\u00f6r XQS Cool Ice Mini till ett utm\u00e4rkt val f\u00f6r dig som uppskattar klassisk fr\u00e4schhet \u2013 i ett mindre och mer diskret format.<\/p>\n<hr data-start=\"1612\" data-end=\"1615\" \/>\n<h3 data-start=\"1617\" data-end=\"1641\">\u2705 Produktinformation<\/h3>\n<div class=\"_tableContainer_80l1q_1\">\n<div class=\"_tableWrapper_80l1q_14 group flex w-fit flex-col-reverse\" tabindex=\"-1\">\n<table class=\"w-fit min-w-(--thread-content-width)\" data-start=\"1642\" data-end=\"2499\">\n<thead data-start=\"1642\" data-end=\"1707\">\n<tr data-start=\"1642\" data-end=\"1707\">\n<th data-start=\"1642\" data-end=\"1666\" data-col-size=\"sm\">Egenskap<\/th>\n<th data-start=\"1666\" data-end=\"1707\" data-col-size=\"sm\">Detalj<\/th>\n<\/tr>\n<\/thead>\n<tbody data-start=\"1774\" data-end=\"2499\">\n<tr data-start=\"1774\" data-end=\"1839\">\n<td data-start=\"1774\" data-end=\"1798\" data-col-size=\"sm\"><strong data-start=\"1776\" data-end=\"1789\">Varum\u00e4rke<\/strong><\/td>\n<td data-start=\"1798\" data-end=\"1839\" data-col-size=\"sm\">XQS<\/td>\n<\/tr>\n<tr data-start=\"1840\" data-end=\"1905\">\n<td data-start=\"1840\" data-end=\"1864\" data-col-size=\"sm\"><strong data-start=\"1842\" data-end=\"1856\">Produkttyp<\/strong><\/td>\n<td data-start=\"1864\" data-end=\"1905\" data-col-size=\"sm\">Vitt snus \/ All White Portion<\/td>\n<\/tr>\n<tr data-start=\"1906\" data-end=\"1971\">\n<td data-start=\"1906\" data-end=\"1930\" data-col-size=\"sm\"><strong data-start=\"1908\" data-end=\"1918\">Styrka<\/strong><\/td>\n<td data-start=\"1930\" data-end=\"1971\" data-col-size=\"sm\">Medium (mild)<\/td>\n<\/tr>\n<tr data-start=\"1972\" data-end=\"2037\">\n<td data-start=\"1972\" data-end=\"1996\" data-col-size=\"sm\"><strong data-start=\"1974\" data-end=\"1989\">Nikotinhalt<\/strong><\/td>\n<td data-start=\"1996\" data-end=\"2037\" data-col-size=\"sm\">8 mg\/g \u2013 4 mg\/portion<\/td>\n<\/tr>\n<tr data-start=\"2038\" data-end=\"2103\">\n<td data-start=\"2038\" data-end=\"2062\" data-col-size=\"sm\"><strong data-start=\"2040\" data-end=\"2050\">Format<\/strong><\/td>\n<td data-start=\"2062\" data-end=\"2103\" data-col-size=\"sm\">Mini<\/td>\n<\/tr>\n<tr data-start=\"2104\" data-end=\"2169\">\n<td data-start=\"2104\" data-end=\"2128\" data-col-size=\"sm\"><strong data-start=\"2106\" data-end=\"2120\">Smakprofil<\/strong><\/td>\n<td data-start=\"2128\" data-end=\"2169\" data-col-size=\"sm\">Isig mint, menthol, fr\u00e4sch<\/td>\n<\/tr>\n<tr data-start=\"2170\" data-end=\"2235\">\n<td data-start=\"2170\" data-end=\"2194\" data-col-size=\"sm\"><strong data-start=\"2172\" data-end=\"2185\">Tobaksfri<\/strong><\/td>\n<td data-start=\"2194\" data-end=\"2235\" data-col-size=\"sm\">Ja<\/td>\n<\/tr>\n<tr data-start=\"2236\" data-end=\"2301\">\n<td data-start=\"2236\" data-end=\"2260\" data-col-size=\"sm\"><strong data-start=\"2238\" data-end=\"2257\">Antal portioner<\/strong><\/td>\n<td data-start=\"2260\" data-end=\"2301\" data-col-size=\"sm\">20 st per dosa<\/td>\n<\/tr>\n<tr data-start=\"2302\" data-end=\"2367\">\n<td data-start=\"2302\" data-end=\"2326\" data-col-size=\"sm\"><strong data-start=\"2304\" data-end=\"2317\">Nettovikt<\/strong><\/td>\n<td data-start=\"2326\" data-end=\"2367\" data-col-size=\"sm\">10 gram<\/td>\n<\/tr>\n<tr data-start=\"2368\" data-end=\"2433\">\n<td data-start=\"2368\" data-end=\"2392\" data-col-size=\"sm\"><strong data-start=\"2370\" data-end=\"2385\">Tillverkare<\/strong><\/td>\n<td data-start=\"2392\" data-end=\"2433\" data-col-size=\"sm\">Insurgent Ventures II \/ STG<\/td>\n<\/tr>\n<tr data-start=\"2434\" data-end=\"2499\">\n<td data-start=\"2434\" data-end=\"2458\" data-col-size=\"sm\"><strong data-start=\"2436\" data-end=\"2457\">Tillverkningsland<\/strong><\/td>\n<td data-start=\"2458\" data-end=\"2499\" data-col-size=\"sm\">Sverige<\/td>\n<\/tr>\n<\/tbody>\n<\/table>\n<div class=\"sticky end-(--thread-content-margin) h-0 self-end select-none\">\n<div class=\"absolute end-0 flex items-end\"><\/div>\n<\/div>\n<\/div>\n<\/div>\n<hr data-start=\"2501\" data-end=\"2504\" \/>\n<h2 data-start=\"2506\" data-end=\"2550\">\ud83d\udd04 Utforska hela XQS-serien hos Veloop.se<\/h2>\n<p data-start=\"2552\" data-end=\"2713\">XQS erbjuder ett brett utbud av nikotinp\u00e5sar i olika styrkor, smaker och format \u2013 fr\u00e5n fruktiga kombinationer till iskalla mintsmaker. N\u00e5gra popul\u00e4ra alternativ:<\/p>\n<ul data-start=\"2715\" data-end=\"3267\">\n<li data-start=\"2715\" data-end=\"2762\">\n<p data-start=\"2717\" data-end=\"2762\"><strong data-start=\"2717\" data-end=\"2760\">XQS Cool Ice Mini Medium (4 mg\/portion)<\/strong><\/p>\n<\/li>\n<li data-start=\"2763\" data-end=\"2805\">\n<p data-start=\"2765\" data-end=\"2805\"><strong data-start=\"2765\" data-end=\"2803\">XQS Cool Ice Strong (8 mg\/portion)<\/strong><\/p>\n<\/li>\n<li data-start=\"2806\" data-end=\"2852\">\n<p data-start=\"2808\" data-end=\"2852\"><strong data-start=\"2808\" data-end=\"2850\">XQS Arctic Freeze X-tra \/ Ultra Strong<\/strong><\/p>\n<\/li>\n<li data-start=\"2853\" data-end=\"2895\">\n<p data-start=\"2855\" data-end=\"2895\"><strong data-start=\"2855\" data-end=\"2893\">XQS Fr\u00f6s Double Mint \/ Crispy Mint<\/strong><\/p>\n<\/li>\n<li data-start=\"2896\" data-end=\"2924\">\n<p data-start=\"2898\" data-end=\"2924\"><strong data-start=\"2898\" data-end=\"2922\">XQS Spearmint Strong<\/strong><\/p>\n<\/li>\n<li data-start=\"2925\" data-end=\"2964\">\n<p data-start=\"2927\" data-end=\"2964\"><strong data-start=\"2927\" data-end=\"2962\">XQS Cactus Sour Medium \/ Strong<\/strong><\/p>\n<\/li>\n<li data-start=\"2965\" data-end=\"3007\">\n<p data-start=\"2967\" data-end=\"3007\"><strong data-start=\"2967\" data-end=\"3005\">XQS Blueberry Mint Medium \/ Strong<\/strong><\/p>\n<\/li>\n<li data-start=\"3008\" data-end=\"3046\">\n<p data-start=\"3010\" data-end=\"3046\"><strong data-start=\"3010\" data-end=\"3044\">XQS Fizzy Cola Medium \/ Strong<\/strong><\/p>\n<\/li>\n<li data-start=\"3047\" data-end=\"3077\">\n<p data-start=\"3049\" data-end=\"3077\"><strong data-start=\"3049\" data-end=\"3075\">XQS Soft Toffee Strong<\/strong><\/p>\n<\/li>\n<li data-start=\"3078\" data-end=\"3118\">\n<p data-start=\"3080\" data-end=\"3118\"><strong data-start=\"3080\" data-end=\"3116\">XQS Elder Flower Medium \/ Strong<\/strong><\/p>\n<\/li>\n<li data-start=\"3119\" data-end=\"3155\">\n<p data-start=\"3121\" data-end=\"3155\"><strong data-start=\"3121\" data-end=\"3153\">XQS Tropical Medium \/ Strong<\/strong><\/p>\n<\/li>\n<li data-start=\"3156\" data-end=\"3196\">\n<p data-start=\"3158\" data-end=\"3196\"><strong data-start=\"3158\" data-end=\"3194\">XQS Orange Apple Medium \/ Strong<\/strong><\/p>\n<\/li>\n<li data-start=\"3197\" data-end=\"3238\">\n<p data-start=\"3199\" data-end=\"3238\"><strong data-start=\"3199\" data-end=\"3236\">XQS Raspberry Blackcurrant Strong<\/strong><\/p>\n<\/li>\n<li data-start=\"3239\" data-end=\"3267\">\n<p data-start=\"3241\" data-end=\"3267\"><strong data-start=\"3241\" data-end=\"3267\">XQS Hallon Soda Strong<\/strong><\/p>\n<\/li>\n<\/ul>\n<p data-start=\"3269\" data-end=\"3338\">\ud83d\udc49 <a class=\"\" href=\"https:\/\/snus-malmo.se\/sv\/xqs\/\" target=\"_new\" rel=\"noopener\" data-start=\"3272\" data-end=\"3338\">Se hela XQS-utbudet p\u00e5 snus-malmo.se<\/a><\/p>\n<hr data-start=\"3340\" data-end=\"3343\" \/>\n<p data-start=\"3345\" data-end=\"3581\">\ud83d\uded2 <strong data-start=\"3348\" data-end=\"3387\">K\u00f6p XQS Cool Ice Mini hos Veloop.se<\/strong> \u2013 tobaksfritt snus med isig mintsmak i ett extra diskret format. Perfekt f\u00f6r dig som vill ha en mild nikotinkick med maximal fr\u00e4sch\u00f6r. Best\u00e4ll online \u2013 snabb leverans och bra priser hos Veloop!<\/p>","protected":false},"excerpt":{"rendered":"<h1>XQS COOL ICE Mini<\/h1>\n<h2 data-start=\"197\" data-end=\"300\"><img decoding=\"async\" class=\"wp-image-62925 alignleft\" src=\"https:\/\/snus-malmo.se\/wp-content\/uploads\/2025\/05\/xqs-logo.png\" alt=\"\" width=\"109\" height=\"48\" srcset=\"https:\/\/snus-malmo.se\/wp-content\/uploads\/2025\/05\/xqs-logo.png 269w, https:\/\/snus-malmo.se\/wp-content\/uploads\/2025\/05\/xqs-logo-18x8.png 18w\" sizes=\"(max-width: 109px) 100vw, 109px\" \/><\/h2>\n<h2 data-start=\"367\" data-end=\"460\">XQS Cool Ice Mini \u2013 Iskall och diskret nikotinupplevelse i miniformat | K\u00f6p hos Veloop.se<\/h2>\n<p data-start=\"3652\" data-end=\"3847\"><strong data-start=\"3652\" data-end=\"3673\">XQS Cool Ice Mini<\/strong> \u00e4r ett tobaksfritt vitt snus i mini-format med frisk, isig mintsmak. Nikotinhalt: 4 mg\/portion (8 mg\/g). En mild men fr\u00e4sch nikotinupplevelse \u2013 20 diskreta prillor per dosa.<\/p>\n<p data-start=\"3849\" data-end=\"3922\">\ud83d\udd17 <a class=\"\" href=\"https:\/\/snus-malmo.se\/sv\/xqs\/\" target=\"_new\" rel=\"noopener\" data-start=\"3852\" data-end=\"3922\">Se hela XQS-sortimentet p\u00e5 snus-malmo.se<\/a><\/p>\n<p data-start=\"3765\" data-end=\"3838\">\n<p data-start=\"4069\" data-end=\"4142\">","protected":false},"featured_media":63030,"comment_status":"open","ping_status":"closed","template":"","meta":[],"product_brand":[],"product_cat":[136,389,79,137,127],"product_tag":[],"class_list":{"0":"post-63023","1":"product","2":"type-product","3":"status-publish","4":"has-post-thumbnail","6":"product_cat-all-whites","7":"product_cat-medium-normal","8":"product_cat-mini-portion","9":"product_cat-slim","10":"product_cat-xqs","12":"first","13":"instock","14":"taxable","15":"shipping-taxable","16":"purchasable","17":"product-type-variable"},"_links":{"self":[{"href":"https:\/\/snus-malmo.se\/sv\/wp-json\/wp\/v2\/product\/63023","targetHints":{"allow":["GET"]}}],"collection":[{"href":"https:\/\/snus-malmo.se\/sv\/wp-json\/wp\/v2\/product"}],"about":[{"href":"https:\/\/snus-malmo.se\/sv\/wp-json\/wp\/v2\/types\/product"}],"replies":[{"embeddable":true,"href":"https:\/\/snus-malmo.se\/sv\/wp-json\/wp\/v2\/comments?post=63023"}],"version-history":[{"count":0,"href":"https:\/\/snus-malmo.se\/sv\/wp-json\/wp\/v2\/product\/63023\/revisions"}],"wp:featuredmedia":[{"embeddable":true,"href":"https:\/\/snus-malmo.se\/sv\/wp-json\/wp\/v2\/media\/63030"}],"wp:attachment":[{"href":"https:\/\/snus-malmo.se\/sv\/wp-json\/wp\/v2\/media?parent=63023"}],"wp:term":[{"taxonomy":"product_brand","embeddable":true,"href":"https:\/\/snus-malmo.se\/sv\/wp-json\/wp\/v2\/product_brand?post=63023"},{"taxonomy":"product_cat","embeddable":true,"href":"https:\/\/snus-malmo.se\/sv\/wp-json\/wp\/v2\/product_cat?post=63023"},{"taxonomy":"product_tag","embeddable":true,"href":"https:\/\/snus-malmo.se\/sv\/wp-json\/wp\/v2\/product_tag?post=63023"}],"curies":[{"name":"wp","href":"https:\/\/api.w.org\/{rel}","templated":true}]}}