{"id":63037,"date":"2025-07-11T10:41:36","date_gmt":"2025-07-11T10:41:36","guid":{"rendered":"https:\/\/snus-malmo.se\/?post_type=product&#038;p=63037"},"modified":"2025-11-22T09:26:19","modified_gmt":"2025-11-22T09:26:19","slug":"xqs-cool-ice-slim-extra-stark","status":"publish","type":"product","link":"https:\/\/snus-malmo.se\/sv\/produkt\/xqs-cool-ice-slim-extra-stark\/","title":{"rendered":"XQS COOL ICE Slim Extra Stark"},"content":{"rendered":"<h1 data-start=\"356\" data-end=\"445\">XQS COOL ICE Slim Extra Stark<\/h1>\n<h2 data-start=\"336\" data-end=\"433\">XQS Cool Ice Extra Stark \u2013 Kraftfull mintk\u00e4nsla i tobaksfritt slim-format | K\u00f6p hos Veloop.se<\/h2>\n<p data-start=\"435\" data-end=\"757\">Letar du efter ett <strong data-start=\"454\" data-end=\"514\">tobaksfritt snus med intensiv kyla och stark nikotinkick<\/strong>? D\u00e5 \u00e4r <strong data-start=\"522\" data-end=\"550\">XQS Cool Ice Extra Stark<\/strong> det perfekta valet. Med sin <strong data-start=\"579\" data-end=\"649\">iskalla mintsmak och en rej\u00e4l styrka p\u00e5 9,6 mg nikotin per portion<\/strong>, \u00e4r detta en av XQS mest kraftfulla produkter \u2013 utformad f\u00f6r dig som vill ha b\u00e5de <strong data-start=\"732\" data-end=\"756\">fr\u00e4schhet och effekt<\/strong>.<\/p>\n<p data-start=\"759\" data-end=\"1069\"><strong data-start=\"759\" data-end=\"787\">XQS Cool Ice Extra Stark<\/strong> \u00e4r en del av den popul\u00e4ra serien <strong data-start=\"821\" data-end=\"845\">XQS Nicotine Pouches<\/strong>, framtagen i Sverige av <strong data-start=\"870\" data-end=\"895\">Insurgent Ventures II<\/strong> i samarbete med <strong data-start=\"912\" data-end=\"948\">Scandinavian Tobacco Group (STG)<\/strong>. Produkten \u00e4r <strong data-start=\"963\" data-end=\"982\">100 % tobaksfri<\/strong>, vilket ger en <strong data-start=\"998\" data-end=\"1068\">ren nikotinupplevelse utan missf\u00e4rgning av t\u00e4nder eller tobakslukt<\/strong>.<\/p>\n<p data-start=\"1071\" data-end=\"1329\">Med en <strong data-start=\"1078\" data-end=\"1123\">nikotinhalt p\u00e5 19,2 mg\/g (9,6 mg\/portion)<\/strong> tillh\u00f6r den styrkekategorin <strong data-start=\"1152\" data-end=\"1167\">Extra Stark<\/strong>, vilket g\u00f6r den idealisk f\u00f6r vana anv\u00e4ndare. Formatet \u00e4r <strong data-start=\"1225\" data-end=\"1233\">slim<\/strong>, vilket inneb\u00e4r diskreta och bekv\u00e4ma portioner som sitter bra under l\u00e4ppen \u2013 oavsett var du \u00e4r.<\/p>\n<p data-start=\"1331\" data-end=\"1530\">Smakprofilen \u00e4r tydligt <strong data-start=\"1355\" data-end=\"1392\">mintig med en stark mentholeffekt<\/strong>, vilket ger en <strong data-start=\"1408\" data-end=\"1450\">omedelbar och l\u00e5ngvarig kylande k\u00e4nsla<\/strong>. En fr\u00e4sch, kraftfull och tobaksfri snusupplevelse med kvalitet i varje prilla.<\/p>\n<hr data-start=\"1532\" data-end=\"1535\" \/>\n<h3 data-start=\"1537\" data-end=\"1561\">\u2705 Produktinformation<\/h3>\n<div class=\"_tableContainer_80l1q_1\">\n<div class=\"_tableWrapper_80l1q_14 group flex w-fit flex-col-reverse\" tabindex=\"-1\">\n<table class=\"w-fit min-w-(--thread-content-width)\" data-start=\"1563\" data-end=\"2407\">\n<thead data-start=\"1563\" data-end=\"1627\">\n<tr data-start=\"1563\" data-end=\"1627\">\n<th data-start=\"1563\" data-end=\"1587\" data-col-size=\"sm\">Egenskap<\/th>\n<th data-start=\"1587\" data-end=\"1627\" data-col-size=\"sm\">Detalj<\/th>\n<\/tr>\n<\/thead>\n<tbody data-start=\"1693\" data-end=\"2407\">\n<tr data-start=\"1693\" data-end=\"1757\">\n<td data-start=\"1693\" data-end=\"1717\" data-col-size=\"sm\"><strong data-start=\"1695\" data-end=\"1708\">Varum\u00e4rke<\/strong><\/td>\n<td data-col-size=\"sm\" data-start=\"1717\" data-end=\"1757\">XQS<\/td>\n<\/tr>\n<tr data-start=\"1758\" data-end=\"1822\">\n<td data-start=\"1758\" data-end=\"1782\" data-col-size=\"sm\"><strong data-start=\"1760\" data-end=\"1774\">Produkttyp<\/strong><\/td>\n<td data-col-size=\"sm\" data-start=\"1782\" data-end=\"1822\">Vitt snus \/ All White Portion<\/td>\n<\/tr>\n<tr data-start=\"1823\" data-end=\"1887\">\n<td data-start=\"1823\" data-end=\"1847\" data-col-size=\"sm\"><strong data-start=\"1825\" data-end=\"1835\">Styrka<\/strong><\/td>\n<td data-col-size=\"sm\" data-start=\"1847\" data-end=\"1887\">Extra Stark<\/td>\n<\/tr>\n<tr data-start=\"1888\" data-end=\"1952\">\n<td data-start=\"1888\" data-end=\"1912\" data-col-size=\"sm\"><strong data-start=\"1890\" data-end=\"1905\">Nikotinhalt<\/strong><\/td>\n<td data-col-size=\"sm\" data-start=\"1912\" data-end=\"1952\">19,2 mg\/g \u2013 9,6 mg\/portion<\/td>\n<\/tr>\n<tr data-start=\"1953\" data-end=\"2017\">\n<td data-start=\"1953\" data-end=\"1977\" data-col-size=\"sm\"><strong data-start=\"1955\" data-end=\"1965\">Format<\/strong><\/td>\n<td data-col-size=\"sm\" data-start=\"1977\" data-end=\"2017\">Slim<\/td>\n<\/tr>\n<tr data-start=\"2018\" data-end=\"2082\">\n<td data-start=\"2018\" data-end=\"2042\" data-col-size=\"sm\"><strong data-start=\"2020\" data-end=\"2034\">Smakprofil<\/strong><\/td>\n<td data-col-size=\"sm\" data-start=\"2042\" data-end=\"2082\">Isig mint, menthol, fr\u00e4sch<\/td>\n<\/tr>\n<tr data-start=\"2083\" data-end=\"2147\">\n<td data-start=\"2083\" data-end=\"2107\" data-col-size=\"sm\"><strong data-start=\"2085\" data-end=\"2098\">Tobaksfri<\/strong><\/td>\n<td data-col-size=\"sm\" data-start=\"2107\" data-end=\"2147\">Ja<\/td>\n<\/tr>\n<tr data-start=\"2148\" data-end=\"2212\">\n<td data-start=\"2148\" data-end=\"2172\" data-col-size=\"sm\"><strong data-start=\"2150\" data-end=\"2169\">Antal portioner<\/strong><\/td>\n<td data-col-size=\"sm\" data-start=\"2172\" data-end=\"2212\">20 st per dosa<\/td>\n<\/tr>\n<tr data-start=\"2213\" data-end=\"2277\">\n<td data-start=\"2213\" data-end=\"2237\" data-col-size=\"sm\"><strong data-start=\"2215\" data-end=\"2228\">Nettovikt<\/strong><\/td>\n<td data-col-size=\"sm\" data-start=\"2237\" data-end=\"2277\">10 gram<\/td>\n<\/tr>\n<tr data-start=\"2278\" data-end=\"2342\">\n<td data-start=\"2278\" data-end=\"2302\" data-col-size=\"sm\"><strong data-start=\"2280\" data-end=\"2295\">Tillverkare<\/strong><\/td>\n<td data-col-size=\"sm\" data-start=\"2302\" data-end=\"2342\">Insurgent Ventures II \/ STG<\/td>\n<\/tr>\n<tr data-start=\"2343\" data-end=\"2407\">\n<td data-start=\"2343\" data-end=\"2367\" data-col-size=\"sm\"><strong data-start=\"2345\" data-end=\"2366\">Tillverkningsland<\/strong><\/td>\n<td data-col-size=\"sm\" data-start=\"2367\" data-end=\"2407\">Sverige<\/td>\n<\/tr>\n<\/tbody>\n<\/table>\n<div class=\"sticky end-(--thread-content-margin) h-0 self-end select-none\">\n<div class=\"absolute end-0 flex items-end\"><\/div>\n<\/div>\n<\/div>\n<\/div>\n<hr data-start=\"2409\" data-end=\"2412\" \/>\n<h2 data-start=\"2414\" data-end=\"2458\">\ud83d\udd04 Utforska hela XQS-serien hos Veloop.se<\/h2>\n<p data-start=\"2460\" data-end=\"2619\">XQS erbjuder ett brett utbud av nikotinp\u00e5sar i olika styrkor, smaker och format \u2013 fr\u00e5n fruktiga kombinationer till iskalla mintsmaker. H\u00e4r \u00e4r hela sortimentet:<\/p>\n<ul data-start=\"2621\" data-end=\"3770\">\n<li data-start=\"2621\" data-end=\"2654\">\n<p data-start=\"2623\" data-end=\"2654\"><strong data-start=\"2623\" data-end=\"2652\">XQS Blueberry Mint Medium<\/strong><\/p>\n<\/li>\n<li data-start=\"2655\" data-end=\"2688\">\n<p data-start=\"2657\" data-end=\"2688\"><strong data-start=\"2657\" data-end=\"2686\">XQS Blueberry Mint Strong<\/strong><\/p>\n<\/li>\n<li data-start=\"2689\" data-end=\"2720\">\n<p data-start=\"2691\" data-end=\"2720\"><strong data-start=\"2691\" data-end=\"2718\">XQS Black Cherry Medium<\/strong><\/p>\n<\/li>\n<li data-start=\"2721\" data-end=\"2752\">\n<p data-start=\"2723\" data-end=\"2752\"><strong data-start=\"2723\" data-end=\"2750\">XQS Black Cherry Strong<\/strong><\/p>\n<\/li>\n<li data-start=\"2753\" data-end=\"2783\">\n<p data-start=\"2755\" data-end=\"2783\"><strong data-start=\"2755\" data-end=\"2781\">XQS Cactus Sour Medium<\/strong><\/p>\n<\/li>\n<li data-start=\"2784\" data-end=\"2814\">\n<p data-start=\"2786\" data-end=\"2814\"><strong data-start=\"2786\" data-end=\"2812\">XQS Cactus Sour Strong<\/strong><\/p>\n<\/li>\n<li data-start=\"2815\" data-end=\"2847\">\n<p data-start=\"2817\" data-end=\"2847\"><strong data-start=\"2817\" data-end=\"2845\">XQS Cool Ice Mini Medium<\/strong><\/p>\n<\/li>\n<li data-start=\"2848\" data-end=\"2875\">\n<p data-start=\"2850\" data-end=\"2875\"><strong data-start=\"2850\" data-end=\"2873\">XQS Cool Ice Strong<\/strong><\/p>\n<\/li>\n<li data-start=\"2876\" data-end=\"2908\">\n<p data-start=\"2878\" data-end=\"2908\"><strong data-start=\"2878\" data-end=\"2906\">XQS Cool Ice Extra Stark<\/strong><\/p>\n<\/li>\n<li data-start=\"2909\" data-end=\"2947\">\n<p data-start=\"2911\" data-end=\"2947\"><strong data-start=\"2911\" data-end=\"2945\">XQS Arctic Freeze X-tra Strong<\/strong><\/p>\n<\/li>\n<li data-start=\"2948\" data-end=\"2986\">\n<p data-start=\"2950\" data-end=\"2986\"><strong data-start=\"2950\" data-end=\"2984\">XQS Arctic Freeze Ultra Strong<\/strong><\/p>\n<\/li>\n<li data-start=\"2987\" data-end=\"3014\">\n<p data-start=\"2989\" data-end=\"3014\"><strong data-start=\"2989\" data-end=\"3012\">XQS Fr\u00f6s Bit Strong<\/strong><\/p>\n<\/li>\n<li data-start=\"3015\" data-end=\"3048\">\n<p data-start=\"3017\" data-end=\"3048\"><strong data-start=\"3017\" data-end=\"3046\">XQS Fr\u00f6s Bit Ultra Strong<\/strong><\/p>\n<\/li>\n<li data-start=\"3049\" data-end=\"3077\">\n<p data-start=\"3051\" data-end=\"3077\"><strong data-start=\"3051\" data-end=\"3075\">XQS Fr\u00f6s Double Mint<\/strong><\/p>\n<\/li>\n<li data-start=\"3078\" data-end=\"3106\">\n<p data-start=\"3080\" data-end=\"3106\"><strong data-start=\"3080\" data-end=\"3104\">XQS Fr\u00f6s Crispy Mint<\/strong><\/p>\n<\/li>\n<li data-start=\"3107\" data-end=\"3134\">\n<p data-start=\"3109\" data-end=\"3134\"><strong data-start=\"3109\" data-end=\"3132\">XQS Tropical Medium<\/strong><\/p>\n<\/li>\n<li data-start=\"3135\" data-end=\"3162\">\n<p data-start=\"3137\" data-end=\"3162\"><strong data-start=\"3137\" data-end=\"3160\">XQS Tropical Strong<\/strong><\/p>\n<\/li>\n<li data-start=\"3163\" data-end=\"3196\">\n<p data-start=\"3165\" data-end=\"3196\"><strong data-start=\"3165\" data-end=\"3194\">XQS Citrus Cooling Medium<\/strong><\/p>\n<\/li>\n<li data-start=\"3197\" data-end=\"3230\">\n<p data-start=\"3199\" data-end=\"3230\"><strong data-start=\"3199\" data-end=\"3228\">XQS Citrus Cooling Strong<\/strong><\/p>\n<\/li>\n<li data-start=\"3231\" data-end=\"3261\">\n<p data-start=\"3233\" data-end=\"3261\"><strong data-start=\"3233\" data-end=\"3259\">XQS Soft Toffee Strong<\/strong><\/p>\n<\/li>\n<li data-start=\"3262\" data-end=\"3291\">\n<p data-start=\"3264\" data-end=\"3291\"><strong data-start=\"3264\" data-end=\"3289\">XQS Fizzy Cola Medium<\/strong><\/p>\n<\/li>\n<li data-start=\"3292\" data-end=\"3321\">\n<p data-start=\"3294\" data-end=\"3321\"><strong data-start=\"3294\" data-end=\"3319\">XQS Fizzy Cola Strong<\/strong><\/p>\n<\/li>\n<li data-start=\"3322\" data-end=\"3353\">\n<p data-start=\"3324\" data-end=\"3353\"><strong data-start=\"3324\" data-end=\"3351\">XQS Elder Flower Medium<\/strong><\/p>\n<\/li>\n<li data-start=\"3354\" data-end=\"3385\">\n<p data-start=\"3356\" data-end=\"3385\"><strong data-start=\"3356\" data-end=\"3383\">XQS Elder Flower Strong<\/strong><\/p>\n<\/li>\n<li data-start=\"3386\" data-end=\"3416\">\n<p data-start=\"3388\" data-end=\"3416\"><strong data-start=\"3388\" data-end=\"3414\">XQS Wintergreen Medium<\/strong><\/p>\n<\/li>\n<li data-start=\"3417\" data-end=\"3445\">\n<p data-start=\"3419\" data-end=\"3445\"><strong data-start=\"3419\" data-end=\"3443\">XQS Spearmint Strong<\/strong><\/p>\n<\/li>\n<li data-start=\"3446\" data-end=\"3476\">\n<p data-start=\"3448\" data-end=\"3476\"><strong data-start=\"3448\" data-end=\"3474\">XQS Chili Mango Strong<\/strong><\/p>\n<\/li>\n<li data-start=\"3477\" data-end=\"3508\">\n<p data-start=\"3479\" data-end=\"3508\"><strong data-start=\"3479\" data-end=\"3506\">XQS Orange Apple Medium<\/strong><\/p>\n<\/li>\n<li data-start=\"3509\" data-end=\"3540\">\n<p data-start=\"3511\" data-end=\"3540\"><strong data-start=\"3511\" data-end=\"3538\">XQS Orange Apple Strong<\/strong><\/p>\n<\/li>\n<li data-start=\"3541\" data-end=\"3575\">\n<p data-start=\"3543\" data-end=\"3575\"><strong data-start=\"3543\" data-end=\"3573\">XQS Strawberry Kiwi Strong<\/strong><\/p>\n<\/li>\n<li data-start=\"3576\" data-end=\"3610\">\n<p data-start=\"3578\" data-end=\"3610\"><strong data-start=\"3578\" data-end=\"3608\">XQS Berrynana Twist Strong<\/strong><\/p>\n<\/li>\n<li data-start=\"3611\" data-end=\"3641\">\n<p data-start=\"3613\" data-end=\"3641\"><strong data-start=\"3613\" data-end=\"3639\">XQS Hallon Soda Strong<\/strong><\/p>\n<\/li>\n<li data-start=\"3642\" data-end=\"3668\">\n<p data-start=\"3644\" data-end=\"3668\"><strong data-start=\"3644\" data-end=\"3666\">XQS Hallon Lakrits<\/strong><\/p>\n<\/li>\n<li data-start=\"3669\" data-end=\"3710\">\n<p data-start=\"3671\" data-end=\"3710\"><strong data-start=\"3671\" data-end=\"3708\">XQS Raspberry Blackcurrant Strong<\/strong><\/p>\n<\/li>\n<li data-start=\"3711\" data-end=\"3742\">\n<p data-start=\"3713\" data-end=\"3742\"><strong data-start=\"3713\" data-end=\"3740\">XQS Fruzzly Slim Strong<\/strong><\/p>\n<\/li>\n<li data-start=\"3743\" data-end=\"3770\">\n<p data-start=\"3745\" data-end=\"3770\"><strong data-start=\"3745\" data-end=\"3770\">XQS Twin Apple Strong<\/strong><\/p>\n<\/li>\n<\/ul>\n<p data-start=\"3772\" data-end=\"3845\">\ud83d\udd17 <a class=\"\" href=\"https:\/\/snus-malmo.se\/sv\/xqs\/\" target=\"_new\" rel=\"noopener\" data-start=\"3775\" data-end=\"3845\">Se hela XQS-sortimentet p\u00e5 snus-malmo.se<\/a><\/p>\n<hr data-start=\"3847\" data-end=\"3850\" \/>\n<p data-start=\"3852\" data-end=\"4082\">\ud83d\uded2 <strong data-start=\"3855\" data-end=\"3901\">K\u00f6p XQS Cool Ice Extra Stark hos Veloop.se<\/strong> \u2013 ett kraftfullt tobaksfritt snus med 9,6 mg nikotin\/portion och isande mintsmak. Perfekt f\u00f6r dig som s\u00f6ker en riktigt stark nikotinupplevelse med fr\u00e4sch k\u00e4nsla och diskret format.<\/p>","protected":false},"excerpt":{"rendered":"<h1 data-start=\"356\" data-end=\"445\">XQS COOL ICE Slim Extra Stark<\/h1>\n<h2 data-start=\"197\" data-end=\"300\"><img decoding=\"async\" class=\"wp-image-62925 alignleft\" src=\"https:\/\/snus-malmo.se\/wp-content\/uploads\/2025\/05\/xqs-logo.png\" alt=\"\" width=\"109\" height=\"48\" srcset=\"https:\/\/snus-malmo.se\/wp-content\/uploads\/2025\/05\/xqs-logo.png 269w, https:\/\/snus-malmo.se\/wp-content\/uploads\/2025\/05\/xqs-logo-18x8.png 18w\" sizes=\"(max-width: 109px) 100vw, 109px\" \/><\/h2>\n<h2 data-start=\"336\" data-end=\"433\">XQS Cool Ice Extra Stark \u2013 Kraftfull mintk\u00e4nsla i tobaksfritt slim-format | K\u00f6p hos Veloop.se<\/h2>\n<p data-start=\"4153\" data-end=\"4347\"><strong data-start=\"4153\" data-end=\"4181\">XQS Cool Ice Extra Stark<\/strong> \u00e4r ett tobaksfritt slim-snus med intensiv mintsmak och 9,6 mg nikotin per portion (19,2 mg\/g). En extra stark, fr\u00e4sch och kylande nikotinupplevelse i diskret format.<\/p>\n<p data-start=\"4349\" data-end=\"4422\">\ud83d\udd17 <a class=\"\" href=\"https:\/\/snus-malmo.se\/sv\/xqs\/\" target=\"_new\" rel=\"noopener\" data-start=\"4352\" data-end=\"4422\">Se hela XQS-sortimentet p\u00e5 snus-malmo.se<\/a><\/p>\n<p data-start=\"3765\" data-end=\"3838\">\n<p data-start=\"3849\" data-end=\"3922\">\n<p data-start=\"4069\" data-end=\"4142\">","protected":false},"featured_media":63031,"comment_status":"open","ping_status":"closed","template":"","meta":[],"product_brand":[],"product_cat":[136,137,354,127],"product_tag":[],"class_list":{"0":"post-63037","1":"product","2":"type-product","3":"status-publish","4":"has-post-thumbnail","6":"product_cat-all-whites","7":"product_cat-slim","8":"product_cat-strongstark","9":"product_cat-xqs","11":"first","12":"instock","13":"taxable","14":"shipping-taxable","15":"purchasable","16":"product-type-variable"},"_links":{"self":[{"href":"https:\/\/snus-malmo.se\/sv\/wp-json\/wp\/v2\/product\/63037","targetHints":{"allow":["GET"]}}],"collection":[{"href":"https:\/\/snus-malmo.se\/sv\/wp-json\/wp\/v2\/product"}],"about":[{"href":"https:\/\/snus-malmo.se\/sv\/wp-json\/wp\/v2\/types\/product"}],"replies":[{"embeddable":true,"href":"https:\/\/snus-malmo.se\/sv\/wp-json\/wp\/v2\/comments?post=63037"}],"version-history":[{"count":0,"href":"https:\/\/snus-malmo.se\/sv\/wp-json\/wp\/v2\/product\/63037\/revisions"}],"wp:featuredmedia":[{"embeddable":true,"href":"https:\/\/snus-malmo.se\/sv\/wp-json\/wp\/v2\/media\/63031"}],"wp:attachment":[{"href":"https:\/\/snus-malmo.se\/sv\/wp-json\/wp\/v2\/media?parent=63037"}],"wp:term":[{"taxonomy":"product_brand","embeddable":true,"href":"https:\/\/snus-malmo.se\/sv\/wp-json\/wp\/v2\/product_brand?post=63037"},{"taxonomy":"product_cat","embeddable":true,"href":"https:\/\/snus-malmo.se\/sv\/wp-json\/wp\/v2\/product_cat?post=63037"},{"taxonomy":"product_tag","embeddable":true,"href":"https:\/\/snus-malmo.se\/sv\/wp-json\/wp\/v2\/product_tag?post=63037"}],"curies":[{"name":"wp","href":"https:\/\/api.w.org\/{rel}","templated":true}]}}