{"id":63043,"date":"2025-07-11T14:22:24","date_gmt":"2025-07-11T14:22:24","guid":{"rendered":"https:\/\/snus-malmo.se\/?post_type=product&#038;p=63043"},"modified":"2025-11-22T09:26:08","modified_gmt":"2025-11-22T09:26:08","slug":"xqs-arctic-freeze-extra-strong","status":"publish","type":"product","link":"https:\/\/snus-malmo.se\/sv\/produkt\/xqs-arctic-freeze-extra-strong\/","title":{"rendered":"XQS Arctic Freeze Extra Strong"},"content":{"rendered":"<h1 data-start=\"356\" data-end=\"445\">XQS Arctic Freeze Extra Strong<\/h1>\n<h2 data-start=\"309\" data-end=\"405\">XQS Arctic Freeze Extra Strong \u2013 Maximal kylig nikotinkick i slim-format | K\u00f6p hos Veloop.se<\/h2>\n<p data-start=\"407\" data-end=\"681\">Letar du efter ett <strong data-start=\"426\" data-end=\"459\">extra starkt tobaksfritt snus<\/strong> med <strong data-start=\"464\" data-end=\"503\">explosiv mintsmak och intensiv kyla<\/strong>? D\u00e5 \u00e4r <strong data-start=\"511\" data-end=\"545\">XQS Arctic Freeze Extra Strong<\/strong> n\u00e5got f\u00f6r dig. Denna produkt \u00e4r utvecklad f\u00f6r vana anv\u00e4ndare som s\u00f6ker <strong data-start=\"617\" data-end=\"680\">en riktigt kraftfull nikotinupplevelse med isande fr\u00e4schhet<\/strong>.<\/p>\n<p data-start=\"683\" data-end=\"969\">XQS Arctic Freeze Extra Strong ing\u00e5r i den popul\u00e4ra serien <strong data-start=\"742\" data-end=\"766\">XQS Nicotine Pouches<\/strong> och tillverkas i Sverige av <strong data-start=\"795\" data-end=\"820\">Insurgent Ventures II<\/strong> i samarbete med <strong data-start=\"837\" data-end=\"873\">Scandinavian Tobacco Group (STG)<\/strong>. Produkten \u00e4r <strong data-start=\"888\" data-end=\"907\">100 % tobaksfri<\/strong>, men inneh\u00e5ller <strong data-start=\"924\" data-end=\"939\">ren nikotin<\/strong> utvunnen fr\u00e5n nikotinextrakt.<\/p>\n<p data-start=\"971\" data-end=\"1308\">Med en <strong data-start=\"978\" data-end=\"1004\">nikotinhalt p\u00e5 19,2 mg\/g<\/strong>, vilket motsvarar 9,6<strong data-start=\"1023\" data-end=\"1052\">\u00a0mg nikotin per portion<\/strong>, tillh\u00f6r Arctic Freeze styrkekategorin <strong data-start=\"1092\" data-end=\"1107\">Extra Stark<\/strong>. Det h\u00e4r \u00e4r ett vitt snus f\u00f6r dig som \u00e4r ute efter en tydlig kick \u2013 utan att kompromissa med smak eller diskretion. Formatet \u00e4r <strong data-start=\"1236\" data-end=\"1244\">slim<\/strong>, vilket g\u00f6r prillorna tunna, bekv\u00e4ma och diskreta under l\u00e4ppen.<\/p>\n<p data-start=\"1310\" data-end=\"1561\">Smaken \u00e4r <strong data-start=\"1320\" data-end=\"1370\">ultrafrisk med kraftig mint och isande menthol<\/strong> \u2013 en extremt kylande k\u00e4nsla som h\u00e5ller i sig l\u00e4nge. Arctic Freeze \u00e4r en favorit bland anv\u00e4ndare som uppskattar en <strong data-start=\"1485\" data-end=\"1531\">ren, kraftfull och uppfriskande smakprofil<\/strong> i kombination med h\u00f6g styrka.<\/p>\n<hr data-start=\"1563\" data-end=\"1566\" \/>\n<h3 data-start=\"1568\" data-end=\"1592\">\u2705 Produktinformation<\/h3>\n<div class=\"_tableContainer_80l1q_1\">\n<div class=\"_tableWrapper_80l1q_14 group flex w-fit flex-col-reverse\" tabindex=\"-1\">\n<table class=\"w-fit min-w-(--thread-content-width)\" data-start=\"1594\" data-end=\"2463\">\n<thead data-start=\"1594\" data-end=\"1659\">\n<tr data-start=\"1594\" data-end=\"1659\">\n<th data-start=\"1594\" data-end=\"1618\" data-col-size=\"sm\">Egenskap<\/th>\n<th data-start=\"1618\" data-end=\"1659\" data-col-size=\"sm\">Detalj<\/th>\n<\/tr>\n<\/thead>\n<tbody data-start=\"1727\" data-end=\"2463\">\n<tr data-start=\"1727\" data-end=\"1793\">\n<td data-start=\"1727\" data-end=\"1751\" data-col-size=\"sm\"><strong data-start=\"1729\" data-end=\"1742\">Varum\u00e4rke<\/strong><\/td>\n<td data-start=\"1751\" data-end=\"1793\" data-col-size=\"sm\">XQS<\/td>\n<\/tr>\n<tr data-start=\"1794\" data-end=\"1860\">\n<td data-start=\"1794\" data-end=\"1818\" data-col-size=\"sm\"><strong data-start=\"1796\" data-end=\"1810\">Produkttyp<\/strong><\/td>\n<td data-start=\"1818\" data-end=\"1860\" data-col-size=\"sm\">Vitt snus \/ All White Portion<\/td>\n<\/tr>\n<tr data-start=\"1861\" data-end=\"1927\">\n<td data-start=\"1861\" data-end=\"1885\" data-col-size=\"sm\"><strong data-start=\"1863\" data-end=\"1873\">Styrka<\/strong><\/td>\n<td data-start=\"1885\" data-end=\"1927\" data-col-size=\"sm\">Extra Stark<\/td>\n<\/tr>\n<tr data-start=\"1928\" data-end=\"1994\">\n<td data-start=\"1928\" data-end=\"1952\" data-col-size=\"sm\"><strong data-start=\"1930\" data-end=\"1945\">Nikotinhalt<\/strong><\/td>\n<td data-start=\"1952\" data-end=\"1994\" data-col-size=\"sm\">19,2 mg\/g \u2013 9,6 mg\/portion<\/td>\n<\/tr>\n<tr data-start=\"1995\" data-end=\"2061\">\n<td data-start=\"1995\" data-end=\"2019\" data-col-size=\"sm\"><strong data-start=\"1997\" data-end=\"2007\">Format<\/strong><\/td>\n<td data-start=\"2019\" data-end=\"2061\" data-col-size=\"sm\">Slim<\/td>\n<\/tr>\n<tr data-start=\"2062\" data-end=\"2128\">\n<td data-start=\"2062\" data-end=\"2086\" data-col-size=\"sm\"><strong data-start=\"2064\" data-end=\"2078\">Smakprofil<\/strong><\/td>\n<td data-start=\"2086\" data-end=\"2128\" data-col-size=\"sm\">Iskall mint, menthol, fr\u00e4sch<\/td>\n<\/tr>\n<tr data-start=\"2129\" data-end=\"2195\">\n<td data-start=\"2129\" data-end=\"2153\" data-col-size=\"sm\"><strong data-start=\"2131\" data-end=\"2144\">Tobaksfri<\/strong><\/td>\n<td data-start=\"2153\" data-end=\"2195\" data-col-size=\"sm\">Ja<\/td>\n<\/tr>\n<tr data-start=\"2196\" data-end=\"2262\">\n<td data-start=\"2196\" data-end=\"2220\" data-col-size=\"sm\"><strong data-start=\"2198\" data-end=\"2217\">Antal portioner<\/strong><\/td>\n<td data-start=\"2220\" data-end=\"2262\" data-col-size=\"sm\">20 st per dosa<\/td>\n<\/tr>\n<tr data-start=\"2263\" data-end=\"2329\">\n<td data-start=\"2263\" data-end=\"2287\" data-col-size=\"sm\"><strong data-start=\"2265\" data-end=\"2278\">Nettovikt<\/strong><\/td>\n<td data-start=\"2287\" data-end=\"2329\" data-col-size=\"sm\">10 gram<\/td>\n<\/tr>\n<tr data-start=\"2330\" data-end=\"2396\">\n<td data-start=\"2330\" data-end=\"2354\" data-col-size=\"sm\"><strong data-start=\"2332\" data-end=\"2347\">Tillverkare<\/strong><\/td>\n<td data-start=\"2354\" data-end=\"2396\" data-col-size=\"sm\">Insurgent Ventures II \/ STG<\/td>\n<\/tr>\n<tr data-start=\"2397\" data-end=\"2463\">\n<td data-start=\"2397\" data-end=\"2421\" data-col-size=\"sm\"><strong data-start=\"2399\" data-end=\"2420\">Tillverkningsland<\/strong><\/td>\n<td data-start=\"2421\" data-end=\"2463\" data-col-size=\"sm\">Sverige<\/td>\n<\/tr>\n<\/tbody>\n<\/table>\n<div class=\"sticky end-(--thread-content-margin) h-0 self-end select-none\">\n<div class=\"absolute end-0 flex items-end\"><\/div>\n<\/div>\n<\/div>\n<\/div>\n<hr data-start=\"2465\" data-end=\"2468\" \/>\n<h2 data-start=\"2470\" data-end=\"2514\">\ud83d\udd04 Utforska hela XQS-serien hos Veloop.se<\/h2>\n<p data-start=\"2516\" data-end=\"2675\">XQS erbjuder ett brett utbud av nikotinp\u00e5sar i olika styrkor, smaker och format \u2013 fr\u00e5n fruktiga kombinationer till iskalla mintsmaker. H\u00e4r \u00e4r hela sortimentet:<\/p>\n<ul data-start=\"2677\" data-end=\"3826\">\n<li data-start=\"2677\" data-end=\"2710\">\n<p data-start=\"2679\" data-end=\"2710\"><strong data-start=\"2679\" data-end=\"2708\">XQS Blueberry Mint Medium<\/strong><\/p>\n<\/li>\n<li data-start=\"2711\" data-end=\"2744\">\n<p data-start=\"2713\" data-end=\"2744\"><strong data-start=\"2713\" data-end=\"2742\">XQS Blueberry Mint Strong<\/strong><\/p>\n<\/li>\n<li data-start=\"2745\" data-end=\"2776\">\n<p data-start=\"2747\" data-end=\"2776\"><strong data-start=\"2747\" data-end=\"2774\">XQS Black Cherry Medium<\/strong><\/p>\n<\/li>\n<li data-start=\"2777\" data-end=\"2808\">\n<p data-start=\"2779\" data-end=\"2808\"><strong data-start=\"2779\" data-end=\"2806\">XQS Black Cherry Strong<\/strong><\/p>\n<\/li>\n<li data-start=\"2809\" data-end=\"2839\">\n<p data-start=\"2811\" data-end=\"2839\"><strong data-start=\"2811\" data-end=\"2837\">XQS Cactus Sour Medium<\/strong><\/p>\n<\/li>\n<li data-start=\"2840\" data-end=\"2870\">\n<p data-start=\"2842\" data-end=\"2870\"><strong data-start=\"2842\" data-end=\"2868\">XQS Cactus Sour Strong<\/strong><\/p>\n<\/li>\n<li data-start=\"2871\" data-end=\"2903\">\n<p data-start=\"2873\" data-end=\"2903\"><strong data-start=\"2873\" data-end=\"2901\">XQS Cool Ice Mini Medium<\/strong><\/p>\n<\/li>\n<li data-start=\"2904\" data-end=\"2931\">\n<p data-start=\"2906\" data-end=\"2931\"><strong data-start=\"2906\" data-end=\"2929\">XQS Cool Ice Strong<\/strong><\/p>\n<\/li>\n<li data-start=\"2932\" data-end=\"2964\">\n<p data-start=\"2934\" data-end=\"2964\"><strong data-start=\"2934\" data-end=\"2962\">XQS Cool Ice Extra Stark<\/strong><\/p>\n<\/li>\n<li data-start=\"2965\" data-end=\"3003\">\n<p data-start=\"2967\" data-end=\"3003\"><strong data-start=\"2967\" data-end=\"3001\">XQS Arctic Freeze X-tra Strong<\/strong><\/p>\n<\/li>\n<li data-start=\"3004\" data-end=\"3042\">\n<p data-start=\"3006\" data-end=\"3042\"><strong data-start=\"3006\" data-end=\"3040\">XQS Arctic Freeze Ultra Strong<\/strong><\/p>\n<\/li>\n<li data-start=\"3043\" data-end=\"3070\">\n<p data-start=\"3045\" data-end=\"3070\"><strong data-start=\"3045\" data-end=\"3068\">XQS Fr\u00f6s Bit Strong<\/strong><\/p>\n<\/li>\n<li data-start=\"3071\" data-end=\"3104\">\n<p data-start=\"3073\" data-end=\"3104\"><strong data-start=\"3073\" data-end=\"3102\">XQS Fr\u00f6s Bit Ultra Strong<\/strong><\/p>\n<\/li>\n<li data-start=\"3105\" data-end=\"3133\">\n<p data-start=\"3107\" data-end=\"3133\"><strong data-start=\"3107\" data-end=\"3131\">XQS Fr\u00f6s Double Mint<\/strong><\/p>\n<\/li>\n<li data-start=\"3134\" data-end=\"3162\">\n<p data-start=\"3136\" data-end=\"3162\"><strong data-start=\"3136\" data-end=\"3160\">XQS Fr\u00f6s Crispy Mint<\/strong><\/p>\n<\/li>\n<li data-start=\"3163\" data-end=\"3190\">\n<p data-start=\"3165\" data-end=\"3190\"><strong data-start=\"3165\" data-end=\"3188\">XQS Tropical Medium<\/strong><\/p>\n<\/li>\n<li data-start=\"3191\" data-end=\"3218\">\n<p data-start=\"3193\" data-end=\"3218\"><strong data-start=\"3193\" data-end=\"3216\">XQS Tropical Strong<\/strong><\/p>\n<\/li>\n<li data-start=\"3219\" data-end=\"3252\">\n<p data-start=\"3221\" data-end=\"3252\"><strong data-start=\"3221\" data-end=\"3250\">XQS Citrus Cooling Medium<\/strong><\/p>\n<\/li>\n<li data-start=\"3253\" data-end=\"3286\">\n<p data-start=\"3255\" data-end=\"3286\"><strong data-start=\"3255\" data-end=\"3284\">XQS Citrus Cooling Strong<\/strong><\/p>\n<\/li>\n<li data-start=\"3287\" data-end=\"3317\">\n<p data-start=\"3289\" data-end=\"3317\"><strong data-start=\"3289\" data-end=\"3315\">XQS Soft Toffee Strong<\/strong><\/p>\n<\/li>\n<li data-start=\"3318\" data-end=\"3347\">\n<p data-start=\"3320\" data-end=\"3347\"><strong data-start=\"3320\" data-end=\"3345\">XQS Fizzy Cola Medium<\/strong><\/p>\n<\/li>\n<li data-start=\"3348\" data-end=\"3377\">\n<p data-start=\"3350\" data-end=\"3377\"><strong data-start=\"3350\" data-end=\"3375\">XQS Fizzy Cola Strong<\/strong><\/p>\n<\/li>\n<li data-start=\"3378\" data-end=\"3409\">\n<p data-start=\"3380\" data-end=\"3409\"><strong data-start=\"3380\" data-end=\"3407\">XQS Elder Flower Medium<\/strong><\/p>\n<\/li>\n<li data-start=\"3410\" data-end=\"3441\">\n<p data-start=\"3412\" data-end=\"3441\"><strong data-start=\"3412\" data-end=\"3439\">XQS Elder Flower Strong<\/strong><\/p>\n<\/li>\n<li data-start=\"3442\" data-end=\"3472\">\n<p data-start=\"3444\" data-end=\"3472\"><strong data-start=\"3444\" data-end=\"3470\">XQS Wintergreen Medium<\/strong><\/p>\n<\/li>\n<li data-start=\"3473\" data-end=\"3501\">\n<p data-start=\"3475\" data-end=\"3501\"><strong data-start=\"3475\" data-end=\"3499\">XQS Spearmint Strong<\/strong><\/p>\n<\/li>\n<li data-start=\"3502\" data-end=\"3532\">\n<p data-start=\"3504\" data-end=\"3532\"><strong data-start=\"3504\" data-end=\"3530\">XQS Chili Mango Strong<\/strong><\/p>\n<\/li>\n<li data-start=\"3533\" data-end=\"3564\">\n<p data-start=\"3535\" data-end=\"3564\"><strong data-start=\"3535\" data-end=\"3562\">XQS Orange Apple Medium<\/strong><\/p>\n<\/li>\n<li data-start=\"3565\" data-end=\"3596\">\n<p data-start=\"3567\" data-end=\"3596\"><strong data-start=\"3567\" data-end=\"3594\">XQS Orange Apple Strong<\/strong><\/p>\n<\/li>\n<li data-start=\"3597\" data-end=\"3631\">\n<p data-start=\"3599\" data-end=\"3631\"><strong data-start=\"3599\" data-end=\"3629\">XQS Strawberry Kiwi Strong<\/strong><\/p>\n<\/li>\n<li data-start=\"3632\" data-end=\"3666\">\n<p data-start=\"3634\" data-end=\"3666\"><strong data-start=\"3634\" data-end=\"3664\">XQS Berrynana Twist Strong<\/strong><\/p>\n<\/li>\n<li data-start=\"3667\" data-end=\"3697\">\n<p data-start=\"3669\" data-end=\"3697\"><strong data-start=\"3669\" data-end=\"3695\">XQS Hallon Soda Strong<\/strong><\/p>\n<\/li>\n<li data-start=\"3698\" data-end=\"3724\">\n<p data-start=\"3700\" data-end=\"3724\"><strong data-start=\"3700\" data-end=\"3722\">XQS Hallon Lakrits<\/strong><\/p>\n<\/li>\n<li data-start=\"3725\" data-end=\"3766\">\n<p data-start=\"3727\" data-end=\"3766\"><strong data-start=\"3727\" data-end=\"3764\">XQS Raspberry Blackcurrant Strong<\/strong><\/p>\n<\/li>\n<li data-start=\"3767\" data-end=\"3798\">\n<p data-start=\"3769\" data-end=\"3798\"><strong data-start=\"3769\" data-end=\"3796\">XQS Fruzzly Slim Strong<\/strong><\/p>\n<\/li>\n<li data-start=\"3799\" data-end=\"3826\">\n<p data-start=\"3801\" data-end=\"3826\"><strong data-start=\"3801\" data-end=\"3826\">XQS Twin Apple Strong<\/strong><\/p>\n<\/li>\n<\/ul>\n<p data-start=\"3828\" data-end=\"3901\">\ud83d\udd17 <a class=\"\" href=\"https:\/\/snus-malmo.se\/sv\/xqs\/\" target=\"_new\" rel=\"noopener\" data-start=\"3831\" data-end=\"3901\">Se hela XQS-sortimentet p\u00e5 snus-malmo.se<\/a><\/p>\n<hr data-start=\"3903\" data-end=\"3906\" \/>\n<p data-start=\"3908\" data-end=\"4122\">\ud83d\uded2 <strong data-start=\"3911\" data-end=\"3963\">K\u00f6p XQS Arctic Freeze Extra Strong hos Veloop.se<\/strong> \u2013 ett kraftfullt tobaksfritt snus med iskall mintsmak och 10 mg nikotin per portion. En stark, fr\u00e4sch och diskret nikotinkick f\u00f6r dig som vill ha n\u00e5got extra.<\/p>","protected":false},"excerpt":{"rendered":"<h1 data-start=\"356\" data-end=\"445\">XQS Arctic Freeze Extra Strong<\/h1>\n<h2 data-start=\"197\" data-end=\"300\"><img decoding=\"async\" class=\"wp-image-62925 alignleft\" src=\"https:\/\/snus-malmo.se\/wp-content\/uploads\/2025\/05\/xqs-logo.png\" alt=\"\" width=\"109\" height=\"48\" srcset=\"https:\/\/snus-malmo.se\/wp-content\/uploads\/2025\/05\/xqs-logo.png 269w, https:\/\/snus-malmo.se\/wp-content\/uploads\/2025\/05\/xqs-logo-18x8.png 18w\" sizes=\"(max-width: 109px) 100vw, 109px\" \/><\/h2>\n<h2 data-start=\"309\" data-end=\"405\">XQS Arctic Freeze Extra Strong \u2013 Maximal kylig nikotinkick i slim-format | K\u00f6p hos Veloop.se<\/h2>\n<p data-start=\"4193\" data-end=\"4399\"><strong data-start=\"4193\" data-end=\"4227\">XQS Arctic Freeze Extra Strong<\/strong> \u00e4r ett tobaksfritt snus i slim-format med extremt kylande mintsmak och 10 mg nikotin per portion (20 mg\/g). En extra stark och fr\u00e4sch nikotinupplevelse f\u00f6r vana anv\u00e4ndare.<\/p>\n<p data-start=\"4401\" data-end=\"4474\">\ud83d\udd17 <a class=\"\" href=\"https:\/\/snus-malmo.se\/sv\/xqs\/\" target=\"_new\" rel=\"noopener\" data-start=\"4404\" data-end=\"4474\">Se hela XQS-sortimentet p\u00e5 snus-malmo.se<\/a><\/p>\n<p data-start=\"4349\" data-end=\"4422\">\n<p data-start=\"4069\" data-end=\"4142\">","protected":false},"featured_media":18969,"comment_status":"open","ping_status":"closed","template":"","meta":[],"product_brand":[],"product_cat":[136,137,354,127],"product_tag":[],"class_list":{"0":"post-63043","1":"product","2":"type-product","3":"status-publish","4":"has-post-thumbnail","6":"product_cat-all-whites","7":"product_cat-slim","8":"product_cat-strongstark","9":"product_cat-xqs","11":"first","12":"instock","13":"taxable","14":"shipping-taxable","15":"purchasable","16":"product-type-variable"},"_links":{"self":[{"href":"https:\/\/snus-malmo.se\/sv\/wp-json\/wp\/v2\/product\/63043","targetHints":{"allow":["GET"]}}],"collection":[{"href":"https:\/\/snus-malmo.se\/sv\/wp-json\/wp\/v2\/product"}],"about":[{"href":"https:\/\/snus-malmo.se\/sv\/wp-json\/wp\/v2\/types\/product"}],"replies":[{"embeddable":true,"href":"https:\/\/snus-malmo.se\/sv\/wp-json\/wp\/v2\/comments?post=63043"}],"version-history":[{"count":0,"href":"https:\/\/snus-malmo.se\/sv\/wp-json\/wp\/v2\/product\/63043\/revisions"}],"wp:featuredmedia":[{"embeddable":true,"href":"https:\/\/snus-malmo.se\/sv\/wp-json\/wp\/v2\/media\/18969"}],"wp:attachment":[{"href":"https:\/\/snus-malmo.se\/sv\/wp-json\/wp\/v2\/media?parent=63043"}],"wp:term":[{"taxonomy":"product_brand","embeddable":true,"href":"https:\/\/snus-malmo.se\/sv\/wp-json\/wp\/v2\/product_brand?post=63043"},{"taxonomy":"product_cat","embeddable":true,"href":"https:\/\/snus-malmo.se\/sv\/wp-json\/wp\/v2\/product_cat?post=63043"},{"taxonomy":"product_tag","embeddable":true,"href":"https:\/\/snus-malmo.se\/sv\/wp-json\/wp\/v2\/product_tag?post=63043"}],"curies":[{"name":"wp","href":"https:\/\/api.w.org\/{rel}","templated":true}]}}