{"id":63054,"date":"2025-07-11T14:29:41","date_gmt":"2025-07-11T14:29:41","guid":{"rendered":"https:\/\/snus-malmo.se\/?post_type=product&#038;p=63054"},"modified":"2025-11-22T09:26:04","modified_gmt":"2025-11-22T09:26:04","slug":"xqs-arctic-freeze-ultra-strong","status":"publish","type":"product","link":"https:\/\/snus-malmo.se\/sv\/produkt\/xqs-arctic-freeze-ultra-strong\/","title":{"rendered":"XQS Arctic Freeze Ultra Strong"},"content":{"rendered":"<h1 data-start=\"356\" data-end=\"445\">XQS Arctic Freeze Ultra Strong<\/h1>\n<h2 data-start=\"353\" data-end=\"443\">XQS Arctic Freeze Ultra Strong \u2013 Extrem kyla och kraftfull nikotin | K\u00f6p hos Veloop.se<\/h2>\n<p data-start=\"445\" data-end=\"800\">Vill du ha ett <strong data-start=\"460\" data-end=\"533\">tobaksfritt snus med maximal kyla och \u00e4nnu kraftfullare nikotineffekt<\/strong>? D\u00e5 \u00e4r <strong data-start=\"541\" data-end=\"575\">XQS Arctic Freeze Ultra Strong<\/strong> ett sj\u00e4lvklart val. Med en <strong data-start=\"603\" data-end=\"653\">nikotinhalt p\u00e5 11,2 mg per portion (22,4 mg\/g)<\/strong> \u00e4r detta en av de starkaste produkterna i XQS-sortimentet \u2013 framtagen f\u00f6r erfarna anv\u00e4ndare som s\u00f6ker <strong data-start=\"756\" data-end=\"799\">intensiv styrka och l\u00e5ngvarig fr\u00e4schhet<\/strong>.<\/p>\n<p data-start=\"802\" data-end=\"1143\"><strong data-start=\"802\" data-end=\"836\">XQS Arctic Freeze Ultra Strong<\/strong> kombinerar en <strong data-start=\"851\" data-end=\"890\">iskall mintsmak och kraftig menthol<\/strong> med ett <strong data-start=\"899\" data-end=\"914\">slim-format<\/strong> f\u00f6r b\u00e4sta komfort och diskretion. Perfekt f\u00f6r dig som vill ha <strong data-start=\"977\" data-end=\"1029\">en kylande nikotinupplevelse som verkligen k\u00e4nns<\/strong>, men utan tobak. Produkterna i serien \u00e4r helt <strong data-start=\"1076\" data-end=\"1090\">tobaksfria<\/strong> och inneh\u00e5ller ist\u00e4llet nikotin fr\u00e5n nikotinextrakt.<\/p>\n<p data-start=\"1145\" data-end=\"1407\">Tillverkad av <strong data-start=\"1159\" data-end=\"1184\">Insurgent Ventures II<\/strong> i samarbete med <strong data-start=\"1201\" data-end=\"1237\">Scandinavian Tobacco Group (STG)<\/strong>, \u00e4r Arctic Freeze Ultra Strong en del av den v\u00e4lk\u00e4nda serien <strong data-start=\"1299\" data-end=\"1323\">XQS Nicotine Pouches<\/strong> \u2013 en premiumlinje inom vitt snus som fokuserar p\u00e5 <strong data-start=\"1374\" data-end=\"1406\">smak, komfort och h\u00f6g styrka<\/strong>.<\/p>\n<p data-start=\"1409\" data-end=\"1567\">Prillorna \u00e4r diskreta, torra p\u00e5 ytan men fuktiga inuti, vilket ger <strong data-start=\"1476\" data-end=\"1520\">en snabb fris\u00e4ttning av smak och nikotin<\/strong>, samtidigt som de sitter bekv\u00e4mt under l\u00e4ppen.<\/p>\n<hr data-start=\"1569\" data-end=\"1572\" \/>\n<h3 data-start=\"1574\" data-end=\"1598\">\u2705 Produktinformation<\/h3>\n<div class=\"_tableContainer_80l1q_1\">\n<div class=\"_tableWrapper_80l1q_14 group flex w-fit flex-col-reverse\" tabindex=\"-1\">\n<table class=\"w-fit min-w-(--thread-content-width)\" data-start=\"1600\" data-end=\"2469\">\n<thead data-start=\"1600\" data-end=\"1665\">\n<tr data-start=\"1600\" data-end=\"1665\">\n<th data-start=\"1600\" data-end=\"1624\" data-col-size=\"sm\">Egenskap<\/th>\n<th data-start=\"1624\" data-end=\"1665\" data-col-size=\"sm\">Detalj<\/th>\n<\/tr>\n<\/thead>\n<tbody data-start=\"1733\" data-end=\"2469\">\n<tr data-start=\"1733\" data-end=\"1799\">\n<td data-start=\"1733\" data-end=\"1757\" data-col-size=\"sm\"><strong data-start=\"1735\" data-end=\"1748\">Varum\u00e4rke<\/strong><\/td>\n<td data-start=\"1757\" data-end=\"1799\" data-col-size=\"sm\">XQS<\/td>\n<\/tr>\n<tr data-start=\"1800\" data-end=\"1866\">\n<td data-start=\"1800\" data-end=\"1824\" data-col-size=\"sm\"><strong data-start=\"1802\" data-end=\"1816\">Produkttyp<\/strong><\/td>\n<td data-start=\"1824\" data-end=\"1866\" data-col-size=\"sm\">Vitt snus \/ All White Portion<\/td>\n<\/tr>\n<tr data-start=\"1867\" data-end=\"1933\">\n<td data-start=\"1867\" data-end=\"1891\" data-col-size=\"sm\"><strong data-start=\"1869\" data-end=\"1879\">Styrka<\/strong><\/td>\n<td data-start=\"1891\" data-end=\"1933\" data-col-size=\"sm\">Ultra Strong<\/td>\n<\/tr>\n<tr data-start=\"1934\" data-end=\"2000\">\n<td data-start=\"1934\" data-end=\"1958\" data-col-size=\"sm\"><strong data-start=\"1936\" data-end=\"1951\">Nikotinhalt<\/strong><\/td>\n<td data-start=\"1958\" data-end=\"2000\" data-col-size=\"sm\">22,4 mg\/g \u2013 11,2 mg\/portion<\/td>\n<\/tr>\n<tr data-start=\"2001\" data-end=\"2067\">\n<td data-start=\"2001\" data-end=\"2025\" data-col-size=\"sm\"><strong data-start=\"2003\" data-end=\"2013\">Format<\/strong><\/td>\n<td data-start=\"2025\" data-end=\"2067\" data-col-size=\"sm\">Slim<\/td>\n<\/tr>\n<tr data-start=\"2068\" data-end=\"2134\">\n<td data-start=\"2068\" data-end=\"2092\" data-col-size=\"sm\"><strong data-start=\"2070\" data-end=\"2084\">Smakprofil<\/strong><\/td>\n<td data-start=\"2092\" data-end=\"2134\" data-col-size=\"sm\">Iskall mint, menthol, fr\u00e4sch<\/td>\n<\/tr>\n<tr data-start=\"2135\" data-end=\"2201\">\n<td data-start=\"2135\" data-end=\"2159\" data-col-size=\"sm\"><strong data-start=\"2137\" data-end=\"2150\">Tobaksfri<\/strong><\/td>\n<td data-start=\"2159\" data-end=\"2201\" data-col-size=\"sm\">Ja<\/td>\n<\/tr>\n<tr data-start=\"2202\" data-end=\"2268\">\n<td data-start=\"2202\" data-end=\"2226\" data-col-size=\"sm\"><strong data-start=\"2204\" data-end=\"2223\">Antal portioner<\/strong><\/td>\n<td data-start=\"2226\" data-end=\"2268\" data-col-size=\"sm\">20 st per dosa<\/td>\n<\/tr>\n<tr data-start=\"2269\" data-end=\"2335\">\n<td data-start=\"2269\" data-end=\"2293\" data-col-size=\"sm\"><strong data-start=\"2271\" data-end=\"2284\">Nettovikt<\/strong><\/td>\n<td data-start=\"2293\" data-end=\"2335\" data-col-size=\"sm\">10 gram<\/td>\n<\/tr>\n<tr data-start=\"2336\" data-end=\"2402\">\n<td data-start=\"2336\" data-end=\"2360\" data-col-size=\"sm\"><strong data-start=\"2338\" data-end=\"2353\">Tillverkare<\/strong><\/td>\n<td data-start=\"2360\" data-end=\"2402\" data-col-size=\"sm\">Insurgent Ventures II \/ STG<\/td>\n<\/tr>\n<tr data-start=\"2403\" data-end=\"2469\">\n<td data-start=\"2403\" data-end=\"2427\" data-col-size=\"sm\"><strong data-start=\"2405\" data-end=\"2426\">Tillverkningsland<\/strong><\/td>\n<td data-col-size=\"sm\" data-start=\"2427\" data-end=\"2469\">Sverige<\/td>\n<\/tr>\n<\/tbody>\n<\/table>\n<div class=\"sticky end-(--thread-content-margin) h-0 self-end select-none\">\n<div class=\"absolute end-0 flex items-end\"><\/div>\n<\/div>\n<\/div>\n<\/div>\n<hr data-start=\"2471\" data-end=\"2474\" \/>\n<h2 data-start=\"2476\" data-end=\"2520\">\ud83d\udd04 Utforska hela XQS-serien hos Veloop.se<\/h2>\n<p data-start=\"2522\" data-end=\"2681\">XQS erbjuder ett brett utbud av nikotinp\u00e5sar i olika styrkor, smaker och format \u2013 fr\u00e5n fruktiga kombinationer till iskalla mintsmaker. H\u00e4r \u00e4r hela sortimentet:<\/p>\n<ul data-start=\"2683\" data-end=\"3832\">\n<li data-start=\"2683\" data-end=\"2716\">\n<p data-start=\"2685\" data-end=\"2716\"><strong data-start=\"2685\" data-end=\"2714\">XQS Blueberry Mint Medium<\/strong><\/p>\n<\/li>\n<li data-start=\"2717\" data-end=\"2750\">\n<p data-start=\"2719\" data-end=\"2750\"><strong data-start=\"2719\" data-end=\"2748\">XQS Blueberry Mint Strong<\/strong><\/p>\n<\/li>\n<li data-start=\"2751\" data-end=\"2782\">\n<p data-start=\"2753\" data-end=\"2782\"><strong data-start=\"2753\" data-end=\"2780\">XQS Black Cherry Medium<\/strong><\/p>\n<\/li>\n<li data-start=\"2783\" data-end=\"2814\">\n<p data-start=\"2785\" data-end=\"2814\"><strong data-start=\"2785\" data-end=\"2812\">XQS Black Cherry Strong<\/strong><\/p>\n<\/li>\n<li data-start=\"2815\" data-end=\"2845\">\n<p data-start=\"2817\" data-end=\"2845\"><strong data-start=\"2817\" data-end=\"2843\">XQS Cactus Sour Medium<\/strong><\/p>\n<\/li>\n<li data-start=\"2846\" data-end=\"2876\">\n<p data-start=\"2848\" data-end=\"2876\"><strong data-start=\"2848\" data-end=\"2874\">XQS Cactus Sour Strong<\/strong><\/p>\n<\/li>\n<li data-start=\"2877\" data-end=\"2909\">\n<p data-start=\"2879\" data-end=\"2909\"><strong data-start=\"2879\" data-end=\"2907\">XQS Cool Ice Mini Medium<\/strong><\/p>\n<\/li>\n<li data-start=\"2910\" data-end=\"2937\">\n<p data-start=\"2912\" data-end=\"2937\"><strong data-start=\"2912\" data-end=\"2935\">XQS Cool Ice Strong<\/strong><\/p>\n<\/li>\n<li data-start=\"2938\" data-end=\"2970\">\n<p data-start=\"2940\" data-end=\"2970\"><strong data-start=\"2940\" data-end=\"2968\">XQS Cool Ice Extra Stark<\/strong><\/p>\n<\/li>\n<li data-start=\"2971\" data-end=\"3009\">\n<p data-start=\"2973\" data-end=\"3009\"><strong data-start=\"2973\" data-end=\"3007\">XQS Arctic Freeze X-tra Strong<\/strong><\/p>\n<\/li>\n<li data-start=\"3010\" data-end=\"3048\">\n<p data-start=\"3012\" data-end=\"3048\"><strong data-start=\"3012\" data-end=\"3046\">XQS Arctic Freeze Ultra Strong<\/strong><\/p>\n<\/li>\n<li data-start=\"3049\" data-end=\"3076\">\n<p data-start=\"3051\" data-end=\"3076\"><strong data-start=\"3051\" data-end=\"3074\">XQS Fr\u00f6s Bit Strong<\/strong><\/p>\n<\/li>\n<li data-start=\"3077\" data-end=\"3110\">\n<p data-start=\"3079\" data-end=\"3110\"><strong data-start=\"3079\" data-end=\"3108\">XQS Fr\u00f6s Bit Ultra Strong<\/strong><\/p>\n<\/li>\n<li data-start=\"3111\" data-end=\"3139\">\n<p data-start=\"3113\" data-end=\"3139\"><strong data-start=\"3113\" data-end=\"3137\">XQS Fr\u00f6s Double Mint<\/strong><\/p>\n<\/li>\n<li data-start=\"3140\" data-end=\"3168\">\n<p data-start=\"3142\" data-end=\"3168\"><strong data-start=\"3142\" data-end=\"3166\">XQS Fr\u00f6s Crispy Mint<\/strong><\/p>\n<\/li>\n<li data-start=\"3169\" data-end=\"3196\">\n<p data-start=\"3171\" data-end=\"3196\"><strong data-start=\"3171\" data-end=\"3194\">XQS Tropical Medium<\/strong><\/p>\n<\/li>\n<li data-start=\"3197\" data-end=\"3224\">\n<p data-start=\"3199\" data-end=\"3224\"><strong data-start=\"3199\" data-end=\"3222\">XQS Tropical Strong<\/strong><\/p>\n<\/li>\n<li data-start=\"3225\" data-end=\"3258\">\n<p data-start=\"3227\" data-end=\"3258\"><strong data-start=\"3227\" data-end=\"3256\">XQS Citrus Cooling Medium<\/strong><\/p>\n<\/li>\n<li data-start=\"3259\" data-end=\"3292\">\n<p data-start=\"3261\" data-end=\"3292\"><strong data-start=\"3261\" data-end=\"3290\">XQS Citrus Cooling Strong<\/strong><\/p>\n<\/li>\n<li data-start=\"3293\" data-end=\"3323\">\n<p data-start=\"3295\" data-end=\"3323\"><strong data-start=\"3295\" data-end=\"3321\">XQS Soft Toffee Strong<\/strong><\/p>\n<\/li>\n<li data-start=\"3324\" data-end=\"3353\">\n<p data-start=\"3326\" data-end=\"3353\"><strong data-start=\"3326\" data-end=\"3351\">XQS Fizzy Cola Medium<\/strong><\/p>\n<\/li>\n<li data-start=\"3354\" data-end=\"3383\">\n<p data-start=\"3356\" data-end=\"3383\"><strong data-start=\"3356\" data-end=\"3381\">XQS Fizzy Cola Strong<\/strong><\/p>\n<\/li>\n<li data-start=\"3384\" data-end=\"3415\">\n<p data-start=\"3386\" data-end=\"3415\"><strong data-start=\"3386\" data-end=\"3413\">XQS Elder Flower Medium<\/strong><\/p>\n<\/li>\n<li data-start=\"3416\" data-end=\"3447\">\n<p data-start=\"3418\" data-end=\"3447\"><strong data-start=\"3418\" data-end=\"3445\">XQS Elder Flower Strong<\/strong><\/p>\n<\/li>\n<li data-start=\"3448\" data-end=\"3478\">\n<p data-start=\"3450\" data-end=\"3478\"><strong data-start=\"3450\" data-end=\"3476\">XQS Wintergreen Medium<\/strong><\/p>\n<\/li>\n<li data-start=\"3479\" data-end=\"3507\">\n<p data-start=\"3481\" data-end=\"3507\"><strong data-start=\"3481\" data-end=\"3505\">XQS Spearmint Strong<\/strong><\/p>\n<\/li>\n<li data-start=\"3508\" data-end=\"3538\">\n<p data-start=\"3510\" data-end=\"3538\"><strong data-start=\"3510\" data-end=\"3536\">XQS Chili Mango Strong<\/strong><\/p>\n<\/li>\n<li data-start=\"3539\" data-end=\"3570\">\n<p data-start=\"3541\" data-end=\"3570\"><strong data-start=\"3541\" data-end=\"3568\">XQS Orange Apple Medium<\/strong><\/p>\n<\/li>\n<li data-start=\"3571\" data-end=\"3602\">\n<p data-start=\"3573\" data-end=\"3602\"><strong data-start=\"3573\" data-end=\"3600\">XQS Orange Apple Strong<\/strong><\/p>\n<\/li>\n<li data-start=\"3603\" data-end=\"3637\">\n<p data-start=\"3605\" data-end=\"3637\"><strong data-start=\"3605\" data-end=\"3635\">XQS Strawberry Kiwi Strong<\/strong><\/p>\n<\/li>\n<li data-start=\"3638\" data-end=\"3672\">\n<p data-start=\"3640\" data-end=\"3672\"><strong data-start=\"3640\" data-end=\"3670\">XQS Berrynana Twist Strong<\/strong><\/p>\n<\/li>\n<li data-start=\"3673\" data-end=\"3703\">\n<p data-start=\"3675\" data-end=\"3703\"><strong data-start=\"3675\" data-end=\"3701\">XQS Hallon Soda Strong<\/strong><\/p>\n<\/li>\n<li data-start=\"3704\" data-end=\"3730\">\n<p data-start=\"3706\" data-end=\"3730\"><strong data-start=\"3706\" data-end=\"3728\">XQS Hallon Lakrits<\/strong><\/p>\n<\/li>\n<li data-start=\"3731\" data-end=\"3772\">\n<p data-start=\"3733\" data-end=\"3772\"><strong data-start=\"3733\" data-end=\"3770\">XQS Raspberry Blackcurrant Strong<\/strong><\/p>\n<\/li>\n<li data-start=\"3773\" data-end=\"3804\">\n<p data-start=\"3775\" data-end=\"3804\"><strong data-start=\"3775\" data-end=\"3802\">XQS Fruzzly Slim Strong<\/strong><\/p>\n<\/li>\n<li data-start=\"3805\" data-end=\"3832\">\n<p data-start=\"3807\" data-end=\"3832\"><strong data-start=\"3807\" data-end=\"3832\">XQS Twin Apple Strong<\/strong><\/p>\n<\/li>\n<\/ul>\n<p data-start=\"3834\" data-end=\"3907\">\ud83d\udd17 <a class=\"\" href=\"https:\/\/snus-malmo.se\/sv\/xqs\/\" target=\"_new\" rel=\"noopener\" data-start=\"3837\" data-end=\"3907\">Se hela XQS-sortimentet p\u00e5 snus-malmo.se<\/a><\/p>\n<hr data-start=\"3909\" data-end=\"3912\" \/>\n<p data-start=\"3914\" data-end=\"4150\">\ud83d\uded2 <strong data-start=\"3917\" data-end=\"3969\">K\u00f6p XQS Arctic Freeze Ultra Strong hos Veloop.se<\/strong> \u2013 ett extremt starkt, tobaksfritt vitt snus med 11,2 mg nikotin per portion och iskall mintsmak. Perfekt f\u00f6r dig som s\u00f6ker en intensiv och kylande nikotinkick i ett diskret format.<\/p>","protected":false},"excerpt":{"rendered":"<h1 data-start=\"356\" data-end=\"445\">XQS Arctic Freeze Ultra Strong<\/h1>\n<h2 data-start=\"197\" data-end=\"300\"><img decoding=\"async\" class=\"wp-image-62925 alignleft\" src=\"https:\/\/snus-malmo.se\/wp-content\/uploads\/2025\/05\/xqs-logo.png\" alt=\"\" width=\"109\" height=\"48\" srcset=\"https:\/\/snus-malmo.se\/wp-content\/uploads\/2025\/05\/xqs-logo.png 269w, https:\/\/snus-malmo.se\/wp-content\/uploads\/2025\/05\/xqs-logo-18x8.png 18w\" sizes=\"(max-width: 109px) 100vw, 109px\" \/><\/h2>\n<h2 data-start=\"353\" data-end=\"443\">XQS Arctic Freeze Ultra Strong \u2013 Extrem kyla och kraftfull nikotin | K\u00f6p hos Veloop.se<\/h2>\n<p data-start=\"4221\" data-end=\"4417\"><strong data-start=\"4221\" data-end=\"4255\">XQS Arctic Freeze Ultra Strong<\/strong> \u00e4r ett tobaksfritt slim-snus med kraftig mintsmak och 11,2 mg nikotin per portion (22,4 mg\/g). En extremt stark och kylande nikotinupplevelse f\u00f6r vana anv\u00e4ndare.<\/p>\n<p data-start=\"4419\" data-end=\"4492\">\ud83d\udd17 <a class=\"\" href=\"https:\/\/snus-malmo.se\/sv\/xqs\/\" target=\"_new\" rel=\"noopener\" data-start=\"4422\" data-end=\"4492\">Se hela XQS-sortimentet p\u00e5 snus-malmo.se<\/a><\/p>\n<p data-start=\"4401\" data-end=\"4474\">\n<p data-start=\"4069\" data-end=\"4142\">","protected":false},"featured_media":63049,"comment_status":"open","ping_status":"closed","template":"","meta":[],"product_brand":[],"product_cat":[136,137,354,127],"product_tag":[],"class_list":{"0":"post-63054","1":"product","2":"type-product","3":"status-publish","4":"has-post-thumbnail","6":"product_cat-all-whites","7":"product_cat-slim","8":"product_cat-strongstark","9":"product_cat-xqs","11":"first","12":"instock","13":"taxable","14":"shipping-taxable","15":"purchasable","16":"product-type-variable"},"_links":{"self":[{"href":"https:\/\/snus-malmo.se\/sv\/wp-json\/wp\/v2\/product\/63054","targetHints":{"allow":["GET"]}}],"collection":[{"href":"https:\/\/snus-malmo.se\/sv\/wp-json\/wp\/v2\/product"}],"about":[{"href":"https:\/\/snus-malmo.se\/sv\/wp-json\/wp\/v2\/types\/product"}],"replies":[{"embeddable":true,"href":"https:\/\/snus-malmo.se\/sv\/wp-json\/wp\/v2\/comments?post=63054"}],"version-history":[{"count":0,"href":"https:\/\/snus-malmo.se\/sv\/wp-json\/wp\/v2\/product\/63054\/revisions"}],"wp:featuredmedia":[{"embeddable":true,"href":"https:\/\/snus-malmo.se\/sv\/wp-json\/wp\/v2\/media\/63049"}],"wp:attachment":[{"href":"https:\/\/snus-malmo.se\/sv\/wp-json\/wp\/v2\/media?parent=63054"}],"wp:term":[{"taxonomy":"product_brand","embeddable":true,"href":"https:\/\/snus-malmo.se\/sv\/wp-json\/wp\/v2\/product_brand?post=63054"},{"taxonomy":"product_cat","embeddable":true,"href":"https:\/\/snus-malmo.se\/sv\/wp-json\/wp\/v2\/product_cat?post=63054"},{"taxonomy":"product_tag","embeddable":true,"href":"https:\/\/snus-malmo.se\/sv\/wp-json\/wp\/v2\/product_tag?post=63054"}],"curies":[{"name":"wp","href":"https:\/\/api.w.org\/{rel}","templated":true}]}}