{"id":63973,"date":"2025-07-18T22:51:43","date_gmt":"2025-07-18T22:51:43","guid":{"rendered":"https:\/\/snus-malmo.se\/?post_type=product&#038;p=63973"},"modified":"2025-08-05T00:05:30","modified_gmt":"2025-08-05T00:05:30","slug":"john-silver-original-hylsor","status":"publish","type":"product","link":"https:\/\/snus-malmo.se\/sv\/produkt\/john-silver-original-hylsor\/","title":{"rendered":"John Silver Original Hylsor"},"content":{"rendered":"<div class=\"product__description rte quick-add-hidden\">\n<h2 data-start=\"958\" data-end=\"1050\">John Silver Original Hylsor<\/h2>\n<h2 data-start=\"958\" data-end=\"1050\"><strong data-start=\"963\" data-end=\"1050\">John Silver Original Hylsor \u2013 klassiska cigarettomslag med filter f\u00f6r hemmarullning<\/strong><\/h2>\n<h3 data-start=\"744\" data-end=\"835\"><strong data-start=\"749\" data-end=\"835\">John Silver Original Hylsor 100-pack \u2013 cigarettomslag med filter f\u00f6r hemmarullning<\/strong><\/h3>\n<p data-start=\"837\" data-end=\"1095\"><strong data-start=\"837\" data-end=\"877\">John Silver Original Hylsor 100-pack<\/strong> \u00e4r ett smidigt alternativ f\u00f6r dig som vill rulla egna cigaretter med professionellt resultat. Hylsorna \u00e4r utrustade med f\u00e4rdiga filter och fungerar utm\u00e4rkt med vanliga cigarettmaskiner \u2013 b\u00e5de manuella och automatiska.<\/p>\n<p data-start=\"1097\" data-end=\"1364\">Tack vare sin neutrala smakprofil l\u00e5ter dessa cigarettomslag tobaken komma till sin r\u00e4tt, utan att p\u00e5verka smaken. De \u00e4r idealiska f\u00f6r dig som s\u00f6ker ett kvalitativt och prisv\u00e4rt alternativ till f\u00e4rdigk\u00f6pta cigaretter, med samma k\u00e4nsla som originalet fr\u00e5n John Silver.<\/p>\n<h2 data-start=\"85\" data-end=\"139\">\ud83d\udd0d J\u00e4mf\u00f6relse: John Silver Original vs. Grey Hylsor<\/h2>\n<div class=\"_tableContainer_80l1q_1\">\n<div class=\"_tableWrapper_80l1q_14 group flex w-fit flex-col-reverse\" tabindex=\"-1\">\n<table class=\"w-fit min-w-(--thread-content-width)\" data-start=\"141\" data-end=\"785\">\n<thead data-start=\"141\" data-end=\"217\">\n<tr data-start=\"141\" data-end=\"217\">\n<th data-start=\"141\" data-end=\"152\" data-col-size=\"sm\">Egenskap<\/th>\n<th data-start=\"152\" data-end=\"186\" data-col-size=\"md\"><strong data-start=\"154\" data-end=\"185\">John Silver Original Hylsor<\/strong><\/th>\n<th data-start=\"186\" data-end=\"217\" data-col-size=\"md\"><strong data-start=\"188\" data-end=\"215\">John Silver Grey Hylsor<\/strong><\/th>\n<\/tr>\n<\/thead>\n<tbody data-start=\"290\" data-end=\"785\">\n<tr data-start=\"290\" data-end=\"423\">\n<td data-start=\"290\" data-end=\"304\" data-col-size=\"sm\">Beskrivning<\/td>\n<td data-col-size=\"md\" data-start=\"304\" data-end=\"367\">Klassiska filterhylsor i standardformat med neutral karakt\u00e4r<\/td>\n<td data-col-size=\"md\" data-start=\"367\" data-end=\"423\">Light-hylsor \u2013 en mildare variant med l\u00e4ttare filter<\/td>\n<\/tr>\n<tr data-start=\"424\" data-end=\"544\">\n<td data-start=\"424\" data-end=\"437\" data-col-size=\"sm\">Smakprofil<\/td>\n<td data-col-size=\"md\" data-start=\"437\" data-end=\"489\">Neutral \u2013 l\u00e5ter tobakens naturliga smak framtr\u00e4da<\/td>\n<td data-col-size=\"md\" data-start=\"489\" data-end=\"544\">Mildare smakupplevelse tack vare ett l\u00e4ttare filter<\/td>\n<\/tr>\n<tr data-start=\"545\" data-end=\"675\">\n<td data-start=\"545\" data-end=\"556\" data-col-size=\"sm\">M\u00e5lgrupp<\/td>\n<td data-col-size=\"md\" data-start=\"556\" data-end=\"617\">F\u00f6r dig som vill ha klassisk smak och tydlig r\u00f6kintensitet<\/td>\n<td data-col-size=\"md\" data-start=\"617\" data-end=\"675\">F\u00f6r dig som f\u00f6redrar en mjukare och diskretare r\u00f6kning<\/td>\n<\/tr>\n<tr data-start=\"676\" data-end=\"785\">\n<td data-start=\"676\" data-end=\"685\" data-col-size=\"sm\">Format<\/td>\n<td data-col-size=\"md\" data-start=\"685\" data-end=\"723\">100-pack med f\u00e4rdigmonterade filter<\/td>\n<td data-col-size=\"md\" data-start=\"723\" data-end=\"785\">100-pack med f\u00e4rdigmonterade filter, men med light-variant<\/td>\n<\/tr>\n<\/tbody>\n<\/table>\n<h3 data-start=\"1505\" data-end=\"1526\">\u2705 Sammanfattning:<\/h3>\n<ul data-start=\"1528\" data-end=\"1706\">\n<li data-start=\"1528\" data-end=\"1621\">\n<p data-start=\"1530\" data-end=\"1621\"><strong data-start=\"1530\" data-end=\"1547\">V\u00e4lj Original<\/strong> om du vill ha ett klassiskt filterhylsalternativ med tydlig tobakssmak.<\/p>\n<\/li>\n<li data-start=\"1622\" data-end=\"1706\">\n<p data-start=\"1624\" data-end=\"1706\"><strong data-start=\"1624\" data-end=\"1637\">V\u00e4lj Grey<\/strong> om du f\u00f6redrar en mildare och l\u00e4ttare r\u00f6kning med soft filtereffekt.<\/p>\n<\/li>\n<\/ul>\n<\/div>\n<\/div>\n<hr data-start=\"1366\" data-end=\"1369\" \/>\n<h2 data-start=\"1371\" data-end=\"1391\"><strong data-start=\"1376\" data-end=\"1391\">Egenskaper:<\/strong><\/h2>\n<ul data-start=\"1392\" data-end=\"1598\">\n<li data-start=\"1392\" data-end=\"1423\">\n<p data-start=\"1394\" data-end=\"1423\">\u2714\ufe0f 100 hylsor per f\u00f6rpackning<\/p>\n<\/li>\n<li data-start=\"1424\" data-end=\"1470\">\n<p data-start=\"1426\" data-end=\"1470\">\u2714\ufe0f F\u00e4rdigmonterade filter f\u00f6r enkel rullning<\/p>\n<\/li>\n<li data-start=\"1471\" data-end=\"1515\">\n<p data-start=\"1473\" data-end=\"1515\">\u2714\ufe0f Kompatibla med vanliga cigarettmaskiner<\/p>\n<\/li>\n<li data-start=\"1516\" data-end=\"1560\">\n<p data-start=\"1518\" data-end=\"1560\">\u2714\ufe0f Neutral smak \u2013 framh\u00e4ver din egen tobak<\/p>\n<\/li>\n<li data-start=\"1561\" data-end=\"1598\">\n<p data-start=\"1563\" data-end=\"1598\">\u2714\ufe0f Originalprodukt fr\u00e5n John Silver<\/p>\n<\/li>\n<\/ul>\n<hr data-start=\"1600\" data-end=\"1603\" \/>\n<h4 data-start=\"1605\" data-end=\"1629\"><strong data-start=\"1610\" data-end=\"1629\">Passar dig som:<\/strong><\/h4>\n<ul data-start=\"1630\" data-end=\"1786\">\n<li data-start=\"1630\" data-end=\"1657\">\n<p data-start=\"1632\" data-end=\"1657\">G\u00f6r egna cigaretter hemma<\/p>\n<\/li>\n<li data-start=\"1658\" data-end=\"1710\">\n<p data-start=\"1660\" data-end=\"1710\">Vill ha ett ekonomiskt alternativ med h\u00f6g kvalitet<\/p>\n<\/li>\n<li data-start=\"1711\" data-end=\"1786\">\n<p data-start=\"1713\" data-end=\"1786\">S\u00f6ker cigarettomslag som \u00e4r enkla att anv\u00e4nda och ger ett snyggt resultat<\/p>\n<\/li>\n<\/ul>\n<hr data-start=\"1788\" data-end=\"1791\" \/>\n<p data-start=\"1793\" data-end=\"1936\">\ud83d\udd17 <strong data-start=\"1796\" data-end=\"1835\">Uppt\u00e4ck fler Winston-produkter h\u00e4r:<\/strong><br data-start=\"1835\" data-end=\"1838\" \/><a class=\"\" href=\"https:\/\/snus-malmo.se\/sv\/produkt-kategori\/winston\/\" target=\"_new\" rel=\"noopener\" data-start=\"1838\" data-end=\"1936\">https:\/\/snus-malmo.se\/product-category\/winston\/<\/a><\/p>\n<\/div>\n<p>&nbsp;<\/p>","protected":false},"excerpt":{"rendered":"<div class=\"product__description rte quick-add-hidden\">\n<h1 data-start=\"958\" data-end=\"1050\">John Silver Original Hylsor<\/h1>\n<p><strong data-start=\"837\" data-end=\"877\">John Silver Original Hylsor 100-pack<\/strong> \u00e4r ett smidigt alternativ f\u00f6r dig som vill rulla egna cigaretter med professionellt resultat. Hylsorna \u00e4r utrustade med f\u00e4rdiga filter och fungerar utm\u00e4rkt med vanliga cigarettmaskiner \u2013 b\u00e5de manuella och automatiska.<\/p>\n<p>John Silver Original Hylsor 100-pack \u2013 cigarettomslag med f\u00e4rdigt filter. F\u00f6r dig som g\u00f6r egna cigaretter. Kompatibla med cigarettmaskiner. Snabb leverans!<\/p>\n<\/div>\n<p>&nbsp;<\/p>","protected":false},"featured_media":66865,"comment_status":"open","ping_status":"closed","template":"","meta":[],"product_brand":[332],"product_cat":[71,268,213],"product_tag":[],"class_list":{"0":"post-63973","1":"product","2":"type-product","3":"status-publish","4":"has-post-thumbnail","6":"product_brand-john-silver","7":"product_cat-ciggtillbehor","8":"product_cat-hylsor","9":"product_cat-john-silver","11":"first","12":"instock","13":"taxable","14":"shipping-taxable","15":"purchasable","16":"product-type-variable"},"_links":{"self":[{"href":"https:\/\/snus-malmo.se\/sv\/wp-json\/wp\/v2\/product\/63973","targetHints":{"allow":["GET"]}}],"collection":[{"href":"https:\/\/snus-malmo.se\/sv\/wp-json\/wp\/v2\/product"}],"about":[{"href":"https:\/\/snus-malmo.se\/sv\/wp-json\/wp\/v2\/types\/product"}],"replies":[{"embeddable":true,"href":"https:\/\/snus-malmo.se\/sv\/wp-json\/wp\/v2\/comments?post=63973"}],"version-history":[{"count":0,"href":"https:\/\/snus-malmo.se\/sv\/wp-json\/wp\/v2\/product\/63973\/revisions"}],"wp:featuredmedia":[{"embeddable":true,"href":"https:\/\/snus-malmo.se\/sv\/wp-json\/wp\/v2\/media\/66865"}],"wp:attachment":[{"href":"https:\/\/snus-malmo.se\/sv\/wp-json\/wp\/v2\/media?parent=63973"}],"wp:term":[{"taxonomy":"product_brand","embeddable":true,"href":"https:\/\/snus-malmo.se\/sv\/wp-json\/wp\/v2\/product_brand?post=63973"},{"taxonomy":"product_cat","embeddable":true,"href":"https:\/\/snus-malmo.se\/sv\/wp-json\/wp\/v2\/product_cat?post=63973"},{"taxonomy":"product_tag","embeddable":true,"href":"https:\/\/snus-malmo.se\/sv\/wp-json\/wp\/v2\/product_tag?post=63973"}],"curies":[{"name":"wp","href":"https:\/\/api.w.org\/{rel}","templated":true}]}}