{"id":64061,"date":"2025-07-19T12:34:10","date_gmt":"2025-07-19T12:34:10","guid":{"rendered":"https:\/\/snus-malmo.se\/?post_type=product&#038;p=64061"},"modified":"2025-08-03T08:52:56","modified_gmt":"2025-08-03T08:52:56","slug":"iqos-iluma-one-pebble-grey","status":"publish","type":"product","link":"https:\/\/snus-malmo.se\/sv\/produkt\/iqos-iluma-one-pebble-grey\/","title":{"rendered":"IQOS ILUMA ONE Pebble Grey"},"content":{"rendered":"<div class=\"product__description rte quick-add-hidden\">\n<h1 data-start=\"958\" data-end=\"1050\">\ud83d\udfe3 <strong data-start=\"303\" data-end=\"359\">IQOS ILUMA ONE Pebble Grey<\/strong><\/h1>\n<\/div>\n<h2 data-start=\"850\" data-end=\"906\">\u2705 Smart, portabel och helt r\u00f6kl\u00f6s \u2013 nu hos Veloop.se<\/h2>\n<p data-start=\"908\" data-end=\"1245\">Uppt\u00e4ck en ny niv\u00e5 av tobaksfri njutning med <strong data-start=\"953\" data-end=\"985\">IQOS ILUMA ONE i Pebble Grey<\/strong> \u2013 en allt-i-ett-enhet med <strong data-start=\"1012\" data-end=\"1060\">upp till 20 anv\u00e4ndningar p\u00e5 en enda laddning<\/strong>, utan behov av reng\u00f6ring eller eld. Tack vare den avancerade <strong data-start=\"1122\" data-end=\"1153\">Smartcore Induction System\u2122<\/strong> v\u00e4rms tobaken upp fr\u00e5n insidan, vilket eliminerar b\u00e5de f\u00f6rbr\u00e4nning, r\u00f6k och obehaglig lukt.<\/p>\n<p data-start=\"1247\" data-end=\"1440\">Den eleganta f\u00e4rgen <strong data-start=\"1267\" data-end=\"1282\">Pebble Grey<\/strong> kombineras med en kompakt design som g\u00f6r enheten perfekt f\u00f6r dig som \u00e4r p\u00e5 spr\u00e5ng. ILUMA ONE \u00e4r enkel att anv\u00e4nda, och passar b\u00e5de nya och erfarna anv\u00e4ndare.<\/p>\n<hr data-start=\"1442\" data-end=\"1445\" \/>\n<h2 data-start=\"1447\" data-end=\"1474\">\ud83d\udd27 <strong data-start=\"1454\" data-end=\"1474\">Huvudfunktioner:<\/strong><\/h2>\n<ul data-start=\"1475\" data-end=\"1727\">\n<li data-start=\"1475\" data-end=\"1528\">\n<p data-start=\"1477\" data-end=\"1528\">\u2705 Upp till <strong data-start=\"1488\" data-end=\"1515\">20 anv\u00e4ndningar i f\u00f6ljd<\/strong> per laddning<\/p>\n<\/li>\n<li data-start=\"1529\" data-end=\"1578\">\n<p data-start=\"1531\" data-end=\"1578\">\u2705 Kompakt, l\u00e4tt och diskret \u2013 perfekt f\u00f6r resor<\/p>\n<\/li>\n<li data-start=\"1579\" data-end=\"1612\">\n<p data-start=\"1581\" data-end=\"1612\">\u2705 R\u00f6kl\u00f6s, luktfri och utan aska<\/p>\n<\/li>\n<li data-start=\"1613\" data-end=\"1643\">\n<p data-start=\"1615\" data-end=\"1643\">\u2705 <strong data-start=\"1617\" data-end=\"1643\">Ingen reng\u00f6ring beh\u00f6vs<\/strong><\/p>\n<\/li>\n<li data-start=\"1644\" data-end=\"1681\">\n<p data-start=\"1646\" data-end=\"1681\">\u2705 Anv\u00e4nder <strong data-start=\"1657\" data-end=\"1681\">endast TEREA-stickor<\/strong><\/p>\n<\/li>\n<li data-start=\"1682\" data-end=\"1727\">\n<p data-start=\"1684\" data-end=\"1727\">\u2705 Innovativ <strong data-start=\"1696\" data-end=\"1727\">Smartcore Induction System\u2122<\/strong><\/p>\n<\/li>\n<\/ul>\n<hr data-start=\"1729\" data-end=\"1732\" \/>\n<h2>\u2696\ufe0f <strong data-start=\"3368\" data-end=\"3413\">J\u00e4mf\u00f6relse \u2013 IQOS ILUMA ONE vs IQOS ILUMA<\/strong><\/h2>\n<div class=\"_tableContainer_80l1q_1\">\n<div class=\"_tableWrapper_80l1q_14 group flex w-fit flex-col-reverse\" tabindex=\"-1\">\n<table class=\"w-fit min-w-(--thread-content-width)\" data-start=\"3480\" data-end=\"4622\">\n<thead data-start=\"3480\" data-end=\"3605\">\n<tr data-start=\"3480\" data-end=\"3605\">\n<th data-start=\"3480\" data-end=\"3513\" data-col-size=\"sm\">Funktion \/ Modell<\/th>\n<th data-start=\"3513\" data-end=\"3558\" data-col-size=\"sm\"><strong data-start=\"3515\" data-end=\"3533\">IQOS ILUMA ONE<\/strong><\/th>\n<th data-start=\"3558\" data-end=\"3605\" data-col-size=\"md\"><strong data-start=\"3560\" data-end=\"3574\">IQOS ILUMA<\/strong><\/th>\n<\/tr>\n<\/thead>\n<tbody data-start=\"3731\" data-end=\"4622\">\n<tr data-start=\"3731\" data-end=\"3855\">\n<td data-start=\"3731\" data-end=\"3764\" data-col-size=\"sm\">\ud83d\udd0b <strong data-start=\"3736\" data-end=\"3752\">Typ av enhet<\/strong><\/td>\n<td data-col-size=\"sm\" data-start=\"3764\" data-end=\"3809\">Allt-i-ett<\/td>\n<td data-col-size=\"md\" data-start=\"3809\" data-end=\"3855\">Separat h\u00e5llare + laddningsfodral<\/td>\n<\/tr>\n<tr data-start=\"3856\" data-end=\"3985\">\n<td data-start=\"3856\" data-end=\"3893\" data-col-size=\"sm\">\ud83e\uddd1\u200d\ud83d\udd27 <strong data-start=\"3864\" data-end=\"3886\">Anv\u00e4ndning i f\u00f6ljd<\/strong><\/td>\n<td data-col-size=\"sm\" data-start=\"3893\" data-end=\"3938\">Upp till 20 sessioner i f\u00f6ljd<\/td>\n<td data-col-size=\"md\" data-start=\"3938\" data-end=\"3985\">2 sessioner i f\u00f6ljd<\/td>\n<\/tr>\n<tr data-start=\"3986\" data-end=\"4111\">\n<td data-start=\"3986\" data-end=\"4020\" data-col-size=\"sm\">\ud83d\udd04 <strong data-start=\"3991\" data-end=\"4019\">Totalt per full laddning<\/strong><\/td>\n<td data-col-size=\"sm\" data-start=\"4020\" data-end=\"4065\">Cirka 20 sessioner<\/td>\n<td data-col-size=\"md\" data-start=\"4065\" data-end=\"4111\">Cirka 20 sessioner (med laddning i fodral)<\/td>\n<\/tr>\n<tr data-start=\"4112\" data-end=\"4238\">\n<td data-start=\"4112\" data-end=\"4146\" data-col-size=\"sm\">\ud83e\uddfc <strong data-start=\"4117\" data-end=\"4137\">Reng\u00f6ring beh\u00f6vs<\/strong><\/td>\n<td data-col-size=\"sm\" data-start=\"4146\" data-end=\"4191\">Nej<\/td>\n<td data-col-size=\"md\" data-start=\"4191\" data-end=\"4238\">Nej<\/td>\n<\/tr>\n<tr data-start=\"4239\" data-end=\"4364\">\n<td data-start=\"4239\" data-end=\"4272\" data-col-size=\"sm\">\ud83d\udccf <strong data-start=\"4244\" data-end=\"4270\">Storlek &amp; portabilitet<\/strong><\/td>\n<td data-col-size=\"sm\" data-start=\"4272\" data-end=\"4317\">Kompakt, fickv\u00e4nlig<\/td>\n<td data-col-size=\"md\" data-start=\"4317\" data-end=\"4364\">N\u00e5got st\u00f6rre, mer exklusiv design<\/td>\n<\/tr>\n<tr data-start=\"4365\" data-end=\"4491\">\n<td data-start=\"4365\" data-end=\"4399\" data-col-size=\"sm\">\ud83d\udcb0 <strong data-start=\"4370\" data-end=\"4382\">Prisniv\u00e5<\/strong><\/td>\n<td data-col-size=\"sm\" data-start=\"4399\" data-end=\"4444\">L\u00e4gre \u2013 instegsmodell<\/td>\n<td data-col-size=\"md\" data-start=\"4444\" data-end=\"4491\">H\u00f6gre \u2013 premiumfunktioner<\/td>\n<\/tr>\n<tr data-start=\"4492\" data-end=\"4622\">\n<td data-start=\"4492\" data-end=\"4526\" data-col-size=\"sm\">\ud83c\udfaf <strong data-start=\"4497\" data-end=\"4518\">Rekommenderas f\u00f6r<\/strong><\/td>\n<td data-col-size=\"sm\" data-start=\"4526\" data-end=\"4571\">Nyb\u00f6rjare, resor, enkelhet<\/td>\n<td data-col-size=\"md\" data-start=\"4571\" data-end=\"4622\">Vana anv\u00e4ndare, flexibilitet, daglig anv\u00e4ndning<\/td>\n<\/tr>\n<\/tbody>\n<\/table>\n<div class=\"sticky end-(--thread-content-margin) h-0 self-end select-none\">\n<div class=\"absolute end-0 flex items-end\"><\/div>\n<\/div>\n<\/div>\n<\/div>\n<hr data-start=\"4624\" data-end=\"4627\" \/>\n<h2 data-start=\"4629\" data-end=\"4668\">\ud83d\udcac Slutsats: Vilken IQOS passar dig?<\/h2>\n<ul data-start=\"4670\" data-end=\"4936\">\n<li data-start=\"4670\" data-end=\"4786\">\n<p data-start=\"4672\" data-end=\"4786\">V\u00e4lj <strong data-start=\"4677\" data-end=\"4695\">IQOS ILUMA ONE<\/strong> om du prioriterar <strong data-start=\"4714\" data-end=\"4785\">enkelhet, l\u00e5g vikt och 20 anv\u00e4ndningar direkt utan att ladda mellan<\/strong>.<\/p>\n<\/li>\n<li data-start=\"4787\" data-end=\"4936\">\n<p data-start=\"4789\" data-end=\"4936\">V\u00e4lj <strong data-start=\"4794\" data-end=\"4808\">IQOS ILUMA<\/strong> om du vill ha en <strong data-start=\"4826\" data-end=\"4888\">premiumk\u00e4nsla och m\u00f6jlighet att anv\u00e4nda tv\u00e5 stickor direkt<\/strong>, med st\u00f6rre flexibilitet via laddningsfodralet.<\/p>\n<\/li>\n<\/ul>\n<p data-start=\"1734\" data-end=\"1849\">\ud83d\udce6 <strong data-start=\"1737\" data-end=\"1773\">K\u00f6p IQOS ILUMA ONE hos Veloop.se<\/strong> \u2013 vi erbjuder snabb leverans, trygg betalning och f\u00f6rstklassig kundservice.<\/p>\n<blockquote data-start=\"1443\" data-end=\"1725\">\n<p data-start=\"1445\" data-end=\"1725\">\n<\/blockquote>","protected":false},"excerpt":{"rendered":"<h1 data-start=\"297\" data-end=\"372\">\ud83d\udfe3 <strong data-start=\"303\" data-end=\"359\">IQOS ILUMA ONE Pebble Grey<\/strong><\/h1>\n<h2>IQOS ILUMA ONE Pebble Grey \u2013 Kompakt &amp; R\u00f6kl\u00f6s Enhet | Veloop.se<\/h2>\n<p data-start=\"374\" data-end=\"779\"><strong data-start=\"374\" data-end=\"404\">IQOS ILUMA ONE Pebble Grey<\/strong> \u00e4r en stilren, allt-i-ett nikotinenhet som erbjuder upp till 20 anv\u00e4ndningar p\u00e5 en enda laddning \u2013 helt utan r\u00f6k, lukt eller reng\u00f6ring. Med banbrytande induktionsteknik ger den en j\u00e4mn och smakrik upplevelse. Perfekt f\u00f6r dig som vill ha ett diskret och portabelt alternativ till traditionell r\u00f6kning. K\u00f6p IQOS ILUMA ONE hos <strong data-start=\"729\" data-end=\"742\">Veloop.se<\/strong> \u2013 snabb leverans och trygg shopping!<\/p>","protected":false},"featured_media":66899,"comment_status":"open","ping_status":"closed","template":"","meta":[],"product_brand":[332],"product_cat":[266,71,42,29,210,224,250,146],"product_tag":[],"class_list":{"0":"post-64061","1":"product","2":"type-product","3":"status-publish","4":"has-post-thumbnail","6":"product_brand-john-silver","7":"product_cat-cigarettmaskiner","8":"product_cat-ciggtillbehor","9":"product_cat-e-cigg","10":"product_cat-heat-not-burn","11":"product_cat-iluma","12":"product_cat-levia","13":"product_cat-terea","14":"product_cat-tillbehor","16":"first","17":"instock","18":"taxable","19":"shipping-taxable","20":"purchasable","21":"product-type-variable"},"_links":{"self":[{"href":"https:\/\/snus-malmo.se\/sv\/wp-json\/wp\/v2\/product\/64061","targetHints":{"allow":["GET"]}}],"collection":[{"href":"https:\/\/snus-malmo.se\/sv\/wp-json\/wp\/v2\/product"}],"about":[{"href":"https:\/\/snus-malmo.se\/sv\/wp-json\/wp\/v2\/types\/product"}],"replies":[{"embeddable":true,"href":"https:\/\/snus-malmo.se\/sv\/wp-json\/wp\/v2\/comments?post=64061"}],"version-history":[{"count":0,"href":"https:\/\/snus-malmo.se\/sv\/wp-json\/wp\/v2\/product\/64061\/revisions"}],"wp:featuredmedia":[{"embeddable":true,"href":"https:\/\/snus-malmo.se\/sv\/wp-json\/wp\/v2\/media\/66899"}],"wp:attachment":[{"href":"https:\/\/snus-malmo.se\/sv\/wp-json\/wp\/v2\/media?parent=64061"}],"wp:term":[{"taxonomy":"product_brand","embeddable":true,"href":"https:\/\/snus-malmo.se\/sv\/wp-json\/wp\/v2\/product_brand?post=64061"},{"taxonomy":"product_cat","embeddable":true,"href":"https:\/\/snus-malmo.se\/sv\/wp-json\/wp\/v2\/product_cat?post=64061"},{"taxonomy":"product_tag","embeddable":true,"href":"https:\/\/snus-malmo.se\/sv\/wp-json\/wp\/v2\/product_tag?post=64061"}],"curies":[{"name":"wp","href":"https:\/\/api.w.org\/{rel}","templated":true}]}}