{"id":64066,"date":"2025-07-19T12:47:21","date_gmt":"2025-07-19T12:47:21","guid":{"rendered":"https:\/\/snus-malmo.se\/?post_type=product&#038;p=64066"},"modified":"2025-10-17T20:15:53","modified_gmt":"2025-10-17T20:15:53","slug":"iqos-iluma-pebble-grey","status":"publish","type":"product","link":"https:\/\/snus-malmo.se\/sv\/produkt\/iqos-iluma-pebble-grey\/","title":{"rendered":"IQOS ILUMA Pebble Grey"},"content":{"rendered":"<div class=\"product__description rte quick-add-hidden\">\n<h1 data-start=\"1856\" data-end=\"1927\">\ud83d\udd35 <strong data-start=\"1862\" data-end=\"1914\">IQOS ILUMA Pebble Grey<\/strong><\/h1>\n<\/div>\n<blockquote data-start=\"1443\" data-end=\"1725\">\n<h2 data-start=\"2363\" data-end=\"2433\">\ud83d\ude80 Premium, flexibel och kraftfull \u2013 din n\u00e4sta IQOS fr\u00e5n Veloop.se<\/h2>\n<p data-start=\"2435\" data-end=\"2805\"><strong data-start=\"2435\" data-end=\"2470\">IQOS ILUMA i f\u00e4rgen Pebble Grey<\/strong> \u00e4r flaggskeppet i ILUMA-serien \u2013 utformad f\u00f6r anv\u00e4ndare som vill ha <strong data-start=\"2539\" data-end=\"2581\">premiumk\u00e4nsla och maximal flexibilitet<\/strong>. Enheten best\u00e5r av en separat h\u00e5llare och ett laddningsfodral, vilket m\u00f6jligg\u00f6r <strong data-start=\"2662\" data-end=\"2687\">tv\u00e5 sessioner i f\u00f6ljd<\/strong> innan h\u00e5llaren beh\u00f6ver \u00e5terladdas. Det portabla fodralet rymmer nog med batteri f\u00f6r <strong data-start=\"2772\" data-end=\"2804\">upp till 20 sessioner totalt<\/strong>.<\/p>\n<p data-start=\"2807\" data-end=\"2967\">Med <strong data-start=\"2811\" data-end=\"2842\">Smartcore Induction System\u2122<\/strong> slipper du b\u00e5de reng\u00f6ring och obehaglig lukt \u2013 enheten v\u00e4rmer tobak utan f\u00f6rbr\u00e4nning, vilket ger en j\u00e4mnare och renare smak.<\/p>\n<hr data-start=\"2969\" data-end=\"2972\" \/>\n<h2 data-start=\"2974\" data-end=\"2994\">\u2699\ufe0f <strong data-start=\"2981\" data-end=\"2994\">F\u00f6rdelar:<\/strong><\/h2>\n<ul data-start=\"2995\" data-end=\"3268\">\n<li data-start=\"2995\" data-end=\"3053\">\n<p data-start=\"2997\" data-end=\"3053\">\ud83d\udd04 <strong data-start=\"3000\" data-end=\"3026\">2 anv\u00e4ndningar i f\u00f6ljd<\/strong> innan laddning av h\u00e5llaren<\/p>\n<\/li>\n<li data-start=\"3054\" data-end=\"3112\">\n<p data-start=\"3056\" data-end=\"3112\">\ud83d\udd0b <strong data-start=\"3059\" data-end=\"3091\">Upp till 20 sessioner totalt<\/strong> per fulladdat fodral<\/p>\n<\/li>\n<li data-start=\"3113\" data-end=\"3147\">\n<p data-start=\"3115\" data-end=\"3147\">\ud83d\udd25 R\u00f6kl\u00f6s, luktfri och utan aska<\/p>\n<\/li>\n<li data-start=\"3148\" data-end=\"3179\">\n<p data-start=\"3150\" data-end=\"3179\">\ud83e\uddfc <strong data-start=\"3153\" data-end=\"3179\">Ingen reng\u00f6ring beh\u00f6vs<\/strong><\/p>\n<\/li>\n<li data-start=\"3180\" data-end=\"3215\">\n<p data-start=\"3182\" data-end=\"3215\">\ud83e\udde0 Avancerad <strong data-start=\"3195\" data-end=\"3215\">induktionsteknik<\/strong><\/p>\n<\/li>\n<li data-start=\"3216\" data-end=\"3268\">\n<p data-start=\"3218\" data-end=\"3268\">\ud83c\udf08 Elegant och h\u00e5llbar design i f\u00e4rgen Pebble Grey<\/p>\n<\/li>\n<\/ul>\n<hr data-start=\"3270\" data-end=\"3273\" \/>\n<p data-start=\"3275\" data-end=\"3355\">\ud83d\udce6 <strong data-start=\"3278\" data-end=\"3314\">Best\u00e4ll IQOS ILUMA hos Veloop.se<\/strong> \u2013 friheten att njuta, utan kompromisser.<\/p>\n<hr data-start=\"3357\" data-end=\"3360\" \/>\n<h2 data-start=\"3362\" data-end=\"3415\">\u2696\ufe0f <strong data-start=\"3368\" data-end=\"3413\">J\u00e4mf\u00f6relse \u2013 IQOS ILUMA ONE vs IQOS ILUMA<\/strong><\/h2>\n<p data-start=\"3416\" data-end=\"3478\"><em data-start=\"3416\" data-end=\"3478\">(SEO-optimerad tabell f\u00f6r j\u00e4mf\u00f6relsesida eller produktsidor)<\/em><\/p>\n<div class=\"_tableContainer_80l1q_1\">\n<div class=\"_tableWrapper_80l1q_14 group flex w-fit flex-col-reverse\" tabindex=\"-1\">\n<table class=\"w-fit min-w-(--thread-content-width)\" data-start=\"3480\" data-end=\"4622\">\n<thead data-start=\"3480\" data-end=\"3605\">\n<tr data-start=\"3480\" data-end=\"3605\">\n<th data-start=\"3480\" data-end=\"3513\" data-col-size=\"sm\">Funktion \/ Modell<\/th>\n<th data-start=\"3513\" data-end=\"3558\" data-col-size=\"sm\"><strong data-start=\"3515\" data-end=\"3533\">IQOS ILUMA ONE<\/strong><\/th>\n<th data-start=\"3558\" data-end=\"3605\" data-col-size=\"md\"><strong data-start=\"3560\" data-end=\"3574\">IQOS ILUMA<\/strong><\/th>\n<\/tr>\n<\/thead>\n<tbody data-start=\"3731\" data-end=\"4622\">\n<tr data-start=\"3731\" data-end=\"3855\">\n<td data-start=\"3731\" data-end=\"3764\" data-col-size=\"sm\">\ud83d\udd0b <strong data-start=\"3736\" data-end=\"3752\">Typ av enhet<\/strong><\/td>\n<td data-col-size=\"sm\" data-start=\"3764\" data-end=\"3809\">Allt-i-ett<\/td>\n<td data-col-size=\"md\" data-start=\"3809\" data-end=\"3855\">Separat h\u00e5llare + laddningsfodral<\/td>\n<\/tr>\n<tr data-start=\"3856\" data-end=\"3985\">\n<td data-start=\"3856\" data-end=\"3893\" data-col-size=\"sm\">\ud83e\uddd1\u200d\ud83d\udd27 <strong data-start=\"3864\" data-end=\"3886\">Anv\u00e4ndning i f\u00f6ljd<\/strong><\/td>\n<td data-col-size=\"sm\" data-start=\"3893\" data-end=\"3938\">Upp till 20 sessioner i f\u00f6ljd<\/td>\n<td data-col-size=\"md\" data-start=\"3938\" data-end=\"3985\">2 sessioner i f\u00f6ljd<\/td>\n<\/tr>\n<tr data-start=\"3986\" data-end=\"4111\">\n<td data-start=\"3986\" data-end=\"4020\" data-col-size=\"sm\">\ud83d\udd04 <strong data-start=\"3991\" data-end=\"4019\">Totalt per full laddning<\/strong><\/td>\n<td data-col-size=\"sm\" data-start=\"4020\" data-end=\"4065\">Cirka 20 sessioner<\/td>\n<td data-col-size=\"md\" data-start=\"4065\" data-end=\"4111\">Cirka 20 sessioner (med laddning i fodral)<\/td>\n<\/tr>\n<tr data-start=\"4112\" data-end=\"4238\">\n<td data-start=\"4112\" data-end=\"4146\" data-col-size=\"sm\">\ud83e\uddfc <strong data-start=\"4117\" data-end=\"4137\">Reng\u00f6ring beh\u00f6vs<\/strong><\/td>\n<td data-col-size=\"sm\" data-start=\"4146\" data-end=\"4191\">Nej<\/td>\n<td data-col-size=\"md\" data-start=\"4191\" data-end=\"4238\">Nej<\/td>\n<\/tr>\n<tr data-start=\"4239\" data-end=\"4364\">\n<td data-start=\"4239\" data-end=\"4272\" data-col-size=\"sm\">\ud83d\udccf <strong data-start=\"4244\" data-end=\"4270\">Storlek &amp; portabilitet<\/strong><\/td>\n<td data-col-size=\"sm\" data-start=\"4272\" data-end=\"4317\">Kompakt, fickv\u00e4nlig<\/td>\n<td data-col-size=\"md\" data-start=\"4317\" data-end=\"4364\">N\u00e5got st\u00f6rre, mer exklusiv design<\/td>\n<\/tr>\n<tr data-start=\"4365\" data-end=\"4491\">\n<td data-start=\"4365\" data-end=\"4399\" data-col-size=\"sm\">\ud83d\udcb0 <strong data-start=\"4370\" data-end=\"4382\">Prisniv\u00e5<\/strong><\/td>\n<td data-col-size=\"sm\" data-start=\"4399\" data-end=\"4444\">L\u00e4gre \u2013 instegsmodell<\/td>\n<td data-col-size=\"md\" data-start=\"4444\" data-end=\"4491\">H\u00f6gre \u2013 premiumfunktioner<\/td>\n<\/tr>\n<tr data-start=\"4492\" data-end=\"4622\">\n<td data-start=\"4492\" data-end=\"4526\" data-col-size=\"sm\">\ud83c\udfaf <strong data-start=\"4497\" data-end=\"4518\">Rekommenderas f\u00f6r<\/strong><\/td>\n<td data-col-size=\"sm\" data-start=\"4526\" data-end=\"4571\">Nyb\u00f6rjare, resor, enkelhet<\/td>\n<td data-col-size=\"md\" data-start=\"4571\" data-end=\"4622\">Vana anv\u00e4ndare, flexibilitet, daglig anv\u00e4ndning<\/td>\n<\/tr>\n<\/tbody>\n<\/table>\n<div class=\"sticky end-(--thread-content-margin) h-0 self-end select-none\">\n<div class=\"absolute end-0 flex items-end\"><\/div>\n<\/div>\n<\/div>\n<\/div>\n<hr data-start=\"4624\" data-end=\"4627\" \/>\n<h2 data-start=\"4629\" data-end=\"4668\">\ud83d\udcac Slutsats: Vilken IQOS passar dig?<\/h2>\n<ul data-start=\"4670\" data-end=\"4936\">\n<li data-start=\"4670\" data-end=\"4786\">\n<p data-start=\"4672\" data-end=\"4786\">V\u00e4lj <strong data-start=\"4677\" data-end=\"4695\">IQOS ILUMA ONE<\/strong> om du prioriterar <strong data-start=\"4714\" data-end=\"4785\">enkelhet, l\u00e5g vikt och 20 anv\u00e4ndningar direkt utan att ladda mellan<\/strong>.<\/p>\n<\/li>\n<li data-start=\"4787\" data-end=\"4936\">\n<p data-start=\"4789\" data-end=\"4936\">V\u00e4lj <strong data-start=\"4794\" data-end=\"4808\">IQOS ILUMA<\/strong> om du vill ha en <strong data-start=\"4826\" data-end=\"4888\">premiumk\u00e4nsla och m\u00f6jlighet att anv\u00e4nda tv\u00e5 stickor direkt<\/strong>, med st\u00f6rre flexibilitet via laddningsfodralet.<\/p>\n<\/li>\n<\/ul>\n<hr data-start=\"4938\" data-end=\"4941\" \/>\n<p data-start=\"4943\" data-end=\"5058\">\ud83d\udce6 <strong data-start=\"4946\" data-end=\"5058\">Uppt\u00e4ck hela v\u00e5rt sortiment av IQOS-enheter hos Veloop.se \u2013 alltid med snabb leverans och personlig service.\u00a0<\/strong><\/p>\n<\/blockquote>","protected":false},"excerpt":{"rendered":"<h1 data-start=\"1856\" data-end=\"1927\">\ud83d\udd35 <strong data-start=\"1862\" data-end=\"1914\">IQOS ILUMA Pebble Grey<\/strong><\/h1>\n<h2>IQOS ILUMA Pebble Grey \u2013 Premium Tobaksfri Enhet | Veloop.se<\/h2>\n<p data-start=\"1929\" data-end=\"2296\"><strong data-start=\"1929\" data-end=\"1955\">IQOS ILUMA Pebble Grey<\/strong> \u00e4r en premium nikotinenhet med separat h\u00e5llare och laddningsfodral. Den erbjuder tv\u00e5 sessioner i f\u00f6ljd innan h\u00e5llaren beh\u00f6ver laddas, och upp till 20 anv\u00e4ndningar totalt innan fodralet beh\u00f6ver laddas. Med induktionsuppv\u00e4rmning och helt r\u00f6kfri teknik ger den en smidig och modern anv\u00e4ndarupplevelse. Best\u00e4ll IQOS ILUMA p\u00e5 <strong data-start=\"2277\" data-end=\"2290\">Veloop.se<\/strong> idag!<\/p>\n<p data-start=\"1929\" data-end=\"2296\"><strong>Se hela sortimentet av IQOS ILUMA-produkter hos Snus-Malm\u00f6<\/strong><\/p>\n<p data-start=\"1929\" data-end=\"2296\">","protected":false},"featured_media":66928,"comment_status":"open","ping_status":"closed","template":"","meta":[],"product_brand":[332],"product_cat":[266,71,42,29,210,224,250,146],"product_tag":[],"class_list":{"0":"post-64066","1":"product","2":"type-product","3":"status-publish","4":"has-post-thumbnail","6":"product_brand-john-silver","7":"product_cat-cigarettmaskiner","8":"product_cat-ciggtillbehor","9":"product_cat-e-cigg","10":"product_cat-heat-not-burn","11":"product_cat-iluma","12":"product_cat-levia","13":"product_cat-terea","14":"product_cat-tillbehor","16":"first","17":"instock","18":"taxable","19":"shipping-taxable","20":"purchasable","21":"product-type-variable"},"_links":{"self":[{"href":"https:\/\/snus-malmo.se\/sv\/wp-json\/wp\/v2\/product\/64066","targetHints":{"allow":["GET"]}}],"collection":[{"href":"https:\/\/snus-malmo.se\/sv\/wp-json\/wp\/v2\/product"}],"about":[{"href":"https:\/\/snus-malmo.se\/sv\/wp-json\/wp\/v2\/types\/product"}],"replies":[{"embeddable":true,"href":"https:\/\/snus-malmo.se\/sv\/wp-json\/wp\/v2\/comments?post=64066"}],"version-history":[{"count":0,"href":"https:\/\/snus-malmo.se\/sv\/wp-json\/wp\/v2\/product\/64066\/revisions"}],"wp:featuredmedia":[{"embeddable":true,"href":"https:\/\/snus-malmo.se\/sv\/wp-json\/wp\/v2\/media\/66928"}],"wp:attachment":[{"href":"https:\/\/snus-malmo.se\/sv\/wp-json\/wp\/v2\/media?parent=64066"}],"wp:term":[{"taxonomy":"product_brand","embeddable":true,"href":"https:\/\/snus-malmo.se\/sv\/wp-json\/wp\/v2\/product_brand?post=64066"},{"taxonomy":"product_cat","embeddable":true,"href":"https:\/\/snus-malmo.se\/sv\/wp-json\/wp\/v2\/product_cat?post=64066"},{"taxonomy":"product_tag","embeddable":true,"href":"https:\/\/snus-malmo.se\/sv\/wp-json\/wp\/v2\/product_tag?post=64066"}],"curies":[{"name":"wp","href":"https:\/\/api.w.org\/{rel}","templated":true}]}}